{"id":10352,"date":"2025-12-02T08:58:35","date_gmt":"2025-12-02T07:58:35","guid":{"rendered":"https:\/\/egtvedcamping.dk\/butikken-receptionen\/"},"modified":"2025-12-11T13:59:28","modified_gmt":"2025-12-11T12:59:28","slug":"butikken-receptionen","status":"publish","type":"page","link":"https:\/\/egtvedcamping.dk\/de\/butikken-receptionen\/","title":{"rendered":"Gesch\u00e4ft &#8211; Rezeption"},"content":{"rendered":"<!--themify_builder_content-->\n<div id=\"themify_builder_content-10352\" data-postid=\"10352\" class=\"themify_builder_content themify_builder_content-10352 themify_builder tf_clear\">\n                    <div  data-lazy=\"1\" class=\"module_row themify_builder_row tb_9k0w717 tb_first tf_w\">\n                        <div class=\"row_inner col_align_top tb_col_count_2 tf_box tf_rel\">\n                        <div  data-lazy=\"1\" class=\"module_column tb-column col4-2 tb_jw6q718 first\">\n                    <!-- module text -->\n<div  class=\"module module-text tb_q5b1741   \" data-lazy=\"1\">\n        <div  class=\"tb_text_wrap\">\n        <h1>Gesch\u00e4ft &#8211; Rezeption<\/h1>\n<h2>Der Laden auf Egtved Camping<\/h2>\n<p>Im Laden von Egtved Camping finden Sie alles, was Sie brauchen und mehr. Die Regale sind mit klassischen &#8222;Nice to have&#8220;-Artikeln gef\u00fcllt, und die Atmosph\u00e4re im Laden spiegelt die ruhige und entspannte Stimmung wider, die das Campingleben hier kennzeichnet. <\/p>\n<h3>Altmodische Eiscreme.<\/h3>\n<p>Einer der gro\u00dfen Anziehungspunkte ist unser altmodisches Speiseeis. Sie werden mit pers\u00f6nlichem Service serviert und sind bei Jung und Alt gleicherma\u00dfen beliebt. Besonders unsere &#8222;Egtvedvaffel&#8220;, die eine ganze Mahlzeit ist. Die Auswahl an Getr\u00e4nken ist breit gef\u00e4chert, so dass Sie an einem hei\u00dfen Sommertag immer etwas K\u00fchles finden, und die S\u00fc\u00dfigkeitenabteilung ist sowohl mit Klassikern als auch mit neuen Favoriten gef\u00fcllt, die Sie dazu verleiten, sich ein wenig mehr zu g\u00f6nnen. Au\u00dferdem finden Sie eine Reihe praktischer Artikel, wenn Sie ohne Ihre Zahnb\u00fcrste das Haus verlassen haben oder zus\u00e4tzliches Gas f\u00fcr den Grill ben\u00f6tigen.    <\/p>\n<h3>Kaltes Bier vom Fass<\/h3>\n<p>Im Sommer k\u00f6nnen Sie auch ein k\u00fchles Bier vom Fass oder ein gutes Glas Wein genie\u00dfen, das Sie nach drau\u00dfen auf den Farfars Plads, einen der gem\u00fctlichen Bereiche des Platzes, mitnehmen k\u00f6nnen. Hier treffen sich oft G\u00e4ste, um sich zu entspannen, die Sonne zu genie\u00dfen, sich zu unterhalten oder einfach nur das Leben auf dem Platz zu beobachten. Es ist ein Ort, an dem die Zeit stillsteht und an dem sich die Gemeinschaft ganz nat\u00fcrlich entfalten kann.  <\/p>\n<h3>Frisch gebackene Fr\u00fchst\u00fccksbrote<\/h3>\n<p>Der Laden spielt auch am Morgen eine wichtige Rolle, denn hier k\u00f6nnen Sie Ihr frisch gebackenes Fr\u00fchst\u00fccksbrot bestellen. Es verleiht dem Tag einen sanften und ruhigen Start, wenn Sie <span style=\"color: #333333\">warme Br\u00f6tchen oder leckeres Geb\u00e4ck<\/span> abholen k\u00f6nnen, ohne irgendwo hinfahren zu m\u00fcssen. Au\u00dferdem k\u00f6nnen Sie Sandwiches oder Tapas schon am Vortag bestellen.  <\/p>\n<h3>Hochsaison<\/h3>\n<p>In der Hochsaison ist der Laden jeden Tag von 8 bis 21 Uhr ge\u00f6ffnet. Wenn Sie also morgens einen Kaffee trinken, nachmittags ein Eis essen oder abends etwas S\u00fc\u00dfes essen m\u00f6chten, haben Sie gen\u00fcgend Zeit, um vorbeizuschauen. Im Winter ist der Laden geschlossen, aber die Rezeption ist nach Vereinbarung weiterhin ge\u00f6ffnet, so dass wir Ihnen helfen k\u00f6nnen, wenn Sie Fragen haben oder Hilfe ben\u00f6tigen. <\/p>    <\/div>\n<\/div>\n<!-- \/module text -->        <\/div>\n                    <div  data-lazy=\"1\" class=\"module_column tb-column col4-2 tb_i418784 last\">\n                    <!-- module image -->\n<div  class=\"module module-image tb_5zvp303 image-top   tf_mw\" data-lazy=\"1\">\n        <div class=\"image-wrap tf_rel tf_mw\">\n            <img decoding=\"async\" width=\"2048\" height=\"1536\" src=\"https:\/\/egtvedcamping.dk\/wp-content\/uploads\/2023\/03\/varer.jpg\" class=\"wp-post-image wp-image-5145\" title=\"varer\" alt=\"varer\" srcset=\"https:\/\/egtvedcamping.dk\/wp-content\/uploads\/2023\/03\/varer.jpg 2048w, https:\/\/egtvedcamping.dk\/wp-content\/uploads\/2023\/03\/varer-300x225.jpg 300w, https:\/\/egtvedcamping.dk\/wp-content\/uploads\/2023\/03\/varer-1024x768.jpg 1024w, https:\/\/egtvedcamping.dk\/wp-content\/uploads\/2023\/03\/varer-768x576.jpg 768w, https:\/\/egtvedcamping.dk\/wp-content\/uploads\/2023\/03\/varer-1536x1152.jpg 1536w\" sizes=\"(max-width: 2048px) 100vw, 2048px\" \/>    \n        <\/div>\n    <!-- \/image-wrap -->\n    \n        <\/div>\n<!-- \/module image --><!-- module image -->\n<div  class=\"module module-image tb_edce791 image-top   tf_mw\" data-lazy=\"1\">\n        <div class=\"image-wrap tf_rel tf_mw\">\n            <img decoding=\"async\" width=\"2560\" height=\"1779\" src=\"https:\/\/egtvedcamping.dk\/wp-content\/uploads\/2023\/04\/IMG_7175-scaled.jpg\" class=\"wp-post-image wp-image-5212\" title=\"Waffeleis\" alt=\"Waffeleis\" srcset=\"https:\/\/egtvedcamping.dk\/wp-content\/uploads\/2023\/04\/IMG_7175-scaled.jpg 2560w, https:\/\/egtvedcamping.dk\/wp-content\/uploads\/2023\/04\/IMG_7175-300x208.jpg 300w, https:\/\/egtvedcamping.dk\/wp-content\/uploads\/2023\/04\/IMG_7175-1024x711.jpg 1024w, https:\/\/egtvedcamping.dk\/wp-content\/uploads\/2023\/04\/IMG_7175-768x534.jpg 768w, https:\/\/egtvedcamping.dk\/wp-content\/uploads\/2023\/04\/IMG_7175-1536x1067.jpg 1536w, https:\/\/egtvedcamping.dk\/wp-content\/uploads\/2023\/04\/IMG_7175-2048x1423.jpg 2048w\" sizes=\"(max-width: 2560px) 100vw, 2560px\" \/>    \n        <\/div>\n    <!-- \/image-wrap -->\n    \n        <\/div>\n<!-- \/module image --><!-- module image -->\n<div  class=\"module module-image tb_dizz811 image-top   tf_mw\" data-lazy=\"1\">\n        <div class=\"image-wrap tf_rel tf_mw\">\n            <img decoding=\"async\" width=\"1890\" height=\"1417\" src=\"https:\/\/egtvedcamping.dk\/wp-content\/uploads\/2023\/05\/Butikken-01.jpg\" class=\"wp-post-image wp-image-5300\" title=\"Gesch\u00e4ft-01\" alt=\"Butikken\" srcset=\"https:\/\/egtvedcamping.dk\/wp-content\/uploads\/2023\/05\/Butikken-01.jpg 1890w, https:\/\/egtvedcamping.dk\/wp-content\/uploads\/2023\/05\/Butikken-01-300x225.jpg 300w, https:\/\/egtvedcamping.dk\/wp-content\/uploads\/2023\/05\/Butikken-01-1024x768.jpg 1024w, https:\/\/egtvedcamping.dk\/wp-content\/uploads\/2023\/05\/Butikken-01-768x576.jpg 768w, https:\/\/egtvedcamping.dk\/wp-content\/uploads\/2023\/05\/Butikken-01-1536x1152.jpg 1536w\" sizes=\"(max-width: 1890px) 100vw, 1890px\" \/>    \n        <\/div>\n    <!-- \/image-wrap -->\n    \n        <\/div>\n<!-- \/module image -->        <\/div>\n                        <\/div>\n        <\/div>\n        <\/div>\n<!--\/themify_builder_content-->","protected":false},"excerpt":{"rendered":"<p>Gesch\u00e4ft &#8211; Rezeption Der Laden auf Egtved Camping Im Laden von Egtved Camping finden Sie alles, was Sie brauchen und mehr. Die Regale sind mit klassischen &#8222;Nice to have&#8220;-Artikeln gef\u00fcllt, und die Atmosph\u00e4re im Laden spiegelt die ruhige und entspannte Stimmung wider, die das Campingleben hier kennzeichnet. Altmodische Eiscreme. Einer der gro\u00dfen Anziehungspunkte ist unser [&hellip;]<\/p>\n","protected":false},"author":4,"featured_media":0,"parent":0,"menu_order":0,"comment_status":"closed","ping_status":"closed","template":"","meta":{"footnotes":""},"class_list":["post-10352","page","type-page","status-publish","hentry","has-post-title","has-post-date","has-post-category","has-post-tag","has-post-comment","has-post-author",""],"yoast_head":"<!-- This site is optimized with the Yoast SEO Premium plugin v27.5 (Yoast SEO v27.5) - https:\/\/yoast.com\/product\/yoast-seo-premium-wordpress\/ -->\n<title>Gesch\u00e4ft - Rezeption - Egtved Camping<\/title>\n<meta name=\"description\" content=\"Im Shop von Egtved Camping finden Sie alles, was Sie brauchen k\u00f6nnten. Die Regale sind gef\u00fcllt mit klassischen &quot;Nice to have&quot;-Artikeln.\" \/>\n<meta name=\"robots\" content=\"index, follow, max-snippet:-1, max-image-preview:large, max-video-preview:-1\" \/>\n<link rel=\"canonical\" href=\"https:\/\/egtvedcamping.dk\/de\/butikken-receptionen\/\" \/>\n<meta property=\"og:locale\" content=\"de_DE\" \/>\n<meta property=\"og:type\" content=\"article\" \/>\n<meta property=\"og:title\" content=\"Gesch\u00e4ft - Rezeption\" \/>\n<meta property=\"og:description\" content=\"Im Shop von Egtved Camping finden Sie alles, was Sie brauchen k\u00f6nnten. Die Regale sind gef\u00fcllt mit klassischen &quot;Nice to have&quot;-Artikeln.\" \/>\n<meta property=\"og:url\" content=\"https:\/\/egtvedcamping.dk\/de\/butikken-receptionen\/\" \/>\n<meta property=\"og:site_name\" content=\"Egtved Camping\" \/>\n<meta property=\"article:publisher\" content=\"https:\/\/www.facebook.com\/profile.php?id=100064243891441\" \/>\n<meta property=\"article:modified_time\" content=\"2025-12-11T12:59:28+00:00\" \/>\n<meta property=\"og:image\" content=\"https:\/\/egtvedcamping.dk\/wp-content\/uploads\/2023\/03\/varer.jpg\" \/>\n\t<meta property=\"og:image:width\" content=\"2048\" \/>\n\t<meta property=\"og:image:height\" content=\"1536\" \/>\n\t<meta property=\"og:image:type\" content=\"image\/jpeg\" \/>\n<meta name=\"twitter:label1\" content=\"Gesch\u00e4tzte Lesezeit\" \/>\n\t<meta name=\"twitter:data1\" content=\"4\u00a0Minuten\" \/>\n<script type=\"application\/ld+json\" class=\"yoast-schema-graph\">{\"@context\":\"https:\\\/\\\/schema.org\",\"@graph\":[{\"@type\":\"WebPage\",\"@id\":\"https:\\\/\\\/egtvedcamping.dk\\\/de\\\/butikken-receptionen\\\/\",\"url\":\"https:\\\/\\\/egtvedcamping.dk\\\/de\\\/butikken-receptionen\\\/\",\"name\":\"Gesch\u00e4ft - Rezeption - Egtved Camping\",\"isPartOf\":{\"@id\":\"https:\\\/\\\/egtvedcamping.dk\\\/de\\\/#website\"},\"primaryImageOfPage\":{\"@id\":\"https:\\\/\\\/egtvedcamping.dk\\\/de\\\/butikken-receptionen\\\/#primaryimage\"},\"image\":{\"@id\":\"https:\\\/\\\/egtvedcamping.dk\\\/de\\\/butikken-receptionen\\\/#primaryimage\"},\"thumbnailUrl\":\"https:\\\/\\\/egtvedcamping.dk\\\/wp-content\\\/uploads\\\/2023\\\/03\\\/varer.jpg\",\"datePublished\":\"2025-12-02T07:58:35+00:00\",\"dateModified\":\"2025-12-11T12:59:28+00:00\",\"description\":\"Im Shop von Egtved Camping finden Sie alles, was Sie brauchen k\u00f6nnten. Die Regale sind gef\u00fcllt mit klassischen \\\"Nice to have\\\"-Artikeln.\",\"breadcrumb\":{\"@id\":\"https:\\\/\\\/egtvedcamping.dk\\\/de\\\/butikken-receptionen\\\/#breadcrumb\"},\"inLanguage\":\"de\",\"potentialAction\":[{\"@type\":\"ReadAction\",\"target\":[\"https:\\\/\\\/egtvedcamping.dk\\\/de\\\/butikken-receptionen\\\/\"]}]},{\"@type\":\"ImageObject\",\"inLanguage\":\"de\",\"@id\":\"https:\\\/\\\/egtvedcamping.dk\\\/de\\\/butikken-receptionen\\\/#primaryimage\",\"url\":\"https:\\\/\\\/egtvedcamping.dk\\\/wp-content\\\/uploads\\\/2023\\\/03\\\/varer.jpg\",\"contentUrl\":\"https:\\\/\\\/egtvedcamping.dk\\\/wp-content\\\/uploads\\\/2023\\\/03\\\/varer.jpg\"},{\"@type\":\"BreadcrumbList\",\"@id\":\"https:\\\/\\\/egtvedcamping.dk\\\/de\\\/butikken-receptionen\\\/#breadcrumb\",\"itemListElement\":[{\"@type\":\"ListItem\",\"position\":1,\"name\":\"Home\",\"item\":\"https:\\\/\\\/egtvedcamping.dk\\\/de\\\/egtved-camping\\\/\"},{\"@type\":\"ListItem\",\"position\":2,\"name\":\"Gesch\u00e4ft &#8211; Rezeption\"}]},{\"@type\":\"WebSite\",\"@id\":\"https:\\\/\\\/egtvedcamping.dk\\\/de\\\/#website\",\"url\":\"https:\\\/\\\/egtvedcamping.dk\\\/de\\\/\",\"name\":\"Egtved Camping\",\"description\":\"Slow camp - back to nature\",\"publisher\":{\"@id\":\"https:\\\/\\\/egtvedcamping.dk\\\/de\\\/#organization\"},\"alternateName\":\"\u00c6gte Camping\",\"potentialAction\":[{\"@type\":\"SearchAction\",\"target\":{\"@type\":\"EntryPoint\",\"urlTemplate\":\"https:\\\/\\\/egtvedcamping.dk\\\/de\\\/?s={search_term_string}\"},\"query-input\":{\"@type\":\"PropertyValueSpecification\",\"valueRequired\":true,\"valueName\":\"search_term_string\"}}],\"inLanguage\":\"de\"},{\"@type\":\"Organization\",\"@id\":\"https:\\\/\\\/egtvedcamping.dk\\\/de\\\/#organization\",\"name\":\"Egtved Camping\",\"alternateName\":\"\u00c6gte Camping\",\"url\":\"https:\\\/\\\/egtvedcamping.dk\\\/de\\\/\",\"logo\":{\"@type\":\"ImageObject\",\"inLanguage\":\"de\",\"@id\":\"https:\\\/\\\/egtvedcamping.dk\\\/de\\\/#\\\/schema\\\/logo\\\/image\\\/\",\"url\":\"https:\\\/\\\/egtvedcamping.dk\\\/wp-content\\\/uploads\\\/2022\\\/12\\\/egtved-camping-logo800.png\",\"contentUrl\":\"https:\\\/\\\/egtvedcamping.dk\\\/wp-content\\\/uploads\\\/2022\\\/12\\\/egtved-camping-logo800.png\",\"width\":800,\"height\":197,\"caption\":\"Egtved Camping\"},\"image\":{\"@id\":\"https:\\\/\\\/egtvedcamping.dk\\\/de\\\/#\\\/schema\\\/logo\\\/image\\\/\"},\"sameAs\":[\"https:\\\/\\\/www.facebook.com\\\/profile.php?id=100064243891441\"],\"description\":\"Egtved Camping tilbyder ferie med fokus p\u00e5 natur, hygge og er t\u00e6t p\u00e5 Billund, hvor der er aktiviteter og oplevelser for hele familien, bl.a Legoland \u2013 Lalandia \u2013 Givskud ZOO.\",\"email\":\"post@egtvedcamping.dk\",\"telephone\":\"+45 75551832\"}]}<\/script>\n<!-- \/ Yoast SEO Premium plugin. -->","yoast_head_json":{"title":"Gesch\u00e4ft - Rezeption - Egtved Camping","description":"Im Shop von Egtved Camping finden Sie alles, was Sie brauchen k\u00f6nnten. Die Regale sind gef\u00fcllt mit klassischen \"Nice to have\"-Artikeln.","robots":{"index":"index","follow":"follow","max-snippet":"max-snippet:-1","max-image-preview":"max-image-preview:large","max-video-preview":"max-video-preview:-1"},"canonical":"https:\/\/egtvedcamping.dk\/de\/butikken-receptionen\/","og_locale":"de_DE","og_type":"article","og_title":"Gesch\u00e4ft - Rezeption","og_description":"Im Shop von Egtved Camping finden Sie alles, was Sie brauchen k\u00f6nnten. Die Regale sind gef\u00fcllt mit klassischen \"Nice to have\"-Artikeln.","og_url":"https:\/\/egtvedcamping.dk\/de\/butikken-receptionen\/","og_site_name":"Egtved Camping","article_publisher":"https:\/\/www.facebook.com\/profile.php?id=100064243891441","article_modified_time":"2025-12-11T12:59:28+00:00","og_image":[{"width":2048,"height":1536,"url":"https:\/\/egtvedcamping.dk\/wp-content\/uploads\/2023\/03\/varer.jpg","type":"image\/jpeg"}],"twitter_misc":{"Gesch\u00e4tzte Lesezeit":"4\u00a0Minuten"},"schema":{"@context":"https:\/\/schema.org","@graph":[{"@type":"WebPage","@id":"https:\/\/egtvedcamping.dk\/de\/butikken-receptionen\/","url":"https:\/\/egtvedcamping.dk\/de\/butikken-receptionen\/","name":"Gesch\u00e4ft - Rezeption - Egtved Camping","isPartOf":{"@id":"https:\/\/egtvedcamping.dk\/de\/#website"},"primaryImageOfPage":{"@id":"https:\/\/egtvedcamping.dk\/de\/butikken-receptionen\/#primaryimage"},"image":{"@id":"https:\/\/egtvedcamping.dk\/de\/butikken-receptionen\/#primaryimage"},"thumbnailUrl":"https:\/\/egtvedcamping.dk\/wp-content\/uploads\/2023\/03\/varer.jpg","datePublished":"2025-12-02T07:58:35+00:00","dateModified":"2025-12-11T12:59:28+00:00","description":"Im Shop von Egtved Camping finden Sie alles, was Sie brauchen k\u00f6nnten. Die Regale sind gef\u00fcllt mit klassischen \"Nice to have\"-Artikeln.","breadcrumb":{"@id":"https:\/\/egtvedcamping.dk\/de\/butikken-receptionen\/#breadcrumb"},"inLanguage":"de","potentialAction":[{"@type":"ReadAction","target":["https:\/\/egtvedcamping.dk\/de\/butikken-receptionen\/"]}]},{"@type":"ImageObject","inLanguage":"de","@id":"https:\/\/egtvedcamping.dk\/de\/butikken-receptionen\/#primaryimage","url":"https:\/\/egtvedcamping.dk\/wp-content\/uploads\/2023\/03\/varer.jpg","contentUrl":"https:\/\/egtvedcamping.dk\/wp-content\/uploads\/2023\/03\/varer.jpg"},{"@type":"BreadcrumbList","@id":"https:\/\/egtvedcamping.dk\/de\/butikken-receptionen\/#breadcrumb","itemListElement":[{"@type":"ListItem","position":1,"name":"Home","item":"https:\/\/egtvedcamping.dk\/de\/egtved-camping\/"},{"@type":"ListItem","position":2,"name":"Gesch\u00e4ft &#8211; Rezeption"}]},{"@type":"WebSite","@id":"https:\/\/egtvedcamping.dk\/de\/#website","url":"https:\/\/egtvedcamping.dk\/de\/","name":"Egtved Camping","description":"Slow camp - back to nature","publisher":{"@id":"https:\/\/egtvedcamping.dk\/de\/#organization"},"alternateName":"\u00c6gte Camping","potentialAction":[{"@type":"SearchAction","target":{"@type":"EntryPoint","urlTemplate":"https:\/\/egtvedcamping.dk\/de\/?s={search_term_string}"},"query-input":{"@type":"PropertyValueSpecification","valueRequired":true,"valueName":"search_term_string"}}],"inLanguage":"de"},{"@type":"Organization","@id":"https:\/\/egtvedcamping.dk\/de\/#organization","name":"Egtved Camping","alternateName":"\u00c6gte Camping","url":"https:\/\/egtvedcamping.dk\/de\/","logo":{"@type":"ImageObject","inLanguage":"de","@id":"https:\/\/egtvedcamping.dk\/de\/#\/schema\/logo\/image\/","url":"https:\/\/egtvedcamping.dk\/wp-content\/uploads\/2022\/12\/egtved-camping-logo800.png","contentUrl":"https:\/\/egtvedcamping.dk\/wp-content\/uploads\/2022\/12\/egtved-camping-logo800.png","width":800,"height":197,"caption":"Egtved Camping"},"image":{"@id":"https:\/\/egtvedcamping.dk\/de\/#\/schema\/logo\/image\/"},"sameAs":["https:\/\/www.facebook.com\/profile.php?id=100064243891441"],"description":"Egtved Camping tilbyder ferie med fokus p\u00e5 natur, hygge og er t\u00e6t p\u00e5 Billund, hvor der er aktiviteter og oplevelser for hele familien, bl.a Legoland \u2013 Lalandia \u2013 Givskud ZOO.","email":"post@egtvedcamping.dk","telephone":"+45 75551832"}]}},"builder_content":"<h1>Gesch\u00e4ft - Rezeption<\/h1> <h2>Der Laden auf Egtved Camping<\/h2> <p>Im Laden von Egtved Camping finden Sie alles, was Sie brauchen und mehr. Die Regale sind mit klassischen \"Nice to have\"-Artikeln gef\u00fcllt, und die Atmosph\u00e4re im Laden spiegelt die ruhige und entspannte Stimmung wider, die das Campingleben hier kennzeichnet. <\/p> <h3>Altmodische Eiscreme.<\/h3> <p>Einer der gro\u00dfen Anziehungspunkte ist unser altmodisches Speiseeis. Sie werden mit pers\u00f6nlichem Service serviert und sind bei Jung und Alt gleicherma\u00dfen beliebt. Besonders unsere \"Egtvedvaffel\", die eine ganze Mahlzeit ist. Die Auswahl an Getr\u00e4nken ist breit gef\u00e4chert, so dass Sie an einem hei\u00dfen Sommertag immer etwas K\u00fchles finden, und die S\u00fc\u00dfigkeitenabteilung ist sowohl mit Klassikern als auch mit neuen Favoriten gef\u00fcllt, die Sie dazu verleiten, sich ein wenig mehr zu g\u00f6nnen. Au\u00dferdem finden Sie eine Reihe praktischer Artikel, wenn Sie ohne Ihre Zahnb\u00fcrste das Haus verlassen haben oder zus\u00e4tzliches Gas f\u00fcr den Grill ben\u00f6tigen. <\/p> <h3>Kaltes Bier vom Fass<\/h3> <p>Im Sommer k\u00f6nnen Sie auch ein k\u00fchles Bier vom Fass oder ein gutes Glas Wein genie\u00dfen, das Sie nach drau\u00dfen auf den Farfars Plads, einen der gem\u00fctlichen Bereiche des Platzes, mitnehmen k\u00f6nnen. Hier treffen sich oft G\u00e4ste, um sich zu entspannen, die Sonne zu genie\u00dfen, sich zu unterhalten oder einfach nur das Leben auf dem Platz zu beobachten. Es ist ein Ort, an dem die Zeit stillsteht und an dem sich die Gemeinschaft ganz nat\u00fcrlich entfalten kann. <\/p> <h3>Frisch gebackene Fr\u00fchst\u00fccksbrote<\/h3> <p>Der Laden spielt auch am Morgen eine wichtige Rolle, denn hier k\u00f6nnen Sie Ihr frisch gebackenes Fr\u00fchst\u00fccksbrot bestellen. Es verleiht dem Tag einen sanften und ruhigen Start, wenn Sie warme Br\u00f6tchen oder leckeres Geb\u00e4ck abholen k\u00f6nnen, ohne irgendwo hinfahren zu m\u00fcssen. Au\u00dferdem k\u00f6nnen Sie Sandwiches oder Tapas schon am Vortag bestellen. <\/p> <h3>Hochsaison<\/h3> <p>In der Hochsaison ist der Laden jeden Tag von 8 bis 21 Uhr ge\u00f6ffnet. Wenn Sie also morgens einen Kaffee trinken, nachmittags ein Eis essen oder abends etwas S\u00fc\u00dfes essen m\u00f6chten, haben Sie gen\u00fcgend Zeit, um vorbeizuschauen. Im Winter ist der Laden geschlossen, aber die Rezeption ist nach Vereinbarung weiterhin ge\u00f6ffnet, so dass wir Ihnen helfen k\u00f6nnen, wenn Sie Fragen haben oder Hilfe ben\u00f6tigen. <\/p>\n<img src=\"https:\/\/egtvedcamping.dk\/wp-content\/uploads\/2023\/03\/varer.jpg\" title=\"varer\" alt=\"varer\" srcset=\"https:\/\/egtvedcamping.dk\/wp-content\/uploads\/2023\/03\/varer.jpg 2048w, https:\/\/egtvedcamping.dk\/wp-content\/uploads\/2023\/03\/varer-300x225.jpg 300w, https:\/\/egtvedcamping.dk\/wp-content\/uploads\/2023\/03\/varer-1024x768.jpg 1024w, https:\/\/egtvedcamping.dk\/wp-content\/uploads\/2023\/03\/varer-768x576.jpg 768w, https:\/\/egtvedcamping.dk\/wp-content\/uploads\/2023\/03\/varer-1536x1152.jpg 1536w\" sizes=\"(max-width: 2048px) 100vw, 2048px\" \/>\n<img src=\"https:\/\/egtvedcamping.dk\/wp-content\/uploads\/2023\/04\/IMG_7175-scaled.jpg\" title=\"Waffeleis\" alt=\"Waffeleis\" srcset=\"https:\/\/egtvedcamping.dk\/wp-content\/uploads\/2023\/04\/IMG_7175-scaled.jpg 2560w, https:\/\/egtvedcamping.dk\/wp-content\/uploads\/2023\/04\/IMG_7175-300x208.jpg 300w, https:\/\/egtvedcamping.dk\/wp-content\/uploads\/2023\/04\/IMG_7175-1024x711.jpg 1024w, https:\/\/egtvedcamping.dk\/wp-content\/uploads\/2023\/04\/IMG_7175-768x534.jpg 768w, https:\/\/egtvedcamping.dk\/wp-content\/uploads\/2023\/04\/IMG_7175-1536x1067.jpg 1536w, https:\/\/egtvedcamping.dk\/wp-content\/uploads\/2023\/04\/IMG_7175-2048x1423.jpg 2048w\" sizes=\"(max-width: 2560px) 100vw, 2560px\" \/>\n<img src=\"https:\/\/egtvedcamping.dk\/wp-content\/uploads\/2023\/05\/Butikken-01.jpg\" title=\"Gesch\u00e4ft-01\" alt=\"Butikken\" srcset=\"https:\/\/egtvedcamping.dk\/wp-content\/uploads\/2023\/05\/Butikken-01.jpg 1890w, https:\/\/egtvedcamping.dk\/wp-content\/uploads\/2023\/05\/Butikken-01-300x225.jpg 300w, https:\/\/egtvedcamping.dk\/wp-content\/uploads\/2023\/05\/Butikken-01-1024x768.jpg 1024w, https:\/\/egtvedcamping.dk\/wp-content\/uploads\/2023\/05\/Butikken-01-768x576.jpg 768w, https:\/\/egtvedcamping.dk\/wp-content\/uploads\/2023\/05\/Butikken-01-1536x1152.jpg 1536w\" sizes=\"(max-width: 1890px) 100vw, 1890px\" \/>","_links":{"self":[{"href":"https:\/\/egtvedcamping.dk\/de\/wp-json\/wp\/v2\/pages\/10352","targetHints":{"allow":["GET"]}}],"collection":[{"href":"https:\/\/egtvedcamping.dk\/de\/wp-json\/wp\/v2\/pages"}],"about":[{"href":"https:\/\/egtvedcamping.dk\/de\/wp-json\/wp\/v2\/types\/page"}],"author":[{"embeddable":true,"href":"https:\/\/egtvedcamping.dk\/de\/wp-json\/wp\/v2\/users\/4"}],"replies":[{"embeddable":true,"href":"https:\/\/egtvedcamping.dk\/de\/wp-json\/wp\/v2\/comments?post=10352"}],"version-history":[{"count":2,"href":"https:\/\/egtvedcamping.dk\/de\/wp-json\/wp\/v2\/pages\/10352\/revisions"}],"predecessor-version":[{"id":10359,"href":"https:\/\/egtvedcamping.dk\/de\/wp-json\/wp\/v2\/pages\/10352\/revisions\/10359"}],"wp:attachment":[{"href":"https:\/\/egtvedcamping.dk\/de\/wp-json\/wp\/v2\/media?parent=10352"}],"curies":[{"name":"wp","href":"https:\/\/api.w.org\/{rel}","templated":true}]}}