{"id":10517,"date":"2025-12-11T11:24:36","date_gmt":"2025-12-11T10:24:36","guid":{"rendered":"https:\/\/egtvedcamping.dk\/baalhytten\/"},"modified":"2026-02-02T19:03:20","modified_gmt":"2026-02-02T18:03:20","slug":"baalhytten","status":"publish","type":"page","link":"https:\/\/egtvedcamping.dk\/de\/baalhytten\/","title":{"rendered":"Die H\u00fctte am Lagerfeuer"},"content":{"rendered":"<!--themify_builder_content-->\n<div id=\"themify_builder_content-10517\" data-postid=\"10517\" class=\"themify_builder_content themify_builder_content-10517 themify_builder tf_clear\">\n                    <div  data-lazy=\"1\" class=\"module_row themify_builder_row tb_m5dw772 tb_first tf_w\">\n                        <div class=\"row_inner col_align_top tb_col_count_2 tf_box tf_rel\">\n                        <div  data-lazy=\"1\" class=\"module_column tb-column col4-2 tb_bmza772 first\">\n                    <!-- module text -->\n<div  class=\"module module-text tb_ihhf935   \" data-lazy=\"1\">\n        <div  class=\"tb_text_wrap\">\n        <h1>Die H\u00fctte am Lagerfeuer<\/h1>\n<p>Unsere sch\u00f6ne Isabella-Feuerstelle auf dem Egtved Camping ist zu einem der beliebtesten Treffpunkte auf dem Campingplatz geworden und hat bereits eine besondere Bedeutung f\u00fcr Camper und Besucher gleicherma\u00dfen erlangt. Seine Fertigstellung im Juni 2024 war ein gro\u00dfer Tag f\u00fcr uns &#8211; nicht zuletzt, weil das Projekt durch eine gro\u00dfz\u00fcgige Spende der Isabella Foundation erm\u00f6glicht wurde. Ihre Unterst\u00fctzung machte es m\u00f6glich, einen Ort zu schaffen, der Gem\u00fctlichkeit, Naturerlebnisse und Gemeinschaft in der wundersch\u00f6nen Umgebung am See vereint.  <\/p>\n<h2>Direkt hinunter zum See<\/h2>\n<p>Die Feuerstelle ist perfekt positioniert und bietet einen direkten Blick auf den See. So k\u00f6nnen Sie im Unterstand sitzen und die Ruhe der Natur, das Rauschen des Wassers und das besondere Licht, das sich auf der Oberfl\u00e4che spiegelt, genie\u00dfen. Gleich nebenan haben unsere neugierigen Ziegen ein Auge auf das Leben rund um die Feuerstelle und viele G\u00e4ste finden es besonders reizvoll, dass die Tiere so nah sind. Es gibt oft kleine Momente, in denen Kinder und Erwachsene anhalten, um sie zu begr\u00fc\u00dfen.  <\/p>\n<h2>Jeden Mittwoch<\/h2>\n<p>Im Sommer z\u00fcnden wir jeden Mittwoch ein Lagerfeuer an. Es ist zu einer Tradition geworden, bei der Jung und Alt zusammenkommen, um Stockbrot zu machen, Marshmallows zu r\u00f6sten und die Atmosph\u00e4re zu genie\u00dfen. Es ist einer dieser Abende, an denen sich die Zeit ein wenig verlangsamt, die Unterhaltung leicht von der Hand geht und sich der Geruch von Holzrauch mit dem Ger\u00e4usch knisternder Flammen vermischt. Die gemeinsamen Lagerfeuer sind f\u00fcr alle offen und viele G\u00e4ste planen ihre Woche so, dass sie dabei sein k\u00f6nnen.   <\/p>\n<h2>Die Kabine ist f\u00fcr den Gebrauch gemacht<\/h2>\n<p>Aber die Feuerstelle ist nicht nur f\u00fcr gemeinschaftliche Veranstaltungen gedacht. Sie k\u00f6nnen sie jederzeit gerne selbst nutzen, denn wir sagen: je mehr, desto besser. Die H\u00fctte ist daf\u00fcr gemacht, genutzt zu werden, ob Sie nun \u00fcber einem Feuer kochen, sich an einem k\u00fchlen Abend aufw\u00e4rmen oder einfach nur einen ruhigen Moment im Schutz des Windes genie\u00dfen m\u00f6chten. Brennholz ist vorhanden, so dass Sie nicht Ihr eigenes mitbringen m\u00fcssen, und wir halten auch Stockbrot bereit, falls Sie Lust auf ein schnelles und leckeres Lagerfeuererlebnis haben.   <\/p>\n<h2>Es ist gem\u00fctlich<\/h2>\n<p>F\u00fcr viele ist es etwas ganz Besonderes, Brot zu backen oder Marshmallows \u00fcber der Glut zu r\u00f6sten. Es ist gem\u00fctlich, einfach und weckt Kindheitserinnerungen und schafft neue. Die Kombination aus frischer Luft, Feuer und Intimit\u00e4t macht die Feuerstelle zu einem Ort, an dem Kinder und Erwachsene entspannt und ohne Bildschirme und Ablenkungen zusammen sein k\u00f6nnen.  <\/p>\n<h2>Mit Blick auf den See<\/h2>\n<p>Mit dem Blick auf den See, die umliegende Tierwelt und dem Ger\u00e4usch des knisternden Feuers ist die Feuerstelle schnell zu einem der Orte geworden, die Menschen zusammenbringen und dem Campingleben auf Egtved Camping eine zus\u00e4tzliche Dimension verleihen.<\/p>    <\/div>\n<\/div>\n<!-- \/module text -->        <\/div>\n                    <div  data-lazy=\"1\" class=\"module_column tb-column col4-2 tb_r0dj149 last\">\n                    <!-- module image -->\n<div  class=\"module module-image tb_6bpw924 image-top   tf_mw\" data-lazy=\"1\">\n        <div class=\"image-wrap tf_rel tf_mw\">\n            <img decoding=\"async\" width=\"1920\" height=\"1440\" src=\"https:\/\/egtvedcamping.dk\/wp-content\/uploads\/2025\/12\/image1.webp\" class=\"wp-post-image wp-image-10318\" title=\"image1\" alt=\"B\u00e5lhytte\" srcset=\"https:\/\/egtvedcamping.dk\/wp-content\/uploads\/2025\/12\/image1.webp 1920w, https:\/\/egtvedcamping.dk\/wp-content\/uploads\/2025\/12\/image1-300x225.webp 300w, https:\/\/egtvedcamping.dk\/wp-content\/uploads\/2025\/12\/image1-1024x768.webp 1024w, https:\/\/egtvedcamping.dk\/wp-content\/uploads\/2025\/12\/image1-768x576.webp 768w, https:\/\/egtvedcamping.dk\/wp-content\/uploads\/2025\/12\/image1-1536x1152.webp 1536w\" sizes=\"(max-width: 1920px) 100vw, 1920px\" \/>    \n        <\/div>\n    <!-- \/image-wrap -->\n    \n        <\/div>\n<!-- \/module image --><!-- module image -->\n<div  class=\"module module-image tb_v197307 image-top   tf_mw\" data-lazy=\"1\">\n        <div class=\"image-wrap tf_rel tf_mw\">\n            <img decoding=\"async\" width=\"1920\" height=\"1440\" src=\"https:\/\/egtvedcamping.dk\/wp-content\/uploads\/2025\/12\/image2.webp\" class=\"wp-post-image wp-image-10319\" title=\"image2\" alt=\"B\u00e5lhytte med mennesker\" srcset=\"https:\/\/egtvedcamping.dk\/wp-content\/uploads\/2025\/12\/image2.webp 1920w, https:\/\/egtvedcamping.dk\/wp-content\/uploads\/2025\/12\/image2-300x225.webp 300w, https:\/\/egtvedcamping.dk\/wp-content\/uploads\/2025\/12\/image2-1024x768.webp 1024w, https:\/\/egtvedcamping.dk\/wp-content\/uploads\/2025\/12\/image2-768x576.webp 768w, https:\/\/egtvedcamping.dk\/wp-content\/uploads\/2025\/12\/image2-1536x1152.webp 1536w\" sizes=\"(max-width: 1920px) 100vw, 1920px\" \/>    \n        <\/div>\n    <!-- \/image-wrap -->\n    \n        <\/div>\n<!-- \/module image --><!-- module image -->\n<div  class=\"module module-image tb_o09w158 image-top   tf_mw\" data-lazy=\"1\">\n        <div class=\"image-wrap tf_rel tf_mw\">\n            <img decoding=\"async\" width=\"1440\" height=\"1920\" src=\"https:\/\/egtvedcamping.dk\/wp-content\/uploads\/2025\/12\/image3.webp\" class=\"wp-post-image wp-image-10321\" title=\"image3\" alt=\"B\u00e5l i b\u00e5lhytte\" srcset=\"https:\/\/egtvedcamping.dk\/wp-content\/uploads\/2025\/12\/image3.webp 1440w, https:\/\/egtvedcamping.dk\/wp-content\/uploads\/2025\/12\/image3-225x300.webp 225w, https:\/\/egtvedcamping.dk\/wp-content\/uploads\/2025\/12\/image3-768x1024.webp 768w, https:\/\/egtvedcamping.dk\/wp-content\/uploads\/2025\/12\/image3-1152x1536.webp 1152w\" sizes=\"(max-width: 1440px) 100vw, 1440px\" \/>    \n        <\/div>\n    <!-- \/image-wrap -->\n    \n        <\/div>\n<!-- \/module image -->        <\/div>\n                        <\/div>\n        <\/div>\n        <\/div>\n<!--\/themify_builder_content-->","protected":false},"excerpt":{"rendered":"<p>Die H\u00fctte am Lagerfeuer Unsere sch\u00f6ne Isabella-Feuerstelle auf dem Egtved Camping ist zu einem der beliebtesten Treffpunkte auf dem Campingplatz geworden und hat bereits eine besondere Bedeutung f\u00fcr Camper und Besucher gleicherma\u00dfen erlangt. Seine Fertigstellung im Juni 2024 war ein gro\u00dfer Tag f\u00fcr uns &#8211; nicht zuletzt, weil das Projekt durch eine gro\u00dfz\u00fcgige Spende der [&hellip;]<\/p>\n","protected":false},"author":8,"featured_media":0,"parent":0,"menu_order":0,"comment_status":"closed","ping_status":"closed","template":"","meta":{"footnotes":""},"class_list":["post-10517","page","type-page","status-publish","hentry","has-post-title","has-post-date","has-post-category","has-post-tag","has-post-comment","has-post-author",""],"yoast_head":"<!-- This site is optimized with the Yoast SEO Premium plugin v27.5 (Yoast SEO v27.5) - https:\/\/yoast.com\/product\/yoast-seo-premium-wordpress\/ -->\n<title>Die H\u00fctte am Lagerfeuer - Egtved Camping<\/title>\n<meta name=\"description\" content=\"Die Feuerstelle auf dem Egtved Camping ist zu einem der beliebtesten Treffpunkte auf dem Platz geworden und hat f\u00fcr die Camper eine besondere Bedeutung erlangt.\" \/>\n<meta name=\"robots\" content=\"index, follow, max-snippet:-1, max-image-preview:large, max-video-preview:-1\" \/>\n<link rel=\"canonical\" href=\"https:\/\/egtvedcamping.dk\/de\/baalhytten\/\" \/>\n<meta property=\"og:locale\" content=\"de_DE\" \/>\n<meta property=\"og:type\" content=\"article\" \/>\n<meta property=\"og:title\" content=\"Die H\u00fctte am Lagerfeuer\" \/>\n<meta property=\"og:description\" content=\"Die Feuerstelle auf dem Egtved Camping ist zu einem der beliebtesten Treffpunkte auf dem Platz geworden und hat f\u00fcr die Camper eine besondere Bedeutung erlangt.\" \/>\n<meta property=\"og:url\" content=\"https:\/\/egtvedcamping.dk\/de\/baalhytten\/\" \/>\n<meta property=\"og:site_name\" content=\"Egtved Camping\" \/>\n<meta property=\"article:publisher\" content=\"https:\/\/www.facebook.com\/profile.php?id=100064243891441\" \/>\n<meta property=\"article:modified_time\" content=\"2026-02-02T18:03:20+00:00\" \/>\n<meta property=\"og:image\" content=\"https:\/\/egtvedcamping.dk\/wp-content\/uploads\/2025\/12\/image1.webp\" \/>\n\t<meta property=\"og:image:width\" content=\"1920\" \/>\n\t<meta property=\"og:image:height\" content=\"1440\" \/>\n\t<meta property=\"og:image:type\" content=\"image\/webp\" \/>\n<meta name=\"twitter:label1\" content=\"Gesch\u00e4tzte Lesezeit\" \/>\n\t<meta name=\"twitter:data1\" content=\"6\u00a0Minuten\" \/>\n<script type=\"application\/ld+json\" class=\"yoast-schema-graph\">{\"@context\":\"https:\\\/\\\/schema.org\",\"@graph\":[{\"@type\":\"WebPage\",\"@id\":\"https:\\\/\\\/egtvedcamping.dk\\\/de\\\/baalhytten\\\/\",\"url\":\"https:\\\/\\\/egtvedcamping.dk\\\/de\\\/baalhytten\\\/\",\"name\":\"Die H\u00fctte am Lagerfeuer - Egtved Camping\",\"isPartOf\":{\"@id\":\"https:\\\/\\\/egtvedcamping.dk\\\/de\\\/#website\"},\"primaryImageOfPage\":{\"@id\":\"https:\\\/\\\/egtvedcamping.dk\\\/de\\\/baalhytten\\\/#primaryimage\"},\"image\":{\"@id\":\"https:\\\/\\\/egtvedcamping.dk\\\/de\\\/baalhytten\\\/#primaryimage\"},\"thumbnailUrl\":\"https:\\\/\\\/egtvedcamping.dk\\\/wp-content\\\/uploads\\\/2025\\\/12\\\/image1.webp\",\"datePublished\":\"2025-12-11T10:24:36+00:00\",\"dateModified\":\"2026-02-02T18:03:20+00:00\",\"description\":\"Die Feuerstelle auf dem Egtved Camping ist zu einem der beliebtesten Treffpunkte auf dem Platz geworden und hat f\u00fcr die Camper eine besondere Bedeutung erlangt.\",\"breadcrumb\":{\"@id\":\"https:\\\/\\\/egtvedcamping.dk\\\/de\\\/baalhytten\\\/#breadcrumb\"},\"inLanguage\":\"de\",\"potentialAction\":[{\"@type\":\"ReadAction\",\"target\":[\"https:\\\/\\\/egtvedcamping.dk\\\/de\\\/baalhytten\\\/\"]}]},{\"@type\":\"ImageObject\",\"inLanguage\":\"de\",\"@id\":\"https:\\\/\\\/egtvedcamping.dk\\\/de\\\/baalhytten\\\/#primaryimage\",\"url\":\"https:\\\/\\\/egtvedcamping.dk\\\/wp-content\\\/uploads\\\/2025\\\/12\\\/image1.webp\",\"contentUrl\":\"https:\\\/\\\/egtvedcamping.dk\\\/wp-content\\\/uploads\\\/2025\\\/12\\\/image1.webp\"},{\"@type\":\"BreadcrumbList\",\"@id\":\"https:\\\/\\\/egtvedcamping.dk\\\/de\\\/baalhytten\\\/#breadcrumb\",\"itemListElement\":[{\"@type\":\"ListItem\",\"position\":1,\"name\":\"Home\",\"item\":\"https:\\\/\\\/egtvedcamping.dk\\\/de\\\/egtved-camping\\\/\"},{\"@type\":\"ListItem\",\"position\":2,\"name\":\"Die H\u00fctte am Lagerfeuer\"}]},{\"@type\":\"WebSite\",\"@id\":\"https:\\\/\\\/egtvedcamping.dk\\\/de\\\/#website\",\"url\":\"https:\\\/\\\/egtvedcamping.dk\\\/de\\\/\",\"name\":\"Egtved Camping\",\"description\":\"Slow camp - back to nature\",\"publisher\":{\"@id\":\"https:\\\/\\\/egtvedcamping.dk\\\/de\\\/#organization\"},\"alternateName\":\"\u00c6gte Camping\",\"potentialAction\":[{\"@type\":\"SearchAction\",\"target\":{\"@type\":\"EntryPoint\",\"urlTemplate\":\"https:\\\/\\\/egtvedcamping.dk\\\/de\\\/?s={search_term_string}\"},\"query-input\":{\"@type\":\"PropertyValueSpecification\",\"valueRequired\":true,\"valueName\":\"search_term_string\"}}],\"inLanguage\":\"de\"},{\"@type\":\"Organization\",\"@id\":\"https:\\\/\\\/egtvedcamping.dk\\\/de\\\/#organization\",\"name\":\"Egtved Camping\",\"alternateName\":\"\u00c6gte Camping\",\"url\":\"https:\\\/\\\/egtvedcamping.dk\\\/de\\\/\",\"logo\":{\"@type\":\"ImageObject\",\"inLanguage\":\"de\",\"@id\":\"https:\\\/\\\/egtvedcamping.dk\\\/de\\\/#\\\/schema\\\/logo\\\/image\\\/\",\"url\":\"https:\\\/\\\/egtvedcamping.dk\\\/wp-content\\\/uploads\\\/2022\\\/12\\\/egtved-camping-logo800.png\",\"contentUrl\":\"https:\\\/\\\/egtvedcamping.dk\\\/wp-content\\\/uploads\\\/2022\\\/12\\\/egtved-camping-logo800.png\",\"width\":800,\"height\":197,\"caption\":\"Egtved Camping\"},\"image\":{\"@id\":\"https:\\\/\\\/egtvedcamping.dk\\\/de\\\/#\\\/schema\\\/logo\\\/image\\\/\"},\"sameAs\":[\"https:\\\/\\\/www.facebook.com\\\/profile.php?id=100064243891441\"],\"description\":\"Egtved Camping tilbyder ferie med fokus p\u00e5 natur, hygge og er t\u00e6t p\u00e5 Billund, hvor der er aktiviteter og oplevelser for hele familien, bl.a Legoland \u2013 Lalandia \u2013 Givskud ZOO.\",\"email\":\"post@egtvedcamping.dk\",\"telephone\":\"+45 75551832\"}]}<\/script>\n<!-- \/ Yoast SEO Premium plugin. -->","yoast_head_json":{"title":"Die H\u00fctte am Lagerfeuer - Egtved Camping","description":"Die Feuerstelle auf dem Egtved Camping ist zu einem der beliebtesten Treffpunkte auf dem Platz geworden und hat f\u00fcr die Camper eine besondere Bedeutung erlangt.","robots":{"index":"index","follow":"follow","max-snippet":"max-snippet:-1","max-image-preview":"max-image-preview:large","max-video-preview":"max-video-preview:-1"},"canonical":"https:\/\/egtvedcamping.dk\/de\/baalhytten\/","og_locale":"de_DE","og_type":"article","og_title":"Die H\u00fctte am Lagerfeuer","og_description":"Die Feuerstelle auf dem Egtved Camping ist zu einem der beliebtesten Treffpunkte auf dem Platz geworden und hat f\u00fcr die Camper eine besondere Bedeutung erlangt.","og_url":"https:\/\/egtvedcamping.dk\/de\/baalhytten\/","og_site_name":"Egtved Camping","article_publisher":"https:\/\/www.facebook.com\/profile.php?id=100064243891441","article_modified_time":"2026-02-02T18:03:20+00:00","og_image":[{"width":1920,"height":1440,"url":"https:\/\/egtvedcamping.dk\/wp-content\/uploads\/2025\/12\/image1.webp","type":"image\/webp"}],"twitter_misc":{"Gesch\u00e4tzte Lesezeit":"6\u00a0Minuten"},"schema":{"@context":"https:\/\/schema.org","@graph":[{"@type":"WebPage","@id":"https:\/\/egtvedcamping.dk\/de\/baalhytten\/","url":"https:\/\/egtvedcamping.dk\/de\/baalhytten\/","name":"Die H\u00fctte am Lagerfeuer - Egtved Camping","isPartOf":{"@id":"https:\/\/egtvedcamping.dk\/de\/#website"},"primaryImageOfPage":{"@id":"https:\/\/egtvedcamping.dk\/de\/baalhytten\/#primaryimage"},"image":{"@id":"https:\/\/egtvedcamping.dk\/de\/baalhytten\/#primaryimage"},"thumbnailUrl":"https:\/\/egtvedcamping.dk\/wp-content\/uploads\/2025\/12\/image1.webp","datePublished":"2025-12-11T10:24:36+00:00","dateModified":"2026-02-02T18:03:20+00:00","description":"Die Feuerstelle auf dem Egtved Camping ist zu einem der beliebtesten Treffpunkte auf dem Platz geworden und hat f\u00fcr die Camper eine besondere Bedeutung erlangt.","breadcrumb":{"@id":"https:\/\/egtvedcamping.dk\/de\/baalhytten\/#breadcrumb"},"inLanguage":"de","potentialAction":[{"@type":"ReadAction","target":["https:\/\/egtvedcamping.dk\/de\/baalhytten\/"]}]},{"@type":"ImageObject","inLanguage":"de","@id":"https:\/\/egtvedcamping.dk\/de\/baalhytten\/#primaryimage","url":"https:\/\/egtvedcamping.dk\/wp-content\/uploads\/2025\/12\/image1.webp","contentUrl":"https:\/\/egtvedcamping.dk\/wp-content\/uploads\/2025\/12\/image1.webp"},{"@type":"BreadcrumbList","@id":"https:\/\/egtvedcamping.dk\/de\/baalhytten\/#breadcrumb","itemListElement":[{"@type":"ListItem","position":1,"name":"Home","item":"https:\/\/egtvedcamping.dk\/de\/egtved-camping\/"},{"@type":"ListItem","position":2,"name":"Die H\u00fctte am Lagerfeuer"}]},{"@type":"WebSite","@id":"https:\/\/egtvedcamping.dk\/de\/#website","url":"https:\/\/egtvedcamping.dk\/de\/","name":"Egtved Camping","description":"Slow camp - back to nature","publisher":{"@id":"https:\/\/egtvedcamping.dk\/de\/#organization"},"alternateName":"\u00c6gte Camping","potentialAction":[{"@type":"SearchAction","target":{"@type":"EntryPoint","urlTemplate":"https:\/\/egtvedcamping.dk\/de\/?s={search_term_string}"},"query-input":{"@type":"PropertyValueSpecification","valueRequired":true,"valueName":"search_term_string"}}],"inLanguage":"de"},{"@type":"Organization","@id":"https:\/\/egtvedcamping.dk\/de\/#organization","name":"Egtved Camping","alternateName":"\u00c6gte Camping","url":"https:\/\/egtvedcamping.dk\/de\/","logo":{"@type":"ImageObject","inLanguage":"de","@id":"https:\/\/egtvedcamping.dk\/de\/#\/schema\/logo\/image\/","url":"https:\/\/egtvedcamping.dk\/wp-content\/uploads\/2022\/12\/egtved-camping-logo800.png","contentUrl":"https:\/\/egtvedcamping.dk\/wp-content\/uploads\/2022\/12\/egtved-camping-logo800.png","width":800,"height":197,"caption":"Egtved Camping"},"image":{"@id":"https:\/\/egtvedcamping.dk\/de\/#\/schema\/logo\/image\/"},"sameAs":["https:\/\/www.facebook.com\/profile.php?id=100064243891441"],"description":"Egtved Camping tilbyder ferie med fokus p\u00e5 natur, hygge og er t\u00e6t p\u00e5 Billund, hvor der er aktiviteter og oplevelser for hele familien, bl.a Legoland \u2013 Lalandia \u2013 Givskud ZOO.","email":"post@egtvedcamping.dk","telephone":"+45 75551832"}]}},"builder_content":"<h1>Die H\u00fctte am Lagerfeuer<\/h1> <p>Unsere sch\u00f6ne Isabella-Feuerstelle auf dem Egtved Camping ist zu einem der beliebtesten Treffpunkte auf dem Campingplatz geworden und hat bereits eine besondere Bedeutung f\u00fcr Camper und Besucher gleicherma\u00dfen erlangt. Seine Fertigstellung im Juni 2024 war ein gro\u00dfer Tag f\u00fcr uns - nicht zuletzt, weil das Projekt durch eine gro\u00dfz\u00fcgige Spende der Isabella Foundation erm\u00f6glicht wurde. Ihre Unterst\u00fctzung machte es m\u00f6glich, einen Ort zu schaffen, der Gem\u00fctlichkeit, Naturerlebnisse und Gemeinschaft in der wundersch\u00f6nen Umgebung am See vereint. <\/p> <h2>Direkt hinunter zum See<\/h2> <p>Die Feuerstelle ist perfekt positioniert und bietet einen direkten Blick auf den See. So k\u00f6nnen Sie im Unterstand sitzen und die Ruhe der Natur, das Rauschen des Wassers und das besondere Licht, das sich auf der Oberfl\u00e4che spiegelt, genie\u00dfen. Gleich nebenan haben unsere neugierigen Ziegen ein Auge auf das Leben rund um die Feuerstelle und viele G\u00e4ste finden es besonders reizvoll, dass die Tiere so nah sind. Es gibt oft kleine Momente, in denen Kinder und Erwachsene anhalten, um sie zu begr\u00fc\u00dfen. <\/p> <h2>Jeden Mittwoch<\/h2> <p>Im Sommer z\u00fcnden wir jeden Mittwoch ein Lagerfeuer an. Es ist zu einer Tradition geworden, bei der Jung und Alt zusammenkommen, um Stockbrot zu machen, Marshmallows zu r\u00f6sten und die Atmosph\u00e4re zu genie\u00dfen. Es ist einer dieser Abende, an denen sich die Zeit ein wenig verlangsamt, die Unterhaltung leicht von der Hand geht und sich der Geruch von Holzrauch mit dem Ger\u00e4usch knisternder Flammen vermischt. Die gemeinsamen Lagerfeuer sind f\u00fcr alle offen und viele G\u00e4ste planen ihre Woche so, dass sie dabei sein k\u00f6nnen. <\/p> <h2>Die Kabine ist f\u00fcr den Gebrauch gemacht<\/h2> <p>Aber die Feuerstelle ist nicht nur f\u00fcr gemeinschaftliche Veranstaltungen gedacht. Sie k\u00f6nnen sie jederzeit gerne selbst nutzen, denn wir sagen: je mehr, desto besser. Die H\u00fctte ist daf\u00fcr gemacht, genutzt zu werden, ob Sie nun \u00fcber einem Feuer kochen, sich an einem k\u00fchlen Abend aufw\u00e4rmen oder einfach nur einen ruhigen Moment im Schutz des Windes genie\u00dfen m\u00f6chten. Brennholz ist vorhanden, so dass Sie nicht Ihr eigenes mitbringen m\u00fcssen, und wir halten auch Stockbrot bereit, falls Sie Lust auf ein schnelles und leckeres Lagerfeuererlebnis haben. <\/p> <h2>Es ist gem\u00fctlich<\/h2> <p>F\u00fcr viele ist es etwas ganz Besonderes, Brot zu backen oder Marshmallows \u00fcber der Glut zu r\u00f6sten. Es ist gem\u00fctlich, einfach und weckt Kindheitserinnerungen und schafft neue. Die Kombination aus frischer Luft, Feuer und Intimit\u00e4t macht die Feuerstelle zu einem Ort, an dem Kinder und Erwachsene entspannt und ohne Bildschirme und Ablenkungen zusammen sein k\u00f6nnen. <\/p> <h2>Mit Blick auf den See<\/h2> <p>Mit dem Blick auf den See, die umliegende Tierwelt und dem Ger\u00e4usch des knisternden Feuers ist die Feuerstelle schnell zu einem der Orte geworden, die Menschen zusammenbringen und dem Campingleben auf Egtved Camping eine zus\u00e4tzliche Dimension verleihen.<\/p>\n<img src=\"https:\/\/egtvedcamping.dk\/wp-content\/uploads\/2025\/12\/image1.webp\" title=\"image1\" alt=\"B\u00e5lhytte\" srcset=\"https:\/\/egtvedcamping.dk\/wp-content\/uploads\/2025\/12\/image1.webp 1920w, https:\/\/egtvedcamping.dk\/wp-content\/uploads\/2025\/12\/image1-300x225.webp 300w, https:\/\/egtvedcamping.dk\/wp-content\/uploads\/2025\/12\/image1-1024x768.webp 1024w, https:\/\/egtvedcamping.dk\/wp-content\/uploads\/2025\/12\/image1-768x576.webp 768w, https:\/\/egtvedcamping.dk\/wp-content\/uploads\/2025\/12\/image1-1536x1152.webp 1536w\" sizes=\"(max-width: 1920px) 100vw, 1920px\" \/>\n<img src=\"https:\/\/egtvedcamping.dk\/wp-content\/uploads\/2025\/12\/image2.webp\" title=\"image2\" alt=\"B\u00e5lhytte med mennesker\" srcset=\"https:\/\/egtvedcamping.dk\/wp-content\/uploads\/2025\/12\/image2.webp 1920w, https:\/\/egtvedcamping.dk\/wp-content\/uploads\/2025\/12\/image2-300x225.webp 300w, https:\/\/egtvedcamping.dk\/wp-content\/uploads\/2025\/12\/image2-1024x768.webp 1024w, https:\/\/egtvedcamping.dk\/wp-content\/uploads\/2025\/12\/image2-768x576.webp 768w, https:\/\/egtvedcamping.dk\/wp-content\/uploads\/2025\/12\/image2-1536x1152.webp 1536w\" sizes=\"(max-width: 1920px) 100vw, 1920px\" \/>\n<img src=\"https:\/\/egtvedcamping.dk\/wp-content\/uploads\/2025\/12\/image3.webp\" title=\"image3\" alt=\"B\u00e5l i b\u00e5lhytte\" srcset=\"https:\/\/egtvedcamping.dk\/wp-content\/uploads\/2025\/12\/image3.webp 1440w, https:\/\/egtvedcamping.dk\/wp-content\/uploads\/2025\/12\/image3-225x300.webp 225w, https:\/\/egtvedcamping.dk\/wp-content\/uploads\/2025\/12\/image3-768x1024.webp 768w, https:\/\/egtvedcamping.dk\/wp-content\/uploads\/2025\/12\/image3-1152x1536.webp 1152w\" sizes=\"(max-width: 1440px) 100vw, 1440px\" \/>","_links":{"self":[{"href":"https:\/\/egtvedcamping.dk\/de\/wp-json\/wp\/v2\/pages\/10517","targetHints":{"allow":["GET"]}}],"collection":[{"href":"https:\/\/egtvedcamping.dk\/de\/wp-json\/wp\/v2\/pages"}],"about":[{"href":"https:\/\/egtvedcamping.dk\/de\/wp-json\/wp\/v2\/types\/page"}],"author":[{"embeddable":true,"href":"https:\/\/egtvedcamping.dk\/de\/wp-json\/wp\/v2\/users\/8"}],"replies":[{"embeddable":true,"href":"https:\/\/egtvedcamping.dk\/de\/wp-json\/wp\/v2\/comments?post=10517"}],"version-history":[{"count":9,"href":"https:\/\/egtvedcamping.dk\/de\/wp-json\/wp\/v2\/pages\/10517\/revisions"}],"predecessor-version":[{"id":11022,"href":"https:\/\/egtvedcamping.dk\/de\/wp-json\/wp\/v2\/pages\/10517\/revisions\/11022"}],"wp:attachment":[{"href":"https:\/\/egtvedcamping.dk\/de\/wp-json\/wp\/v2\/media?parent=10517"}],"curies":[{"name":"wp","href":"https:\/\/api.w.org\/{rel}","templated":true}]}}