{"id":11079,"date":"2026-02-02T19:56:42","date_gmt":"2026-02-02T18:56:42","guid":{"rendered":"https:\/\/egtvedcamping.dk\/pfingsten-auf-dem-egtved-camping\/"},"modified":"2026-02-02T19:56:43","modified_gmt":"2026-02-02T18:56:43","slug":"pfingsten-auf-dem-egtved-camping","status":"publish","type":"page","link":"https:\/\/egtvedcamping.dk\/de\/pfingsten-auf-dem-egtved-camping\/","title":{"rendered":"Pfingsten auf dem Egtved Camping"},"content":{"rendered":"<!--themify_builder_content-->\n<div id=\"themify_builder_content-11079\" data-postid=\"11079\" class=\"themify_builder_content themify_builder_content-11079 themify_builder tf_clear\">\n                    <div  data-lazy=\"1\" class=\"module_row themify_builder_row tb_ggvg960 tb_first tf_w\">\n                        <div class=\"row_inner col_align_top tb_col_count_2 tf_box tf_rel\">\n                        <div  data-lazy=\"1\" class=\"module_column tb-column col4-2 tb_x87y960 first\">\n                    <!-- module text -->\n<div  class=\"module module-text tb_0ohb614   \" data-lazy=\"1\">\n        <div  class=\"tb_text_wrap\">\n        <h1>Pfingsten auf dem Egtved Camping.<\/h1>\n<p>Ein Wochenende auf Egtved Camping w\u00e4hrend der Pfingsttage zu planen, ist eine naheliegende Wahl. Wir beginnen mit dem ersten Konzert des Jahres am Pfingstsamstag. Wir haben einen Musiker eingeladen, der die Pfingsttage mit toller Musik und begleitendem Essen und Trinken einl\u00e4utet.  <\/p>\n<h2>Pfingstsonntag<\/h2>\n<p>Am n\u00e4chsten Tag, dem Pfingstsonntag, findet auf dem Egtved Camping der gro\u00dfe und gem\u00fctliche Pfingstmarkt statt. Der gesamte Platz verwandelt sich in ein lebhaftes, farbenfrohes und festliches Areal voller Menschen, St\u00e4nde, duftender Speisen und fr\u00f6hlicher Kinder. Der Markt findet von 10 Uhr bis 15 Uhr statt und ist zu einer festen Tradition geworden, auf die sich Camper, Einheimische und Besucher von au\u00dferhalb freuen. Das Besondere an unserem Pfingstmarkt ist, dass er nicht in einem bestimmten Bereich stattfindet, sondern sich zwischen den Campern auf dem Campingplatz selbst ausbreitet und so eine einzigartige und intime Atmosph\u00e4re schafft, in der Sie kleine Ecken, Wege und Pl\u00e4tze erkunden k\u00f6nnen.   <\/p>\n<h2>St\u00e4nde<\/h2>\n<p>Die St\u00e4nde bieten ein bisschen von allem und es gibt Platz f\u00fcr so ziemlich jede Art von Produkt. Sie finden hier alles von handgefertigten Produkten, kreativem Kunsthandwerk und Haushaltswaren bis hin zu gebrauchtem Spielzeug, Kleidung, Nippes, Flohmarktfunden und \u00dcberraschungen der unerwarteten Art. Ein Teil des Charmes besteht darin, dass Sie nie genau wissen, was Sie hinter der n\u00e4chsten Ecke finden werden. Wenn Sie Teil des Marktes werden und selbst einen Stand haben m\u00f6chten, k\u00f6nnen Sie uns entweder per E-Mail oder telefonisch kontaktieren und wir werden einen guten Platz finden und Ihnen bei den praktischen Details helfen.   <\/p>\n<h2>Auto parken<\/h2>\n<p>Parken k\u00f6nnen Sie ganz einfach und kostenlos auf dem Walters Plads, der sich direkt au\u00dferhalb des Campinggel\u00e4ndes befindet. Besucher, die von au\u00dferhalb kommen, k\u00f6nnen hier ihr Auto abstellen und direkt zum Markt laufen, ohne dass es zu Problemen kommt. <\/p>\n<h2>Die Kinder<\/h2>\n<p>Auch f\u00fcr die Kinder gibt es viel zu erleben. Den ganzen Tag \u00fcber werden verschiedene Aktivit\u00e4ten organisiert, die ein L\u00e4cheln auf die Gesichter von Jung und Alt zaubern. Beliebte Aktivit\u00e4ten wie Gesichtsbemalung, Ponyreiten und das Graben nach S\u00fc\u00dfigkeiten sind nur einige der Dinge, auf die Sie sto\u00dfen k\u00f6nnten, und je nachdem, was das Pfingstprogramm zu bieten hat, kann es auch andere lustige \u00dcberraschungen geben. So entsteht eine entspannte und spielerische Atmosph\u00e4re, in der Kinder spielen k\u00f6nnen, w\u00e4hrend Erwachsene die St\u00e4nde erkunden oder eine Erfrischung genie\u00dfen.   <\/p>\n<h2>Essen und Trinken<\/h2>\n<p>Essen und Trinken sind ein nat\u00fcrlicher Bestandteil eines guten Marktes, und es gibt eine gro\u00dfe Auswahl. Der Duft von gegrillten W\u00fcrstchen, frisch zubereiteten Pfannkuchen und klassischem, altmodischem Eis wird bald die Luft erf\u00fcllen, und kalte Getr\u00e4nke und andere Leckereien werden den ganzen Tag \u00fcber auf dem Konzertgel\u00e4nde zum Kauf angeboten. <\/p>\n<h2>Live Musik<\/h2>\n<p>Um die Mittagszeit sorgt die Live-Musik f\u00fcr den letzten Schliff und verleiht dem ganzen Markt die richtige sommerliche und entspannte Atmosph\u00e4re.<\/p>\n<h2>Gem\u00fctliche Atmosph\u00e4re<\/h2>\n<p>Alles in allem ist der Pfingstmarkt auf dem Egtved Camping ein Tag voller Gemeinschaft, toller Funde, Kinderspa\u00df und einer gem\u00fctlichen Atmosph\u00e4re, eine Veranstaltung, die Menschen zusammenbringt und Erinnerungen schafft, und wir freuen uns jedes Jahr darauf.<\/p>    <\/div>\n<\/div>\n<!-- \/module text -->        <\/div>\n                    <div  data-lazy=\"1\" class=\"module_column tb-column col4-2 tb_wfnx489 last\">\n                    <!-- module image -->\n<div  class=\"module module-image tb_sty4397 image-top   tf_mw\" data-lazy=\"1\">\n        <div class=\"image-wrap tf_rel tf_mw\">\n            <a href=\"https:\/\/egtvedcamping.dk\/wp-content\/uploads\/2025\/12\/DJI_0746.webp\" class=\"lightbox-builder themify_lightbox\">\n                   <img decoding=\"async\" width=\"1920\" height=\"1440\" src=\"https:\/\/egtvedcamping.dk\/wp-content\/uploads\/2025\/12\/DJI_0746.webp\" class=\"wp-post-image wp-image-10292\" title=\"DJI_0746\" alt=\"DJI_0746\" srcset=\"https:\/\/egtvedcamping.dk\/wp-content\/uploads\/2025\/12\/DJI_0746.webp 1920w, https:\/\/egtvedcamping.dk\/wp-content\/uploads\/2025\/12\/DJI_0746-300x225.webp 300w, https:\/\/egtvedcamping.dk\/wp-content\/uploads\/2025\/12\/DJI_0746-1024x768.webp 1024w, https:\/\/egtvedcamping.dk\/wp-content\/uploads\/2025\/12\/DJI_0746-768x576.webp 768w, https:\/\/egtvedcamping.dk\/wp-content\/uploads\/2025\/12\/DJI_0746-1536x1152.webp 1536w\" sizes=\"(max-width: 1920px) 100vw, 1920px\" \/>        <\/a>\n    \n        <\/div>\n    <!-- \/image-wrap -->\n    \n        <\/div>\n<!-- \/module image --><!-- module image -->\n<div  class=\"module module-image tb_11pz755 image-top   tf_mw\" data-lazy=\"1\">\n        <div class=\"image-wrap tf_rel tf_mw\">\n            <a href=\"https:\/\/egtvedcamping.dk\/wp-content\/uploads\/2025\/12\/pise.webp\" class=\"lightbox-builder themify_lightbox\">\n                   <img decoding=\"async\" width=\"1920\" height=\"1440\" src=\"https:\/\/egtvedcamping.dk\/wp-content\/uploads\/2025\/12\/pise.webp\" class=\"wp-post-image wp-image-10291\" title=\"pise\" alt=\"pise\" srcset=\"https:\/\/egtvedcamping.dk\/wp-content\/uploads\/2025\/12\/pise.webp 1920w, https:\/\/egtvedcamping.dk\/wp-content\/uploads\/2025\/12\/pise-300x225.webp 300w, https:\/\/egtvedcamping.dk\/wp-content\/uploads\/2025\/12\/pise-1024x768.webp 1024w, https:\/\/egtvedcamping.dk\/wp-content\/uploads\/2025\/12\/pise-768x576.webp 768w, https:\/\/egtvedcamping.dk\/wp-content\/uploads\/2025\/12\/pise-1536x1152.webp 1536w\" sizes=\"(max-width: 1920px) 100vw, 1920px\" \/>        <\/a>\n    \n        <\/div>\n    <!-- \/image-wrap -->\n    \n        <\/div>\n<!-- \/module image --><!-- module image -->\n<div  class=\"module module-image tb_amxb746 image-top   tf_mw\" data-lazy=\"1\">\n        <div class=\"image-wrap tf_rel tf_mw\">\n            <a href=\"https:\/\/egtvedcamping.dk\/wp-content\/uploads\/2025\/12\/loppe.webp\" class=\"lightbox-builder themify_lightbox\">\n                   <img decoding=\"async\" width=\"1920\" height=\"1440\" src=\"https:\/\/egtvedcamping.dk\/wp-content\/uploads\/2025\/12\/loppe.webp\" class=\"wp-post-image wp-image-10290\" title=\"loppe\" alt=\"loppe\" srcset=\"https:\/\/egtvedcamping.dk\/wp-content\/uploads\/2025\/12\/loppe.webp 1920w, https:\/\/egtvedcamping.dk\/wp-content\/uploads\/2025\/12\/loppe-300x225.webp 300w, https:\/\/egtvedcamping.dk\/wp-content\/uploads\/2025\/12\/loppe-1024x768.webp 1024w, https:\/\/egtvedcamping.dk\/wp-content\/uploads\/2025\/12\/loppe-768x576.webp 768w, https:\/\/egtvedcamping.dk\/wp-content\/uploads\/2025\/12\/loppe-1536x1152.webp 1536w\" sizes=\"(max-width: 1920px) 100vw, 1920px\" \/>        <\/a>\n    \n        <\/div>\n    <!-- \/image-wrap -->\n    \n        <\/div>\n<!-- \/module image -->        <\/div>\n                        <\/div>\n        <\/div>\n        <\/div>\n<!--\/themify_builder_content-->","protected":false},"excerpt":{"rendered":"<p>Pfingsten auf dem Egtved Camping. Ein Wochenende auf Egtved Camping w\u00e4hrend der Pfingsttage zu planen, ist eine naheliegende Wahl. Wir beginnen mit dem ersten Konzert des Jahres am Pfingstsamstag. Wir haben einen Musiker eingeladen, der die Pfingsttage mit toller Musik und begleitendem Essen und Trinken einl\u00e4utet. Pfingstsonntag Am n\u00e4chsten Tag, dem Pfingstsonntag, findet auf dem [&hellip;]<\/p>\n","protected":false},"author":4,"featured_media":0,"parent":0,"menu_order":0,"comment_status":"closed","ping_status":"closed","template":"","meta":{"footnotes":""},"class_list":["post-11079","page","type-page","status-publish","hentry","has-post-title","has-post-date","has-post-category","has-post-tag","has-post-comment","has-post-author",""],"yoast_head":"<!-- This site is optimized with the Yoast SEO Premium plugin v27.5 (Yoast SEO v27.5) - https:\/\/yoast.com\/product\/yoast-seo-premium-wordpress\/ -->\n<title>Pfingsten auf dem Egtved Camping - Egtved Camping<\/title>\n<meta name=\"description\" content=\"Ein Wochenende auf dem Egtved Camping in Pfingsten zu planen, ist eine naheliegende Wahl. Wir beginnen mit dem ersten Konzert des Jahres am Pfingstsamstag.\" \/>\n<meta name=\"robots\" content=\"index, follow, max-snippet:-1, max-image-preview:large, max-video-preview:-1\" \/>\n<link rel=\"canonical\" href=\"https:\/\/egtvedcamping.dk\/de\/pfingsten-auf-dem-egtved-camping\/\" \/>\n<meta property=\"og:locale\" content=\"de_DE\" \/>\n<meta property=\"og:type\" content=\"article\" \/>\n<meta property=\"og:title\" content=\"Pfingsten auf dem Egtved Camping\" \/>\n<meta property=\"og:description\" content=\"Ein Wochenende auf dem Egtved Camping in Pfingsten zu planen, ist eine naheliegende Wahl. Wir beginnen mit dem ersten Konzert des Jahres am Pfingstsamstag.\" \/>\n<meta property=\"og:url\" content=\"https:\/\/egtvedcamping.dk\/de\/pfingsten-auf-dem-egtved-camping\/\" \/>\n<meta property=\"og:site_name\" content=\"Egtved Camping\" \/>\n<meta property=\"article:publisher\" content=\"https:\/\/www.facebook.com\/profile.php?id=100064243891441\" \/>\n<meta property=\"article:modified_time\" content=\"2026-02-02T18:56:43+00:00\" \/>\n<meta property=\"og:image\" content=\"https:\/\/egtvedcamping.dk\/wp-content\/uploads\/2025\/12\/DJI_0746.webp\" \/>\n\t<meta property=\"og:image:width\" content=\"1920\" \/>\n\t<meta property=\"og:image:height\" content=\"1440\" \/>\n\t<meta property=\"og:image:type\" content=\"image\/webp\" \/>\n<meta name=\"twitter:label1\" content=\"Gesch\u00e4tzte Lesezeit\" \/>\n\t<meta name=\"twitter:data1\" content=\"3\u00a0Minuten\" \/>\n<script type=\"application\/ld+json\" class=\"yoast-schema-graph\">{\"@context\":\"https:\\\/\\\/schema.org\",\"@graph\":[{\"@type\":\"WebPage\",\"@id\":\"https:\\\/\\\/egtvedcamping.dk\\\/de\\\/pfingsten-auf-dem-egtved-camping\\\/\",\"url\":\"https:\\\/\\\/egtvedcamping.dk\\\/de\\\/pfingsten-auf-dem-egtved-camping\\\/\",\"name\":\"Pfingsten auf dem Egtved Camping - Egtved Camping\",\"isPartOf\":{\"@id\":\"https:\\\/\\\/egtvedcamping.dk\\\/de\\\/#website\"},\"primaryImageOfPage\":{\"@id\":\"https:\\\/\\\/egtvedcamping.dk\\\/de\\\/pfingsten-auf-dem-egtved-camping\\\/#primaryimage\"},\"image\":{\"@id\":\"https:\\\/\\\/egtvedcamping.dk\\\/de\\\/pfingsten-auf-dem-egtved-camping\\\/#primaryimage\"},\"thumbnailUrl\":\"https:\\\/\\\/egtvedcamping.dk\\\/wp-content\\\/uploads\\\/2025\\\/12\\\/DJI_0746.webp\",\"datePublished\":\"2026-02-02T18:56:42+00:00\",\"dateModified\":\"2026-02-02T18:56:43+00:00\",\"description\":\"Ein Wochenende auf dem Egtved Camping in Pfingsten zu planen, ist eine naheliegende Wahl. Wir beginnen mit dem ersten Konzert des Jahres am Pfingstsamstag.\",\"breadcrumb\":{\"@id\":\"https:\\\/\\\/egtvedcamping.dk\\\/de\\\/pfingsten-auf-dem-egtved-camping\\\/#breadcrumb\"},\"inLanguage\":\"de\",\"potentialAction\":[{\"@type\":\"ReadAction\",\"target\":[\"https:\\\/\\\/egtvedcamping.dk\\\/de\\\/pfingsten-auf-dem-egtved-camping\\\/\"]}]},{\"@type\":\"ImageObject\",\"inLanguage\":\"de\",\"@id\":\"https:\\\/\\\/egtvedcamping.dk\\\/de\\\/pfingsten-auf-dem-egtved-camping\\\/#primaryimage\",\"url\":\"https:\\\/\\\/egtvedcamping.dk\\\/wp-content\\\/uploads\\\/2025\\\/12\\\/DJI_0746.webp\",\"contentUrl\":\"https:\\\/\\\/egtvedcamping.dk\\\/wp-content\\\/uploads\\\/2025\\\/12\\\/DJI_0746.webp\"},{\"@type\":\"BreadcrumbList\",\"@id\":\"https:\\\/\\\/egtvedcamping.dk\\\/de\\\/pfingsten-auf-dem-egtved-camping\\\/#breadcrumb\",\"itemListElement\":[{\"@type\":\"ListItem\",\"position\":1,\"name\":\"Home\",\"item\":\"https:\\\/\\\/egtvedcamping.dk\\\/de\\\/egtved-camping\\\/\"},{\"@type\":\"ListItem\",\"position\":2,\"name\":\"Pfingsten auf dem Egtved Camping\"}]},{\"@type\":\"WebSite\",\"@id\":\"https:\\\/\\\/egtvedcamping.dk\\\/de\\\/#website\",\"url\":\"https:\\\/\\\/egtvedcamping.dk\\\/de\\\/\",\"name\":\"Egtved Camping\",\"description\":\"Slow camp - back to nature\",\"publisher\":{\"@id\":\"https:\\\/\\\/egtvedcamping.dk\\\/de\\\/#organization\"},\"alternateName\":\"\u00c6gte Camping\",\"potentialAction\":[{\"@type\":\"SearchAction\",\"target\":{\"@type\":\"EntryPoint\",\"urlTemplate\":\"https:\\\/\\\/egtvedcamping.dk\\\/de\\\/?s={search_term_string}\"},\"query-input\":{\"@type\":\"PropertyValueSpecification\",\"valueRequired\":true,\"valueName\":\"search_term_string\"}}],\"inLanguage\":\"de\"},{\"@type\":\"Organization\",\"@id\":\"https:\\\/\\\/egtvedcamping.dk\\\/de\\\/#organization\",\"name\":\"Egtved Camping\",\"alternateName\":\"\u00c6gte Camping\",\"url\":\"https:\\\/\\\/egtvedcamping.dk\\\/de\\\/\",\"logo\":{\"@type\":\"ImageObject\",\"inLanguage\":\"de\",\"@id\":\"https:\\\/\\\/egtvedcamping.dk\\\/de\\\/#\\\/schema\\\/logo\\\/image\\\/\",\"url\":\"https:\\\/\\\/egtvedcamping.dk\\\/wp-content\\\/uploads\\\/2022\\\/12\\\/egtved-camping-logo800.png\",\"contentUrl\":\"https:\\\/\\\/egtvedcamping.dk\\\/wp-content\\\/uploads\\\/2022\\\/12\\\/egtved-camping-logo800.png\",\"width\":800,\"height\":197,\"caption\":\"Egtved Camping\"},\"image\":{\"@id\":\"https:\\\/\\\/egtvedcamping.dk\\\/de\\\/#\\\/schema\\\/logo\\\/image\\\/\"},\"sameAs\":[\"https:\\\/\\\/www.facebook.com\\\/profile.php?id=100064243891441\"],\"description\":\"Egtved Camping tilbyder ferie med fokus p\u00e5 natur, hygge og er t\u00e6t p\u00e5 Billund, hvor der er aktiviteter og oplevelser for hele familien, bl.a Legoland \u2013 Lalandia \u2013 Givskud ZOO.\",\"email\":\"post@egtvedcamping.dk\",\"telephone\":\"+45 75551832\"}]}<\/script>\n<!-- \/ Yoast SEO Premium plugin. -->","yoast_head_json":{"title":"Pfingsten auf dem Egtved Camping - Egtved Camping","description":"Ein Wochenende auf dem Egtved Camping in Pfingsten zu planen, ist eine naheliegende Wahl. Wir beginnen mit dem ersten Konzert des Jahres am Pfingstsamstag.","robots":{"index":"index","follow":"follow","max-snippet":"max-snippet:-1","max-image-preview":"max-image-preview:large","max-video-preview":"max-video-preview:-1"},"canonical":"https:\/\/egtvedcamping.dk\/de\/pfingsten-auf-dem-egtved-camping\/","og_locale":"de_DE","og_type":"article","og_title":"Pfingsten auf dem Egtved Camping","og_description":"Ein Wochenende auf dem Egtved Camping in Pfingsten zu planen, ist eine naheliegende Wahl. Wir beginnen mit dem ersten Konzert des Jahres am Pfingstsamstag.","og_url":"https:\/\/egtvedcamping.dk\/de\/pfingsten-auf-dem-egtved-camping\/","og_site_name":"Egtved Camping","article_publisher":"https:\/\/www.facebook.com\/profile.php?id=100064243891441","article_modified_time":"2026-02-02T18:56:43+00:00","og_image":[{"width":1920,"height":1440,"url":"https:\/\/egtvedcamping.dk\/wp-content\/uploads\/2025\/12\/DJI_0746.webp","type":"image\/webp"}],"twitter_misc":{"Gesch\u00e4tzte Lesezeit":"3\u00a0Minuten"},"schema":{"@context":"https:\/\/schema.org","@graph":[{"@type":"WebPage","@id":"https:\/\/egtvedcamping.dk\/de\/pfingsten-auf-dem-egtved-camping\/","url":"https:\/\/egtvedcamping.dk\/de\/pfingsten-auf-dem-egtved-camping\/","name":"Pfingsten auf dem Egtved Camping - Egtved Camping","isPartOf":{"@id":"https:\/\/egtvedcamping.dk\/de\/#website"},"primaryImageOfPage":{"@id":"https:\/\/egtvedcamping.dk\/de\/pfingsten-auf-dem-egtved-camping\/#primaryimage"},"image":{"@id":"https:\/\/egtvedcamping.dk\/de\/pfingsten-auf-dem-egtved-camping\/#primaryimage"},"thumbnailUrl":"https:\/\/egtvedcamping.dk\/wp-content\/uploads\/2025\/12\/DJI_0746.webp","datePublished":"2026-02-02T18:56:42+00:00","dateModified":"2026-02-02T18:56:43+00:00","description":"Ein Wochenende auf dem Egtved Camping in Pfingsten zu planen, ist eine naheliegende Wahl. Wir beginnen mit dem ersten Konzert des Jahres am Pfingstsamstag.","breadcrumb":{"@id":"https:\/\/egtvedcamping.dk\/de\/pfingsten-auf-dem-egtved-camping\/#breadcrumb"},"inLanguage":"de","potentialAction":[{"@type":"ReadAction","target":["https:\/\/egtvedcamping.dk\/de\/pfingsten-auf-dem-egtved-camping\/"]}]},{"@type":"ImageObject","inLanguage":"de","@id":"https:\/\/egtvedcamping.dk\/de\/pfingsten-auf-dem-egtved-camping\/#primaryimage","url":"https:\/\/egtvedcamping.dk\/wp-content\/uploads\/2025\/12\/DJI_0746.webp","contentUrl":"https:\/\/egtvedcamping.dk\/wp-content\/uploads\/2025\/12\/DJI_0746.webp"},{"@type":"BreadcrumbList","@id":"https:\/\/egtvedcamping.dk\/de\/pfingsten-auf-dem-egtved-camping\/#breadcrumb","itemListElement":[{"@type":"ListItem","position":1,"name":"Home","item":"https:\/\/egtvedcamping.dk\/de\/egtved-camping\/"},{"@type":"ListItem","position":2,"name":"Pfingsten auf dem Egtved Camping"}]},{"@type":"WebSite","@id":"https:\/\/egtvedcamping.dk\/de\/#website","url":"https:\/\/egtvedcamping.dk\/de\/","name":"Egtved Camping","description":"Slow camp - back to nature","publisher":{"@id":"https:\/\/egtvedcamping.dk\/de\/#organization"},"alternateName":"\u00c6gte Camping","potentialAction":[{"@type":"SearchAction","target":{"@type":"EntryPoint","urlTemplate":"https:\/\/egtvedcamping.dk\/de\/?s={search_term_string}"},"query-input":{"@type":"PropertyValueSpecification","valueRequired":true,"valueName":"search_term_string"}}],"inLanguage":"de"},{"@type":"Organization","@id":"https:\/\/egtvedcamping.dk\/de\/#organization","name":"Egtved Camping","alternateName":"\u00c6gte Camping","url":"https:\/\/egtvedcamping.dk\/de\/","logo":{"@type":"ImageObject","inLanguage":"de","@id":"https:\/\/egtvedcamping.dk\/de\/#\/schema\/logo\/image\/","url":"https:\/\/egtvedcamping.dk\/wp-content\/uploads\/2022\/12\/egtved-camping-logo800.png","contentUrl":"https:\/\/egtvedcamping.dk\/wp-content\/uploads\/2022\/12\/egtved-camping-logo800.png","width":800,"height":197,"caption":"Egtved Camping"},"image":{"@id":"https:\/\/egtvedcamping.dk\/de\/#\/schema\/logo\/image\/"},"sameAs":["https:\/\/www.facebook.com\/profile.php?id=100064243891441"],"description":"Egtved Camping tilbyder ferie med fokus p\u00e5 natur, hygge og er t\u00e6t p\u00e5 Billund, hvor der er aktiviteter og oplevelser for hele familien, bl.a Legoland \u2013 Lalandia \u2013 Givskud ZOO.","email":"post@egtvedcamping.dk","telephone":"+45 75551832"}]}},"builder_content":"<h1>Pfingsten auf dem Egtved Camping.<\/h1> <p>Ein Wochenende auf Egtved Camping w\u00e4hrend der Pfingsttage zu planen, ist eine naheliegende Wahl. Wir beginnen mit dem ersten Konzert des Jahres am Pfingstsamstag. Wir haben einen Musiker eingeladen, der die Pfingsttage mit toller Musik und begleitendem Essen und Trinken einl\u00e4utet. <\/p> <h2>Pfingstsonntag<\/h2> <p>Am n\u00e4chsten Tag, dem Pfingstsonntag, findet auf dem Egtved Camping der gro\u00dfe und gem\u00fctliche Pfingstmarkt statt. Der gesamte Platz verwandelt sich in ein lebhaftes, farbenfrohes und festliches Areal voller Menschen, St\u00e4nde, duftender Speisen und fr\u00f6hlicher Kinder. Der Markt findet von 10 Uhr bis 15 Uhr statt und ist zu einer festen Tradition geworden, auf die sich Camper, Einheimische und Besucher von au\u00dferhalb freuen. Das Besondere an unserem Pfingstmarkt ist, dass er nicht in einem bestimmten Bereich stattfindet, sondern sich zwischen den Campern auf dem Campingplatz selbst ausbreitet und so eine einzigartige und intime Atmosph\u00e4re schafft, in der Sie kleine Ecken, Wege und Pl\u00e4tze erkunden k\u00f6nnen. <\/p> <h2>St\u00e4nde<\/h2> <p>Die St\u00e4nde bieten ein bisschen von allem und es gibt Platz f\u00fcr so ziemlich jede Art von Produkt. Sie finden hier alles von handgefertigten Produkten, kreativem Kunsthandwerk und Haushaltswaren bis hin zu gebrauchtem Spielzeug, Kleidung, Nippes, Flohmarktfunden und \u00dcberraschungen der unerwarteten Art. Ein Teil des Charmes besteht darin, dass Sie nie genau wissen, was Sie hinter der n\u00e4chsten Ecke finden werden. Wenn Sie Teil des Marktes werden und selbst einen Stand haben m\u00f6chten, k\u00f6nnen Sie uns entweder per E-Mail oder telefonisch kontaktieren und wir werden einen guten Platz finden und Ihnen bei den praktischen Details helfen. <\/p> <h2>Auto parken<\/h2> <p>Parken k\u00f6nnen Sie ganz einfach und kostenlos auf dem Walters Plads, der sich direkt au\u00dferhalb des Campinggel\u00e4ndes befindet. Besucher, die von au\u00dferhalb kommen, k\u00f6nnen hier ihr Auto abstellen und direkt zum Markt laufen, ohne dass es zu Problemen kommt. <\/p> <h2>Die Kinder<\/h2> <p>Auch f\u00fcr die Kinder gibt es viel zu erleben. Den ganzen Tag \u00fcber werden verschiedene Aktivit\u00e4ten organisiert, die ein L\u00e4cheln auf die Gesichter von Jung und Alt zaubern. Beliebte Aktivit\u00e4ten wie Gesichtsbemalung, Ponyreiten und das Graben nach S\u00fc\u00dfigkeiten sind nur einige der Dinge, auf die Sie sto\u00dfen k\u00f6nnten, und je nachdem, was das Pfingstprogramm zu bieten hat, kann es auch andere lustige \u00dcberraschungen geben. So entsteht eine entspannte und spielerische Atmosph\u00e4re, in der Kinder spielen k\u00f6nnen, w\u00e4hrend Erwachsene die St\u00e4nde erkunden oder eine Erfrischung genie\u00dfen. <\/p> <h2>Essen und Trinken<\/h2> <p>Essen und Trinken sind ein nat\u00fcrlicher Bestandteil eines guten Marktes, und es gibt eine gro\u00dfe Auswahl. Der Duft von gegrillten W\u00fcrstchen, frisch zubereiteten Pfannkuchen und klassischem, altmodischem Eis wird bald die Luft erf\u00fcllen, und kalte Getr\u00e4nke und andere Leckereien werden den ganzen Tag \u00fcber auf dem Konzertgel\u00e4nde zum Kauf angeboten. <\/p> <h2>Live Musik<\/h2> <p>Um die Mittagszeit sorgt die Live-Musik f\u00fcr den letzten Schliff und verleiht dem ganzen Markt die richtige sommerliche und entspannte Atmosph\u00e4re.<\/p> <h2>Gem\u00fctliche Atmosph\u00e4re<\/h2> <p>Alles in allem ist der Pfingstmarkt auf dem Egtved Camping ein Tag voller Gemeinschaft, toller Funde, Kinderspa\u00df und einer gem\u00fctlichen Atmosph\u00e4re, eine Veranstaltung, die Menschen zusammenbringt und Erinnerungen schafft, und wir freuen uns jedes Jahr darauf.<\/p>\n<a href=\"https:\/\/egtvedcamping.dk\/wp-content\/uploads\/2025\/12\/DJI_0746.webp\"> <img src=\"https:\/\/egtvedcamping.dk\/wp-content\/uploads\/2025\/12\/DJI_0746.webp\" title=\"DJI_0746\" alt=\"DJI_0746\" srcset=\"https:\/\/egtvedcamping.dk\/wp-content\/uploads\/2025\/12\/DJI_0746.webp 1920w, https:\/\/egtvedcamping.dk\/wp-content\/uploads\/2025\/12\/DJI_0746-300x225.webp 300w, https:\/\/egtvedcamping.dk\/wp-content\/uploads\/2025\/12\/DJI_0746-1024x768.webp 1024w, https:\/\/egtvedcamping.dk\/wp-content\/uploads\/2025\/12\/DJI_0746-768x576.webp 768w, https:\/\/egtvedcamping.dk\/wp-content\/uploads\/2025\/12\/DJI_0746-1536x1152.webp 1536w\" sizes=\"(max-width: 1920px) 100vw, 1920px\" \/> <\/a>\n<a href=\"https:\/\/egtvedcamping.dk\/wp-content\/uploads\/2025\/12\/pise.webp\"> <img src=\"https:\/\/egtvedcamping.dk\/wp-content\/uploads\/2025\/12\/pise.webp\" title=\"pise\" alt=\"pise\" srcset=\"https:\/\/egtvedcamping.dk\/wp-content\/uploads\/2025\/12\/pise.webp 1920w, https:\/\/egtvedcamping.dk\/wp-content\/uploads\/2025\/12\/pise-300x225.webp 300w, https:\/\/egtvedcamping.dk\/wp-content\/uploads\/2025\/12\/pise-1024x768.webp 1024w, https:\/\/egtvedcamping.dk\/wp-content\/uploads\/2025\/12\/pise-768x576.webp 768w, https:\/\/egtvedcamping.dk\/wp-content\/uploads\/2025\/12\/pise-1536x1152.webp 1536w\" sizes=\"(max-width: 1920px) 100vw, 1920px\" \/> <\/a>\n<a href=\"https:\/\/egtvedcamping.dk\/wp-content\/uploads\/2025\/12\/loppe.webp\"> <img src=\"https:\/\/egtvedcamping.dk\/wp-content\/uploads\/2025\/12\/loppe.webp\" title=\"loppe\" alt=\"loppe\" srcset=\"https:\/\/egtvedcamping.dk\/wp-content\/uploads\/2025\/12\/loppe.webp 1920w, https:\/\/egtvedcamping.dk\/wp-content\/uploads\/2025\/12\/loppe-300x225.webp 300w, https:\/\/egtvedcamping.dk\/wp-content\/uploads\/2025\/12\/loppe-1024x768.webp 1024w, https:\/\/egtvedcamping.dk\/wp-content\/uploads\/2025\/12\/loppe-768x576.webp 768w, https:\/\/egtvedcamping.dk\/wp-content\/uploads\/2025\/12\/loppe-1536x1152.webp 1536w\" sizes=\"(max-width: 1920px) 100vw, 1920px\" \/> <\/a>","_links":{"self":[{"href":"https:\/\/egtvedcamping.dk\/de\/wp-json\/wp\/v2\/pages\/11079","targetHints":{"allow":["GET"]}}],"collection":[{"href":"https:\/\/egtvedcamping.dk\/de\/wp-json\/wp\/v2\/pages"}],"about":[{"href":"https:\/\/egtvedcamping.dk\/de\/wp-json\/wp\/v2\/types\/page"}],"author":[{"embeddable":true,"href":"https:\/\/egtvedcamping.dk\/de\/wp-json\/wp\/v2\/users\/4"}],"replies":[{"embeddable":true,"href":"https:\/\/egtvedcamping.dk\/de\/wp-json\/wp\/v2\/comments?post=11079"}],"version-history":[{"count":3,"href":"https:\/\/egtvedcamping.dk\/de\/wp-json\/wp\/v2\/pages\/11079\/revisions"}],"predecessor-version":[{"id":11082,"href":"https:\/\/egtvedcamping.dk\/de\/wp-json\/wp\/v2\/pages\/11079\/revisions\/11082"}],"wp:attachment":[{"href":"https:\/\/egtvedcamping.dk\/de\/wp-json\/wp\/v2\/media?parent=11079"}],"curies":[{"name":"wp","href":"https:\/\/api.w.org\/{rel}","templated":true}]}}