{"id":11605,"date":"2026-04-29T16:41:04","date_gmt":"2026-04-29T14:41:04","guid":{"rendered":"https:\/\/egtvedcamping.dk\/kinder-und-kinder\/"},"modified":"2026-04-29T16:41:05","modified_gmt":"2026-04-29T14:41:05","slug":"kinder-und-kinder","status":"publish","type":"page","link":"https:\/\/egtvedcamping.dk\/de\/kinder-und-kinder\/","title":{"rendered":"Kinder und Kinder"},"content":{"rendered":"<!--themify_builder_content-->\n<div id=\"themify_builder_content-11605\" data-postid=\"11605\" class=\"themify_builder_content themify_builder_content-11605 themify_builder tf_clear\">\n                    <div  data-lazy=\"1\" class=\"module_row themify_builder_row tb_c56067 tb_first tf_w\">\n                        <div class=\"row_inner col_align_top tb_col_count_2 tf_box tf_rel\">\n                        <div  data-lazy=\"1\" class=\"module_column tb-column col4-2 tb_2y4s68 first\">\n                    <!-- module text -->\n<div  class=\"module module-text tb_4m9h321   \" data-lazy=\"1\">\n        <div  class=\"tb_text_wrap\">\n        <h1>Kinder und Kinder<\/h1>\n<h3>Echte Camping-Atmosph\u00e4re<\/h3>\n<p>Bei Egtved Camping sehen wir Kinder als einen unserer gr\u00f6\u00dften Werte an. F\u00fcr uns geht es beim Camping um Gemeinschaft, Anwesenheit und gute Erlebnisse, und spielende, lachende und die Welt erkundende Kinder tragen in hohem Ma\u00dfe zu einer lebendigen und echten Campingatmosph\u00e4re bei. Deshalb arbeiten wir hart daran, eine Umgebung zu schaffen, in der Kinder Kinder sein k\u00f6nnen und in der Familien auf eine Weise zusammen sein k\u00f6nnen, die sich nat\u00fcrlich, sicher und voller Freude anf\u00fchlt.  <\/p>\n<h3>Nachdenken \u00fcber das Wohlbefinden von Kindern und die M\u00f6glichkeiten zum Spielen.<\/h3>\n<p>Wir haben zwei Spielpl\u00e4tze, die st\u00e4ndig erweitert werden, aber unsere j\u00fcngsten G\u00e4ste suchen oft unsere sch\u00f6nen Waldgebiete zum Klettern, H\u00f6hlenbauen und Verstecken auf.<\/p>\n<p>Die Spielpl\u00e4tze sind so angelegt, dass die Eltern sie leicht im Auge behalten k\u00f6nnen, w\u00e4hrend die Kinder die Freiheit haben, zu spielen. Das ist ein gutes Gleichgewicht, bei dem sich jeder sicher f\u00fchlt. <\/p>\n<h3>Petanque-Platz<\/h3>\n<p>Unser neu errichteter Petanque-Platz ist sowohl bei Kindern als auch bei Erwachsenen vor Ort ein Hit. Das Spiel schafft oft lustige und spontane Gemeinschaften \u00fcber Generationen hinweg. Das sind die Spiele, bei denen Papa, Mama, Gro\u00dfeltern und Kinder mitmachen k\u00f6nnen. Hier mischen sich Lachen und leichter Wettkampfgeist an der frischen Luft. <\/p>\n<h3>Chill time<\/h3>\n<p>Eines der Dinge, die Egtved Camping wirklich einzigartig machen, ist unsere Einstellung zum M\u00fc\u00dfiggang. Chill Time ist eine Zeit ohne Pl\u00e4ne, ohne Termine und ohne die Erwartung st\u00e4ndiger Aktivit\u00e4t. Sie erm\u00f6glicht es den Kindern, neugierig und kreativ zu sein und im Moment pr\u00e4sent zu sein. Viele Familien finden, dass dies ihrem Urlaub eine besondere Ruhe verleiht.  <\/p>\n<h3>Innenbereich<\/h3>\n<p>Im Innenbereich haben wir einen gem\u00fctlichen Gemeinschaftsraum, in dem sich Familien zum Spielen, Malen oder f\u00fcr ruhige Momente treffen k\u00f6nnen, wenn der d\u00e4nische Sommer nach etwas \u00dcberdachtem ruft. Es gibt verschiedene Brettspiele, B\u00fccher und Lego-Steine. Es ist ein beliebter Ort, besonders am Abend oder an Regentagen, wenn die Kinder noch spielen und zusammen sein wollen.  <\/p>    <\/div>\n<\/div>\n<!-- \/module text -->        <\/div>\n                    <div  data-lazy=\"1\" class=\"module_column tb-column col4-2 tb_685j674 last\">\n                    <!-- module image -->\n<div  class=\"module module-image tb_oj95333 image-top   tf_mw\" data-lazy=\"1\">\n        <div class=\"image-wrap tf_rel tf_mw\">\n            <img decoding=\"async\" width=\"2560\" height=\"1707\" src=\"https:\/\/egtvedcamping.dk\/wp-content\/uploads\/2023\/01\/legeplads-4667-1-scaled.jpg\" class=\"wp-post-image wp-image-4011\" title=\"legeplads-4667\" alt=\"Spielpl\u00e4tze\" srcset=\"https:\/\/egtvedcamping.dk\/wp-content\/uploads\/2023\/01\/legeplads-4667-1-scaled.jpg 2560w, https:\/\/egtvedcamping.dk\/wp-content\/uploads\/2023\/01\/legeplads-4667-1-300x200.jpg 300w, https:\/\/egtvedcamping.dk\/wp-content\/uploads\/2023\/01\/legeplads-4667-1-1024x683.jpg 1024w, https:\/\/egtvedcamping.dk\/wp-content\/uploads\/2023\/01\/legeplads-4667-1-768x512.jpg 768w, https:\/\/egtvedcamping.dk\/wp-content\/uploads\/2023\/01\/legeplads-4667-1-1536x1024.jpg 1536w, https:\/\/egtvedcamping.dk\/wp-content\/uploads\/2023\/01\/legeplads-4667-1-2048x1365.jpg 2048w\" sizes=\"(max-width: 2560px) 100vw, 2560px\" \/>    \n        <\/div>\n    <!-- \/image-wrap -->\n    \n        <\/div>\n<!-- \/module image -->        <\/div>\n                        <\/div>\n        <\/div>\n        <\/div>\n<!--\/themify_builder_content-->","protected":false},"excerpt":{"rendered":"<p>Kinder und Kinder Echte Camping-Atmosph\u00e4re Bei Egtved Camping sehen wir Kinder als einen unserer gr\u00f6\u00dften Werte an. F\u00fcr uns geht es beim Camping um Gemeinschaft, Anwesenheit und gute Erlebnisse, und spielende, lachende und die Welt erkundende Kinder tragen in hohem Ma\u00dfe zu einer lebendigen und echten Campingatmosph\u00e4re bei. Deshalb arbeiten wir hart daran, eine Umgebung [&hellip;]<\/p>\n","protected":false},"author":4,"featured_media":0,"parent":0,"menu_order":0,"comment_status":"closed","ping_status":"closed","template":"","meta":{"footnotes":""},"class_list":["post-11605","page","type-page","status-publish","hentry","has-post-title","has-post-date","has-post-category","has-post-tag","has-post-comment","has-post-author",""],"yoast_head":"<!-- This site is optimized with the Yoast SEO Premium plugin v27.5 (Yoast SEO v27.5) - https:\/\/yoast.com\/product\/yoast-seo-premium-wordpress\/ -->\n<title>Kinder und Kinder - Egtved Camping<\/title>\n<meta name=\"description\" content=\"Bei Egtved Camping betrachten wir Kinder als einen unserer gr\u00f6\u00dften Werte. Beim Campingleben geht es um Gemeinschaft, um spielende und lachende Kinder.\" \/>\n<meta name=\"robots\" content=\"index, follow, max-snippet:-1, max-image-preview:large, max-video-preview:-1\" \/>\n<link rel=\"canonical\" href=\"https:\/\/egtvedcamping.dk\/de\/kinder-und-kinder\/\" \/>\n<meta property=\"og:locale\" content=\"de_DE\" \/>\n<meta property=\"og:type\" content=\"article\" \/>\n<meta property=\"og:title\" content=\"Kinder und Kinder\" \/>\n<meta property=\"og:description\" content=\"Bei Egtved Camping betrachten wir Kinder als einen unserer gr\u00f6\u00dften Werte. Beim Campingleben geht es um Gemeinschaft, um spielende und lachende Kinder.\" \/>\n<meta property=\"og:url\" content=\"https:\/\/egtvedcamping.dk\/de\/kinder-und-kinder\/\" \/>\n<meta property=\"og:site_name\" content=\"Egtved Camping\" \/>\n<meta property=\"article:publisher\" content=\"https:\/\/www.facebook.com\/profile.php?id=100064243891441\" \/>\n<meta property=\"article:modified_time\" content=\"2026-04-29T14:41:05+00:00\" \/>\n<meta property=\"og:image\" content=\"https:\/\/egtvedcamping.dk\/wp-content\/uploads\/2023\/01\/legeplads-4667-1-scaled.jpg\" \/>\n\t<meta property=\"og:image:width\" content=\"2560\" \/>\n\t<meta property=\"og:image:height\" content=\"1707\" \/>\n\t<meta property=\"og:image:type\" content=\"image\/jpeg\" \/>\n<meta name=\"twitter:label1\" content=\"Gesch\u00e4tzte Lesezeit\" \/>\n\t<meta name=\"twitter:data1\" content=\"2\u00a0Minuten\" \/>\n<script type=\"application\/ld+json\" class=\"yoast-schema-graph\">{\"@context\":\"https:\\\/\\\/schema.org\",\"@graph\":[{\"@type\":\"WebPage\",\"@id\":\"https:\\\/\\\/egtvedcamping.dk\\\/de\\\/kinder-und-kinder\\\/\",\"url\":\"https:\\\/\\\/egtvedcamping.dk\\\/de\\\/kinder-und-kinder\\\/\",\"name\":\"Kinder und Kinder - Egtved Camping\",\"isPartOf\":{\"@id\":\"https:\\\/\\\/egtvedcamping.dk\\\/de\\\/#website\"},\"primaryImageOfPage\":{\"@id\":\"https:\\\/\\\/egtvedcamping.dk\\\/de\\\/kinder-und-kinder\\\/#primaryimage\"},\"image\":{\"@id\":\"https:\\\/\\\/egtvedcamping.dk\\\/de\\\/kinder-und-kinder\\\/#primaryimage\"},\"thumbnailUrl\":\"https:\\\/\\\/egtvedcamping.dk\\\/wp-content\\\/uploads\\\/2023\\\/01\\\/legeplads-4667-1-scaled.jpg\",\"datePublished\":\"2026-04-29T14:41:04+00:00\",\"dateModified\":\"2026-04-29T14:41:05+00:00\",\"description\":\"Bei Egtved Camping betrachten wir Kinder als einen unserer gr\u00f6\u00dften Werte. Beim Campingleben geht es um Gemeinschaft, um spielende und lachende Kinder.\",\"breadcrumb\":{\"@id\":\"https:\\\/\\\/egtvedcamping.dk\\\/de\\\/kinder-und-kinder\\\/#breadcrumb\"},\"inLanguage\":\"de\",\"potentialAction\":[{\"@type\":\"ReadAction\",\"target\":[\"https:\\\/\\\/egtvedcamping.dk\\\/de\\\/kinder-und-kinder\\\/\"]}]},{\"@type\":\"ImageObject\",\"inLanguage\":\"de\",\"@id\":\"https:\\\/\\\/egtvedcamping.dk\\\/de\\\/kinder-und-kinder\\\/#primaryimage\",\"url\":\"https:\\\/\\\/egtvedcamping.dk\\\/wp-content\\\/uploads\\\/2023\\\/01\\\/legeplads-4667-1-scaled.jpg\",\"contentUrl\":\"https:\\\/\\\/egtvedcamping.dk\\\/wp-content\\\/uploads\\\/2023\\\/01\\\/legeplads-4667-1-scaled.jpg\"},{\"@type\":\"BreadcrumbList\",\"@id\":\"https:\\\/\\\/egtvedcamping.dk\\\/de\\\/kinder-und-kinder\\\/#breadcrumb\",\"itemListElement\":[{\"@type\":\"ListItem\",\"position\":1,\"name\":\"Home\",\"item\":\"https:\\\/\\\/egtvedcamping.dk\\\/de\\\/egtved-camping\\\/\"},{\"@type\":\"ListItem\",\"position\":2,\"name\":\"Kinder und Kinder\"}]},{\"@type\":\"WebSite\",\"@id\":\"https:\\\/\\\/egtvedcamping.dk\\\/de\\\/#website\",\"url\":\"https:\\\/\\\/egtvedcamping.dk\\\/de\\\/\",\"name\":\"Egtved Camping\",\"description\":\"Slow camp - back to nature\",\"publisher\":{\"@id\":\"https:\\\/\\\/egtvedcamping.dk\\\/de\\\/#organization\"},\"alternateName\":\"\u00c6gte Camping\",\"potentialAction\":[{\"@type\":\"SearchAction\",\"target\":{\"@type\":\"EntryPoint\",\"urlTemplate\":\"https:\\\/\\\/egtvedcamping.dk\\\/de\\\/?s={search_term_string}\"},\"query-input\":{\"@type\":\"PropertyValueSpecification\",\"valueRequired\":true,\"valueName\":\"search_term_string\"}}],\"inLanguage\":\"de\"},{\"@type\":\"Organization\",\"@id\":\"https:\\\/\\\/egtvedcamping.dk\\\/de\\\/#organization\",\"name\":\"Egtved Camping\",\"alternateName\":\"\u00c6gte Camping\",\"url\":\"https:\\\/\\\/egtvedcamping.dk\\\/de\\\/\",\"logo\":{\"@type\":\"ImageObject\",\"inLanguage\":\"de\",\"@id\":\"https:\\\/\\\/egtvedcamping.dk\\\/de\\\/#\\\/schema\\\/logo\\\/image\\\/\",\"url\":\"https:\\\/\\\/egtvedcamping.dk\\\/wp-content\\\/uploads\\\/2022\\\/12\\\/egtved-camping-logo800.png\",\"contentUrl\":\"https:\\\/\\\/egtvedcamping.dk\\\/wp-content\\\/uploads\\\/2022\\\/12\\\/egtved-camping-logo800.png\",\"width\":800,\"height\":197,\"caption\":\"Egtved Camping\"},\"image\":{\"@id\":\"https:\\\/\\\/egtvedcamping.dk\\\/de\\\/#\\\/schema\\\/logo\\\/image\\\/\"},\"sameAs\":[\"https:\\\/\\\/www.facebook.com\\\/profile.php?id=100064243891441\"],\"description\":\"Egtved Camping tilbyder ferie med fokus p\u00e5 natur, hygge og er t\u00e6t p\u00e5 Billund, hvor der er aktiviteter og oplevelser for hele familien, bl.a Legoland \u2013 Lalandia \u2013 Givskud ZOO.\",\"email\":\"post@egtvedcamping.dk\",\"telephone\":\"+45 75551832\"}]}<\/script>\n<!-- \/ Yoast SEO Premium plugin. -->","yoast_head_json":{"title":"Kinder und Kinder - Egtved Camping","description":"Bei Egtved Camping betrachten wir Kinder als einen unserer gr\u00f6\u00dften Werte. Beim Campingleben geht es um Gemeinschaft, um spielende und lachende Kinder.","robots":{"index":"index","follow":"follow","max-snippet":"max-snippet:-1","max-image-preview":"max-image-preview:large","max-video-preview":"max-video-preview:-1"},"canonical":"https:\/\/egtvedcamping.dk\/de\/kinder-und-kinder\/","og_locale":"de_DE","og_type":"article","og_title":"Kinder und Kinder","og_description":"Bei Egtved Camping betrachten wir Kinder als einen unserer gr\u00f6\u00dften Werte. Beim Campingleben geht es um Gemeinschaft, um spielende und lachende Kinder.","og_url":"https:\/\/egtvedcamping.dk\/de\/kinder-und-kinder\/","og_site_name":"Egtved Camping","article_publisher":"https:\/\/www.facebook.com\/profile.php?id=100064243891441","article_modified_time":"2026-04-29T14:41:05+00:00","og_image":[{"width":2560,"height":1707,"url":"https:\/\/egtvedcamping.dk\/wp-content\/uploads\/2023\/01\/legeplads-4667-1-scaled.jpg","type":"image\/jpeg"}],"twitter_misc":{"Gesch\u00e4tzte Lesezeit":"2\u00a0Minuten"},"schema":{"@context":"https:\/\/schema.org","@graph":[{"@type":"WebPage","@id":"https:\/\/egtvedcamping.dk\/de\/kinder-und-kinder\/","url":"https:\/\/egtvedcamping.dk\/de\/kinder-und-kinder\/","name":"Kinder und Kinder - Egtved Camping","isPartOf":{"@id":"https:\/\/egtvedcamping.dk\/de\/#website"},"primaryImageOfPage":{"@id":"https:\/\/egtvedcamping.dk\/de\/kinder-und-kinder\/#primaryimage"},"image":{"@id":"https:\/\/egtvedcamping.dk\/de\/kinder-und-kinder\/#primaryimage"},"thumbnailUrl":"https:\/\/egtvedcamping.dk\/wp-content\/uploads\/2023\/01\/legeplads-4667-1-scaled.jpg","datePublished":"2026-04-29T14:41:04+00:00","dateModified":"2026-04-29T14:41:05+00:00","description":"Bei Egtved Camping betrachten wir Kinder als einen unserer gr\u00f6\u00dften Werte. Beim Campingleben geht es um Gemeinschaft, um spielende und lachende Kinder.","breadcrumb":{"@id":"https:\/\/egtvedcamping.dk\/de\/kinder-und-kinder\/#breadcrumb"},"inLanguage":"de","potentialAction":[{"@type":"ReadAction","target":["https:\/\/egtvedcamping.dk\/de\/kinder-und-kinder\/"]}]},{"@type":"ImageObject","inLanguage":"de","@id":"https:\/\/egtvedcamping.dk\/de\/kinder-und-kinder\/#primaryimage","url":"https:\/\/egtvedcamping.dk\/wp-content\/uploads\/2023\/01\/legeplads-4667-1-scaled.jpg","contentUrl":"https:\/\/egtvedcamping.dk\/wp-content\/uploads\/2023\/01\/legeplads-4667-1-scaled.jpg"},{"@type":"BreadcrumbList","@id":"https:\/\/egtvedcamping.dk\/de\/kinder-und-kinder\/#breadcrumb","itemListElement":[{"@type":"ListItem","position":1,"name":"Home","item":"https:\/\/egtvedcamping.dk\/de\/egtved-camping\/"},{"@type":"ListItem","position":2,"name":"Kinder und Kinder"}]},{"@type":"WebSite","@id":"https:\/\/egtvedcamping.dk\/de\/#website","url":"https:\/\/egtvedcamping.dk\/de\/","name":"Egtved Camping","description":"Slow camp - back to nature","publisher":{"@id":"https:\/\/egtvedcamping.dk\/de\/#organization"},"alternateName":"\u00c6gte Camping","potentialAction":[{"@type":"SearchAction","target":{"@type":"EntryPoint","urlTemplate":"https:\/\/egtvedcamping.dk\/de\/?s={search_term_string}"},"query-input":{"@type":"PropertyValueSpecification","valueRequired":true,"valueName":"search_term_string"}}],"inLanguage":"de"},{"@type":"Organization","@id":"https:\/\/egtvedcamping.dk\/de\/#organization","name":"Egtved Camping","alternateName":"\u00c6gte Camping","url":"https:\/\/egtvedcamping.dk\/de\/","logo":{"@type":"ImageObject","inLanguage":"de","@id":"https:\/\/egtvedcamping.dk\/de\/#\/schema\/logo\/image\/","url":"https:\/\/egtvedcamping.dk\/wp-content\/uploads\/2022\/12\/egtved-camping-logo800.png","contentUrl":"https:\/\/egtvedcamping.dk\/wp-content\/uploads\/2022\/12\/egtved-camping-logo800.png","width":800,"height":197,"caption":"Egtved Camping"},"image":{"@id":"https:\/\/egtvedcamping.dk\/de\/#\/schema\/logo\/image\/"},"sameAs":["https:\/\/www.facebook.com\/profile.php?id=100064243891441"],"description":"Egtved Camping tilbyder ferie med fokus p\u00e5 natur, hygge og er t\u00e6t p\u00e5 Billund, hvor der er aktiviteter og oplevelser for hele familien, bl.a Legoland \u2013 Lalandia \u2013 Givskud ZOO.","email":"post@egtvedcamping.dk","telephone":"+45 75551832"}]}},"builder_content":"<h1>Kinder und Kinder<\/h1> <h3>Echte Camping-Atmosph\u00e4re<\/h3> <p>Bei Egtved Camping sehen wir Kinder als einen unserer gr\u00f6\u00dften Werte an. F\u00fcr uns geht es beim Camping um Gemeinschaft, Anwesenheit und gute Erlebnisse, und spielende, lachende und die Welt erkundende Kinder tragen in hohem Ma\u00dfe zu einer lebendigen und echten Campingatmosph\u00e4re bei. Deshalb arbeiten wir hart daran, eine Umgebung zu schaffen, in der Kinder Kinder sein k\u00f6nnen und in der Familien auf eine Weise zusammen sein k\u00f6nnen, die sich nat\u00fcrlich, sicher und voller Freude anf\u00fchlt. <\/p> <h3>Nachdenken \u00fcber das Wohlbefinden von Kindern und die M\u00f6glichkeiten zum Spielen.<\/h3> <p>Wir haben zwei Spielpl\u00e4tze, die st\u00e4ndig erweitert werden, aber unsere j\u00fcngsten G\u00e4ste suchen oft unsere sch\u00f6nen Waldgebiete zum Klettern, H\u00f6hlenbauen und Verstecken auf.<\/p> <p>Die Spielpl\u00e4tze sind so angelegt, dass die Eltern sie leicht im Auge behalten k\u00f6nnen, w\u00e4hrend die Kinder die Freiheit haben, zu spielen. Das ist ein gutes Gleichgewicht, bei dem sich jeder sicher f\u00fchlt. <\/p> <h3>Petanque-Platz<\/h3> <p>Unser neu errichteter Petanque-Platz ist sowohl bei Kindern als auch bei Erwachsenen vor Ort ein Hit. Das Spiel schafft oft lustige und spontane Gemeinschaften \u00fcber Generationen hinweg. Das sind die Spiele, bei denen Papa, Mama, Gro\u00dfeltern und Kinder mitmachen k\u00f6nnen. Hier mischen sich Lachen und leichter Wettkampfgeist an der frischen Luft. <\/p> <h3>Chill time<\/h3> <p>Eines der Dinge, die Egtved Camping wirklich einzigartig machen, ist unsere Einstellung zum M\u00fc\u00dfiggang. Chill Time ist eine Zeit ohne Pl\u00e4ne, ohne Termine und ohne die Erwartung st\u00e4ndiger Aktivit\u00e4t. Sie erm\u00f6glicht es den Kindern, neugierig und kreativ zu sein und im Moment pr\u00e4sent zu sein. Viele Familien finden, dass dies ihrem Urlaub eine besondere Ruhe verleiht. <\/p> <h3>Innenbereich<\/h3> <p>Im Innenbereich haben wir einen gem\u00fctlichen Gemeinschaftsraum, in dem sich Familien zum Spielen, Malen oder f\u00fcr ruhige Momente treffen k\u00f6nnen, wenn der d\u00e4nische Sommer nach etwas \u00dcberdachtem ruft. Es gibt verschiedene Brettspiele, B\u00fccher und Lego-Steine. Es ist ein beliebter Ort, besonders am Abend oder an Regentagen, wenn die Kinder noch spielen und zusammen sein wollen. <\/p>\n<img src=\"https:\/\/egtvedcamping.dk\/wp-content\/uploads\/2023\/01\/legeplads-4667-1-scaled.jpg\" title=\"legeplads-4667\" alt=\"Spielpl\u00e4tze\" srcset=\"https:\/\/egtvedcamping.dk\/wp-content\/uploads\/2023\/01\/legeplads-4667-1-scaled.jpg 2560w, https:\/\/egtvedcamping.dk\/wp-content\/uploads\/2023\/01\/legeplads-4667-1-300x200.jpg 300w, https:\/\/egtvedcamping.dk\/wp-content\/uploads\/2023\/01\/legeplads-4667-1-1024x683.jpg 1024w, https:\/\/egtvedcamping.dk\/wp-content\/uploads\/2023\/01\/legeplads-4667-1-768x512.jpg 768w, https:\/\/egtvedcamping.dk\/wp-content\/uploads\/2023\/01\/legeplads-4667-1-1536x1024.jpg 1536w, https:\/\/egtvedcamping.dk\/wp-content\/uploads\/2023\/01\/legeplads-4667-1-2048x1365.jpg 2048w\" sizes=\"(max-width: 2560px) 100vw, 2560px\" \/>","_links":{"self":[{"href":"https:\/\/egtvedcamping.dk\/de\/wp-json\/wp\/v2\/pages\/11605","targetHints":{"allow":["GET"]}}],"collection":[{"href":"https:\/\/egtvedcamping.dk\/de\/wp-json\/wp\/v2\/pages"}],"about":[{"href":"https:\/\/egtvedcamping.dk\/de\/wp-json\/wp\/v2\/types\/page"}],"author":[{"embeddable":true,"href":"https:\/\/egtvedcamping.dk\/de\/wp-json\/wp\/v2\/users\/4"}],"replies":[{"embeddable":true,"href":"https:\/\/egtvedcamping.dk\/de\/wp-json\/wp\/v2\/comments?post=11605"}],"version-history":[{"count":2,"href":"https:\/\/egtvedcamping.dk\/de\/wp-json\/wp\/v2\/pages\/11605\/revisions"}],"predecessor-version":[{"id":11607,"href":"https:\/\/egtvedcamping.dk\/de\/wp-json\/wp\/v2\/pages\/11605\/revisions\/11607"}],"wp:attachment":[{"href":"https:\/\/egtvedcamping.dk\/de\/wp-json\/wp\/v2\/media?parent=11605"}],"curies":[{"name":"wp","href":"https:\/\/api.w.org\/{rel}","templated":true}]}}