{"id":4525,"date":"2014-09-28T13:30:21","date_gmt":"2014-09-28T13:30:21","guid":{"rendered":"https:\/\/egtvedcamping.dk\/kontakt\/"},"modified":"2026-01-19T12:10:25","modified_gmt":"2026-01-19T11:10:25","slug":"kontakt","status":"publish","type":"page","link":"https:\/\/egtvedcamping.dk\/de\/kontakt\/","title":{"rendered":"Kontaktieren Sie uns"},"content":{"rendered":"<!--themify_builder_content-->\n<div id=\"themify_builder_content-4525\" data-postid=\"4525\" class=\"themify_builder_content themify_builder_content-4525 themify_builder tf_clear\">\n                    <div  data-lazy=\"1\" class=\"module_row themify_builder_row tb_ssbf778 tb_first tf_w\">\n                        <div class=\"row_inner col_align_top tb_col_count_1 tf_box tf_rel\">\n                        <div  data-lazy=\"1\" class=\"module_column tb-column col-full tb_32d3778 first\">\n                    <!-- module text -->\n<div  class=\"module module-text tb_feec76   \" data-lazy=\"1\">\n        <div  class=\"tb_text_wrap\">\n        <h1>Kontaktieren Sie uns<\/h1>\n<p>Sie sind jederzeit willkommen, <a href=\"https:\/\/egtvedcamping.dk\/de\/\" target=\"_blank\" rel=\"noopener\">Egtved Camping<\/a> zu kontaktieren. Wenn Sie Fragen haben oder etwas Bestimmtes \u00fcber den Campingplatz erfahren m\u00f6chten. Sie k\u00f6nnen uns entweder eine E-Mail schicken oder uns anrufen.  <\/p>\n<p>E-Mail: <a href=\"mailto:post@egtvedcamping.dk\">post@egtvedcamping.dk<\/a><\/p>\n<p>Nummer: <a href=\"tel:+4575551832\" target=\"_blank\" rel=\"noopener\">+45 75551832<\/a><\/p>\n<p>Das Telefon ist jeden Tag von 7:30 &#8211; 20:00 Uhr ge\u00f6ffnet.<\/p>\n<p>Unsere Rezeption ist gleichzeitig unser Gesch\u00e4ft und es kann sein, dass wir die T\u00fcr abschlie\u00dfen, wenn wir vor Ort arbeiten, aber Sie k\u00f6nnen uns jederzeit w\u00e4hrend der \u00d6ffnungszeiten anrufen, wenn Sie Fragen haben.<\/p>\n<h2>\u00d6ffnungszeiten:<\/h2>\n<p>Unterschiedliche \u00d6ffnungszeiten.<\/p>\n<p>Die \u00d6ffnungszeiten variieren je nach Jahreszeit, also rufen Sie bitte vorher an, wenn Sie sicher sein wollen, dass wir da sind. An der T\u00fcr befindet sich immer ein Schild mit unseren \u00d6ffnungszeiten. <\/p>\n<p>Wenn Sie au\u00dferhalb unserer \u00d6ffnungszeiten einchecken m\u00fcssen, k\u00f6nnen Sie online buchen und mit dem Code auf Ihrer Buchungsbest\u00e4tigung bis 23 Uhr einchecken. Wenn Sie gebucht haben und au\u00dferhalb unserer \u00d6ffnungszeiten ankommen, rufen Sie uns an und wir hinterlassen Ihnen eine Karte, mit der Sie zum Gel\u00e4nde fahren k\u00f6nnen.<\/p>\n<p>Das Tor ist zwischen 23:00 und 7:00 Uhr verschlossen. Wenn Sie also sp\u00e4ter als 23:00 Uhr ankommen oder fr\u00fcher als 7:00 Uhr abreisen, k\u00f6nnen Sie Ihr Auto au\u00dferhalb des Parkplatzes abstellen.<\/p>\n<p>Von Woche 43 bis einschlie\u00dflich Woche 10 ist der Check-in nur nach Vereinbarung m\u00f6glich. W\u00e4hrend dieser Zeit gibt es keine Produkte im Laden. <\/p>\n<p>Notfall-Telefon. Au\u00dferhalb der \u00d6ffnungszeiten und NUR in dringenden F\u00e4llen zu benutzen: +45 75551832 <\/p>\n<h2><a href=\"https:\/\/onlinebooking.camp\/egtvedcamping?lang=da\" target=\"_blank\" rel=\"noopener\">Buchen Sie:<\/a><\/h2>\n<p>Buchungen k\u00f6nnen Sie direkt auf unserer Buchungsseite vornehmen. Dort k\u00f6nnen Sie elektrische Standardstellpl\u00e4tze f\u00fcr Wohnwagen oder Wohnmobile, Zeltpl\u00e4tze, H\u00fctten in verschiedenen Gr\u00f6\u00dfen, Tipi-Zelte und Glamping-Zelte buchen.<\/p>\n<h3>Kommunikation:<\/h3>\n<p>Wenn Sie ein Lob oder eine Kritik haben, freuen wir uns \u00fcber beides. Lob, weil es so sch\u00f6n ist, es zu erhalten, und Lob, weil konstruktive Kritik mit Ihrem Beitrag uns helfen wird, alles zu tun, damit Egtved Camping der gem\u00fctliche Ort bleibt, der er ist. <\/p>\n<p>Wir ziehen es vor, direkte Anfragen zu erhalten, wenn Sie sich also trauen, tun wir das auch. Dinge wachsen schneller in Ihrem Kopf, als wenn sie sofort wegger\u00e4umt werden. <\/p>\n<p>Der Dialog ist der Weg zu einer guten Zusammenarbeit.<\/p>    <\/div>\n<\/div>\n<!-- \/module text -->        <\/div>\n                        <\/div>\n        <\/div>\n        <\/div>\n<!--\/themify_builder_content-->","protected":false},"excerpt":{"rendered":"<p>Kontaktieren Sie uns Sie sind jederzeit willkommen, Egtved Camping zu kontaktieren. Wenn Sie Fragen haben oder etwas Bestimmtes \u00fcber den Campingplatz erfahren m\u00f6chten. Sie k\u00f6nnen uns entweder eine E-Mail schicken oder uns anrufen. E-Mail: post@egtvedcamping.dk Nummer: +45 75551832 Das Telefon ist jeden Tag von 7:30 &#8211; 20:00 Uhr ge\u00f6ffnet. Unsere Rezeption ist gleichzeitig unser Gesch\u00e4ft [&hellip;]<\/p>\n","protected":false},"author":8,"featured_media":4997,"parent":0,"menu_order":0,"comment_status":"closed","ping_status":"closed","template":"","meta":{"footnotes":""},"class_list":["post-4525","page","type-page","status-publish","has-post-thumbnail","hentry","has-post-title","has-post-date","has-post-category","has-post-tag","has-post-comment","has-post-author",""],"yoast_head":"<!-- This site is optimized with the Yoast SEO Premium plugin v27.5 (Yoast SEO v27.5) - https:\/\/yoast.com\/product\/yoast-seo-premium-wordpress\/ -->\n<title>Kontakt Egtved Camping<\/title>\n<meta name=\"description\" content=\"Kontaktieren Sie Egtved Camping - Campingplatz in Mittelj\u00fctland. Mail: post@egtvedcamping.dk. T\u00e4glich von 08:00-19:30. Telefon: 75 55 18 32.\" \/>\n<meta name=\"robots\" content=\"index, follow, max-snippet:-1, max-image-preview:large, max-video-preview:-1\" \/>\n<link rel=\"canonical\" href=\"https:\/\/egtvedcamping.dk\/de\/kontakt\/\" \/>\n<meta property=\"og:locale\" content=\"de_DE\" \/>\n<meta property=\"og:type\" content=\"article\" \/>\n<meta property=\"og:title\" content=\"Kontaktieren Sie uns\" \/>\n<meta property=\"og:description\" content=\"Kontaktieren Sie Egtved Camping - Campingplatz in Mittelj\u00fctland. Mail: post@egtvedcamping.dk. T\u00e4glich von 08:00-19:30. Telefon: 75 55 18 32.\" \/>\n<meta property=\"og:url\" content=\"https:\/\/egtvedcamping.dk\/de\/kontakt\/\" \/>\n<meta property=\"og:site_name\" content=\"Egtved Camping\" \/>\n<meta property=\"article:publisher\" content=\"https:\/\/www.facebook.com\/profile.php?id=100064243891441\" \/>\n<meta property=\"article:modified_time\" content=\"2026-01-19T11:10:25+00:00\" \/>\n<meta property=\"og:image\" content=\"https:\/\/egtvedcamping.dk\/wp-content\/uploads\/2023\/03\/os.jpg\" \/>\n\t<meta property=\"og:image:width\" content=\"915\" \/>\n\t<meta property=\"og:image:height\" content=\"657\" \/>\n\t<meta property=\"og:image:type\" content=\"image\/jpeg\" \/>\n<meta name=\"twitter:label1\" content=\"Gesch\u00e4tzte Lesezeit\" \/>\n\t<meta name=\"twitter:data1\" content=\"1\u00a0Minute\" \/>\n<script type=\"application\/ld+json\" class=\"yoast-schema-graph\">{\"@context\":\"https:\\\/\\\/schema.org\",\"@graph\":[{\"@type\":\"WebPage\",\"@id\":\"https:\\\/\\\/egtvedcamping.dk\\\/de\\\/kontakt\\\/\",\"url\":\"https:\\\/\\\/egtvedcamping.dk\\\/de\\\/kontakt\\\/\",\"name\":\"Kontakt Egtved Camping\",\"isPartOf\":{\"@id\":\"https:\\\/\\\/egtvedcamping.dk\\\/de\\\/#website\"},\"primaryImageOfPage\":{\"@id\":\"https:\\\/\\\/egtvedcamping.dk\\\/de\\\/kontakt\\\/#primaryimage\"},\"image\":{\"@id\":\"https:\\\/\\\/egtvedcamping.dk\\\/de\\\/kontakt\\\/#primaryimage\"},\"thumbnailUrl\":\"https:\\\/\\\/egtvedcamping.dk\\\/wp-content\\\/uploads\\\/2023\\\/03\\\/os.jpg\",\"datePublished\":\"2014-09-28T13:30:21+00:00\",\"dateModified\":\"2026-01-19T11:10:25+00:00\",\"description\":\"Kontaktieren Sie Egtved Camping - Campingplatz in Mittelj\u00fctland. Mail: post@egtvedcamping.dk. T\u00e4glich von 08:00-19:30. Telefon: 75 55 18 32.\",\"breadcrumb\":{\"@id\":\"https:\\\/\\\/egtvedcamping.dk\\\/de\\\/kontakt\\\/#breadcrumb\"},\"inLanguage\":\"de\",\"potentialAction\":[{\"@type\":\"ReadAction\",\"target\":[\"https:\\\/\\\/egtvedcamping.dk\\\/de\\\/kontakt\\\/\"]}]},{\"@type\":\"ImageObject\",\"inLanguage\":\"de\",\"@id\":\"https:\\\/\\\/egtvedcamping.dk\\\/de\\\/kontakt\\\/#primaryimage\",\"url\":\"https:\\\/\\\/egtvedcamping.dk\\\/wp-content\\\/uploads\\\/2023\\\/03\\\/os.jpg\",\"contentUrl\":\"https:\\\/\\\/egtvedcamping.dk\\\/wp-content\\\/uploads\\\/2023\\\/03\\\/os.jpg\",\"width\":915,\"height\":657,\"caption\":\"Thomas &amp; Stine\"},{\"@type\":\"BreadcrumbList\",\"@id\":\"https:\\\/\\\/egtvedcamping.dk\\\/de\\\/kontakt\\\/#breadcrumb\",\"itemListElement\":[{\"@type\":\"ListItem\",\"position\":1,\"name\":\"Home\",\"item\":\"https:\\\/\\\/egtvedcamping.dk\\\/de\\\/egtved-camping\\\/\"},{\"@type\":\"ListItem\",\"position\":2,\"name\":\"Kontaktieren Sie uns\"}]},{\"@type\":\"WebSite\",\"@id\":\"https:\\\/\\\/egtvedcamping.dk\\\/de\\\/#website\",\"url\":\"https:\\\/\\\/egtvedcamping.dk\\\/de\\\/\",\"name\":\"Egtved Camping\",\"description\":\"Slow camp - back to nature\",\"publisher\":{\"@id\":\"https:\\\/\\\/egtvedcamping.dk\\\/de\\\/#organization\"},\"alternateName\":\"\u00c6gte Camping\",\"potentialAction\":[{\"@type\":\"SearchAction\",\"target\":{\"@type\":\"EntryPoint\",\"urlTemplate\":\"https:\\\/\\\/egtvedcamping.dk\\\/de\\\/?s={search_term_string}\"},\"query-input\":{\"@type\":\"PropertyValueSpecification\",\"valueRequired\":true,\"valueName\":\"search_term_string\"}}],\"inLanguage\":\"de\"},{\"@type\":\"Organization\",\"@id\":\"https:\\\/\\\/egtvedcamping.dk\\\/de\\\/#organization\",\"name\":\"Egtved Camping\",\"alternateName\":\"\u00c6gte Camping\",\"url\":\"https:\\\/\\\/egtvedcamping.dk\\\/de\\\/\",\"logo\":{\"@type\":\"ImageObject\",\"inLanguage\":\"de\",\"@id\":\"https:\\\/\\\/egtvedcamping.dk\\\/de\\\/#\\\/schema\\\/logo\\\/image\\\/\",\"url\":\"https:\\\/\\\/egtvedcamping.dk\\\/wp-content\\\/uploads\\\/2022\\\/12\\\/egtved-camping-logo800.png\",\"contentUrl\":\"https:\\\/\\\/egtvedcamping.dk\\\/wp-content\\\/uploads\\\/2022\\\/12\\\/egtved-camping-logo800.png\",\"width\":800,\"height\":197,\"caption\":\"Egtved Camping\"},\"image\":{\"@id\":\"https:\\\/\\\/egtvedcamping.dk\\\/de\\\/#\\\/schema\\\/logo\\\/image\\\/\"},\"sameAs\":[\"https:\\\/\\\/www.facebook.com\\\/profile.php?id=100064243891441\"],\"description\":\"Egtved Camping tilbyder ferie med fokus p\u00e5 natur, hygge og er t\u00e6t p\u00e5 Billund, hvor der er aktiviteter og oplevelser for hele familien, bl.a Legoland \u2013 Lalandia \u2013 Givskud ZOO.\",\"email\":\"post@egtvedcamping.dk\",\"telephone\":\"+45 75551832\"}]}<\/script>\n<!-- \/ Yoast SEO Premium plugin. -->","yoast_head_json":{"title":"Kontakt Egtved Camping","description":"Kontaktieren Sie Egtved Camping - Campingplatz in Mittelj\u00fctland. Mail: post@egtvedcamping.dk. T\u00e4glich von 08:00-19:30. Telefon: 75 55 18 32.","robots":{"index":"index","follow":"follow","max-snippet":"max-snippet:-1","max-image-preview":"max-image-preview:large","max-video-preview":"max-video-preview:-1"},"canonical":"https:\/\/egtvedcamping.dk\/de\/kontakt\/","og_locale":"de_DE","og_type":"article","og_title":"Kontaktieren Sie uns","og_description":"Kontaktieren Sie Egtved Camping - Campingplatz in Mittelj\u00fctland. Mail: post@egtvedcamping.dk. T\u00e4glich von 08:00-19:30. Telefon: 75 55 18 32.","og_url":"https:\/\/egtvedcamping.dk\/de\/kontakt\/","og_site_name":"Egtved Camping","article_publisher":"https:\/\/www.facebook.com\/profile.php?id=100064243891441","article_modified_time":"2026-01-19T11:10:25+00:00","og_image":[{"width":915,"height":657,"url":"https:\/\/egtvedcamping.dk\/wp-content\/uploads\/2023\/03\/os.jpg","type":"image\/jpeg"}],"twitter_misc":{"Gesch\u00e4tzte Lesezeit":"1\u00a0Minute"},"schema":{"@context":"https:\/\/schema.org","@graph":[{"@type":"WebPage","@id":"https:\/\/egtvedcamping.dk\/de\/kontakt\/","url":"https:\/\/egtvedcamping.dk\/de\/kontakt\/","name":"Kontakt Egtved Camping","isPartOf":{"@id":"https:\/\/egtvedcamping.dk\/de\/#website"},"primaryImageOfPage":{"@id":"https:\/\/egtvedcamping.dk\/de\/kontakt\/#primaryimage"},"image":{"@id":"https:\/\/egtvedcamping.dk\/de\/kontakt\/#primaryimage"},"thumbnailUrl":"https:\/\/egtvedcamping.dk\/wp-content\/uploads\/2023\/03\/os.jpg","datePublished":"2014-09-28T13:30:21+00:00","dateModified":"2026-01-19T11:10:25+00:00","description":"Kontaktieren Sie Egtved Camping - Campingplatz in Mittelj\u00fctland. Mail: post@egtvedcamping.dk. T\u00e4glich von 08:00-19:30. Telefon: 75 55 18 32.","breadcrumb":{"@id":"https:\/\/egtvedcamping.dk\/de\/kontakt\/#breadcrumb"},"inLanguage":"de","potentialAction":[{"@type":"ReadAction","target":["https:\/\/egtvedcamping.dk\/de\/kontakt\/"]}]},{"@type":"ImageObject","inLanguage":"de","@id":"https:\/\/egtvedcamping.dk\/de\/kontakt\/#primaryimage","url":"https:\/\/egtvedcamping.dk\/wp-content\/uploads\/2023\/03\/os.jpg","contentUrl":"https:\/\/egtvedcamping.dk\/wp-content\/uploads\/2023\/03\/os.jpg","width":915,"height":657,"caption":"Thomas &amp; Stine"},{"@type":"BreadcrumbList","@id":"https:\/\/egtvedcamping.dk\/de\/kontakt\/#breadcrumb","itemListElement":[{"@type":"ListItem","position":1,"name":"Home","item":"https:\/\/egtvedcamping.dk\/de\/egtved-camping\/"},{"@type":"ListItem","position":2,"name":"Kontaktieren Sie uns"}]},{"@type":"WebSite","@id":"https:\/\/egtvedcamping.dk\/de\/#website","url":"https:\/\/egtvedcamping.dk\/de\/","name":"Egtved Camping","description":"Slow camp - back to nature","publisher":{"@id":"https:\/\/egtvedcamping.dk\/de\/#organization"},"alternateName":"\u00c6gte Camping","potentialAction":[{"@type":"SearchAction","target":{"@type":"EntryPoint","urlTemplate":"https:\/\/egtvedcamping.dk\/de\/?s={search_term_string}"},"query-input":{"@type":"PropertyValueSpecification","valueRequired":true,"valueName":"search_term_string"}}],"inLanguage":"de"},{"@type":"Organization","@id":"https:\/\/egtvedcamping.dk\/de\/#organization","name":"Egtved Camping","alternateName":"\u00c6gte Camping","url":"https:\/\/egtvedcamping.dk\/de\/","logo":{"@type":"ImageObject","inLanguage":"de","@id":"https:\/\/egtvedcamping.dk\/de\/#\/schema\/logo\/image\/","url":"https:\/\/egtvedcamping.dk\/wp-content\/uploads\/2022\/12\/egtved-camping-logo800.png","contentUrl":"https:\/\/egtvedcamping.dk\/wp-content\/uploads\/2022\/12\/egtved-camping-logo800.png","width":800,"height":197,"caption":"Egtved Camping"},"image":{"@id":"https:\/\/egtvedcamping.dk\/de\/#\/schema\/logo\/image\/"},"sameAs":["https:\/\/www.facebook.com\/profile.php?id=100064243891441"],"description":"Egtved Camping tilbyder ferie med fokus p\u00e5 natur, hygge og er t\u00e6t p\u00e5 Billund, hvor der er aktiviteter og oplevelser for hele familien, bl.a Legoland \u2013 Lalandia \u2013 Givskud ZOO.","email":"post@egtvedcamping.dk","telephone":"+45 75551832"}]}},"builder_content":"<h1>Kontaktieren Sie uns<\/h1> <p>Sie sind jederzeit willkommen, <a href=\"https:\/\/egtvedcamping.dk\/de\/\" target=\"_blank\" rel=\"noopener\">Egtved Camping<\/a> zu kontaktieren. Wenn Sie Fragen haben oder etwas Bestimmtes \u00fcber den Campingplatz erfahren m\u00f6chten. Sie k\u00f6nnen uns entweder eine E-Mail schicken oder uns anrufen. <\/p> <p>E-Mail: <a href=\"mailto:post@egtvedcamping.dk\">post@egtvedcamping.dk<\/a><\/p> <p>Nummer: <a href=\"tel:+4575551832\" target=\"_blank\" rel=\"noopener\">+45 75551832<\/a><\/p> <p>Das Telefon ist jeden Tag von 7:30 - 20:00 Uhr ge\u00f6ffnet.<\/p> <p>Unsere Rezeption ist gleichzeitig unser Gesch\u00e4ft und es kann sein, dass wir die T\u00fcr abschlie\u00dfen, wenn wir vor Ort arbeiten, aber Sie k\u00f6nnen uns jederzeit w\u00e4hrend der \u00d6ffnungszeiten anrufen, wenn Sie Fragen haben.<\/p> <h2>\u00d6ffnungszeiten:<\/h2> <p>Unterschiedliche \u00d6ffnungszeiten.<\/p> <p>Die \u00d6ffnungszeiten variieren je nach Jahreszeit, also rufen Sie bitte vorher an, wenn Sie sicher sein wollen, dass wir da sind. An der T\u00fcr befindet sich immer ein Schild mit unseren \u00d6ffnungszeiten. <\/p> <p>Wenn Sie au\u00dferhalb unserer \u00d6ffnungszeiten einchecken m\u00fcssen, k\u00f6nnen Sie online buchen und mit dem Code auf Ihrer Buchungsbest\u00e4tigung bis 23 Uhr einchecken. Wenn Sie gebucht haben und au\u00dferhalb unserer \u00d6ffnungszeiten ankommen, rufen Sie uns an und wir hinterlassen Ihnen eine Karte, mit der Sie zum Gel\u00e4nde fahren k\u00f6nnen.<\/p> <p>Das Tor ist zwischen 23:00 und 7:00 Uhr verschlossen. Wenn Sie also sp\u00e4ter als 23:00 Uhr ankommen oder fr\u00fcher als 7:00 Uhr abreisen, k\u00f6nnen Sie Ihr Auto au\u00dferhalb des Parkplatzes abstellen.<\/p> <p>Von Woche 43 bis einschlie\u00dflich Woche 10 ist der Check-in nur nach Vereinbarung m\u00f6glich. W\u00e4hrend dieser Zeit gibt es keine Produkte im Laden. <\/p> <p>Notfall-Telefon. Au\u00dferhalb der \u00d6ffnungszeiten und NUR in dringenden F\u00e4llen zu benutzen: +45 75551832 <\/p> <h2><a href=\"https:\/\/onlinebooking.camp\/egtvedcamping?lang=da\" target=\"_blank\" rel=\"noopener\">Buchen Sie:<\/a><\/h2> <p>Buchungen k\u00f6nnen Sie direkt auf unserer Buchungsseite vornehmen. Dort k\u00f6nnen Sie elektrische Standardstellpl\u00e4tze f\u00fcr Wohnwagen oder Wohnmobile, Zeltpl\u00e4tze, H\u00fctten in verschiedenen Gr\u00f6\u00dfen, Tipi-Zelte und Glamping-Zelte buchen.<\/p> <h3>Kommunikation:<\/h3> <p>Wenn Sie ein Lob oder eine Kritik haben, freuen wir uns \u00fcber beides. Lob, weil es so sch\u00f6n ist, es zu erhalten, und Lob, weil konstruktive Kritik mit Ihrem Beitrag uns helfen wird, alles zu tun, damit Egtved Camping der gem\u00fctliche Ort bleibt, der er ist. <\/p> <p>Wir ziehen es vor, direkte Anfragen zu erhalten, wenn Sie sich also trauen, tun wir das auch. Dinge wachsen schneller in Ihrem Kopf, als wenn sie sofort wegger\u00e4umt werden. <\/p> <p>Der Dialog ist der Weg zu einer guten Zusammenarbeit.<\/p>","_links":{"self":[{"href":"https:\/\/egtvedcamping.dk\/de\/wp-json\/wp\/v2\/pages\/4525","targetHints":{"allow":["GET"]}}],"collection":[{"href":"https:\/\/egtvedcamping.dk\/de\/wp-json\/wp\/v2\/pages"}],"about":[{"href":"https:\/\/egtvedcamping.dk\/de\/wp-json\/wp\/v2\/types\/page"}],"author":[{"embeddable":true,"href":"https:\/\/egtvedcamping.dk\/de\/wp-json\/wp\/v2\/users\/8"}],"replies":[{"embeddable":true,"href":"https:\/\/egtvedcamping.dk\/de\/wp-json\/wp\/v2\/comments?post=4525"}],"version-history":[{"count":9,"href":"https:\/\/egtvedcamping.dk\/de\/wp-json\/wp\/v2\/pages\/4525\/revisions"}],"predecessor-version":[{"id":10613,"href":"https:\/\/egtvedcamping.dk\/de\/wp-json\/wp\/v2\/pages\/4525\/revisions\/10613"}],"wp:featuredmedia":[{"embeddable":true,"href":"https:\/\/egtvedcamping.dk\/de\/wp-json\/wp\/v2\/media\/4997"}],"wp:attachment":[{"href":"https:\/\/egtvedcamping.dk\/de\/wp-json\/wp\/v2\/media?parent=4525"}],"curies":[{"name":"wp","href":"https:\/\/api.w.org\/{rel}","templated":true}]}}