{"id":10345,"date":"2025-12-02T08:58:35","date_gmt":"2025-12-02T07:58:35","guid":{"rendered":"https:\/\/egtvedcamping.dk\/butikken-receptionen\/"},"modified":"2025-12-11T13:59:09","modified_gmt":"2025-12-11T12:59:09","slug":"butikken-receptionen","status":"publish","type":"page","link":"https:\/\/egtvedcamping.dk\/en\/butikken-receptionen\/","title":{"rendered":"The store &#8211; Reception"},"content":{"rendered":"<!--themify_builder_content-->\n<div id=\"themify_builder_content-10345\" data-postid=\"10345\" class=\"themify_builder_content themify_builder_content-10345 themify_builder tf_clear\">\n                    <div  data-lazy=\"1\" class=\"module_row themify_builder_row tb_9k0w717 tb_first tf_w\">\n                        <div class=\"row_inner col_align_top tb_col_count_2 tf_box tf_rel\">\n                        <div  data-lazy=\"1\" class=\"module_column tb-column col4-2 tb_jw6q718 first\">\n                    <!-- module text -->\n<div  class=\"module module-text tb_q5b1741   \" data-lazy=\"1\">\n        <div  class=\"tb_text_wrap\">\n        <h1>The store &#8211; Reception<\/h1>\n<h2>The shop at Egtved Camping<\/h2>\n<p>In the store at Egtved Camping, you&#8217;ll find everything you need and then some. The shelves are filled with classic nice to have items, and the atmosphere in the store reflects the calm and relaxed atmosphere that characterizes camping life here. <\/p>\n<h3>Old-fashioned ice cream.<\/h3>\n<p>One of the big draws is our old-fashioned ice cream. Served with personal service, they are a sure hit with young and old alike. Especially our &#8220;Egtvedvaffel&#8221;, which is an entire meal. The selection of drinks is wide-ranging, so you can always find something cold to enjoy on a hot summer day, and the candy section is filled with both classics and new favorites that tempt you to indulge a little extra. In addition, you&#8217;ll find a range of practical items if you&#8217;ve left home without your toothbrush or need extra gas for the barbecue.    <\/p>\n<h3>Cold draft beer<\/h3>\n<p>In the summer, you can also enjoy a cold draft beer or a good glass of wine, which can be taken out to Farfars Plads, one of the square&#8217;s cozy areas. Guests often gather here to relax, enjoy the sun, have a chat or just sit and watch life on the square. It&#8217;s a place where time stands still and where community is allowed to unfold naturally.  <\/p>\n<h3>Freshly baked breakfast breads<\/h3>\n<p>The store also plays an important role in the morning, where you can order your freshly baked breakfast bread. It gives the day a soft and calm start when you can pick up <g id=\"gid_0\">warm rolls or delicious pastries<\/g> without having to drive anywhere. In addition, you can order sandwiches or tapas, this is done the day in advance.  <\/p>\n<h3>High season<\/h3>\n<p>During the high season, the store is open every day from 8am to 9pm, so whether it&#8217;s morning coffee, afternoon ice cream or evening sweets on your wish list, there&#8217;s plenty of time to stop by. During winter the store is closed, but the reception is still open by appointment so we can help you if you have any questions or need assistance. <\/p>    <\/div>\n<\/div>\n<!-- \/module text -->        <\/div>\n                    <div  data-lazy=\"1\" class=\"module_column tb-column col4-2 tb_i418784 last\">\n                    <!-- module image -->\n<div  class=\"module module-image tb_5zvp303 image-top   tf_mw\" data-lazy=\"1\">\n        <div class=\"image-wrap tf_rel tf_mw\">\n            <img decoding=\"async\" width=\"2048\" height=\"1536\" src=\"https:\/\/egtvedcamping.dk\/wp-content\/uploads\/2023\/03\/varer.jpg\" class=\"wp-post-image wp-image-5145\" title=\"varer\" alt=\"varer\" srcset=\"https:\/\/egtvedcamping.dk\/wp-content\/uploads\/2023\/03\/varer.jpg 2048w, https:\/\/egtvedcamping.dk\/wp-content\/uploads\/2023\/03\/varer-300x225.jpg 300w, https:\/\/egtvedcamping.dk\/wp-content\/uploads\/2023\/03\/varer-1024x768.jpg 1024w, https:\/\/egtvedcamping.dk\/wp-content\/uploads\/2023\/03\/varer-768x576.jpg 768w, https:\/\/egtvedcamping.dk\/wp-content\/uploads\/2023\/03\/varer-1536x1152.jpg 1536w\" sizes=\"(max-width: 2048px) 100vw, 2048px\" \/>    \n        <\/div>\n    <!-- \/image-wrap -->\n    \n        <\/div>\n<!-- \/module image --><!-- module image -->\n<div  class=\"module module-image tb_edce791 image-top   tf_mw\" data-lazy=\"1\">\n        <div class=\"image-wrap tf_rel tf_mw\">\n            <img decoding=\"async\" width=\"2560\" height=\"1779\" src=\"https:\/\/egtvedcamping.dk\/wp-content\/uploads\/2023\/04\/IMG_7175-scaled.jpg\" class=\"wp-post-image wp-image-5211\" title=\"Waffle ice cream\" alt=\"Waffle ice cream\" srcset=\"https:\/\/egtvedcamping.dk\/wp-content\/uploads\/2023\/04\/IMG_7175-scaled.jpg 2560w, https:\/\/egtvedcamping.dk\/wp-content\/uploads\/2023\/04\/IMG_7175-300x208.jpg 300w, https:\/\/egtvedcamping.dk\/wp-content\/uploads\/2023\/04\/IMG_7175-1024x711.jpg 1024w, https:\/\/egtvedcamping.dk\/wp-content\/uploads\/2023\/04\/IMG_7175-768x534.jpg 768w, https:\/\/egtvedcamping.dk\/wp-content\/uploads\/2023\/04\/IMG_7175-1536x1067.jpg 1536w, https:\/\/egtvedcamping.dk\/wp-content\/uploads\/2023\/04\/IMG_7175-2048x1423.jpg 2048w\" sizes=\"(max-width: 2560px) 100vw, 2560px\" \/>    \n        <\/div>\n    <!-- \/image-wrap -->\n    \n        <\/div>\n<!-- \/module image --><!-- module image -->\n<div  class=\"module module-image tb_dizz811 image-top   tf_mw\" data-lazy=\"1\">\n        <div class=\"image-wrap tf_rel tf_mw\">\n            <img decoding=\"async\" width=\"1890\" height=\"1417\" src=\"https:\/\/egtvedcamping.dk\/wp-content\/uploads\/2023\/05\/Butikken-01.jpg\" class=\"wp-post-image wp-image-10973\" title=\"Store-01\" alt=\"Store-01\" srcset=\"https:\/\/egtvedcamping.dk\/wp-content\/uploads\/2023\/05\/Butikken-01.jpg 1890w, https:\/\/egtvedcamping.dk\/wp-content\/uploads\/2023\/05\/Butikken-01-300x225.jpg 300w, https:\/\/egtvedcamping.dk\/wp-content\/uploads\/2023\/05\/Butikken-01-1024x768.jpg 1024w, https:\/\/egtvedcamping.dk\/wp-content\/uploads\/2023\/05\/Butikken-01-768x576.jpg 768w, https:\/\/egtvedcamping.dk\/wp-content\/uploads\/2023\/05\/Butikken-01-1536x1152.jpg 1536w\" sizes=\"(max-width: 1890px) 100vw, 1890px\" \/>    \n        <\/div>\n    <!-- \/image-wrap -->\n    \n        <\/div>\n<!-- \/module image -->        <\/div>\n                        <\/div>\n        <\/div>\n        <\/div>\n<!--\/themify_builder_content-->","protected":false},"excerpt":{"rendered":"<p>The store &#8211; Reception The shop at Egtved Camping In the store at Egtved Camping, you&#8217;ll find everything you need and then some. The shelves are filled with classic nice to have items, and the atmosphere in the store reflects the calm and relaxed atmosphere that characterizes camping life here. Old-fashioned ice cream. One of [&hellip;]<\/p>\n","protected":false},"author":4,"featured_media":0,"parent":0,"menu_order":0,"comment_status":"closed","ping_status":"closed","template":"","meta":{"footnotes":""},"class_list":["post-10345","page","type-page","status-publish","hentry","has-post-title","has-post-date","has-post-category","has-post-tag","has-post-comment","has-post-author",""],"yoast_head":"<!-- This site is optimized with the Yoast SEO Premium plugin v27.5 (Yoast SEO v27.5) - https:\/\/yoast.com\/product\/yoast-seo-premium-wordpress\/ -->\n<title>The store - Reception - Egtved Camping<\/title>\n<meta name=\"description\" content=\"In the store at Egtved Camping you&#039;ll find everything you need. The shelves are filled with classic nice to have items.\" \/>\n<meta name=\"robots\" content=\"index, follow, max-snippet:-1, max-image-preview:large, max-video-preview:-1\" \/>\n<link rel=\"canonical\" href=\"https:\/\/egtvedcamping.dk\/en\/butikken-receptionen\/\" \/>\n<meta property=\"og:locale\" content=\"en_US\" \/>\n<meta property=\"og:type\" content=\"article\" \/>\n<meta property=\"og:title\" content=\"The store - Reception\" \/>\n<meta property=\"og:description\" content=\"In the store at Egtved Camping you&#039;ll find everything you need. The shelves are filled with classic nice to have items.\" \/>\n<meta property=\"og:url\" content=\"https:\/\/egtvedcamping.dk\/en\/butikken-receptionen\/\" \/>\n<meta property=\"og:site_name\" content=\"Egtved Camping\" \/>\n<meta property=\"article:publisher\" content=\"https:\/\/www.facebook.com\/profile.php?id=100064243891441\" \/>\n<meta property=\"article:modified_time\" content=\"2025-12-11T12:59:09+00:00\" \/>\n<meta property=\"og:image\" content=\"https:\/\/egtvedcamping.dk\/wp-content\/uploads\/2023\/03\/varer.jpg\" \/>\n\t<meta property=\"og:image:width\" content=\"2048\" \/>\n\t<meta property=\"og:image:height\" content=\"1536\" \/>\n\t<meta property=\"og:image:type\" content=\"image\/jpeg\" \/>\n<meta name=\"twitter:label1\" content=\"Est. reading time\" \/>\n\t<meta name=\"twitter:data1\" content=\"4 minutes\" \/>\n<script type=\"application\/ld+json\" class=\"yoast-schema-graph\">{\"@context\":\"https:\\\/\\\/schema.org\",\"@graph\":[{\"@type\":\"WebPage\",\"@id\":\"https:\\\/\\\/egtvedcamping.dk\\\/en\\\/butikken-receptionen\\\/\",\"url\":\"https:\\\/\\\/egtvedcamping.dk\\\/en\\\/butikken-receptionen\\\/\",\"name\":\"The store - Reception - Egtved Camping\",\"isPartOf\":{\"@id\":\"https:\\\/\\\/egtvedcamping.dk\\\/en\\\/#website\"},\"primaryImageOfPage\":{\"@id\":\"https:\\\/\\\/egtvedcamping.dk\\\/en\\\/butikken-receptionen\\\/#primaryimage\"},\"image\":{\"@id\":\"https:\\\/\\\/egtvedcamping.dk\\\/en\\\/butikken-receptionen\\\/#primaryimage\"},\"thumbnailUrl\":\"https:\\\/\\\/egtvedcamping.dk\\\/wp-content\\\/uploads\\\/2023\\\/03\\\/varer.jpg\",\"datePublished\":\"2025-12-02T07:58:35+00:00\",\"dateModified\":\"2025-12-11T12:59:09+00:00\",\"description\":\"In the store at Egtved Camping you'll find everything you need. The shelves are filled with classic nice to have items.\",\"breadcrumb\":{\"@id\":\"https:\\\/\\\/egtvedcamping.dk\\\/en\\\/butikken-receptionen\\\/#breadcrumb\"},\"inLanguage\":\"en-US\",\"potentialAction\":[{\"@type\":\"ReadAction\",\"target\":[\"https:\\\/\\\/egtvedcamping.dk\\\/en\\\/butikken-receptionen\\\/\"]}]},{\"@type\":\"ImageObject\",\"inLanguage\":\"en-US\",\"@id\":\"https:\\\/\\\/egtvedcamping.dk\\\/en\\\/butikken-receptionen\\\/#primaryimage\",\"url\":\"https:\\\/\\\/egtvedcamping.dk\\\/wp-content\\\/uploads\\\/2023\\\/03\\\/varer.jpg\",\"contentUrl\":\"https:\\\/\\\/egtvedcamping.dk\\\/wp-content\\\/uploads\\\/2023\\\/03\\\/varer.jpg\"},{\"@type\":\"BreadcrumbList\",\"@id\":\"https:\\\/\\\/egtvedcamping.dk\\\/en\\\/butikken-receptionen\\\/#breadcrumb\",\"itemListElement\":[{\"@type\":\"ListItem\",\"position\":1,\"name\":\"Home\",\"item\":\"https:\\\/\\\/egtvedcamping.dk\\\/en\\\/egtved-camping\\\/\"},{\"@type\":\"ListItem\",\"position\":2,\"name\":\"The store &#8211; Reception\"}]},{\"@type\":\"WebSite\",\"@id\":\"https:\\\/\\\/egtvedcamping.dk\\\/en\\\/#website\",\"url\":\"https:\\\/\\\/egtvedcamping.dk\\\/en\\\/\",\"name\":\"Egtved Camping\",\"description\":\"Slow camp - back to nature\",\"publisher\":{\"@id\":\"https:\\\/\\\/egtvedcamping.dk\\\/en\\\/#organization\"},\"alternateName\":\"\u00c6gte Camping\",\"potentialAction\":[{\"@type\":\"SearchAction\",\"target\":{\"@type\":\"EntryPoint\",\"urlTemplate\":\"https:\\\/\\\/egtvedcamping.dk\\\/en\\\/?s={search_term_string}\"},\"query-input\":{\"@type\":\"PropertyValueSpecification\",\"valueRequired\":true,\"valueName\":\"search_term_string\"}}],\"inLanguage\":\"en-US\"},{\"@type\":\"Organization\",\"@id\":\"https:\\\/\\\/egtvedcamping.dk\\\/en\\\/#organization\",\"name\":\"Egtved Camping\",\"alternateName\":\"\u00c6gte Camping\",\"url\":\"https:\\\/\\\/egtvedcamping.dk\\\/en\\\/\",\"logo\":{\"@type\":\"ImageObject\",\"inLanguage\":\"en-US\",\"@id\":\"https:\\\/\\\/egtvedcamping.dk\\\/en\\\/#\\\/schema\\\/logo\\\/image\\\/\",\"url\":\"https:\\\/\\\/egtvedcamping.dk\\\/wp-content\\\/uploads\\\/2022\\\/12\\\/egtved-camping-logo800.png\",\"contentUrl\":\"https:\\\/\\\/egtvedcamping.dk\\\/wp-content\\\/uploads\\\/2022\\\/12\\\/egtved-camping-logo800.png\",\"width\":800,\"height\":197,\"caption\":\"Egtved Camping\"},\"image\":{\"@id\":\"https:\\\/\\\/egtvedcamping.dk\\\/en\\\/#\\\/schema\\\/logo\\\/image\\\/\"},\"sameAs\":[\"https:\\\/\\\/www.facebook.com\\\/profile.php?id=100064243891441\"],\"description\":\"Egtved Camping tilbyder ferie med fokus p\u00e5 natur, hygge og er t\u00e6t p\u00e5 Billund, hvor der er aktiviteter og oplevelser for hele familien, bl.a Legoland \u2013 Lalandia \u2013 Givskud ZOO.\",\"email\":\"post@egtvedcamping.dk\",\"telephone\":\"+45 75551832\"}]}<\/script>\n<!-- \/ Yoast SEO Premium plugin. -->","yoast_head_json":{"title":"The store - Reception - Egtved Camping","description":"In the store at Egtved Camping you'll find everything you need. The shelves are filled with classic nice to have items.","robots":{"index":"index","follow":"follow","max-snippet":"max-snippet:-1","max-image-preview":"max-image-preview:large","max-video-preview":"max-video-preview:-1"},"canonical":"https:\/\/egtvedcamping.dk\/en\/butikken-receptionen\/","og_locale":"en_US","og_type":"article","og_title":"The store - Reception","og_description":"In the store at Egtved Camping you'll find everything you need. The shelves are filled with classic nice to have items.","og_url":"https:\/\/egtvedcamping.dk\/en\/butikken-receptionen\/","og_site_name":"Egtved Camping","article_publisher":"https:\/\/www.facebook.com\/profile.php?id=100064243891441","article_modified_time":"2025-12-11T12:59:09+00:00","og_image":[{"width":2048,"height":1536,"url":"https:\/\/egtvedcamping.dk\/wp-content\/uploads\/2023\/03\/varer.jpg","type":"image\/jpeg"}],"twitter_misc":{"Est. reading time":"4 minutes"},"schema":{"@context":"https:\/\/schema.org","@graph":[{"@type":"WebPage","@id":"https:\/\/egtvedcamping.dk\/en\/butikken-receptionen\/","url":"https:\/\/egtvedcamping.dk\/en\/butikken-receptionen\/","name":"The store - Reception - Egtved Camping","isPartOf":{"@id":"https:\/\/egtvedcamping.dk\/en\/#website"},"primaryImageOfPage":{"@id":"https:\/\/egtvedcamping.dk\/en\/butikken-receptionen\/#primaryimage"},"image":{"@id":"https:\/\/egtvedcamping.dk\/en\/butikken-receptionen\/#primaryimage"},"thumbnailUrl":"https:\/\/egtvedcamping.dk\/wp-content\/uploads\/2023\/03\/varer.jpg","datePublished":"2025-12-02T07:58:35+00:00","dateModified":"2025-12-11T12:59:09+00:00","description":"In the store at Egtved Camping you'll find everything you need. The shelves are filled with classic nice to have items.","breadcrumb":{"@id":"https:\/\/egtvedcamping.dk\/en\/butikken-receptionen\/#breadcrumb"},"inLanguage":"en-US","potentialAction":[{"@type":"ReadAction","target":["https:\/\/egtvedcamping.dk\/en\/butikken-receptionen\/"]}]},{"@type":"ImageObject","inLanguage":"en-US","@id":"https:\/\/egtvedcamping.dk\/en\/butikken-receptionen\/#primaryimage","url":"https:\/\/egtvedcamping.dk\/wp-content\/uploads\/2023\/03\/varer.jpg","contentUrl":"https:\/\/egtvedcamping.dk\/wp-content\/uploads\/2023\/03\/varer.jpg"},{"@type":"BreadcrumbList","@id":"https:\/\/egtvedcamping.dk\/en\/butikken-receptionen\/#breadcrumb","itemListElement":[{"@type":"ListItem","position":1,"name":"Home","item":"https:\/\/egtvedcamping.dk\/en\/egtved-camping\/"},{"@type":"ListItem","position":2,"name":"The store &#8211; Reception"}]},{"@type":"WebSite","@id":"https:\/\/egtvedcamping.dk\/en\/#website","url":"https:\/\/egtvedcamping.dk\/en\/","name":"Egtved Camping","description":"Slow camp - back to nature","publisher":{"@id":"https:\/\/egtvedcamping.dk\/en\/#organization"},"alternateName":"\u00c6gte Camping","potentialAction":[{"@type":"SearchAction","target":{"@type":"EntryPoint","urlTemplate":"https:\/\/egtvedcamping.dk\/en\/?s={search_term_string}"},"query-input":{"@type":"PropertyValueSpecification","valueRequired":true,"valueName":"search_term_string"}}],"inLanguage":"en-US"},{"@type":"Organization","@id":"https:\/\/egtvedcamping.dk\/en\/#organization","name":"Egtved Camping","alternateName":"\u00c6gte Camping","url":"https:\/\/egtvedcamping.dk\/en\/","logo":{"@type":"ImageObject","inLanguage":"en-US","@id":"https:\/\/egtvedcamping.dk\/en\/#\/schema\/logo\/image\/","url":"https:\/\/egtvedcamping.dk\/wp-content\/uploads\/2022\/12\/egtved-camping-logo800.png","contentUrl":"https:\/\/egtvedcamping.dk\/wp-content\/uploads\/2022\/12\/egtved-camping-logo800.png","width":800,"height":197,"caption":"Egtved Camping"},"image":{"@id":"https:\/\/egtvedcamping.dk\/en\/#\/schema\/logo\/image\/"},"sameAs":["https:\/\/www.facebook.com\/profile.php?id=100064243891441"],"description":"Egtved Camping tilbyder ferie med fokus p\u00e5 natur, hygge og er t\u00e6t p\u00e5 Billund, hvor der er aktiviteter og oplevelser for hele familien, bl.a Legoland \u2013 Lalandia \u2013 Givskud ZOO.","email":"post@egtvedcamping.dk","telephone":"+45 75551832"}]}},"builder_content":"<h1>The store - Reception<\/h1> <h2>The shop at Egtved Camping<\/h2> <p>In the store at Egtved Camping, you'll find everything you need and then some. The shelves are filled with classic nice to have items, and the atmosphere in the store reflects the calm and relaxed atmosphere that characterizes camping life here. <\/p> <h3>Old-fashioned ice cream.<\/h3> <p>One of the big draws is our old-fashioned ice cream. Served with personal service, they are a sure hit with young and old alike. Especially our \"Egtvedvaffel\", which is an entire meal. The selection of drinks is wide-ranging, so you can always find something cold to enjoy on a hot summer day, and the candy section is filled with both classics and new favorites that tempt you to indulge a little extra. In addition, you'll find a range of practical items if you've left home without your toothbrush or need extra gas for the barbecue. <\/p> <h3>Cold draft beer<\/h3> <p>In the summer, you can also enjoy a cold draft beer or a good glass of wine, which can be taken out to Farfars Plads, one of the square's cozy areas. Guests often gather here to relax, enjoy the sun, have a chat or just sit and watch life on the square. It's a place where time stands still and where community is allowed to unfold naturally. <\/p> <h3>Freshly baked breakfast breads<\/h3> <p>The store also plays an important role in the morning, where you can order your freshly baked breakfast bread. It gives the day a soft and calm start when you can pick up <g id=\"gid_0\">warm rolls or delicious pastries<\/g> without having to drive anywhere. In addition, you can order sandwiches or tapas, this is done the day in advance. <\/p> <h3>High season<\/h3> <p>During the high season, the store is open every day from 8am to 9pm, so whether it's morning coffee, afternoon ice cream or evening sweets on your wish list, there's plenty of time to stop by. During winter the store is closed, but the reception is still open by appointment so we can help you if you have any questions or need assistance. <\/p>\n<img src=\"https:\/\/egtvedcamping.dk\/wp-content\/uploads\/2023\/03\/varer.jpg\" title=\"varer\" alt=\"varer\" srcset=\"https:\/\/egtvedcamping.dk\/wp-content\/uploads\/2023\/03\/varer.jpg 2048w, https:\/\/egtvedcamping.dk\/wp-content\/uploads\/2023\/03\/varer-300x225.jpg 300w, https:\/\/egtvedcamping.dk\/wp-content\/uploads\/2023\/03\/varer-1024x768.jpg 1024w, https:\/\/egtvedcamping.dk\/wp-content\/uploads\/2023\/03\/varer-768x576.jpg 768w, https:\/\/egtvedcamping.dk\/wp-content\/uploads\/2023\/03\/varer-1536x1152.jpg 1536w\" sizes=\"(max-width: 2048px) 100vw, 2048px\" \/>\n<img src=\"https:\/\/egtvedcamping.dk\/wp-content\/uploads\/2023\/04\/IMG_7175-scaled.jpg\" title=\"Waffle ice cream\" alt=\"Waffle ice cream\" srcset=\"https:\/\/egtvedcamping.dk\/wp-content\/uploads\/2023\/04\/IMG_7175-scaled.jpg 2560w, https:\/\/egtvedcamping.dk\/wp-content\/uploads\/2023\/04\/IMG_7175-300x208.jpg 300w, https:\/\/egtvedcamping.dk\/wp-content\/uploads\/2023\/04\/IMG_7175-1024x711.jpg 1024w, https:\/\/egtvedcamping.dk\/wp-content\/uploads\/2023\/04\/IMG_7175-768x534.jpg 768w, https:\/\/egtvedcamping.dk\/wp-content\/uploads\/2023\/04\/IMG_7175-1536x1067.jpg 1536w, https:\/\/egtvedcamping.dk\/wp-content\/uploads\/2023\/04\/IMG_7175-2048x1423.jpg 2048w\" sizes=\"(max-width: 2560px) 100vw, 2560px\" \/>\n<img src=\"https:\/\/egtvedcamping.dk\/wp-content\/uploads\/2023\/05\/Butikken-01.jpg\" title=\"Store-01\" alt=\"Store-01\" srcset=\"https:\/\/egtvedcamping.dk\/wp-content\/uploads\/2023\/05\/Butikken-01.jpg 1890w, https:\/\/egtvedcamping.dk\/wp-content\/uploads\/2023\/05\/Butikken-01-300x225.jpg 300w, https:\/\/egtvedcamping.dk\/wp-content\/uploads\/2023\/05\/Butikken-01-1024x768.jpg 1024w, https:\/\/egtvedcamping.dk\/wp-content\/uploads\/2023\/05\/Butikken-01-768x576.jpg 768w, https:\/\/egtvedcamping.dk\/wp-content\/uploads\/2023\/05\/Butikken-01-1536x1152.jpg 1536w\" sizes=\"(max-width: 1890px) 100vw, 1890px\" \/>","_links":{"self":[{"href":"https:\/\/egtvedcamping.dk\/en\/wp-json\/wp\/v2\/pages\/10345","targetHints":{"allow":["GET"]}}],"collection":[{"href":"https:\/\/egtvedcamping.dk\/en\/wp-json\/wp\/v2\/pages"}],"about":[{"href":"https:\/\/egtvedcamping.dk\/en\/wp-json\/wp\/v2\/types\/page"}],"author":[{"embeddable":true,"href":"https:\/\/egtvedcamping.dk\/en\/wp-json\/wp\/v2\/users\/4"}],"replies":[{"embeddable":true,"href":"https:\/\/egtvedcamping.dk\/en\/wp-json\/wp\/v2\/comments?post=10345"}],"version-history":[{"count":4,"href":"https:\/\/egtvedcamping.dk\/en\/wp-json\/wp\/v2\/pages\/10345\/revisions"}],"predecessor-version":[{"id":10357,"href":"https:\/\/egtvedcamping.dk\/en\/wp-json\/wp\/v2\/pages\/10345\/revisions\/10357"}],"wp:attachment":[{"href":"https:\/\/egtvedcamping.dk\/en\/wp-json\/wp\/v2\/media?parent=10345"}],"curies":[{"name":"wp","href":"https:\/\/api.w.org\/{rel}","templated":true}]}}