{"id":11601,"date":"2026-04-29T16:40:09","date_gmt":"2026-04-29T14:40:09","guid":{"rendered":"https:\/\/egtvedcamping.dk\/kids-and-children\/"},"modified":"2026-04-29T16:40:10","modified_gmt":"2026-04-29T14:40:10","slug":"kids-and-children","status":"publish","type":"page","link":"https:\/\/egtvedcamping.dk\/en\/kids-and-children\/","title":{"rendered":"Kids and children"},"content":{"rendered":"<!--themify_builder_content-->\n<div id=\"themify_builder_content-11601\" data-postid=\"11601\" class=\"themify_builder_content themify_builder_content-11601 themify_builder tf_clear\">\n                    <div  data-lazy=\"1\" class=\"module_row themify_builder_row tb_c56067 tb_first tf_w\">\n                        <div class=\"row_inner col_align_top tb_col_count_2 tf_box tf_rel\">\n                        <div  data-lazy=\"1\" class=\"module_column tb-column col4-2 tb_2y4s68 first\">\n                    <!-- module text -->\n<div  class=\"module module-text tb_4m9h321   \" data-lazy=\"1\">\n        <div  class=\"tb_text_wrap\">\n        <h1>Kids and children<\/h1>\n<h3>True camping atmosphere<\/h3>\n<p>At Egtved Camping, we see children as one of our greatest values. For us, camping is about community, presence and good experiences, and children playing, laughing and exploring the world contribute greatly to the vibrant and genuine camping atmosphere. That&#8217;s why we work hard to create an environment where children can be children and where families can be together in a way that feels natural, safe and full of joy.  <\/p>\n<h3>Thinking about children&#8217;s well-being and opportunities for play.<\/h3>\n<p>We have two playgrounds that will be continuously upgraded, but our youngest guests often seek out our lovely wooded areas for climbing, building caves and hiding.<\/p>\n<p>The playgrounds are located so that parents can easily keep an eye out, while giving children the freedom to play. It provides a good balance where everyone feels safe. <\/p>\n<h3>Petanque court<\/h3>\n<p>Our newly constructed petanque court has become a hit with both children and adults on site, and the game often creates fun and spontaneous communities across generations. These are the games where dad, mom, grandparents and kids can all join in, and this is typically where you hear laughter and light competitive spirit mingle in the fresh air. <\/p>\n<h3>Chill times<\/h3>\n<p>One of the things that really makes Egtved Camping unique is our approach to idle time. Chill time is time without plans, without deadlines and without the expectation of constant activity. It allows children to be curious, creative and present in the moment, and many families find that it brings a special calm to their vacation.  <\/p>\n<h3>Indoors<\/h3>\n<p>Indoors, we have a cozy common room where families can gather for games, drawing or quiet moments when the Danish summer calls for something under cover. There are various board games, books and Lego bricks. It&#8217;s a popular place, especially in the evening or on rainy days when children still want to play and be together.  <\/p>    <\/div>\n<\/div>\n<!-- \/module text -->        <\/div>\n                    <div  data-lazy=\"1\" class=\"module_column tb-column col4-2 tb_685j674 last\">\n                    <!-- module image -->\n<div  class=\"module module-image tb_oj95333 image-top   tf_mw\" data-lazy=\"1\">\n        <div class=\"image-wrap tf_rel tf_mw\">\n            <img decoding=\"async\" width=\"2560\" height=\"1707\" src=\"https:\/\/egtvedcamping.dk\/wp-content\/uploads\/2023\/01\/legeplads-4667-1-scaled.jpg\" class=\"wp-post-image wp-image-11600\" title=\"legeplads-4667\" alt=\"legeplads-4667\" srcset=\"https:\/\/egtvedcamping.dk\/wp-content\/uploads\/2023\/01\/legeplads-4667-1-scaled.jpg 2560w, https:\/\/egtvedcamping.dk\/wp-content\/uploads\/2023\/01\/legeplads-4667-1-300x200.jpg 300w, https:\/\/egtvedcamping.dk\/wp-content\/uploads\/2023\/01\/legeplads-4667-1-1024x683.jpg 1024w, https:\/\/egtvedcamping.dk\/wp-content\/uploads\/2023\/01\/legeplads-4667-1-768x512.jpg 768w, https:\/\/egtvedcamping.dk\/wp-content\/uploads\/2023\/01\/legeplads-4667-1-1536x1024.jpg 1536w, https:\/\/egtvedcamping.dk\/wp-content\/uploads\/2023\/01\/legeplads-4667-1-2048x1365.jpg 2048w\" sizes=\"(max-width: 2560px) 100vw, 2560px\" \/>    \n        <\/div>\n    <!-- \/image-wrap -->\n    \n        <\/div>\n<!-- \/module image -->        <\/div>\n                        <\/div>\n        <\/div>\n        <\/div>\n<!--\/themify_builder_content-->","protected":false},"excerpt":{"rendered":"<p>Kids and children True camping atmosphere At Egtved Camping, we see children as one of our greatest values. For us, camping is about community, presence and good experiences, and children playing, laughing and exploring the world contribute greatly to the vibrant and genuine camping atmosphere. That&#8217;s why we work hard to create an environment where [&hellip;]<\/p>\n","protected":false},"author":4,"featured_media":0,"parent":0,"menu_order":0,"comment_status":"closed","ping_status":"closed","template":"","meta":{"footnotes":""},"class_list":["post-11601","page","type-page","status-publish","hentry","has-post-title","has-post-date","has-post-category","has-post-tag","has-post-comment","has-post-author",""],"yoast_head":"<!-- This site is optimized with the Yoast SEO Premium plugin v27.5 (Yoast SEO v27.5) - https:\/\/yoast.com\/product\/yoast-seo-premium-wordpress\/ -->\n<title>Kids and children - Egtved Camping<\/title>\n<meta name=\"description\" content=\"At Egtved Camping, we see children as one of our greatest values. Camping life is about community, children playing and laughing.\" \/>\n<meta name=\"robots\" content=\"index, follow, max-snippet:-1, max-image-preview:large, max-video-preview:-1\" \/>\n<link rel=\"canonical\" href=\"https:\/\/egtvedcamping.dk\/en\/kids-and-children\/\" \/>\n<meta property=\"og:locale\" content=\"en_US\" \/>\n<meta property=\"og:type\" content=\"article\" \/>\n<meta property=\"og:title\" content=\"Kids and children\" \/>\n<meta property=\"og:description\" content=\"At Egtved Camping, we see children as one of our greatest values. Camping life is about community, children playing and laughing.\" \/>\n<meta property=\"og:url\" content=\"https:\/\/egtvedcamping.dk\/en\/kids-and-children\/\" \/>\n<meta property=\"og:site_name\" content=\"Egtved Camping\" \/>\n<meta property=\"article:publisher\" content=\"https:\/\/www.facebook.com\/profile.php?id=100064243891441\" \/>\n<meta property=\"article:modified_time\" content=\"2026-04-29T14:40:10+00:00\" \/>\n<meta property=\"og:image\" content=\"https:\/\/egtvedcamping.dk\/wp-content\/uploads\/2023\/01\/legeplads-4667-1-scaled.jpg\" \/>\n\t<meta property=\"og:image:width\" content=\"2560\" \/>\n\t<meta property=\"og:image:height\" content=\"1707\" \/>\n\t<meta property=\"og:image:type\" content=\"image\/jpeg\" \/>\n<meta name=\"twitter:label1\" content=\"Est. reading time\" \/>\n\t<meta name=\"twitter:data1\" content=\"2 minutes\" \/>\n<script type=\"application\/ld+json\" class=\"yoast-schema-graph\">{\"@context\":\"https:\\\/\\\/schema.org\",\"@graph\":[{\"@type\":\"WebPage\",\"@id\":\"https:\\\/\\\/egtvedcamping.dk\\\/en\\\/kids-and-children\\\/\",\"url\":\"https:\\\/\\\/egtvedcamping.dk\\\/en\\\/kids-and-children\\\/\",\"name\":\"Kids and children - Egtved Camping\",\"isPartOf\":{\"@id\":\"https:\\\/\\\/egtvedcamping.dk\\\/en\\\/#website\"},\"primaryImageOfPage\":{\"@id\":\"https:\\\/\\\/egtvedcamping.dk\\\/en\\\/kids-and-children\\\/#primaryimage\"},\"image\":{\"@id\":\"https:\\\/\\\/egtvedcamping.dk\\\/en\\\/kids-and-children\\\/#primaryimage\"},\"thumbnailUrl\":\"https:\\\/\\\/egtvedcamping.dk\\\/wp-content\\\/uploads\\\/2023\\\/01\\\/legeplads-4667-1-scaled.jpg\",\"datePublished\":\"2026-04-29T14:40:09+00:00\",\"dateModified\":\"2026-04-29T14:40:10+00:00\",\"description\":\"At Egtved Camping, we see children as one of our greatest values. Camping life is about community, children playing and laughing.\",\"breadcrumb\":{\"@id\":\"https:\\\/\\\/egtvedcamping.dk\\\/en\\\/kids-and-children\\\/#breadcrumb\"},\"inLanguage\":\"en-US\",\"potentialAction\":[{\"@type\":\"ReadAction\",\"target\":[\"https:\\\/\\\/egtvedcamping.dk\\\/en\\\/kids-and-children\\\/\"]}]},{\"@type\":\"ImageObject\",\"inLanguage\":\"en-US\",\"@id\":\"https:\\\/\\\/egtvedcamping.dk\\\/en\\\/kids-and-children\\\/#primaryimage\",\"url\":\"https:\\\/\\\/egtvedcamping.dk\\\/wp-content\\\/uploads\\\/2023\\\/01\\\/legeplads-4667-1-scaled.jpg\",\"contentUrl\":\"https:\\\/\\\/egtvedcamping.dk\\\/wp-content\\\/uploads\\\/2023\\\/01\\\/legeplads-4667-1-scaled.jpg\"},{\"@type\":\"BreadcrumbList\",\"@id\":\"https:\\\/\\\/egtvedcamping.dk\\\/en\\\/kids-and-children\\\/#breadcrumb\",\"itemListElement\":[{\"@type\":\"ListItem\",\"position\":1,\"name\":\"Home\",\"item\":\"https:\\\/\\\/egtvedcamping.dk\\\/en\\\/egtved-camping\\\/\"},{\"@type\":\"ListItem\",\"position\":2,\"name\":\"Kids and children\"}]},{\"@type\":\"WebSite\",\"@id\":\"https:\\\/\\\/egtvedcamping.dk\\\/en\\\/#website\",\"url\":\"https:\\\/\\\/egtvedcamping.dk\\\/en\\\/\",\"name\":\"Egtved Camping\",\"description\":\"Slow camp - back to nature\",\"publisher\":{\"@id\":\"https:\\\/\\\/egtvedcamping.dk\\\/en\\\/#organization\"},\"alternateName\":\"\u00c6gte Camping\",\"potentialAction\":[{\"@type\":\"SearchAction\",\"target\":{\"@type\":\"EntryPoint\",\"urlTemplate\":\"https:\\\/\\\/egtvedcamping.dk\\\/en\\\/?s={search_term_string}\"},\"query-input\":{\"@type\":\"PropertyValueSpecification\",\"valueRequired\":true,\"valueName\":\"search_term_string\"}}],\"inLanguage\":\"en-US\"},{\"@type\":\"Organization\",\"@id\":\"https:\\\/\\\/egtvedcamping.dk\\\/en\\\/#organization\",\"name\":\"Egtved Camping\",\"alternateName\":\"\u00c6gte Camping\",\"url\":\"https:\\\/\\\/egtvedcamping.dk\\\/en\\\/\",\"logo\":{\"@type\":\"ImageObject\",\"inLanguage\":\"en-US\",\"@id\":\"https:\\\/\\\/egtvedcamping.dk\\\/en\\\/#\\\/schema\\\/logo\\\/image\\\/\",\"url\":\"https:\\\/\\\/egtvedcamping.dk\\\/wp-content\\\/uploads\\\/2022\\\/12\\\/egtved-camping-logo800.png\",\"contentUrl\":\"https:\\\/\\\/egtvedcamping.dk\\\/wp-content\\\/uploads\\\/2022\\\/12\\\/egtved-camping-logo800.png\",\"width\":800,\"height\":197,\"caption\":\"Egtved Camping\"},\"image\":{\"@id\":\"https:\\\/\\\/egtvedcamping.dk\\\/en\\\/#\\\/schema\\\/logo\\\/image\\\/\"},\"sameAs\":[\"https:\\\/\\\/www.facebook.com\\\/profile.php?id=100064243891441\"],\"description\":\"Egtved Camping tilbyder ferie med fokus p\u00e5 natur, hygge og er t\u00e6t p\u00e5 Billund, hvor der er aktiviteter og oplevelser for hele familien, bl.a Legoland \u2013 Lalandia \u2013 Givskud ZOO.\",\"email\":\"post@egtvedcamping.dk\",\"telephone\":\"+45 75551832\"}]}<\/script>\n<!-- \/ Yoast SEO Premium plugin. -->","yoast_head_json":{"title":"Kids and children - Egtved Camping","description":"At Egtved Camping, we see children as one of our greatest values. Camping life is about community, children playing and laughing.","robots":{"index":"index","follow":"follow","max-snippet":"max-snippet:-1","max-image-preview":"max-image-preview:large","max-video-preview":"max-video-preview:-1"},"canonical":"https:\/\/egtvedcamping.dk\/en\/kids-and-children\/","og_locale":"en_US","og_type":"article","og_title":"Kids and children","og_description":"At Egtved Camping, we see children as one of our greatest values. Camping life is about community, children playing and laughing.","og_url":"https:\/\/egtvedcamping.dk\/en\/kids-and-children\/","og_site_name":"Egtved Camping","article_publisher":"https:\/\/www.facebook.com\/profile.php?id=100064243891441","article_modified_time":"2026-04-29T14:40:10+00:00","og_image":[{"width":2560,"height":1707,"url":"https:\/\/egtvedcamping.dk\/wp-content\/uploads\/2023\/01\/legeplads-4667-1-scaled.jpg","type":"image\/jpeg"}],"twitter_misc":{"Est. reading time":"2 minutes"},"schema":{"@context":"https:\/\/schema.org","@graph":[{"@type":"WebPage","@id":"https:\/\/egtvedcamping.dk\/en\/kids-and-children\/","url":"https:\/\/egtvedcamping.dk\/en\/kids-and-children\/","name":"Kids and children - Egtved Camping","isPartOf":{"@id":"https:\/\/egtvedcamping.dk\/en\/#website"},"primaryImageOfPage":{"@id":"https:\/\/egtvedcamping.dk\/en\/kids-and-children\/#primaryimage"},"image":{"@id":"https:\/\/egtvedcamping.dk\/en\/kids-and-children\/#primaryimage"},"thumbnailUrl":"https:\/\/egtvedcamping.dk\/wp-content\/uploads\/2023\/01\/legeplads-4667-1-scaled.jpg","datePublished":"2026-04-29T14:40:09+00:00","dateModified":"2026-04-29T14:40:10+00:00","description":"At Egtved Camping, we see children as one of our greatest values. Camping life is about community, children playing and laughing.","breadcrumb":{"@id":"https:\/\/egtvedcamping.dk\/en\/kids-and-children\/#breadcrumb"},"inLanguage":"en-US","potentialAction":[{"@type":"ReadAction","target":["https:\/\/egtvedcamping.dk\/en\/kids-and-children\/"]}]},{"@type":"ImageObject","inLanguage":"en-US","@id":"https:\/\/egtvedcamping.dk\/en\/kids-and-children\/#primaryimage","url":"https:\/\/egtvedcamping.dk\/wp-content\/uploads\/2023\/01\/legeplads-4667-1-scaled.jpg","contentUrl":"https:\/\/egtvedcamping.dk\/wp-content\/uploads\/2023\/01\/legeplads-4667-1-scaled.jpg"},{"@type":"BreadcrumbList","@id":"https:\/\/egtvedcamping.dk\/en\/kids-and-children\/#breadcrumb","itemListElement":[{"@type":"ListItem","position":1,"name":"Home","item":"https:\/\/egtvedcamping.dk\/en\/egtved-camping\/"},{"@type":"ListItem","position":2,"name":"Kids and children"}]},{"@type":"WebSite","@id":"https:\/\/egtvedcamping.dk\/en\/#website","url":"https:\/\/egtvedcamping.dk\/en\/","name":"Egtved Camping","description":"Slow camp - back to nature","publisher":{"@id":"https:\/\/egtvedcamping.dk\/en\/#organization"},"alternateName":"\u00c6gte Camping","potentialAction":[{"@type":"SearchAction","target":{"@type":"EntryPoint","urlTemplate":"https:\/\/egtvedcamping.dk\/en\/?s={search_term_string}"},"query-input":{"@type":"PropertyValueSpecification","valueRequired":true,"valueName":"search_term_string"}}],"inLanguage":"en-US"},{"@type":"Organization","@id":"https:\/\/egtvedcamping.dk\/en\/#organization","name":"Egtved Camping","alternateName":"\u00c6gte Camping","url":"https:\/\/egtvedcamping.dk\/en\/","logo":{"@type":"ImageObject","inLanguage":"en-US","@id":"https:\/\/egtvedcamping.dk\/en\/#\/schema\/logo\/image\/","url":"https:\/\/egtvedcamping.dk\/wp-content\/uploads\/2022\/12\/egtved-camping-logo800.png","contentUrl":"https:\/\/egtvedcamping.dk\/wp-content\/uploads\/2022\/12\/egtved-camping-logo800.png","width":800,"height":197,"caption":"Egtved Camping"},"image":{"@id":"https:\/\/egtvedcamping.dk\/en\/#\/schema\/logo\/image\/"},"sameAs":["https:\/\/www.facebook.com\/profile.php?id=100064243891441"],"description":"Egtved Camping tilbyder ferie med fokus p\u00e5 natur, hygge og er t\u00e6t p\u00e5 Billund, hvor der er aktiviteter og oplevelser for hele familien, bl.a Legoland \u2013 Lalandia \u2013 Givskud ZOO.","email":"post@egtvedcamping.dk","telephone":"+45 75551832"}]}},"builder_content":"<h1>Kids and children<\/h1> <h3>True camping atmosphere<\/h3> <p>At Egtved Camping, we see children as one of our greatest values. For us, camping is about community, presence and good experiences, and children playing, laughing and exploring the world contribute greatly to the vibrant and genuine camping atmosphere. That's why we work hard to create an environment where children can be children and where families can be together in a way that feels natural, safe and full of joy. <\/p> <h3>Thinking about children's well-being and opportunities for play.<\/h3> <p>We have two playgrounds that will be continuously upgraded, but our youngest guests often seek out our lovely wooded areas for climbing, building caves and hiding.<\/p> <p>The playgrounds are located so that parents can easily keep an eye out, while giving children the freedom to play. It provides a good balance where everyone feels safe. <\/p> <h3>Petanque court<\/h3> <p>Our newly constructed petanque court has become a hit with both children and adults on site, and the game often creates fun and spontaneous communities across generations. These are the games where dad, mom, grandparents and kids can all join in, and this is typically where you hear laughter and light competitive spirit mingle in the fresh air. <\/p> <h3>Chill times<\/h3> <p>One of the things that really makes Egtved Camping unique is our approach to idle time. Chill time is time without plans, without deadlines and without the expectation of constant activity. It allows children to be curious, creative and present in the moment, and many families find that it brings a special calm to their vacation. <\/p> <h3>Indoors<\/h3> <p>Indoors, we have a cozy common room where families can gather for games, drawing or quiet moments when the Danish summer calls for something under cover. There are various board games, books and Lego bricks. It's a popular place, especially in the evening or on rainy days when children still want to play and be together. <\/p>\n<img src=\"https:\/\/egtvedcamping.dk\/wp-content\/uploads\/2023\/01\/legeplads-4667-1-scaled.jpg\" title=\"legeplads-4667\" alt=\"legeplads-4667\" srcset=\"https:\/\/egtvedcamping.dk\/wp-content\/uploads\/2023\/01\/legeplads-4667-1-scaled.jpg 2560w, https:\/\/egtvedcamping.dk\/wp-content\/uploads\/2023\/01\/legeplads-4667-1-300x200.jpg 300w, https:\/\/egtvedcamping.dk\/wp-content\/uploads\/2023\/01\/legeplads-4667-1-1024x683.jpg 1024w, https:\/\/egtvedcamping.dk\/wp-content\/uploads\/2023\/01\/legeplads-4667-1-768x512.jpg 768w, https:\/\/egtvedcamping.dk\/wp-content\/uploads\/2023\/01\/legeplads-4667-1-1536x1024.jpg 1536w, https:\/\/egtvedcamping.dk\/wp-content\/uploads\/2023\/01\/legeplads-4667-1-2048x1365.jpg 2048w\" sizes=\"(max-width: 2560px) 100vw, 2560px\" \/>","_links":{"self":[{"href":"https:\/\/egtvedcamping.dk\/en\/wp-json\/wp\/v2\/pages\/11601","targetHints":{"allow":["GET"]}}],"collection":[{"href":"https:\/\/egtvedcamping.dk\/en\/wp-json\/wp\/v2\/pages"}],"about":[{"href":"https:\/\/egtvedcamping.dk\/en\/wp-json\/wp\/v2\/types\/page"}],"author":[{"embeddable":true,"href":"https:\/\/egtvedcamping.dk\/en\/wp-json\/wp\/v2\/users\/4"}],"replies":[{"embeddable":true,"href":"https:\/\/egtvedcamping.dk\/en\/wp-json\/wp\/v2\/comments?post=11601"}],"version-history":[{"count":2,"href":"https:\/\/egtvedcamping.dk\/en\/wp-json\/wp\/v2\/pages\/11601\/revisions"}],"predecessor-version":[{"id":11603,"href":"https:\/\/egtvedcamping.dk\/en\/wp-json\/wp\/v2\/pages\/11601\/revisions\/11603"}],"wp:attachment":[{"href":"https:\/\/egtvedcamping.dk\/en\/wp-json\/wp\/v2\/media?parent=11601"}],"curies":[{"name":"wp","href":"https:\/\/api.w.org\/{rel}","templated":true}]}}