{"id":4667,"date":"2014-09-28T14:29:55","date_gmt":"2014-09-28T14:29:55","guid":{"rendered":"https:\/\/egtvedcamping.dk\/om-os\/"},"modified":"2025-10-09T14:06:32","modified_gmt":"2025-10-09T12:06:32","slug":"about-us","status":"publish","type":"page","link":"https:\/\/egtvedcamping.dk\/en\/about-us\/","title":{"rendered":"About us"},"content":{"rendered":"<!--themify_builder_content-->\n<div id=\"themify_builder_content-4667\" data-postid=\"4667\" class=\"themify_builder_content themify_builder_content-4667 themify_builder tf_clear\">\n                    <div  data-lazy=\"1\" class=\"module_row themify_builder_row tb_g0im255 tb_first tf_w\">\n                        <div class=\"row_inner col_align_top tb_col_count_2 tf_box tf_rel\">\n                        <div  data-lazy=\"1\" class=\"module_column tb-column col4-2 tb_srxr255 first\">\n                    <!-- module text -->\n<div  class=\"module module-text tb_9viy195   \" data-lazy=\"1\">\n        <div  class=\"tb_text_wrap\">\n        <h1>Dear Campers.<\/h1>\n<h2>Welcome to Egtved Camping.  <\/h2>\n<p>We&#8217;re Stine and Thomas, a married couple in our prime who in late 2022 stepped off the hamster wheel, sold our house and quit our jobs to live life as campsite owners with everything that entails.<br><span style=\"font-size: 1em\">It&#8217;s fair to say that we had a different life than we were used to, and everything was very new &#8211; and very exciting. We enjoy most of the challenges we face daily, and the learning curve is steep. We have three grown children, Christian, Arthur and Mathilde, and a dog Charlie. We live on site, which can make it a little difficult to distinguish between work and leisure. That&#8217;s why we cherish the little time we have in our little home next to the reception.    <\/span><\/p>\n<p>Egtved Camping is a Back-to-Nature campsite with high ceilings, plenty of elbow room and optimal opportunities to both retreat to be left alone or socialize with others in our cozy common areas.<\/p>\n<p>We are a real family campsite that creates the framework for both coziness, presence and community in the family and with other guests.<\/p>\n<p>We have created an outdoor kitchen with a covered terrace where you have plenty of opportunity to get in touch with other campers. this year, the toilet and shower rooms have been given a more modern look.  <\/p>\n<p>We also create the opportunity to socialize with others at our newly acquired <a href=\"https:\/\/egtvedcamping.dk\/baalhytte\/\">fire pit<\/a>, which has been donated to us by the Isabella Foundation in the spring of 2024. We look forward to many cozy hours by the fire with (burnt) bread, smoke in the eyes, happy people and maybe a little song. <\/p>\n<p>Egtved Camping is centrally located to some of Denmark&#8217;s major tourist attractions, sights, and beautiful cities with great shopping opportunities.<\/p>\n<p>In addition, we are part of Vejle \u00c5dal, which has endless hiking and biking trails.<\/p>\n<p>We have a lake, which is an old peat pit, where you can go fishing &#8211; and if you catch a fish, you give it a kiss and set it free again.<\/p>\n<p>We have a rich bird life here, and the cranes in particular are a big draw here. There are also owls, nightingales, swallows and of course lots of other birds. <\/p>\n<p>All guests are equally important here, whether you&#8217;re a regular or a day tripper. It&#8217;s a resort &#8211; everyone should have a good time! <\/p>\n<p>  We hope you enjoy your stay at our lovely campsite.<\/p>\n<p>The cohesive force is socializing and family.<\/p>\n<p>Best regards<br>Stine and Thomas  <\/p>    <\/div>\n<\/div>\n<!-- \/module text -->        <\/div>\n                    <div  data-lazy=\"1\" class=\"module_column tb-column col4-2 tb_jrsq978 last\">\n                    <!-- module image -->\n<div  class=\"module module-image tb_iauq104 image-top   tf_mw\" data-lazy=\"1\">\n        <div class=\"image-wrap tf_rel tf_mw\">\n            <img decoding=\"async\" width=\"2560\" height=\"1707\" src=\"https:\/\/egtvedcamping.dk\/wp-content\/uploads\/2022\/11\/Billede--scaled.jpg\" class=\"wp-post-image wp-image-3693\" title=\"Billede--\" alt=\"Stine and Thomas welcome you to a Back to Nature campsite\" srcset=\"https:\/\/egtvedcamping.dk\/wp-content\/uploads\/2022\/11\/Billede--scaled.jpg 2560w, https:\/\/egtvedcamping.dk\/wp-content\/uploads\/2022\/11\/Billede--300x200.jpg 300w, https:\/\/egtvedcamping.dk\/wp-content\/uploads\/2022\/11\/Billede--1024x683.jpg 1024w, https:\/\/egtvedcamping.dk\/wp-content\/uploads\/2022\/11\/Billede--768x512.jpg 768w, https:\/\/egtvedcamping.dk\/wp-content\/uploads\/2022\/11\/Billede--1536x1024.jpg 1536w, https:\/\/egtvedcamping.dk\/wp-content\/uploads\/2022\/11\/Billede--2048x1365.jpg 2048w\" sizes=\"(max-width: 2560px) 100vw, 2560px\" \/>    \n        <\/div>\n    <!-- \/image-wrap -->\n    \n        <\/div>\n<!-- \/module image -->        <\/div>\n                        <\/div>\n        <\/div>\n        <\/div>\n<!--\/themify_builder_content-->","protected":false},"excerpt":{"rendered":"<p>Dear Campers. Welcome to Egtved Camping. We&#8217;re Stine and Thomas, a married couple in our prime who in late 2022 stepped off the hamster wheel, sold our house and quit our jobs to live life as campsite owners with everything that entails.It&#8217;s fair to say that we had a different life than we were used [&hellip;]<\/p>\n","protected":false},"author":8,"featured_media":0,"parent":0,"menu_order":0,"comment_status":"closed","ping_status":"closed","template":"","meta":{"footnotes":""},"class_list":["post-4667","page","type-page","status-publish","hentry","has-post-title","has-post-date","has-post-category","has-post-tag","has-post-comment","has-post-author",""],"yoast_head":"<!-- This site is optimized with the Yoast SEO Premium plugin v27.6 (Yoast SEO v27.6) - https:\/\/yoast.com\/product\/yoast-seo-premium-wordpress\/ -->\n<title>Camping near Billund - camping near LEGOLAND<\/title>\n<meta name=\"description\" content=\"Book a pitch at a lovely three-star campsite - close to LEGOLAND. Book a campsite and cabins at Egtved Camping - Lalandia Aquadome\" \/>\n<meta name=\"robots\" content=\"index, follow, max-snippet:-1, max-image-preview:large, max-video-preview:-1\" \/>\n<link rel=\"canonical\" href=\"https:\/\/egtvedcamping.dk\/en\/about-us\/\" \/>\n<meta property=\"og:locale\" content=\"en_US\" \/>\n<meta property=\"og:type\" content=\"article\" \/>\n<meta property=\"og:title\" content=\"About us\" \/>\n<meta property=\"og:description\" content=\"Book a pitch at a lovely three-star campsite - close to LEGOLAND. Book a campsite and cabins at Egtved Camping - Lalandia Aquadome\" \/>\n<meta property=\"og:url\" content=\"https:\/\/egtvedcamping.dk\/en\/about-us\/\" \/>\n<meta property=\"og:site_name\" content=\"Egtved Camping\" \/>\n<meta property=\"article:publisher\" content=\"https:\/\/www.facebook.com\/profile.php?id=100064243891441\" \/>\n<meta property=\"article:modified_time\" content=\"2025-10-09T12:06:32+00:00\" \/>\n<meta property=\"og:image\" content=\"https:\/\/egtvedcamping.dk\/wp-content\/uploads\/2022\/11\/Billede--scaled.jpg\" \/>\n\t<meta property=\"og:image:width\" content=\"2560\" \/>\n\t<meta property=\"og:image:height\" content=\"1707\" \/>\n\t<meta property=\"og:image:type\" content=\"image\/jpeg\" \/>\n<meta name=\"twitter:card\" content=\"summary_large_image\" \/>\n<meta name=\"twitter:label1\" content=\"Est. reading time\" \/>\n\t<meta name=\"twitter:data1\" content=\"1 minute\" \/>\n<script type=\"application\/ld+json\" class=\"yoast-schema-graph\">{\"@context\":\"https:\\\/\\\/schema.org\",\"@graph\":[{\"@type\":\"WebPage\",\"@id\":\"https:\\\/\\\/egtvedcamping.dk\\\/en\\\/about-us\\\/\",\"url\":\"https:\\\/\\\/egtvedcamping.dk\\\/en\\\/about-us\\\/\",\"name\":\"Camping near Billund - camping near LEGOLAND\",\"isPartOf\":{\"@id\":\"https:\\\/\\\/egtvedcamping.dk\\\/en\\\/#website\"},\"primaryImageOfPage\":{\"@id\":\"https:\\\/\\\/egtvedcamping.dk\\\/en\\\/about-us\\\/#primaryimage\"},\"image\":{\"@id\":\"https:\\\/\\\/egtvedcamping.dk\\\/en\\\/about-us\\\/#primaryimage\"},\"thumbnailUrl\":\"https:\\\/\\\/egtvedcamping.dk\\\/wp-content\\\/uploads\\\/2022\\\/11\\\/Billede--scaled.jpg\",\"datePublished\":\"2014-09-28T14:29:55+00:00\",\"dateModified\":\"2025-10-09T12:06:32+00:00\",\"description\":\"Book a pitch at a lovely three-star campsite - close to LEGOLAND. Book a campsite and cabins at Egtved Camping - Lalandia Aquadome\",\"breadcrumb\":{\"@id\":\"https:\\\/\\\/egtvedcamping.dk\\\/en\\\/about-us\\\/#breadcrumb\"},\"inLanguage\":\"en-US\",\"potentialAction\":[{\"@type\":\"ReadAction\",\"target\":[\"https:\\\/\\\/egtvedcamping.dk\\\/en\\\/about-us\\\/\"]}]},{\"@type\":\"ImageObject\",\"inLanguage\":\"en-US\",\"@id\":\"https:\\\/\\\/egtvedcamping.dk\\\/en\\\/about-us\\\/#primaryimage\",\"url\":\"https:\\\/\\\/egtvedcamping.dk\\\/wp-content\\\/uploads\\\/2022\\\/11\\\/Billede--scaled.jpg\",\"contentUrl\":\"https:\\\/\\\/egtvedcamping.dk\\\/wp-content\\\/uploads\\\/2022\\\/11\\\/Billede--scaled.jpg\"},{\"@type\":\"BreadcrumbList\",\"@id\":\"https:\\\/\\\/egtvedcamping.dk\\\/en\\\/about-us\\\/#breadcrumb\",\"itemListElement\":[{\"@type\":\"ListItem\",\"position\":1,\"name\":\"Home\",\"item\":\"https:\\\/\\\/egtvedcamping.dk\\\/en\\\/egtved-camping\\\/\"},{\"@type\":\"ListItem\",\"position\":2,\"name\":\"About us\"}]},{\"@type\":\"WebSite\",\"@id\":\"https:\\\/\\\/egtvedcamping.dk\\\/en\\\/#website\",\"url\":\"https:\\\/\\\/egtvedcamping.dk\\\/en\\\/\",\"name\":\"Egtved Camping\",\"description\":\"Slow camp - back to nature\",\"publisher\":{\"@id\":\"https:\\\/\\\/egtvedcamping.dk\\\/en\\\/#organization\"},\"alternateName\":\"\u00c6gte Camping\",\"potentialAction\":[{\"@type\":\"SearchAction\",\"target\":{\"@type\":\"EntryPoint\",\"urlTemplate\":\"https:\\\/\\\/egtvedcamping.dk\\\/en\\\/?s={search_term_string}\"},\"query-input\":{\"@type\":\"PropertyValueSpecification\",\"valueRequired\":true,\"valueName\":\"search_term_string\"}}],\"inLanguage\":\"en-US\"},{\"@type\":\"Organization\",\"@id\":\"https:\\\/\\\/egtvedcamping.dk\\\/en\\\/#organization\",\"name\":\"Egtved Camping\",\"alternateName\":\"\u00c6gte Camping\",\"url\":\"https:\\\/\\\/egtvedcamping.dk\\\/en\\\/\",\"logo\":{\"@type\":\"ImageObject\",\"inLanguage\":\"en-US\",\"@id\":\"https:\\\/\\\/egtvedcamping.dk\\\/en\\\/#\\\/schema\\\/logo\\\/image\\\/\",\"url\":\"https:\\\/\\\/egtvedcamping.dk\\\/wp-content\\\/uploads\\\/2022\\\/12\\\/egtved-camping-logo800.png\",\"contentUrl\":\"https:\\\/\\\/egtvedcamping.dk\\\/wp-content\\\/uploads\\\/2022\\\/12\\\/egtved-camping-logo800.png\",\"width\":800,\"height\":197,\"caption\":\"Egtved Camping\"},\"image\":{\"@id\":\"https:\\\/\\\/egtvedcamping.dk\\\/en\\\/#\\\/schema\\\/logo\\\/image\\\/\"},\"sameAs\":[\"https:\\\/\\\/www.facebook.com\\\/profile.php?id=100064243891441\"],\"description\":\"Egtved Camping tilbyder ferie med fokus p\u00e5 natur, hygge og er t\u00e6t p\u00e5 Billund, hvor der er aktiviteter og oplevelser for hele familien, bl.a Legoland \u2013 Lalandia \u2013 Givskud ZOO.\",\"email\":\"post@egtvedcamping.dk\",\"telephone\":\"+45 75551832\"}]}<\/script>\n<!-- \/ Yoast SEO Premium plugin. -->","yoast_head_json":{"title":"Camping near Billund - camping near LEGOLAND","description":"Book a pitch at a lovely three-star campsite - close to LEGOLAND. Book a campsite and cabins at Egtved Camping - Lalandia Aquadome","robots":{"index":"index","follow":"follow","max-snippet":"max-snippet:-1","max-image-preview":"max-image-preview:large","max-video-preview":"max-video-preview:-1"},"canonical":"https:\/\/egtvedcamping.dk\/en\/about-us\/","og_locale":"en_US","og_type":"article","og_title":"About us","og_description":"Book a pitch at a lovely three-star campsite - close to LEGOLAND. Book a campsite and cabins at Egtved Camping - Lalandia Aquadome","og_url":"https:\/\/egtvedcamping.dk\/en\/about-us\/","og_site_name":"Egtved Camping","article_publisher":"https:\/\/www.facebook.com\/profile.php?id=100064243891441","article_modified_time":"2025-10-09T12:06:32+00:00","og_image":[{"width":2560,"height":1707,"url":"https:\/\/egtvedcamping.dk\/wp-content\/uploads\/2022\/11\/Billede--scaled.jpg","type":"image\/jpeg"}],"twitter_card":"summary_large_image","twitter_misc":{"Est. reading time":"1 minute"},"schema":{"@context":"https:\/\/schema.org","@graph":[{"@type":"WebPage","@id":"https:\/\/egtvedcamping.dk\/en\/about-us\/","url":"https:\/\/egtvedcamping.dk\/en\/about-us\/","name":"Camping near Billund - camping near LEGOLAND","isPartOf":{"@id":"https:\/\/egtvedcamping.dk\/en\/#website"},"primaryImageOfPage":{"@id":"https:\/\/egtvedcamping.dk\/en\/about-us\/#primaryimage"},"image":{"@id":"https:\/\/egtvedcamping.dk\/en\/about-us\/#primaryimage"},"thumbnailUrl":"https:\/\/egtvedcamping.dk\/wp-content\/uploads\/2022\/11\/Billede--scaled.jpg","datePublished":"2014-09-28T14:29:55+00:00","dateModified":"2025-10-09T12:06:32+00:00","description":"Book a pitch at a lovely three-star campsite - close to LEGOLAND. Book a campsite and cabins at Egtved Camping - Lalandia Aquadome","breadcrumb":{"@id":"https:\/\/egtvedcamping.dk\/en\/about-us\/#breadcrumb"},"inLanguage":"en-US","potentialAction":[{"@type":"ReadAction","target":["https:\/\/egtvedcamping.dk\/en\/about-us\/"]}]},{"@type":"ImageObject","inLanguage":"en-US","@id":"https:\/\/egtvedcamping.dk\/en\/about-us\/#primaryimage","url":"https:\/\/egtvedcamping.dk\/wp-content\/uploads\/2022\/11\/Billede--scaled.jpg","contentUrl":"https:\/\/egtvedcamping.dk\/wp-content\/uploads\/2022\/11\/Billede--scaled.jpg"},{"@type":"BreadcrumbList","@id":"https:\/\/egtvedcamping.dk\/en\/about-us\/#breadcrumb","itemListElement":[{"@type":"ListItem","position":1,"name":"Home","item":"https:\/\/egtvedcamping.dk\/en\/egtved-camping\/"},{"@type":"ListItem","position":2,"name":"About us"}]},{"@type":"WebSite","@id":"https:\/\/egtvedcamping.dk\/en\/#website","url":"https:\/\/egtvedcamping.dk\/en\/","name":"Egtved Camping","description":"Slow camp - back to nature","publisher":{"@id":"https:\/\/egtvedcamping.dk\/en\/#organization"},"alternateName":"\u00c6gte Camping","potentialAction":[{"@type":"SearchAction","target":{"@type":"EntryPoint","urlTemplate":"https:\/\/egtvedcamping.dk\/en\/?s={search_term_string}"},"query-input":{"@type":"PropertyValueSpecification","valueRequired":true,"valueName":"search_term_string"}}],"inLanguage":"en-US"},{"@type":"Organization","@id":"https:\/\/egtvedcamping.dk\/en\/#organization","name":"Egtved Camping","alternateName":"\u00c6gte Camping","url":"https:\/\/egtvedcamping.dk\/en\/","logo":{"@type":"ImageObject","inLanguage":"en-US","@id":"https:\/\/egtvedcamping.dk\/en\/#\/schema\/logo\/image\/","url":"https:\/\/egtvedcamping.dk\/wp-content\/uploads\/2022\/12\/egtved-camping-logo800.png","contentUrl":"https:\/\/egtvedcamping.dk\/wp-content\/uploads\/2022\/12\/egtved-camping-logo800.png","width":800,"height":197,"caption":"Egtved Camping"},"image":{"@id":"https:\/\/egtvedcamping.dk\/en\/#\/schema\/logo\/image\/"},"sameAs":["https:\/\/www.facebook.com\/profile.php?id=100064243891441"],"description":"Egtved Camping tilbyder ferie med fokus p\u00e5 natur, hygge og er t\u00e6t p\u00e5 Billund, hvor der er aktiviteter og oplevelser for hele familien, bl.a Legoland \u2013 Lalandia \u2013 Givskud ZOO.","email":"post@egtvedcamping.dk","telephone":"+45 75551832"}]}},"builder_content":"<h1>Dear Campers.<\/h1> <h2>Welcome to Egtved Camping. <\/h2> <p>We're Stine and Thomas, a married couple in our prime who in late 2022 stepped off the hamster wheel, sold our house and quit our jobs to live life as campsite owners with everything that entails.<br>It's fair to say that we had a different life than we were used to, and everything was very new - and very exciting. We enjoy most of the challenges we face daily, and the learning curve is steep. We have three grown children, Christian, Arthur and Mathilde, and a dog Charlie. We live on site, which can make it a little difficult to distinguish between work and leisure. That's why we cherish the little time we have in our little home next to the reception. <\/p> <p>Egtved Camping is a Back-to-Nature campsite with high ceilings, plenty of elbow room and optimal opportunities to both retreat to be left alone or socialize with others in our cozy common areas.<\/p> <p>We are a real family campsite that creates the framework for both coziness, presence and community in the family and with other guests.<\/p> <p>We have created an outdoor kitchen with a covered terrace where you have plenty of opportunity to get in touch with other campers. this year, the toilet and shower rooms have been given a more modern look. <\/p> <p>We also create the opportunity to socialize with others at our newly acquired <a href=\"https:\/\/egtvedcamping.dk\/baalhytte\/\">fire pit<\/a>, which has been donated to us by the Isabella Foundation in the spring of 2024. We look forward to many cozy hours by the fire with (burnt) bread, smoke in the eyes, happy people and maybe a little song. <\/p> <p>Egtved Camping is centrally located to some of Denmark's major tourist attractions, sights, and beautiful cities with great shopping opportunities.<\/p> <p>In addition, we are part of Vejle \u00c5dal, which has endless hiking and biking trails.<\/p> <p>We have a lake, which is an old peat pit, where you can go fishing - and if you catch a fish, you give it a kiss and set it free again.<\/p> <p>We have a rich bird life here, and the cranes in particular are a big draw here. There are also owls, nightingales, swallows and of course lots of other birds. <\/p> <p>All guests are equally important here, whether you're a regular or a day tripper. It's a resort - everyone should have a good time! <\/p> <p> We hope you enjoy your stay at our lovely campsite.<\/p> <p>The cohesive force is socializing and family.<\/p> <p>Best regards<br>Stine and Thomas <\/p>\n<img src=\"https:\/\/egtvedcamping.dk\/wp-content\/uploads\/2022\/11\/Billede--scaled.jpg\" title=\"Billede--\" alt=\"Stine and Thomas welcome you to a Back to Nature campsite\" srcset=\"https:\/\/egtvedcamping.dk\/wp-content\/uploads\/2022\/11\/Billede--scaled.jpg 2560w, https:\/\/egtvedcamping.dk\/wp-content\/uploads\/2022\/11\/Billede--300x200.jpg 300w, https:\/\/egtvedcamping.dk\/wp-content\/uploads\/2022\/11\/Billede--1024x683.jpg 1024w, https:\/\/egtvedcamping.dk\/wp-content\/uploads\/2022\/11\/Billede--768x512.jpg 768w, https:\/\/egtvedcamping.dk\/wp-content\/uploads\/2022\/11\/Billede--1536x1024.jpg 1536w, https:\/\/egtvedcamping.dk\/wp-content\/uploads\/2022\/11\/Billede--2048x1365.jpg 2048w\" sizes=\"(max-width: 2560px) 100vw, 2560px\" \/>","_links":{"self":[{"href":"https:\/\/egtvedcamping.dk\/en\/wp-json\/wp\/v2\/pages\/4667","targetHints":{"allow":["GET"]}}],"collection":[{"href":"https:\/\/egtvedcamping.dk\/en\/wp-json\/wp\/v2\/pages"}],"about":[{"href":"https:\/\/egtvedcamping.dk\/en\/wp-json\/wp\/v2\/types\/page"}],"author":[{"embeddable":true,"href":"https:\/\/egtvedcamping.dk\/en\/wp-json\/wp\/v2\/users\/8"}],"replies":[{"embeddable":true,"href":"https:\/\/egtvedcamping.dk\/en\/wp-json\/wp\/v2\/comments?post=4667"}],"version-history":[{"count":4,"href":"https:\/\/egtvedcamping.dk\/en\/wp-json\/wp\/v2\/pages\/4667\/revisions"}],"predecessor-version":[{"id":9029,"href":"https:\/\/egtvedcamping.dk\/en\/wp-json\/wp\/v2\/pages\/4667\/revisions\/9029"}],"wp:attachment":[{"href":"https:\/\/egtvedcamping.dk\/en\/wp-json\/wp\/v2\/media?parent=4667"}],"curies":[{"name":"wp","href":"https:\/\/api.w.org\/{rel}","templated":true}]}}