{"id":4682,"date":"2014-09-28T14:34:03","date_gmt":"2014-09-28T14:34:03","guid":{"rendered":"https:\/\/egtvedcamping.dk\/overnatning\/"},"modified":"2025-10-09T14:18:12","modified_gmt":"2025-10-09T12:18:12","slug":"accommodation","status":"publish","type":"page","link":"https:\/\/egtvedcamping.dk\/en\/accommodation\/","title":{"rendered":"Accommodation"},"content":{"rendered":"<!--themify_builder_content-->\n<div id=\"themify_builder_content-4682\" data-postid=\"4682\" class=\"themify_builder_content themify_builder_content-4682 themify_builder tf_clear\">\n                    <div  data-lazy=\"1\" class=\"module_row themify_builder_row tb_4wa4272 tb_first tf_w\">\n                        <div class=\"row_inner col_align_top tb_col_count_2 tf_box tf_rel\">\n                        <div  data-lazy=\"1\" class=\"module_column tb-column col4-2 tb_6nw8272 first\">\n                    <!-- module text -->\n<div  class=\"module module-text tb_0obo661   \" data-lazy=\"1\">\n        <div  class=\"tb_text_wrap\">\n        <h1>Accommodation<\/h1>\n<h2><span style=\"background-color: initial;font-size: 1em\">At Egtved Camping you have several different options for accommodation.  <\/span><\/h2>\n<p>There are many ways to camp. Some want a completely primitive and basic stay, while others want a little more luxury with, for example, access to a private bathroom. The most important thing is that you feel like you&#8217;re on vacation and on the terms you choose.  <\/p>\n<p>Egtved Camping is a central location when you want to visit Legoland, Lalandia Aquadome, WoW park and Legohouse in Billund or Givskud Zoo, Bindeballe K\u00f8bmandsg\u00e5rd or Trapholt. After a day on the road, come back to base where you can relax in tranquil surroundings. <\/p>\n<p>You can of course book a regular electricity pitch for your caravan or motorhome. If you want electricity, it is paid for in advance in packages, and if the package is used up, you pay for the rest afterwards. We have a large selection of pitches, both large and small. There are pitches close to the service building, there are pitches close to the lake and there are pitches high up with a fantastic view of the lake.   <\/p>    <\/div>\n<\/div>\n<!-- \/module text --><!-- module text -->\n<div  class=\"module module-text tb_0cix974   \" data-lazy=\"1\">\n        <div  class=\"tb_text_wrap\">\n        <h3>Tent<\/h3>\n<p>Of course, you can also book a pitch for your tent, where you can almost decide where you want to place it if you don&#8217;t need electricity.<\/p>    <\/div>\n<\/div>\n<!-- \/module text --><!-- module text -->\n<div  class=\"module module-text tb_8ldw119   \" data-lazy=\"1\">\n        <div  class=\"tb_text_wrap\">\n        <h3>Cabins<\/h3>\n<p>We also have 20 beautiful camping cabins. The cabins come in different sizes and with different equipment, but all cabins have a fridge, coffee machine and crockery. There are also duvets and pillows, and you can either rent or bring your own bed linen.  <\/p>\n<p>In some of the cabins, you can bring your dog, with an additional cleaning fee. There is a regular cleaning fee for all cabins and a daily rate for electricity. <\/p>\n<p>All cabins have electric heating.<\/p>    <\/div>\n<\/div>\n<!-- \/module text --><!-- module text -->\n<div  class=\"module module-text tb_4i23876   \" data-lazy=\"1\">\n        <div  class=\"tb_text_wrap\">\n        <h3>Mobile homes<\/h3>\n<p>We also have 6 apartments\/mobile homes for rent, in which you have everything you need, including shower and toilet. There is a covered terrace, so you can be outside even if the weather is not with you. <\/p>    <\/div>\n<\/div>\n<!-- \/module text --><!-- module text -->\n<div  class=\"module module-text tb_r7fg891   \" data-lazy=\"1\">\n        <div  class=\"tb_text_wrap\">\n        <h3>Seasonal seats<\/h3>\n<p>Seasonal seats can be booked. We have different models depending on what you want. This means you can choose a spring, summer or winter pitch, and you can also combine them as you wish. If you just want to store your caravan over the winter, this is also an option. Here the awning needs to be taken down.      <\/p>    <\/div>\n<\/div>\n<!-- \/module text --><!-- module text -->\n<div  class=\"module module-text tb_8fx9651   \" data-lazy=\"1\">\n        <div  class=\"tb_text_wrap\">\n        <h3>Year-round space<\/h3>\n<p>If you want a year-round spot, there are certain approved areas you are referred to.<\/p>\n<p>Please call us if you need to clarify anything.<\/p>    <\/div>\n<\/div>\n<!-- \/module text -->        <\/div>\n                    <div  data-lazy=\"1\" class=\"module_column tb-column col4-2 tb_duv0381 last\">\n                    <!-- module image pro -->\n<div  class=\"module module-pro-image tb_hqo3540 filter- effect- fullwidth_image  tf_textc   entrance-effect-fadeIn\" data-lazy=\"1\" data-entrance-effect=\"fadeIn\" data-exit-effect=\"fadeOut\" >\n\t\n    <div class=\"image-pro-wrap tf_rel tf_overflow tf_inline_b\">\n\t\t\t\t\t<a class=\"image-pro-external themify_lightbox tf_abs tf_w tf_h\" href=\"https:\/\/egtvedcamping.dk\/wp-content\/uploads\/2023\/01\/Egtved-Camping.jpg\" ><span class=\"screen-reader-text\">Link<\/span><\/a>\n\t\t   \t\t<div class=\"image-pro-flip-box-wrap tf_rel tf_w tf_overflow\">\n\t\t\t<div class=\"image-pro-flip-box tf_rel\">\n\n\t\t\t\t<img decoding=\"async\" width=\"2208\" height=\"1200\" src=\"https:\/\/egtvedcamping.dk\/wp-content\/uploads\/2023\/01\/Egtved-Camping.jpg\" class=\"wp-post-image wp-image-10087\" title=\"Egtved Camping\" alt=\"Egtved Camping\" srcset=\"https:\/\/egtvedcamping.dk\/wp-content\/uploads\/2023\/01\/Egtved-Camping.jpg 2208w, https:\/\/egtvedcamping.dk\/wp-content\/uploads\/2023\/01\/Egtved-Camping-300x163.jpg 300w, https:\/\/egtvedcamping.dk\/wp-content\/uploads\/2023\/01\/Egtved-Camping-1024x557.jpg 1024w, https:\/\/egtvedcamping.dk\/wp-content\/uploads\/2023\/01\/Egtved-Camping-768x417.jpg 768w, https:\/\/egtvedcamping.dk\/wp-content\/uploads\/2023\/01\/Egtved-Camping-1536x835.jpg 1536w, https:\/\/egtvedcamping.dk\/wp-content\/uploads\/2023\/01\/Egtved-Camping-2048x1113.jpg 2048w\" sizes=\"(max-width: 2208px) 100vw, 2208px\" \/>\n\t\t\t\t\n\t\t\t<\/div>\n\t\t<\/div>\n\n    <\/div><!-- .image-pro-wrap -->\n\n\t\n\t\n\t<\/div><!-- \/module image pro --><!-- module buttons -->\n<div  class=\"module module-buttons tb_bbdc25 buttons-horizontal solid  xlarge rounded hover-wow\" data-tf-animation_hover=\"pulse\" data-lazy=\"1\">\n        <div class=\"module-buttons-item tf_in_flx\">\n                        <a href=\"https:\/\/onlinebooking.camp\/egtvedcamping?lang=da\" class=\"ui builder_button tf_in_flx tb_default_color\" target=\"_blank\" rel=\"noopener\">\n                                                Book here                                        <\/a>\n                <\/div>\n            <\/div>\n<!-- \/module buttons -->\n<!-- module template_part -->\n<div  class=\"module module-layout-part tb_prwb890 \">\n    <div class=\"tb_layout_part_wrap tf_w\"><!--themify_builder_content-->\n    <div  class=\"themify_builder_content themify_builder_content-5551 themify_builder not_editable_builder in_the_loop\" data-postid=\"5551\">\n                        <div  data-lazy=\"1\" class=\"module_row themify_builder_row tb_xhnq517 tf_w\">\n                        <div class=\"row_inner col_align_top tb_col_count_1 tf_box tf_rel\">\n                        <div  data-lazy=\"1\" class=\"module_column tb-column col-full tb_eva9517 first\">\n                    <!-- module divider -->\n<div  class=\"module tf_mw module-divider tb_8iqi517 solid   \" style=\"border-width: 2px;border-color: #528452;margin-bottom: 15px;\" data-lazy=\"1\">\n    <\/div>\n<!-- \/module divider -->\n<!-- module menu -->\n<div  class=\"module module-menu tb_k267274  mobile-menu-slide hover-wow\" data-menu-style=\"mobile-menu-slide\" data-menu-breakpoint=\"0\" data-element-id=\"tb_k267274\" data-tf-animation_hover=\"pulse\" data-lazy=\"1\">\n        \n    <div class=\"module-menu-container\"><ul id=\"menu-overnatning\" class=\"ui tf_clearfix nav tf_rel tf_scrollbar  tb_default_color rounded shadow\"><li id=\"menu-item-5365\" class=\"menu-item-page-6920 menu-item menu-item-type-post_type menu-item-object-page menu-item-5365\"><a href=\"https:\/\/egtvedcamping.dk\/overnatning\/mobile-homes-luksushytter\/\">Mobile Homes and luxury cabins<\/a><\/li>\n<li id=\"menu-item-5366\" class=\"menu-item-page-4699 menu-item menu-item-type-post_type menu-item-object-page menu-item-5366\"><a href=\"https:\/\/egtvedcamping.dk\/overnatning\/hytter\/\">Cabins<\/a><\/li>\n<li id=\"menu-item-5364\" class=\"menu-item-page-4941 menu-item menu-item-type-post_type menu-item-object-page menu-item-5364\"><a href=\"https:\/\/egtvedcamping.dk\/overnatning\/glamping\/\">Glamping<\/a><\/li>\n<\/ul><\/div>        <style>\n            .mobile-menu-module[data-module=\"tb_k267274\"]{\n                right:-300px            }\n        <\/style>\n    <\/div>\n<!-- \/module menu -->\n<!-- module divider -->\n<div  class=\"module tf_mw module-divider tb_3yrj517 solid   \" style=\"border-width: 2px;border-color: #528452;\" data-lazy=\"1\">\n    <\/div>\n<!-- \/module divider -->\n        <\/div>\n                        <\/div>\n        <\/div>\n            <\/div>\n<!--\/themify_builder_content--><\/div>\n<\/div>\n<!-- \/module template_part -->        <\/div>\n                        <\/div>\n        <\/div>\n        <\/div>\n<!--\/themify_builder_content-->","protected":false},"excerpt":{"rendered":"<p>Accommodation At Egtved Camping you have several different options for accommodation. There are many ways to camp. Some want a completely primitive and basic stay, while others want a little more luxury with, for example, access to a private bathroom. The most important thing is that you feel like you&#8217;re on vacation and on the [&hellip;]<\/p>\n","protected":false},"author":8,"featured_media":10087,"parent":0,"menu_order":0,"comment_status":"open","ping_status":"open","template":"","meta":{"footnotes":""},"class_list":["post-4682","page","type-page","status-publish","has-post-thumbnail","hentry","has-post-title","has-post-date","has-post-category","has-post-tag","has-post-comment","has-post-author",""],"yoast_head":"<!-- This site is optimized with the Yoast SEO Premium plugin v27.5 (Yoast SEO v27.5) - https:\/\/yoast.com\/product\/yoast-seo-premium-wordpress\/ -->\n<title>Accommodation near Billund - LEGOLAND and Givskud ZOO<\/title>\n<meta name=\"description\" content=\"Egtved Camping - visit LEGOLAND, Givskud ZOO and Lalandia Aquadome in Billund. Cabin rental, mobile homes, glamping and camping.\" \/>\n<meta name=\"robots\" content=\"index, follow, max-snippet:-1, max-image-preview:large, max-video-preview:-1\" \/>\n<link rel=\"canonical\" href=\"https:\/\/egtvedcamping.dk\/en\/accommodation\/\" \/>\n<meta property=\"og:locale\" content=\"en_US\" \/>\n<meta property=\"og:type\" content=\"article\" \/>\n<meta property=\"og:title\" content=\"Accommodation\" \/>\n<meta property=\"og:description\" content=\"Egtved Camping - visit LEGOLAND, Givskud ZOO and Lalandia Aquadome in Billund. Cabin rental, mobile homes, glamping and camping.\" \/>\n<meta property=\"og:url\" content=\"https:\/\/egtvedcamping.dk\/en\/accommodation\/\" \/>\n<meta property=\"og:site_name\" content=\"Egtved Camping\" \/>\n<meta property=\"article:publisher\" content=\"https:\/\/www.facebook.com\/profile.php?id=100064243891441\" \/>\n<meta property=\"article:modified_time\" content=\"2025-10-09T12:18:12+00:00\" \/>\n<meta property=\"og:image\" content=\"https:\/\/egtvedcamping.dk\/wp-content\/uploads\/2023\/01\/Egtved-Camping.jpg\" \/>\n\t<meta property=\"og:image:width\" content=\"2208\" \/>\n\t<meta property=\"og:image:height\" content=\"1200\" \/>\n\t<meta property=\"og:image:type\" content=\"image\/jpeg\" \/>\n<meta name=\"twitter:label1\" content=\"Est. reading time\" \/>\n\t<meta name=\"twitter:data1\" content=\"1 minute\" \/>\n<script type=\"application\/ld+json\" class=\"yoast-schema-graph\">{\"@context\":\"https:\\\/\\\/schema.org\",\"@graph\":[{\"@type\":\"WebPage\",\"@id\":\"https:\\\/\\\/egtvedcamping.dk\\\/en\\\/accommodation\\\/\",\"url\":\"https:\\\/\\\/egtvedcamping.dk\\\/en\\\/accommodation\\\/\",\"name\":\"Accommodation near Billund - LEGOLAND and Givskud ZOO\",\"isPartOf\":{\"@id\":\"https:\\\/\\\/egtvedcamping.dk\\\/en\\\/#website\"},\"primaryImageOfPage\":{\"@id\":\"https:\\\/\\\/egtvedcamping.dk\\\/en\\\/accommodation\\\/#primaryimage\"},\"image\":{\"@id\":\"https:\\\/\\\/egtvedcamping.dk\\\/en\\\/accommodation\\\/#primaryimage\"},\"thumbnailUrl\":\"https:\\\/\\\/egtvedcamping.dk\\\/wp-content\\\/uploads\\\/2023\\\/01\\\/Egtved-Camping.jpg\",\"datePublished\":\"2014-09-28T14:34:03+00:00\",\"dateModified\":\"2025-10-09T12:18:12+00:00\",\"description\":\"Egtved Camping - visit LEGOLAND, Givskud ZOO and Lalandia Aquadome in Billund. Cabin rental, mobile homes, glamping and camping.\",\"breadcrumb\":{\"@id\":\"https:\\\/\\\/egtvedcamping.dk\\\/en\\\/accommodation\\\/#breadcrumb\"},\"inLanguage\":\"en-US\",\"potentialAction\":[{\"@type\":\"ReadAction\",\"target\":[\"https:\\\/\\\/egtvedcamping.dk\\\/en\\\/accommodation\\\/\"]}]},{\"@type\":\"ImageObject\",\"inLanguage\":\"en-US\",\"@id\":\"https:\\\/\\\/egtvedcamping.dk\\\/en\\\/accommodation\\\/#primaryimage\",\"url\":\"https:\\\/\\\/egtvedcamping.dk\\\/wp-content\\\/uploads\\\/2023\\\/01\\\/Egtved-Camping.jpg\",\"contentUrl\":\"https:\\\/\\\/egtvedcamping.dk\\\/wp-content\\\/uploads\\\/2023\\\/01\\\/Egtved-Camping.jpg\",\"width\":2208,\"height\":1200,\"caption\":\"Egtved Camping\"},{\"@type\":\"BreadcrumbList\",\"@id\":\"https:\\\/\\\/egtvedcamping.dk\\\/en\\\/accommodation\\\/#breadcrumb\",\"itemListElement\":[{\"@type\":\"ListItem\",\"position\":1,\"name\":\"Home\",\"item\":\"https:\\\/\\\/egtvedcamping.dk\\\/en\\\/egtved-camping\\\/\"},{\"@type\":\"ListItem\",\"position\":2,\"name\":\"Accommodation\"}]},{\"@type\":\"WebSite\",\"@id\":\"https:\\\/\\\/egtvedcamping.dk\\\/en\\\/#website\",\"url\":\"https:\\\/\\\/egtvedcamping.dk\\\/en\\\/\",\"name\":\"Egtved Camping\",\"description\":\"Slow camp - back to nature\",\"publisher\":{\"@id\":\"https:\\\/\\\/egtvedcamping.dk\\\/en\\\/#organization\"},\"alternateName\":\"\u00c6gte Camping\",\"potentialAction\":[{\"@type\":\"SearchAction\",\"target\":{\"@type\":\"EntryPoint\",\"urlTemplate\":\"https:\\\/\\\/egtvedcamping.dk\\\/en\\\/?s={search_term_string}\"},\"query-input\":{\"@type\":\"PropertyValueSpecification\",\"valueRequired\":true,\"valueName\":\"search_term_string\"}}],\"inLanguage\":\"en-US\"},{\"@type\":\"Organization\",\"@id\":\"https:\\\/\\\/egtvedcamping.dk\\\/en\\\/#organization\",\"name\":\"Egtved Camping\",\"alternateName\":\"\u00c6gte Camping\",\"url\":\"https:\\\/\\\/egtvedcamping.dk\\\/en\\\/\",\"logo\":{\"@type\":\"ImageObject\",\"inLanguage\":\"en-US\",\"@id\":\"https:\\\/\\\/egtvedcamping.dk\\\/en\\\/#\\\/schema\\\/logo\\\/image\\\/\",\"url\":\"https:\\\/\\\/egtvedcamping.dk\\\/wp-content\\\/uploads\\\/2022\\\/12\\\/egtved-camping-logo800.png\",\"contentUrl\":\"https:\\\/\\\/egtvedcamping.dk\\\/wp-content\\\/uploads\\\/2022\\\/12\\\/egtved-camping-logo800.png\",\"width\":800,\"height\":197,\"caption\":\"Egtved Camping\"},\"image\":{\"@id\":\"https:\\\/\\\/egtvedcamping.dk\\\/en\\\/#\\\/schema\\\/logo\\\/image\\\/\"},\"sameAs\":[\"https:\\\/\\\/www.facebook.com\\\/profile.php?id=100064243891441\"],\"description\":\"Egtved Camping tilbyder ferie med fokus p\u00e5 natur, hygge og er t\u00e6t p\u00e5 Billund, hvor der er aktiviteter og oplevelser for hele familien, bl.a Legoland \u2013 Lalandia \u2013 Givskud ZOO.\",\"email\":\"post@egtvedcamping.dk\",\"telephone\":\"+45 75551832\"}]}<\/script>\n<!-- \/ Yoast SEO Premium plugin. -->","yoast_head_json":{"title":"Accommodation near Billund - LEGOLAND and Givskud ZOO","description":"Egtved Camping - visit LEGOLAND, Givskud ZOO and Lalandia Aquadome in Billund. Cabin rental, mobile homes, glamping and camping.","robots":{"index":"index","follow":"follow","max-snippet":"max-snippet:-1","max-image-preview":"max-image-preview:large","max-video-preview":"max-video-preview:-1"},"canonical":"https:\/\/egtvedcamping.dk\/en\/accommodation\/","og_locale":"en_US","og_type":"article","og_title":"Accommodation","og_description":"Egtved Camping - visit LEGOLAND, Givskud ZOO and Lalandia Aquadome in Billund. Cabin rental, mobile homes, glamping and camping.","og_url":"https:\/\/egtvedcamping.dk\/en\/accommodation\/","og_site_name":"Egtved Camping","article_publisher":"https:\/\/www.facebook.com\/profile.php?id=100064243891441","article_modified_time":"2025-10-09T12:18:12+00:00","og_image":[{"width":2208,"height":1200,"url":"https:\/\/egtvedcamping.dk\/wp-content\/uploads\/2023\/01\/Egtved-Camping.jpg","type":"image\/jpeg"}],"twitter_misc":{"Est. reading time":"1 minute"},"schema":{"@context":"https:\/\/schema.org","@graph":[{"@type":"WebPage","@id":"https:\/\/egtvedcamping.dk\/en\/accommodation\/","url":"https:\/\/egtvedcamping.dk\/en\/accommodation\/","name":"Accommodation near Billund - LEGOLAND and Givskud ZOO","isPartOf":{"@id":"https:\/\/egtvedcamping.dk\/en\/#website"},"primaryImageOfPage":{"@id":"https:\/\/egtvedcamping.dk\/en\/accommodation\/#primaryimage"},"image":{"@id":"https:\/\/egtvedcamping.dk\/en\/accommodation\/#primaryimage"},"thumbnailUrl":"https:\/\/egtvedcamping.dk\/wp-content\/uploads\/2023\/01\/Egtved-Camping.jpg","datePublished":"2014-09-28T14:34:03+00:00","dateModified":"2025-10-09T12:18:12+00:00","description":"Egtved Camping - visit LEGOLAND, Givskud ZOO and Lalandia Aquadome in Billund. Cabin rental, mobile homes, glamping and camping.","breadcrumb":{"@id":"https:\/\/egtvedcamping.dk\/en\/accommodation\/#breadcrumb"},"inLanguage":"en-US","potentialAction":[{"@type":"ReadAction","target":["https:\/\/egtvedcamping.dk\/en\/accommodation\/"]}]},{"@type":"ImageObject","inLanguage":"en-US","@id":"https:\/\/egtvedcamping.dk\/en\/accommodation\/#primaryimage","url":"https:\/\/egtvedcamping.dk\/wp-content\/uploads\/2023\/01\/Egtved-Camping.jpg","contentUrl":"https:\/\/egtvedcamping.dk\/wp-content\/uploads\/2023\/01\/Egtved-Camping.jpg","width":2208,"height":1200,"caption":"Egtved Camping"},{"@type":"BreadcrumbList","@id":"https:\/\/egtvedcamping.dk\/en\/accommodation\/#breadcrumb","itemListElement":[{"@type":"ListItem","position":1,"name":"Home","item":"https:\/\/egtvedcamping.dk\/en\/egtved-camping\/"},{"@type":"ListItem","position":2,"name":"Accommodation"}]},{"@type":"WebSite","@id":"https:\/\/egtvedcamping.dk\/en\/#website","url":"https:\/\/egtvedcamping.dk\/en\/","name":"Egtved Camping","description":"Slow camp - back to nature","publisher":{"@id":"https:\/\/egtvedcamping.dk\/en\/#organization"},"alternateName":"\u00c6gte Camping","potentialAction":[{"@type":"SearchAction","target":{"@type":"EntryPoint","urlTemplate":"https:\/\/egtvedcamping.dk\/en\/?s={search_term_string}"},"query-input":{"@type":"PropertyValueSpecification","valueRequired":true,"valueName":"search_term_string"}}],"inLanguage":"en-US"},{"@type":"Organization","@id":"https:\/\/egtvedcamping.dk\/en\/#organization","name":"Egtved Camping","alternateName":"\u00c6gte Camping","url":"https:\/\/egtvedcamping.dk\/en\/","logo":{"@type":"ImageObject","inLanguage":"en-US","@id":"https:\/\/egtvedcamping.dk\/en\/#\/schema\/logo\/image\/","url":"https:\/\/egtvedcamping.dk\/wp-content\/uploads\/2022\/12\/egtved-camping-logo800.png","contentUrl":"https:\/\/egtvedcamping.dk\/wp-content\/uploads\/2022\/12\/egtved-camping-logo800.png","width":800,"height":197,"caption":"Egtved Camping"},"image":{"@id":"https:\/\/egtvedcamping.dk\/en\/#\/schema\/logo\/image\/"},"sameAs":["https:\/\/www.facebook.com\/profile.php?id=100064243891441"],"description":"Egtved Camping tilbyder ferie med fokus p\u00e5 natur, hygge og er t\u00e6t p\u00e5 Billund, hvor der er aktiviteter og oplevelser for hele familien, bl.a Legoland \u2013 Lalandia \u2013 Givskud ZOO.","email":"post@egtvedcamping.dk","telephone":"+45 75551832"}]}},"builder_content":"<h1>Accommodation<\/h1> <h2>At Egtved Camping you have several different options for accommodation. <\/h2> <p>There are many ways to camp. Some want a completely primitive and basic stay, while others want a little more luxury with, for example, access to a private bathroom. The most important thing is that you feel like you're on vacation and on the terms you choose. <\/p> <p>Egtved Camping is a central location when you want to visit Legoland, Lalandia Aquadome, WoW park and Legohouse in Billund or Givskud Zoo, Bindeballe K\u00f8bmandsg\u00e5rd or Trapholt. After a day on the road, come back to base where you can relax in tranquil surroundings. <\/p> <p>You can of course book a regular electricity pitch for your caravan or motorhome. If you want electricity, it is paid for in advance in packages, and if the package is used up, you pay for the rest afterwards. We have a large selection of pitches, both large and small. There are pitches close to the service building, there are pitches close to the lake and there are pitches high up with a fantastic view of the lake. <\/p>\n<h3>Tent<\/h3> <p>Of course, you can also book a pitch for your tent, where you can almost decide where you want to place it if you don't need electricity.<\/p>\n<h3>Cabins<\/h3> <p>We also have 20 beautiful camping cabins. The cabins come in different sizes and with different equipment, but all cabins have a fridge, coffee machine and crockery. There are also duvets and pillows, and you can either rent or bring your own bed linen. <\/p> <p>In some of the cabins, you can bring your dog, with an additional cleaning fee. There is a regular cleaning fee for all cabins and a daily rate for electricity. <\/p> <p>All cabins have electric heating.<\/p>\n<h3>Mobile homes<\/h3> <p>We also have 6 apartments\/mobile homes for rent, in which you have everything you need, including shower and toilet. There is a covered terrace, so you can be outside even if the weather is not with you. <\/p>\n<h3>Seasonal seats<\/h3> <p>Seasonal seats can be booked. We have different models depending on what you want. This means you can choose a spring, summer or winter pitch, and you can also combine them as you wish. If you just want to store your caravan over the winter, this is also an option. Here the awning needs to be taken down. <\/p>\n<h3>Year-round space<\/h3> <p>If you want a year-round spot, there are certain approved areas you are referred to.<\/p> <p>Please call us if you need to clarify anything.<\/p>\n<a href=\"https:\/\/egtvedcamping.dk\/wp-content\/uploads\/2023\/01\/Egtved-Camping.jpg\" >Link<\/a> \n <img src=\"https:\/\/egtvedcamping.dk\/wp-content\/uploads\/2023\/01\/Egtved-Camping.jpg\" title=\"Egtved Camping\" alt=\"Egtved Camping\" srcset=\"https:\/\/egtvedcamping.dk\/wp-content\/uploads\/2023\/01\/Egtved-Camping.jpg 2208w, https:\/\/egtvedcamping.dk\/wp-content\/uploads\/2023\/01\/Egtved-Camping-300x163.jpg 300w, https:\/\/egtvedcamping.dk\/wp-content\/uploads\/2023\/01\/Egtved-Camping-1024x557.jpg 1024w, https:\/\/egtvedcamping.dk\/wp-content\/uploads\/2023\/01\/Egtved-Camping-768x417.jpg 768w, https:\/\/egtvedcamping.dk\/wp-content\/uploads\/2023\/01\/Egtved-Camping-1536x835.jpg 1536w, https:\/\/egtvedcamping.dk\/wp-content\/uploads\/2023\/01\/Egtved-Camping-2048x1113.jpg 2048w\" sizes=\"(max-width: 2208px) 100vw, 2208px\" \/>\n<a href=\"https:\/\/onlinebooking.camp\/egtvedcamping?lang=da\" target=\"_blank\" rel=\"noopener\"> Book here <\/a>","_links":{"self":[{"href":"https:\/\/egtvedcamping.dk\/en\/wp-json\/wp\/v2\/pages\/4682","targetHints":{"allow":["GET"]}}],"collection":[{"href":"https:\/\/egtvedcamping.dk\/en\/wp-json\/wp\/v2\/pages"}],"about":[{"href":"https:\/\/egtvedcamping.dk\/en\/wp-json\/wp\/v2\/types\/page"}],"author":[{"embeddable":true,"href":"https:\/\/egtvedcamping.dk\/en\/wp-json\/wp\/v2\/users\/8"}],"replies":[{"embeddable":true,"href":"https:\/\/egtvedcamping.dk\/en\/wp-json\/wp\/v2\/comments?post=4682"}],"version-history":[{"count":6,"href":"https:\/\/egtvedcamping.dk\/en\/wp-json\/wp\/v2\/pages\/4682\/revisions"}],"predecessor-version":[{"id":9035,"href":"https:\/\/egtvedcamping.dk\/en\/wp-json\/wp\/v2\/pages\/4682\/revisions\/9035"}],"wp:featuredmedia":[{"embeddable":true,"href":"https:\/\/egtvedcamping.dk\/en\/wp-json\/wp\/v2\/media\/10087"}],"wp:attachment":[{"href":"https:\/\/egtvedcamping.dk\/en\/wp-json\/wp\/v2\/media?parent=4682"}],"curies":[{"name":"wp","href":"https:\/\/api.w.org\/{rel}","templated":true}]}}