{"id":4792,"date":"2014-09-28T13:30:21","date_gmt":"2014-09-28T13:30:21","guid":{"rendered":"https:\/\/egtvedcamping.dk\/kontakt\/"},"modified":"2026-01-19T12:13:01","modified_gmt":"2026-01-19T11:13:01","slug":"contact","status":"publish","type":"page","link":"https:\/\/egtvedcamping.dk\/en\/contact\/","title":{"rendered":"Contact us"},"content":{"rendered":"<!--themify_builder_content-->\n<div id=\"themify_builder_content-4792\" data-postid=\"4792\" class=\"themify_builder_content themify_builder_content-4792 themify_builder tf_clear\">\n                    <div  data-lazy=\"1\" class=\"module_row themify_builder_row tb_ssbf778 tb_first tf_w\">\n                        <div class=\"row_inner col_align_top tb_col_count_1 tf_box tf_rel\">\n                        <div  data-lazy=\"1\" class=\"module_column tb-column col-full tb_32d3778 first\">\n                    <!-- module text -->\n<div  class=\"module module-text tb_feec76   \" data-lazy=\"1\">\n        <div  class=\"tb_text_wrap\">\n        <h1>Contact us<\/h1>\n<p>You are always welcome to contact <a href=\"https:\/\/egtvedcamping.dk\/en\/\" target=\"_blank\" rel=\"noopener\">Egtved Camping.<\/a> If you have any questions or if you want to hear something specific about the campsite. You can either send us an email or contact us by phone.  <\/p>\n<p>Email: <a href=\"mailto:post@egtvedcamping.dk\">post@egtvedcamping.dk<\/a><\/p>\n<p>Number: <a href=\"tel:+4575551832\" target=\"_blank\" rel=\"noopener\">+45 75551832<\/a><\/p>\n<p>The phone is open every day from 7:30 &#8211; 20:00<\/p>\n<p>Our reception is also our shop and we may lock the door if we are working on site, but you are always welcome to call us during opening hours, whatever the issue may be.<\/p>\n<h2>Opening hours:<\/h2>\n<p>Varying opening hours.<\/p>\n<p>Opening hours vary depending on the season, so please call in advance if you want to make sure we&#8217;re here. There will always be a sign in the door with our opening hours. <\/p>\n<p>If you need to check in outside our opening hours, you can book online and check in using the code on your booking confirmation until 11 p.m. If you have booked and you arrive outside our opening hours, call us and we will leave a map for you to drive into the site.<\/p>\n<p>The gate is locked between 11pm and 7am, so if you arrive later than 11pm or leave earlier than 7am, you can park your car outside the site.<\/p>\n<p>From week 43 through week 10, check-in is open by appointment only. There are also no products in the store during this period. <\/p>\n<p>Emergency phone. Use outside opening hours and ONLY for urgent assistance: +45 75551832 <\/p>\n<h2><a href=\"https:\/\/onlinebooking.camp\/egtvedcamping?lang=da\" target=\"_blank\" rel=\"noopener\">Booking:<\/a><\/h2>\n<p>Bookings can be made directly on our booking page, where you can book standard electric pitches for caravans or motorhomes, tent pitches, cabins of various sizes, tipi tents and glamping tents.<\/p>\n<h3>Communication:<\/h3>\n<p>If you have any praise or criticism, we welcome both. Praise, because it&#8217;s so nice to receive, and praise because constructive criticism with your input should be used so that we can do everything we can to keep Egtved Camping as the cozy place it is. <\/p>\n<p>We prefer to receive direct inquiries, so if you dare, so do we. Things grow faster inside your head than if they are cleared away immediately. <\/p>\n<p>Dialogue is the way to good collaboration.<\/p>    <\/div>\n<\/div>\n<!-- \/module text -->        <\/div>\n                        <\/div>\n        <\/div>\n        <\/div>\n<!--\/themify_builder_content-->","protected":false},"excerpt":{"rendered":"<p>Contact us You are always welcome to contact Egtved Camping. If you have any questions or if you want to hear something specific about the campsite. You can either send us an email or contact us by phone. Email: post@egtvedcamping.dk Number: +45 75551832 The phone is open every day from 7:30 &#8211; 20:00 Our reception [&hellip;]<\/p>\n","protected":false},"author":8,"featured_media":4996,"parent":0,"menu_order":0,"comment_status":"closed","ping_status":"closed","template":"","meta":{"footnotes":""},"class_list":["post-4792","page","type-page","status-publish","has-post-thumbnail","hentry","has-post-title","has-post-date","has-post-category","has-post-tag","has-post-comment","has-post-author",""],"yoast_head":"<!-- This site is optimized with the Yoast SEO Premium plugin v27.5 (Yoast SEO v27.5) - https:\/\/yoast.com\/product\/yoast-seo-premium-wordpress\/ -->\n<title>Contact Egtved Camping<\/title>\n<meta name=\"description\" content=\"Contact Egtved Camping - Campsite in Central Jutland. Email: post@egtvedcamping.dk. Every day from 08:00-19:30. Phone: 75 55 18 32.\" \/>\n<meta name=\"robots\" content=\"index, follow, max-snippet:-1, max-image-preview:large, max-video-preview:-1\" \/>\n<link rel=\"canonical\" href=\"https:\/\/egtvedcamping.dk\/en\/contact\/\" \/>\n<meta property=\"og:locale\" content=\"en_US\" \/>\n<meta property=\"og:type\" content=\"article\" \/>\n<meta property=\"og:title\" content=\"Contact us\" \/>\n<meta property=\"og:description\" content=\"Contact Egtved Camping - Campsite in Central Jutland. Email: post@egtvedcamping.dk. Every day from 08:00-19:30. Phone: 75 55 18 32.\" \/>\n<meta property=\"og:url\" content=\"https:\/\/egtvedcamping.dk\/en\/contact\/\" \/>\n<meta property=\"og:site_name\" content=\"Egtved Camping\" \/>\n<meta property=\"article:publisher\" content=\"https:\/\/www.facebook.com\/profile.php?id=100064243891441\" \/>\n<meta property=\"article:modified_time\" content=\"2026-01-19T11:13:01+00:00\" \/>\n<meta property=\"og:image\" content=\"https:\/\/egtvedcamping.dk\/wp-content\/uploads\/2023\/03\/os.jpg\" \/>\n\t<meta property=\"og:image:width\" content=\"915\" \/>\n\t<meta property=\"og:image:height\" content=\"657\" \/>\n\t<meta property=\"og:image:type\" content=\"image\/jpeg\" \/>\n<meta name=\"twitter:label1\" content=\"Est. reading time\" \/>\n\t<meta name=\"twitter:data1\" content=\"1 minute\" \/>\n<script type=\"application\/ld+json\" class=\"yoast-schema-graph\">{\"@context\":\"https:\\\/\\\/schema.org\",\"@graph\":[{\"@type\":\"WebPage\",\"@id\":\"https:\\\/\\\/egtvedcamping.dk\\\/en\\\/contact\\\/\",\"url\":\"https:\\\/\\\/egtvedcamping.dk\\\/en\\\/contact\\\/\",\"name\":\"Contact Egtved Camping\",\"isPartOf\":{\"@id\":\"https:\\\/\\\/egtvedcamping.dk\\\/en\\\/#website\"},\"primaryImageOfPage\":{\"@id\":\"https:\\\/\\\/egtvedcamping.dk\\\/en\\\/contact\\\/#primaryimage\"},\"image\":{\"@id\":\"https:\\\/\\\/egtvedcamping.dk\\\/en\\\/contact\\\/#primaryimage\"},\"thumbnailUrl\":\"https:\\\/\\\/egtvedcamping.dk\\\/wp-content\\\/uploads\\\/2023\\\/03\\\/os.jpg\",\"datePublished\":\"2014-09-28T13:30:21+00:00\",\"dateModified\":\"2026-01-19T11:13:01+00:00\",\"description\":\"Contact Egtved Camping - Campsite in Central Jutland. Email: post@egtvedcamping.dk. Every day from 08:00-19:30. Phone: 75 55 18 32.\",\"breadcrumb\":{\"@id\":\"https:\\\/\\\/egtvedcamping.dk\\\/en\\\/contact\\\/#breadcrumb\"},\"inLanguage\":\"en-US\",\"potentialAction\":[{\"@type\":\"ReadAction\",\"target\":[\"https:\\\/\\\/egtvedcamping.dk\\\/en\\\/contact\\\/\"]}]},{\"@type\":\"ImageObject\",\"inLanguage\":\"en-US\",\"@id\":\"https:\\\/\\\/egtvedcamping.dk\\\/en\\\/contact\\\/#primaryimage\",\"url\":\"https:\\\/\\\/egtvedcamping.dk\\\/wp-content\\\/uploads\\\/2023\\\/03\\\/os.jpg\",\"contentUrl\":\"https:\\\/\\\/egtvedcamping.dk\\\/wp-content\\\/uploads\\\/2023\\\/03\\\/os.jpg\",\"width\":915,\"height\":657,\"caption\":\"Thomas &amp; Stine\"},{\"@type\":\"BreadcrumbList\",\"@id\":\"https:\\\/\\\/egtvedcamping.dk\\\/en\\\/contact\\\/#breadcrumb\",\"itemListElement\":[{\"@type\":\"ListItem\",\"position\":1,\"name\":\"Home\",\"item\":\"https:\\\/\\\/egtvedcamping.dk\\\/en\\\/egtved-camping\\\/\"},{\"@type\":\"ListItem\",\"position\":2,\"name\":\"Contact us\"}]},{\"@type\":\"WebSite\",\"@id\":\"https:\\\/\\\/egtvedcamping.dk\\\/en\\\/#website\",\"url\":\"https:\\\/\\\/egtvedcamping.dk\\\/en\\\/\",\"name\":\"Egtved Camping\",\"description\":\"Slow camp - back to nature\",\"publisher\":{\"@id\":\"https:\\\/\\\/egtvedcamping.dk\\\/en\\\/#organization\"},\"alternateName\":\"\u00c6gte Camping\",\"potentialAction\":[{\"@type\":\"SearchAction\",\"target\":{\"@type\":\"EntryPoint\",\"urlTemplate\":\"https:\\\/\\\/egtvedcamping.dk\\\/en\\\/?s={search_term_string}\"},\"query-input\":{\"@type\":\"PropertyValueSpecification\",\"valueRequired\":true,\"valueName\":\"search_term_string\"}}],\"inLanguage\":\"en-US\"},{\"@type\":\"Organization\",\"@id\":\"https:\\\/\\\/egtvedcamping.dk\\\/en\\\/#organization\",\"name\":\"Egtved Camping\",\"alternateName\":\"\u00c6gte Camping\",\"url\":\"https:\\\/\\\/egtvedcamping.dk\\\/en\\\/\",\"logo\":{\"@type\":\"ImageObject\",\"inLanguage\":\"en-US\",\"@id\":\"https:\\\/\\\/egtvedcamping.dk\\\/en\\\/#\\\/schema\\\/logo\\\/image\\\/\",\"url\":\"https:\\\/\\\/egtvedcamping.dk\\\/wp-content\\\/uploads\\\/2022\\\/12\\\/egtved-camping-logo800.png\",\"contentUrl\":\"https:\\\/\\\/egtvedcamping.dk\\\/wp-content\\\/uploads\\\/2022\\\/12\\\/egtved-camping-logo800.png\",\"width\":800,\"height\":197,\"caption\":\"Egtved Camping\"},\"image\":{\"@id\":\"https:\\\/\\\/egtvedcamping.dk\\\/en\\\/#\\\/schema\\\/logo\\\/image\\\/\"},\"sameAs\":[\"https:\\\/\\\/www.facebook.com\\\/profile.php?id=100064243891441\"],\"description\":\"Egtved Camping tilbyder ferie med fokus p\u00e5 natur, hygge og er t\u00e6t p\u00e5 Billund, hvor der er aktiviteter og oplevelser for hele familien, bl.a Legoland \u2013 Lalandia \u2013 Givskud ZOO.\",\"email\":\"post@egtvedcamping.dk\",\"telephone\":\"+45 75551832\"}]}<\/script>\n<!-- \/ Yoast SEO Premium plugin. -->","yoast_head_json":{"title":"Contact Egtved Camping","description":"Contact Egtved Camping - Campsite in Central Jutland. Email: post@egtvedcamping.dk. Every day from 08:00-19:30. Phone: 75 55 18 32.","robots":{"index":"index","follow":"follow","max-snippet":"max-snippet:-1","max-image-preview":"max-image-preview:large","max-video-preview":"max-video-preview:-1"},"canonical":"https:\/\/egtvedcamping.dk\/en\/contact\/","og_locale":"en_US","og_type":"article","og_title":"Contact us","og_description":"Contact Egtved Camping - Campsite in Central Jutland. Email: post@egtvedcamping.dk. Every day from 08:00-19:30. Phone: 75 55 18 32.","og_url":"https:\/\/egtvedcamping.dk\/en\/contact\/","og_site_name":"Egtved Camping","article_publisher":"https:\/\/www.facebook.com\/profile.php?id=100064243891441","article_modified_time":"2026-01-19T11:13:01+00:00","og_image":[{"width":915,"height":657,"url":"https:\/\/egtvedcamping.dk\/wp-content\/uploads\/2023\/03\/os.jpg","type":"image\/jpeg"}],"twitter_misc":{"Est. reading time":"1 minute"},"schema":{"@context":"https:\/\/schema.org","@graph":[{"@type":"WebPage","@id":"https:\/\/egtvedcamping.dk\/en\/contact\/","url":"https:\/\/egtvedcamping.dk\/en\/contact\/","name":"Contact Egtved Camping","isPartOf":{"@id":"https:\/\/egtvedcamping.dk\/en\/#website"},"primaryImageOfPage":{"@id":"https:\/\/egtvedcamping.dk\/en\/contact\/#primaryimage"},"image":{"@id":"https:\/\/egtvedcamping.dk\/en\/contact\/#primaryimage"},"thumbnailUrl":"https:\/\/egtvedcamping.dk\/wp-content\/uploads\/2023\/03\/os.jpg","datePublished":"2014-09-28T13:30:21+00:00","dateModified":"2026-01-19T11:13:01+00:00","description":"Contact Egtved Camping - Campsite in Central Jutland. Email: post@egtvedcamping.dk. Every day from 08:00-19:30. Phone: 75 55 18 32.","breadcrumb":{"@id":"https:\/\/egtvedcamping.dk\/en\/contact\/#breadcrumb"},"inLanguage":"en-US","potentialAction":[{"@type":"ReadAction","target":["https:\/\/egtvedcamping.dk\/en\/contact\/"]}]},{"@type":"ImageObject","inLanguage":"en-US","@id":"https:\/\/egtvedcamping.dk\/en\/contact\/#primaryimage","url":"https:\/\/egtvedcamping.dk\/wp-content\/uploads\/2023\/03\/os.jpg","contentUrl":"https:\/\/egtvedcamping.dk\/wp-content\/uploads\/2023\/03\/os.jpg","width":915,"height":657,"caption":"Thomas &amp; Stine"},{"@type":"BreadcrumbList","@id":"https:\/\/egtvedcamping.dk\/en\/contact\/#breadcrumb","itemListElement":[{"@type":"ListItem","position":1,"name":"Home","item":"https:\/\/egtvedcamping.dk\/en\/egtved-camping\/"},{"@type":"ListItem","position":2,"name":"Contact us"}]},{"@type":"WebSite","@id":"https:\/\/egtvedcamping.dk\/en\/#website","url":"https:\/\/egtvedcamping.dk\/en\/","name":"Egtved Camping","description":"Slow camp - back to nature","publisher":{"@id":"https:\/\/egtvedcamping.dk\/en\/#organization"},"alternateName":"\u00c6gte Camping","potentialAction":[{"@type":"SearchAction","target":{"@type":"EntryPoint","urlTemplate":"https:\/\/egtvedcamping.dk\/en\/?s={search_term_string}"},"query-input":{"@type":"PropertyValueSpecification","valueRequired":true,"valueName":"search_term_string"}}],"inLanguage":"en-US"},{"@type":"Organization","@id":"https:\/\/egtvedcamping.dk\/en\/#organization","name":"Egtved Camping","alternateName":"\u00c6gte Camping","url":"https:\/\/egtvedcamping.dk\/en\/","logo":{"@type":"ImageObject","inLanguage":"en-US","@id":"https:\/\/egtvedcamping.dk\/en\/#\/schema\/logo\/image\/","url":"https:\/\/egtvedcamping.dk\/wp-content\/uploads\/2022\/12\/egtved-camping-logo800.png","contentUrl":"https:\/\/egtvedcamping.dk\/wp-content\/uploads\/2022\/12\/egtved-camping-logo800.png","width":800,"height":197,"caption":"Egtved Camping"},"image":{"@id":"https:\/\/egtvedcamping.dk\/en\/#\/schema\/logo\/image\/"},"sameAs":["https:\/\/www.facebook.com\/profile.php?id=100064243891441"],"description":"Egtved Camping tilbyder ferie med fokus p\u00e5 natur, hygge og er t\u00e6t p\u00e5 Billund, hvor der er aktiviteter og oplevelser for hele familien, bl.a Legoland \u2013 Lalandia \u2013 Givskud ZOO.","email":"post@egtvedcamping.dk","telephone":"+45 75551832"}]}},"builder_content":"<h1>Contact us<\/h1> <p>You are always welcome to contact <a href=\"https:\/\/egtvedcamping.dk\/en\/\" target=\"_blank\" rel=\"noopener\">Egtved Camping.<\/a> If you have any questions or if you want to hear something specific about the campsite. You can either send us an email or contact us by phone. <\/p> <p>Email: <a href=\"mailto:post@egtvedcamping.dk\">post@egtvedcamping.dk<\/a><\/p> <p>Number: <a href=\"tel:+4575551832\" target=\"_blank\" rel=\"noopener\">+45 75551832<\/a><\/p> <p>The phone is open every day from 7:30 - 20:00<\/p> <p>Our reception is also our shop and we may lock the door if we are working on site, but you are always welcome to call us during opening hours, whatever the issue may be.<\/p> <h2>Opening hours:<\/h2> <p>Varying opening hours.<\/p> <p>Opening hours vary depending on the season, so please call in advance if you want to make sure we're here. There will always be a sign in the door with our opening hours. <\/p> <p>If you need to check in outside our opening hours, you can book online and check in using the code on your booking confirmation until 11 p.m. If you have booked and you arrive outside our opening hours, call us and we will leave a map for you to drive into the site.<\/p> <p>The gate is locked between 11pm and 7am, so if you arrive later than 11pm or leave earlier than 7am, you can park your car outside the site.<\/p> <p>From week 43 through week 10, check-in is open by appointment only. There are also no products in the store during this period. <\/p> <p>Emergency phone. Use outside opening hours and ONLY for urgent assistance: +45 75551832 <\/p> <h2><a href=\"https:\/\/onlinebooking.camp\/egtvedcamping?lang=da\" target=\"_blank\" rel=\"noopener\">Booking:<\/a><\/h2> <p>Bookings can be made directly on our booking page, where you can book standard electric pitches for caravans or motorhomes, tent pitches, cabins of various sizes, tipi tents and glamping tents.<\/p> <h3>Communication:<\/h3> <p>If you have any praise or criticism, we welcome both. Praise, because it's so nice to receive, and praise because constructive criticism with your input should be used so that we can do everything we can to keep Egtved Camping as the cozy place it is. <\/p> <p>We prefer to receive direct inquiries, so if you dare, so do we. Things grow faster inside your head than if they are cleared away immediately. <\/p> <p>Dialogue is the way to good collaboration.<\/p>","_links":{"self":[{"href":"https:\/\/egtvedcamping.dk\/en\/wp-json\/wp\/v2\/pages\/4792","targetHints":{"allow":["GET"]}}],"collection":[{"href":"https:\/\/egtvedcamping.dk\/en\/wp-json\/wp\/v2\/pages"}],"about":[{"href":"https:\/\/egtvedcamping.dk\/en\/wp-json\/wp\/v2\/types\/page"}],"author":[{"embeddable":true,"href":"https:\/\/egtvedcamping.dk\/en\/wp-json\/wp\/v2\/users\/8"}],"replies":[{"embeddable":true,"href":"https:\/\/egtvedcamping.dk\/en\/wp-json\/wp\/v2\/comments?post=4792"}],"version-history":[{"count":8,"href":"https:\/\/egtvedcamping.dk\/en\/wp-json\/wp\/v2\/pages\/4792\/revisions"}],"predecessor-version":[{"id":10614,"href":"https:\/\/egtvedcamping.dk\/en\/wp-json\/wp\/v2\/pages\/4792\/revisions\/10614"}],"wp:featuredmedia":[{"embeddable":true,"href":"https:\/\/egtvedcamping.dk\/en\/wp-json\/wp\/v2\/media\/4996"}],"wp:attachment":[{"href":"https:\/\/egtvedcamping.dk\/en\/wp-json\/wp\/v2\/media?parent=4792"}],"curies":[{"name":"wp","href":"https:\/\/api.w.org\/{rel}","templated":true}]}}