{"id":4873,"date":"2014-09-29T00:25:57","date_gmt":"2014-09-29T00:25:57","guid":{"rendered":"https:\/\/egtvedcamping.dk\/accommodation\/pladsoversigt\/"},"modified":"2026-04-29T14:50:03","modified_gmt":"2026-04-29T12:50:03","slug":"campsite-overview","status":"publish","type":"page","link":"https:\/\/egtvedcamping.dk\/en\/accommodation\/campsite-overview\/","title":{"rendered":"Seating overview"},"content":{"rendered":"<!--themify_builder_content-->\n<div id=\"themify_builder_content-4873\" data-postid=\"4873\" class=\"themify_builder_content themify_builder_content-4873 themify_builder tf_clear\">\n                    <div  data-lazy=\"1\" class=\"module_row themify_builder_row tb_rp1w10 tb_first tf_w\">\n                        <div class=\"row_inner col_align_top tb_col_count_1 tf_box tf_rel\">\n                        <div  data-lazy=\"1\" class=\"module_column tb-column col-full tb_m13l10 first\">\n                    <!-- module text -->\n<div  class=\"module module-text tb_0j94583   \" data-lazy=\"1\">\n        <div  class=\"tb_text_wrap\">\n        <h1>Seating overview<\/h1>\n<p>On our campsite overview you can find out where the different facilities and activities are located &#8211; and you can also find the pitch that best suits you and the camping experience you want to have with us. There is a wide range of pitches and when you book online, not all of them will be listed. This is because some of the pitches are occupied or are only available to the administration. Call and ask if you have a specific seat in mind and you don&#8217;t find it available.   &nbsp;<\/p>    <\/div>\n<\/div>\n<!-- \/module text -->        <\/div>\n                        <\/div>\n        <\/div>\n                        <div  data-lazy=\"1\" class=\"module_row themify_builder_row tb_3zn8496 tf_w\">\n                        <div class=\"row_inner col_align_top tb_col_count_1 tf_box tf_rel\">\n                        <div  data-lazy=\"1\" class=\"module_column tb-column col-full tb_wkra496 first\">\n                    <!-- module image pro -->\n<div  class=\"module module-pro-image tb_wf8m681 filter- effect-   tf_textc   entrance-effect-fadeIn\" data-lazy=\"1\" data-entrance-effect=\"fadeIn\" data-exit-effect=\"fadeOut\" >\n\t\n    <div class=\"image-pro-wrap tf_rel tf_overflow tf_inline_b\">\n\t\t\t\t\t<a class=\"image-pro-external themify_lightbox tf_abs tf_w tf_h\" href=\"https:\/\/egtvedcamping.dk\/wp-content\/uploads\/2026\/04\/Egtved-Camping-Pladsoversigt-2026-1980.webp\" ><span class=\"screen-reader-text\">Link<\/span><\/a>\n\t\t   \t\t<div class=\"image-pro-flip-box-wrap tf_rel tf_w tf_overflow\">\n\t\t\t<div class=\"image-pro-flip-box tf_rel\">\n\n\t\t\t\t<img decoding=\"async\" width=\"1920\" height=\"1382\" src=\"https:\/\/egtvedcamping.dk\/wp-content\/uploads\/2026\/04\/Egtved-Camping-Pladsoversigt-2026-1980.webp\" class=\"wp-post-image wp-image-11537\" title=\"Egtved Camping Location overview 2026\" alt=\"Egtved Camping Location overview 2026\" srcset=\"https:\/\/egtvedcamping.dk\/wp-content\/uploads\/2026\/04\/Egtved-Camping-Pladsoversigt-2026-1980.webp 1920w, https:\/\/egtvedcamping.dk\/wp-content\/uploads\/2026\/04\/Egtved-Camping-Pladsoversigt-2026-1980-300x216.webp 300w, https:\/\/egtvedcamping.dk\/wp-content\/uploads\/2026\/04\/Egtved-Camping-Pladsoversigt-2026-1980-1024x737.webp 1024w, https:\/\/egtvedcamping.dk\/wp-content\/uploads\/2026\/04\/Egtved-Camping-Pladsoversigt-2026-1980-768x553.webp 768w, https:\/\/egtvedcamping.dk\/wp-content\/uploads\/2026\/04\/Egtved-Camping-Pladsoversigt-2026-1980-1536x1106.webp 1536w\" sizes=\"(max-width: 1920px) 100vw, 1920px\" \/>\n\t\t\t\t\n\t\t\t<\/div>\n\t\t<\/div>\n\n    <\/div><!-- .image-pro-wrap -->\n\n\t\n\t\n\t<\/div><!-- \/module image pro -->        <\/div>\n                        <\/div>\n        <\/div>\n                        <div  data-lazy=\"1\" class=\"module_row themify_builder_row tb_4fd9534 tf_w\">\n                        <div class=\"row_inner col_align_top tb_col_count_1 tf_box tf_rel\">\n                        <div  data-lazy=\"1\" class=\"module_column tb-column col-full tb_n79w534 first\">\n                    <!-- module text -->\n<div  class=\"module module-text tb_hzpf765   \" data-lazy=\"1\">\n        <div  class=\"tb_text_wrap\">\n        <h2>Camping in scenic surroundings<\/h2>\n<p>Egtved Camping is a real family campsite that creates the framework for both coziness, presence and community in the family and with other guests.<\/p>\n<p>That&#8217;s why we offer several different types of accommodation, such as <a href=\"https:\/\/egtvedcamping.dk\/en\/accommodation\/cabins\/\">cabins<\/a>, <a href=\"https:\/\/egtvedcamping.dk\/en\/accommodation\/mobile-homes\/\">mobile homes<\/a> and <a href=\"https:\/\/egtvedcamping.dk\/en\/accommodation\/glamping\/\">glamping<\/a>, as well as many different activities.  <\/p>\n<h2>Location overview with activities<\/h2>\n<p>For the younger guests we have 2 playgrounds, one for the youngest children, the other with two bouncy castles, climbing frame, swing and seesaw. In addition, there is a nice big tree stump that is fun to climb. Ved sceneomr\u00e5det er der en legeskov med et lille legehus i, og n\u00e5r man er barn, er det b\u00e5de hyggeligt og lidt uhyggeligt at gemme sig i skoven \u2013 og blive fundet igen.   <br>Just outside the square at the back is Walters Plads, which is a large grass field. Here you can play soccer, roundball or just run around in the tall grass. This is also where the pigs Gurli and Bacon live. Be aware that there are bumps in the fence and children must be accompanied by adults when petting the pigs. We also have chickens, and you&#8217;re welcome to join us when collecting eggs.    <\/p>\n<p>The goats live in the forest in the campfire site. You are welcome to enter the goat pen and play with the goats, remember to respect them. If you go out of the pen at the other end of the pen, you&#8217;ll come out between the two lakes, where you can also explore your motor skills as there are plenty of large roots and soft ground to walk around on.  <\/p>\n<p>And for the adults, we have a Friday bar, sometimes with live music and the opportunity to buy a meal.<\/p>\n<p>Of course, you&#8217;re welcome to sit at the benches around the site, and the area by the outdoor kitchen is also available to all guests.<\/p>\n<p>During the summer, we organize various music events at Musikpladsen. So keep an eye on our calendar &#8211; and find your way on our seat map.  <\/p>    <\/div>\n<\/div>\n<!-- \/module text -->        <\/div>\n                        <\/div>\n        <\/div>\n        <\/div>\n<!--\/themify_builder_content-->","protected":false},"excerpt":{"rendered":"<p>Seating overview On our campsite overview you can find out where the different facilities and activities are located &#8211; and you can also find the pitch that best suits you and the camping experience you want to have with us. There is a wide range of pitches and when you book online, not all of [&hellip;]<\/p>\n","protected":false},"author":8,"featured_media":4874,"parent":4682,"menu_order":0,"comment_status":"closed","ping_status":"closed","template":"","meta":{"footnotes":""},"class_list":["post-4873","page","type-page","status-publish","has-post-thumbnail","hentry","has-post-title","has-post-date","has-post-category","has-post-tag","has-post-comment","has-post-author",""],"yoast_head":"<!-- This site is optimized with the Yoast SEO Premium plugin v27.5 (Yoast SEO v27.5) - https:\/\/yoast.com\/product\/yoast-seo-premium-wordpress\/ -->\n<title>Campsite overview - Egtved Camping by LEGOLAND - Lalandia<\/title>\n<meta name=\"description\" content=\"See the campsite overview for Egtved Camping in scenic surroundings, with all the facilities you need for a great vacation.\" \/>\n<meta name=\"robots\" content=\"index, follow, max-snippet:-1, max-image-preview:large, max-video-preview:-1\" \/>\n<link rel=\"canonical\" href=\"https:\/\/egtvedcamping.dk\/en\/accommodation\/campsite-overview\/\" \/>\n<meta property=\"og:locale\" content=\"en_US\" \/>\n<meta property=\"og:type\" content=\"article\" \/>\n<meta property=\"og:title\" content=\"Seating overview\" \/>\n<meta property=\"og:description\" content=\"See the campsite overview for Egtved Camping in scenic surroundings, with all the facilities you need for a great vacation.\" \/>\n<meta property=\"og:url\" content=\"https:\/\/egtvedcamping.dk\/en\/accommodation\/campsite-overview\/\" \/>\n<meta property=\"og:site_name\" content=\"Egtved Camping\" \/>\n<meta property=\"article:publisher\" content=\"https:\/\/www.facebook.com\/profile.php?id=100064243891441\" \/>\n<meta property=\"article:modified_time\" content=\"2026-04-29T12:50:03+00:00\" \/>\n<meta property=\"og:image\" content=\"https:\/\/egtvedcamping.dk\/wp-content\/uploads\/2014\/09\/Pladsoversigt-Egtved-til-web1.jpg\" \/>\n\t<meta property=\"og:image:width\" content=\"4961\" \/>\n\t<meta property=\"og:image:height\" content=\"3591\" \/>\n\t<meta property=\"og:image:type\" content=\"image\/jpeg\" \/>\n<meta name=\"twitter:label1\" content=\"Est. reading time\" \/>\n\t<meta name=\"twitter:data1\" content=\"8 minutes\" \/>\n<script type=\"application\/ld+json\" class=\"yoast-schema-graph\">{\"@context\":\"https:\\\/\\\/schema.org\",\"@graph\":[{\"@type\":\"WebPage\",\"@id\":\"https:\\\/\\\/egtvedcamping.dk\\\/en\\\/accommodation\\\/campsite-overview\\\/\",\"url\":\"https:\\\/\\\/egtvedcamping.dk\\\/en\\\/accommodation\\\/campsite-overview\\\/\",\"name\":\"Campsite overview - Egtved Camping by LEGOLAND - Lalandia\",\"isPartOf\":{\"@id\":\"https:\\\/\\\/egtvedcamping.dk\\\/en\\\/#website\"},\"primaryImageOfPage\":{\"@id\":\"https:\\\/\\\/egtvedcamping.dk\\\/en\\\/accommodation\\\/campsite-overview\\\/#primaryimage\"},\"image\":{\"@id\":\"https:\\\/\\\/egtvedcamping.dk\\\/en\\\/accommodation\\\/campsite-overview\\\/#primaryimage\"},\"thumbnailUrl\":\"https:\\\/\\\/egtvedcamping.dk\\\/wp-content\\\/uploads\\\/2014\\\/09\\\/Pladsoversigt-Egtved-til-web1.jpg\",\"datePublished\":\"2014-09-29T00:25:57+00:00\",\"dateModified\":\"2026-04-29T12:50:03+00:00\",\"description\":\"See the campsite overview for Egtved Camping in scenic surroundings, with all the facilities you need for a great vacation.\",\"breadcrumb\":{\"@id\":\"https:\\\/\\\/egtvedcamping.dk\\\/en\\\/accommodation\\\/campsite-overview\\\/#breadcrumb\"},\"inLanguage\":\"en-US\",\"potentialAction\":[{\"@type\":\"ReadAction\",\"target\":[\"https:\\\/\\\/egtvedcamping.dk\\\/en\\\/accommodation\\\/campsite-overview\\\/\"]}]},{\"@type\":\"ImageObject\",\"inLanguage\":\"en-US\",\"@id\":\"https:\\\/\\\/egtvedcamping.dk\\\/en\\\/accommodation\\\/campsite-overview\\\/#primaryimage\",\"url\":\"https:\\\/\\\/egtvedcamping.dk\\\/wp-content\\\/uploads\\\/2014\\\/09\\\/Pladsoversigt-Egtved-til-web1.jpg\",\"contentUrl\":\"https:\\\/\\\/egtvedcamping.dk\\\/wp-content\\\/uploads\\\/2014\\\/09\\\/Pladsoversigt-Egtved-til-web1.jpg\",\"width\":4961,\"height\":3591,\"caption\":\"pladsoversigt\"},{\"@type\":\"BreadcrumbList\",\"@id\":\"https:\\\/\\\/egtvedcamping.dk\\\/en\\\/accommodation\\\/campsite-overview\\\/#breadcrumb\",\"itemListElement\":[{\"@type\":\"ListItem\",\"position\":1,\"name\":\"Home\",\"item\":\"https:\\\/\\\/egtvedcamping.dk\\\/en\\\/egtved-camping\\\/\"},{\"@type\":\"ListItem\",\"position\":2,\"name\":\"Accommodation\",\"item\":\"https:\\\/\\\/egtvedcamping.dk\\\/en\\\/accommodation\\\/\"},{\"@type\":\"ListItem\",\"position\":3,\"name\":\"Seating overview\"}]},{\"@type\":\"WebSite\",\"@id\":\"https:\\\/\\\/egtvedcamping.dk\\\/en\\\/#website\",\"url\":\"https:\\\/\\\/egtvedcamping.dk\\\/en\\\/\",\"name\":\"Egtved Camping\",\"description\":\"Slow camp - back to nature\",\"publisher\":{\"@id\":\"https:\\\/\\\/egtvedcamping.dk\\\/en\\\/#organization\"},\"alternateName\":\"\u00c6gte Camping\",\"potentialAction\":[{\"@type\":\"SearchAction\",\"target\":{\"@type\":\"EntryPoint\",\"urlTemplate\":\"https:\\\/\\\/egtvedcamping.dk\\\/en\\\/?s={search_term_string}\"},\"query-input\":{\"@type\":\"PropertyValueSpecification\",\"valueRequired\":true,\"valueName\":\"search_term_string\"}}],\"inLanguage\":\"en-US\"},{\"@type\":\"Organization\",\"@id\":\"https:\\\/\\\/egtvedcamping.dk\\\/en\\\/#organization\",\"name\":\"Egtved Camping\",\"alternateName\":\"\u00c6gte Camping\",\"url\":\"https:\\\/\\\/egtvedcamping.dk\\\/en\\\/\",\"logo\":{\"@type\":\"ImageObject\",\"inLanguage\":\"en-US\",\"@id\":\"https:\\\/\\\/egtvedcamping.dk\\\/en\\\/#\\\/schema\\\/logo\\\/image\\\/\",\"url\":\"https:\\\/\\\/egtvedcamping.dk\\\/wp-content\\\/uploads\\\/2022\\\/12\\\/egtved-camping-logo800.png\",\"contentUrl\":\"https:\\\/\\\/egtvedcamping.dk\\\/wp-content\\\/uploads\\\/2022\\\/12\\\/egtved-camping-logo800.png\",\"width\":800,\"height\":197,\"caption\":\"Egtved Camping\"},\"image\":{\"@id\":\"https:\\\/\\\/egtvedcamping.dk\\\/en\\\/#\\\/schema\\\/logo\\\/image\\\/\"},\"sameAs\":[\"https:\\\/\\\/www.facebook.com\\\/profile.php?id=100064243891441\"],\"description\":\"Egtved Camping tilbyder ferie med fokus p\u00e5 natur, hygge og er t\u00e6t p\u00e5 Billund, hvor der er aktiviteter og oplevelser for hele familien, bl.a Legoland \u2013 Lalandia \u2013 Givskud ZOO.\",\"email\":\"post@egtvedcamping.dk\",\"telephone\":\"+45 75551832\"}]}<\/script>\n<!-- \/ Yoast SEO Premium plugin. -->","yoast_head_json":{"title":"Campsite overview - Egtved Camping by LEGOLAND - Lalandia","description":"See the campsite overview for Egtved Camping in scenic surroundings, with all the facilities you need for a great vacation.","robots":{"index":"index","follow":"follow","max-snippet":"max-snippet:-1","max-image-preview":"max-image-preview:large","max-video-preview":"max-video-preview:-1"},"canonical":"https:\/\/egtvedcamping.dk\/en\/accommodation\/campsite-overview\/","og_locale":"en_US","og_type":"article","og_title":"Seating overview","og_description":"See the campsite overview for Egtved Camping in scenic surroundings, with all the facilities you need for a great vacation.","og_url":"https:\/\/egtvedcamping.dk\/en\/accommodation\/campsite-overview\/","og_site_name":"Egtved Camping","article_publisher":"https:\/\/www.facebook.com\/profile.php?id=100064243891441","article_modified_time":"2026-04-29T12:50:03+00:00","og_image":[{"width":4961,"height":3591,"url":"https:\/\/egtvedcamping.dk\/wp-content\/uploads\/2014\/09\/Pladsoversigt-Egtved-til-web1.jpg","type":"image\/jpeg"}],"twitter_misc":{"Est. reading time":"8 minutes"},"schema":{"@context":"https:\/\/schema.org","@graph":[{"@type":"WebPage","@id":"https:\/\/egtvedcamping.dk\/en\/accommodation\/campsite-overview\/","url":"https:\/\/egtvedcamping.dk\/en\/accommodation\/campsite-overview\/","name":"Campsite overview - Egtved Camping by LEGOLAND - Lalandia","isPartOf":{"@id":"https:\/\/egtvedcamping.dk\/en\/#website"},"primaryImageOfPage":{"@id":"https:\/\/egtvedcamping.dk\/en\/accommodation\/campsite-overview\/#primaryimage"},"image":{"@id":"https:\/\/egtvedcamping.dk\/en\/accommodation\/campsite-overview\/#primaryimage"},"thumbnailUrl":"https:\/\/egtvedcamping.dk\/wp-content\/uploads\/2014\/09\/Pladsoversigt-Egtved-til-web1.jpg","datePublished":"2014-09-29T00:25:57+00:00","dateModified":"2026-04-29T12:50:03+00:00","description":"See the campsite overview for Egtved Camping in scenic surroundings, with all the facilities you need for a great vacation.","breadcrumb":{"@id":"https:\/\/egtvedcamping.dk\/en\/accommodation\/campsite-overview\/#breadcrumb"},"inLanguage":"en-US","potentialAction":[{"@type":"ReadAction","target":["https:\/\/egtvedcamping.dk\/en\/accommodation\/campsite-overview\/"]}]},{"@type":"ImageObject","inLanguage":"en-US","@id":"https:\/\/egtvedcamping.dk\/en\/accommodation\/campsite-overview\/#primaryimage","url":"https:\/\/egtvedcamping.dk\/wp-content\/uploads\/2014\/09\/Pladsoversigt-Egtved-til-web1.jpg","contentUrl":"https:\/\/egtvedcamping.dk\/wp-content\/uploads\/2014\/09\/Pladsoversigt-Egtved-til-web1.jpg","width":4961,"height":3591,"caption":"pladsoversigt"},{"@type":"BreadcrumbList","@id":"https:\/\/egtvedcamping.dk\/en\/accommodation\/campsite-overview\/#breadcrumb","itemListElement":[{"@type":"ListItem","position":1,"name":"Home","item":"https:\/\/egtvedcamping.dk\/en\/egtved-camping\/"},{"@type":"ListItem","position":2,"name":"Accommodation","item":"https:\/\/egtvedcamping.dk\/en\/accommodation\/"},{"@type":"ListItem","position":3,"name":"Seating overview"}]},{"@type":"WebSite","@id":"https:\/\/egtvedcamping.dk\/en\/#website","url":"https:\/\/egtvedcamping.dk\/en\/","name":"Egtved Camping","description":"Slow camp - back to nature","publisher":{"@id":"https:\/\/egtvedcamping.dk\/en\/#organization"},"alternateName":"\u00c6gte Camping","potentialAction":[{"@type":"SearchAction","target":{"@type":"EntryPoint","urlTemplate":"https:\/\/egtvedcamping.dk\/en\/?s={search_term_string}"},"query-input":{"@type":"PropertyValueSpecification","valueRequired":true,"valueName":"search_term_string"}}],"inLanguage":"en-US"},{"@type":"Organization","@id":"https:\/\/egtvedcamping.dk\/en\/#organization","name":"Egtved Camping","alternateName":"\u00c6gte Camping","url":"https:\/\/egtvedcamping.dk\/en\/","logo":{"@type":"ImageObject","inLanguage":"en-US","@id":"https:\/\/egtvedcamping.dk\/en\/#\/schema\/logo\/image\/","url":"https:\/\/egtvedcamping.dk\/wp-content\/uploads\/2022\/12\/egtved-camping-logo800.png","contentUrl":"https:\/\/egtvedcamping.dk\/wp-content\/uploads\/2022\/12\/egtved-camping-logo800.png","width":800,"height":197,"caption":"Egtved Camping"},"image":{"@id":"https:\/\/egtvedcamping.dk\/en\/#\/schema\/logo\/image\/"},"sameAs":["https:\/\/www.facebook.com\/profile.php?id=100064243891441"],"description":"Egtved Camping tilbyder ferie med fokus p\u00e5 natur, hygge og er t\u00e6t p\u00e5 Billund, hvor der er aktiviteter og oplevelser for hele familien, bl.a Legoland \u2013 Lalandia \u2013 Givskud ZOO.","email":"post@egtvedcamping.dk","telephone":"+45 75551832"}]}},"builder_content":"<h1>Seating overview<\/h1> <p>On our campsite overview you can find out where the different facilities and activities are located - and you can also find the pitch that best suits you and the camping experience you want to have with us. There is a wide range of pitches and when you book online, not all of them will be listed. This is because some of the pitches are occupied or are only available to the administration. Call and ask if you have a specific seat in mind and you don't find it available. &nbsp;<\/p>\n<a href=\"https:\/\/egtvedcamping.dk\/wp-content\/uploads\/2026\/04\/Egtved-Camping-Pladsoversigt-2026-1980.webp\" >Link<\/a> \n <img src=\"https:\/\/egtvedcamping.dk\/wp-content\/uploads\/2026\/04\/Egtved-Camping-Pladsoversigt-2026-1980.webp\" title=\"Egtved Camping Location overview 2026\" alt=\"Egtved Camping Location overview 2026\" srcset=\"https:\/\/egtvedcamping.dk\/wp-content\/uploads\/2026\/04\/Egtved-Camping-Pladsoversigt-2026-1980.webp 1920w, https:\/\/egtvedcamping.dk\/wp-content\/uploads\/2026\/04\/Egtved-Camping-Pladsoversigt-2026-1980-300x216.webp 300w, https:\/\/egtvedcamping.dk\/wp-content\/uploads\/2026\/04\/Egtved-Camping-Pladsoversigt-2026-1980-1024x737.webp 1024w, https:\/\/egtvedcamping.dk\/wp-content\/uploads\/2026\/04\/Egtved-Camping-Pladsoversigt-2026-1980-768x553.webp 768w, https:\/\/egtvedcamping.dk\/wp-content\/uploads\/2026\/04\/Egtved-Camping-Pladsoversigt-2026-1980-1536x1106.webp 1536w\" sizes=\"(max-width: 1920px) 100vw, 1920px\" \/>\n<h2>Camping in scenic surroundings<\/h2> <p>Egtved Camping is a real family campsite that creates the framework for both coziness, presence and community in the family and with other guests.<\/p> <p>That's why we offer several different types of accommodation, such as <a href=\"https:\/\/egtvedcamping.dk\/en\/accommodation\/cabins\/\">cabins<\/a>, <a href=\"https:\/\/egtvedcamping.dk\/en\/accommodation\/mobile-homes\/\">mobile homes<\/a> and <a href=\"https:\/\/egtvedcamping.dk\/en\/accommodation\/glamping\/\">glamping<\/a>, as well as many different activities. <\/p> <h2>Location overview with activities<\/h2> <p>For the younger guests we have 2 playgrounds, one for the youngest children, the other with two bouncy castles, climbing frame, swing and seesaw. In addition, there is a nice big tree stump that is fun to climb. Ved sceneomr\u00e5det er der en legeskov med et lille legehus i, og n\u00e5r man er barn, er det b\u00e5de hyggeligt og lidt uhyggeligt at gemme sig i skoven \u2013 og blive fundet igen. <br>Just outside the square at the back is Walters Plads, which is a large grass field. Here you can play soccer, roundball or just run around in the tall grass. This is also where the pigs Gurli and Bacon live. Be aware that there are bumps in the fence and children must be accompanied by adults when petting the pigs. We also have chickens, and you're welcome to join us when collecting eggs. <\/p> <p>The goats live in the forest in the campfire site. You are welcome to enter the goat pen and play with the goats, remember to respect them. If you go out of the pen at the other end of the pen, you'll come out between the two lakes, where you can also explore your motor skills as there are plenty of large roots and soft ground to walk around on. <\/p> <p>And for the adults, we have a Friday bar, sometimes with live music and the opportunity to buy a meal.<\/p> <p>Of course, you're welcome to sit at the benches around the site, and the area by the outdoor kitchen is also available to all guests.<\/p> <p>During the summer, we organize various music events at Musikpladsen. So keep an eye on our calendar - and find your way on our seat map. <\/p>","_links":{"self":[{"href":"https:\/\/egtvedcamping.dk\/en\/wp-json\/wp\/v2\/pages\/4873","targetHints":{"allow":["GET"]}}],"collection":[{"href":"https:\/\/egtvedcamping.dk\/en\/wp-json\/wp\/v2\/pages"}],"about":[{"href":"https:\/\/egtvedcamping.dk\/en\/wp-json\/wp\/v2\/types\/page"}],"author":[{"embeddable":true,"href":"https:\/\/egtvedcamping.dk\/en\/wp-json\/wp\/v2\/users\/8"}],"replies":[{"embeddable":true,"href":"https:\/\/egtvedcamping.dk\/en\/wp-json\/wp\/v2\/comments?post=4873"}],"version-history":[{"count":19,"href":"https:\/\/egtvedcamping.dk\/en\/wp-json\/wp\/v2\/pages\/4873\/revisions"}],"predecessor-version":[{"id":11538,"href":"https:\/\/egtvedcamping.dk\/en\/wp-json\/wp\/v2\/pages\/4873\/revisions\/11538"}],"up":[{"embeddable":true,"href":"https:\/\/egtvedcamping.dk\/en\/wp-json\/wp\/v2\/pages\/4682"}],"wp:featuredmedia":[{"embeddable":true,"href":"https:\/\/egtvedcamping.dk\/en\/wp-json\/wp\/v2\/media\/4874"}],"wp:attachment":[{"href":"https:\/\/egtvedcamping.dk\/en\/wp-json\/wp\/v2\/media?parent=4873"}],"curies":[{"name":"wp","href":"https:\/\/api.w.org\/{rel}","templated":true}]}}