{"id":5123,"date":"2023-03-23T10:34:21","date_gmt":"2023-03-23T09:34:21","guid":{"rendered":"https:\/\/egtvedcamping.dk\/?page_id=5123"},"modified":"2025-10-09T14:53:50","modified_gmt":"2025-10-09T12:53:50","slug":"terms-and-conditions","status":"publish","type":"page","link":"https:\/\/egtvedcamping.dk\/en\/terms-and-conditions\/","title":{"rendered":"Terms and conditions"},"content":{"rendered":"<!--themify_builder_content-->\n<div id=\"themify_builder_content-5123\" data-postid=\"5123\" class=\"themify_builder_content themify_builder_content-5123 themify_builder tf_clear\">\n                    <div  data-lazy=\"1\" class=\"module_row themify_builder_row tb_tj4292 tb_first tf_w\">\n                        <div class=\"row_inner col_align_top tb_col_count_1 tf_box tf_rel\">\n                        <div  data-lazy=\"1\" class=\"module_column tb-column col-full tb_xodn93 first\">\n                    <!-- module text -->\n<div  class=\"module module-text tb_wqf8354   \" data-lazy=\"1\">\n        <div  class=\"tb_text_wrap\">\n        <h1>Terms and conditions for Egtved Camping<\/h1><h3>Terms and conditions of sale and delivery<\/h3><p>Below you will find useful information about using booking and online booking. For example, you can read about how we process the information you enter, how you receive your receipt in connection with a purchase and much more. <\/p><h3>Payment options<\/h3><p>All prices stated in the online booking system, as elsewhere on the website, are stated in Danish kroner including VAT and all taxes unless otherwise stated and clearly stated in the situation in question.<\/p><p>Payment is made by using one of the approved debit\/credit cards in the online booking system. A fee will be charged according to applicable rules from the payment provider. When booking via e-mail, payment can be made as a payment link.   <\/p><h3>Information about online shopping<\/h3><p>You can shop online with confidence through our online booking system. As a consumer, you are generally protected in relation to any misuse of your credit card online, so there is no deductible for misuse of your payment card via the Internet. You can read more about how you, as a consumer, should handle online payments on the following websites: www.betaling.dk, www.fdih.dk.  <\/p><h3>Shipping and delivery<\/h3><p>When you book and pay online for a cabin, a pitch for your own tent or a pitch for your own caravan, you will receive a confirmation of the booked product. If you book a pitch via e-mail, you will also receive a confirmation. <\/p><p>Delivery of the ordered product takes place upon arrival at Egtved Camping on the day of arrival and is completed upon departure on the day of departure. Both these times are stated in the above-mentioned confirmation. There are no refunds for unused days once you have started your vacation and your pitch cannot be resold to others during your stay.  <\/p><h3>Right of withdrawal and refund<\/h3><p>You have the option to cancel your booking under the following conditions:&nbsp;&nbsp;&nbsp;<\/p><ul><li>If canceled earlier than 30 days prior to arrival, the paid amount will be refunded with the exception of an administration fee of SEK 500.<\/li><li>If canceled 30-8 days before arrival, half of the stay price will be refunded.<\/li><li>Cancellation 7-0 days before arrival is non-refundable.<\/li><li>If the stay is shortened\/returned before the end of the stay, there will be no refund.<\/li><\/ul><h3>Complaint handling<\/h3><ul><li>Complaints about the booking process and the booking itself must be made within a reasonable time after you have discovered the error or should have discovered the error by ordinary review of your confirmation.<\/li><li>Cancellation or changes to your order MUST be notified in writing by e-mail post@egtvedcamping.dk.&nbsp;<\/li><li>One year after the stay, the right to complain under section 83(1) of the Danish Sale of Goods Act expires, unless otherwise agreed.<\/li><\/ul><h3>Force Majeure&nbsp; &nbsp; &nbsp; &nbsp; &nbsp; &nbsp; &nbsp; &nbsp; &nbsp; &nbsp; &nbsp; &nbsp; &nbsp; &nbsp; &nbsp; &nbsp; &nbsp; &nbsp; &nbsp; &nbsp; &nbsp; &nbsp; &nbsp; &nbsp; &nbsp; &nbsp; &nbsp; &nbsp; &nbsp; &nbsp; &nbsp; &nbsp; &nbsp; &nbsp; &nbsp; &nbsp; &nbsp; &nbsp; &nbsp; &nbsp; &nbsp; &nbsp; &nbsp; &nbsp; &nbsp; &nbsp; &nbsp; &nbsp; &nbsp; &nbsp; &nbsp; &nbsp; &nbsp; &nbsp; &nbsp;<\/h3><p>If rentals are prevented due to force majeure (natural disasters, strikes, acts of war, riots, epidemic, pandemic, etc.), Egtved Camping is not liable for compensation for interrupted or incomplete stays.<\/p><h3>Registration of information<\/h3><p>Egtved Camping registers your name, address, e-mail address and other information provided in connection with the purchase in its customer database. The information is not disclosed, but Egtved Camping retains the registration for 5 years. <\/p><p>Egtvedcamping.dk uses server-side cookies and a secure connection to ensure the security of the information you provide on the site.<\/p><p>When paying by credit card, registration is done via a secure server.<\/p><p>We strive to deliver what the guest wants, but reserve the right to change any booking made for a specific pitch\/cabin to a pitch\/cabin of a similar standard without the booking being considered invalid. We disclaim any responsibility for incorrect prices and calculations. <\/p><h3>Company information<\/h3><p>Egtved Camping ApS<br>Verstvej 9<br>6040 Egtved<br>Tel.: 75551832<br>E-mail: post@egtvedcamping.dk<\/p><p>Contact:43480030<\/p><p>We reserve the right for printing errors and price changes.<\/p>    <\/div>\n<\/div>\n<!-- \/module text -->        <\/div>\n                        <\/div>\n        <\/div>\n        <\/div>\n<!--\/themify_builder_content-->","protected":false},"excerpt":{"rendered":"<p>Terms and conditions for Egtved Camping Terms and conditions of sale and delivery Below you will find useful information about using booking and online booking. For example, you can read about how we process the information you enter, how you receive your receipt in connection with a purchase and much more. Payment options All prices [&hellip;]<\/p>\n","protected":false},"author":8,"featured_media":0,"parent":0,"menu_order":0,"comment_status":"closed","ping_status":"closed","template":"","meta":{"footnotes":""},"class_list":["post-5123","page","type-page","status-publish","hentry","has-post-title","has-post-date","has-post-category","has-post-tag","has-post-comment","has-post-author",""],"yoast_head":"<!-- This site is optimized with the Yoast SEO Premium plugin v27.6 (Yoast SEO v27.6) - https:\/\/yoast.com\/product\/yoast-seo-premium-wordpress\/ -->\n<title>Terms and conditions - Egtved Camping<\/title>\n<meta name=\"description\" content=\"All prices stated in the online booking system and elsewhere on the website are stated in Danish kroner with VAT and taxes unless otherwise stated.\" \/>\n<meta name=\"robots\" content=\"index, follow, max-snippet:-1, max-image-preview:large, max-video-preview:-1\" \/>\n<link rel=\"canonical\" href=\"https:\/\/egtvedcamping.dk\/en\/terms-and-conditions\/\" \/>\n<meta property=\"og:locale\" content=\"en_US\" \/>\n<meta property=\"og:type\" content=\"article\" \/>\n<meta property=\"og:title\" content=\"Terms and conditions\" \/>\n<meta property=\"og:description\" content=\"All prices stated in the online booking system and elsewhere on the website are stated in Danish kroner with VAT and taxes unless otherwise stated.\" \/>\n<meta property=\"og:url\" content=\"https:\/\/egtvedcamping.dk\/en\/terms-and-conditions\/\" \/>\n<meta property=\"og:site_name\" content=\"Egtved Camping\" \/>\n<meta property=\"article:publisher\" content=\"https:\/\/www.facebook.com\/profile.php?id=100064243891441\" \/>\n<meta property=\"article:modified_time\" content=\"2025-10-09T12:53:50+00:00\" \/>\n<meta name=\"twitter:card\" content=\"summary_large_image\" \/>\n<meta name=\"twitter:label1\" content=\"Est. reading time\" \/>\n\t<meta name=\"twitter:data1\" content=\"4 minutes\" \/>\n<script type=\"application\/ld+json\" class=\"yoast-schema-graph\">{\"@context\":\"https:\\\/\\\/schema.org\",\"@graph\":[{\"@type\":\"WebPage\",\"@id\":\"https:\\\/\\\/egtvedcamping.dk\\\/en\\\/terms-and-conditions\\\/\",\"url\":\"https:\\\/\\\/egtvedcamping.dk\\\/en\\\/terms-and-conditions\\\/\",\"name\":\"Terms and conditions - Egtved Camping\",\"isPartOf\":{\"@id\":\"https:\\\/\\\/egtvedcamping.dk\\\/en\\\/#website\"},\"datePublished\":\"2023-03-23T09:34:21+00:00\",\"dateModified\":\"2025-10-09T12:53:50+00:00\",\"description\":\"All prices stated in the online booking system and elsewhere on the website are stated in Danish kroner with VAT and taxes unless otherwise stated.\",\"breadcrumb\":{\"@id\":\"https:\\\/\\\/egtvedcamping.dk\\\/en\\\/terms-and-conditions\\\/#breadcrumb\"},\"inLanguage\":\"en-US\",\"potentialAction\":[{\"@type\":\"ReadAction\",\"target\":[\"https:\\\/\\\/egtvedcamping.dk\\\/en\\\/terms-and-conditions\\\/\"]}]},{\"@type\":\"BreadcrumbList\",\"@id\":\"https:\\\/\\\/egtvedcamping.dk\\\/en\\\/terms-and-conditions\\\/#breadcrumb\",\"itemListElement\":[{\"@type\":\"ListItem\",\"position\":1,\"name\":\"Home\",\"item\":\"https:\\\/\\\/egtvedcamping.dk\\\/en\\\/egtved-camping\\\/\"},{\"@type\":\"ListItem\",\"position\":2,\"name\":\"Terms and conditions\"}]},{\"@type\":\"WebSite\",\"@id\":\"https:\\\/\\\/egtvedcamping.dk\\\/en\\\/#website\",\"url\":\"https:\\\/\\\/egtvedcamping.dk\\\/en\\\/\",\"name\":\"Egtved Camping\",\"description\":\"Slow camp - back to nature\",\"publisher\":{\"@id\":\"https:\\\/\\\/egtvedcamping.dk\\\/en\\\/#organization\"},\"alternateName\":\"\u00c6gte Camping\",\"potentialAction\":[{\"@type\":\"SearchAction\",\"target\":{\"@type\":\"EntryPoint\",\"urlTemplate\":\"https:\\\/\\\/egtvedcamping.dk\\\/en\\\/?s={search_term_string}\"},\"query-input\":{\"@type\":\"PropertyValueSpecification\",\"valueRequired\":true,\"valueName\":\"search_term_string\"}}],\"inLanguage\":\"en-US\"},{\"@type\":\"Organization\",\"@id\":\"https:\\\/\\\/egtvedcamping.dk\\\/en\\\/#organization\",\"name\":\"Egtved Camping\",\"alternateName\":\"\u00c6gte Camping\",\"url\":\"https:\\\/\\\/egtvedcamping.dk\\\/en\\\/\",\"logo\":{\"@type\":\"ImageObject\",\"inLanguage\":\"en-US\",\"@id\":\"https:\\\/\\\/egtvedcamping.dk\\\/en\\\/#\\\/schema\\\/logo\\\/image\\\/\",\"url\":\"https:\\\/\\\/egtvedcamping.dk\\\/wp-content\\\/uploads\\\/2022\\\/12\\\/egtved-camping-logo800.png\",\"contentUrl\":\"https:\\\/\\\/egtvedcamping.dk\\\/wp-content\\\/uploads\\\/2022\\\/12\\\/egtved-camping-logo800.png\",\"width\":800,\"height\":197,\"caption\":\"Egtved Camping\"},\"image\":{\"@id\":\"https:\\\/\\\/egtvedcamping.dk\\\/en\\\/#\\\/schema\\\/logo\\\/image\\\/\"},\"sameAs\":[\"https:\\\/\\\/www.facebook.com\\\/profile.php?id=100064243891441\"],\"description\":\"Egtved Camping tilbyder ferie med fokus p\u00e5 natur, hygge og er t\u00e6t p\u00e5 Billund, hvor der er aktiviteter og oplevelser for hele familien, bl.a Legoland \u2013 Lalandia \u2013 Givskud ZOO.\",\"email\":\"post@egtvedcamping.dk\",\"telephone\":\"+45 75551832\"}]}<\/script>\n<!-- \/ Yoast SEO Premium plugin. -->","yoast_head_json":{"title":"Terms and conditions - Egtved Camping","description":"All prices stated in the online booking system and elsewhere on the website are stated in Danish kroner with VAT and taxes unless otherwise stated.","robots":{"index":"index","follow":"follow","max-snippet":"max-snippet:-1","max-image-preview":"max-image-preview:large","max-video-preview":"max-video-preview:-1"},"canonical":"https:\/\/egtvedcamping.dk\/en\/terms-and-conditions\/","og_locale":"en_US","og_type":"article","og_title":"Terms and conditions","og_description":"All prices stated in the online booking system and elsewhere on the website are stated in Danish kroner with VAT and taxes unless otherwise stated.","og_url":"https:\/\/egtvedcamping.dk\/en\/terms-and-conditions\/","og_site_name":"Egtved Camping","article_publisher":"https:\/\/www.facebook.com\/profile.php?id=100064243891441","article_modified_time":"2025-10-09T12:53:50+00:00","twitter_card":"summary_large_image","twitter_misc":{"Est. reading time":"4 minutes"},"schema":{"@context":"https:\/\/schema.org","@graph":[{"@type":"WebPage","@id":"https:\/\/egtvedcamping.dk\/en\/terms-and-conditions\/","url":"https:\/\/egtvedcamping.dk\/en\/terms-and-conditions\/","name":"Terms and conditions - Egtved Camping","isPartOf":{"@id":"https:\/\/egtvedcamping.dk\/en\/#website"},"datePublished":"2023-03-23T09:34:21+00:00","dateModified":"2025-10-09T12:53:50+00:00","description":"All prices stated in the online booking system and elsewhere on the website are stated in Danish kroner with VAT and taxes unless otherwise stated.","breadcrumb":{"@id":"https:\/\/egtvedcamping.dk\/en\/terms-and-conditions\/#breadcrumb"},"inLanguage":"en-US","potentialAction":[{"@type":"ReadAction","target":["https:\/\/egtvedcamping.dk\/en\/terms-and-conditions\/"]}]},{"@type":"BreadcrumbList","@id":"https:\/\/egtvedcamping.dk\/en\/terms-and-conditions\/#breadcrumb","itemListElement":[{"@type":"ListItem","position":1,"name":"Home","item":"https:\/\/egtvedcamping.dk\/en\/egtved-camping\/"},{"@type":"ListItem","position":2,"name":"Terms and conditions"}]},{"@type":"WebSite","@id":"https:\/\/egtvedcamping.dk\/en\/#website","url":"https:\/\/egtvedcamping.dk\/en\/","name":"Egtved Camping","description":"Slow camp - back to nature","publisher":{"@id":"https:\/\/egtvedcamping.dk\/en\/#organization"},"alternateName":"\u00c6gte Camping","potentialAction":[{"@type":"SearchAction","target":{"@type":"EntryPoint","urlTemplate":"https:\/\/egtvedcamping.dk\/en\/?s={search_term_string}"},"query-input":{"@type":"PropertyValueSpecification","valueRequired":true,"valueName":"search_term_string"}}],"inLanguage":"en-US"},{"@type":"Organization","@id":"https:\/\/egtvedcamping.dk\/en\/#organization","name":"Egtved Camping","alternateName":"\u00c6gte Camping","url":"https:\/\/egtvedcamping.dk\/en\/","logo":{"@type":"ImageObject","inLanguage":"en-US","@id":"https:\/\/egtvedcamping.dk\/en\/#\/schema\/logo\/image\/","url":"https:\/\/egtvedcamping.dk\/wp-content\/uploads\/2022\/12\/egtved-camping-logo800.png","contentUrl":"https:\/\/egtvedcamping.dk\/wp-content\/uploads\/2022\/12\/egtved-camping-logo800.png","width":800,"height":197,"caption":"Egtved Camping"},"image":{"@id":"https:\/\/egtvedcamping.dk\/en\/#\/schema\/logo\/image\/"},"sameAs":["https:\/\/www.facebook.com\/profile.php?id=100064243891441"],"description":"Egtved Camping tilbyder ferie med fokus p\u00e5 natur, hygge og er t\u00e6t p\u00e5 Billund, hvor der er aktiviteter og oplevelser for hele familien, bl.a Legoland \u2013 Lalandia \u2013 Givskud ZOO.","email":"post@egtvedcamping.dk","telephone":"+45 75551832"}]}},"builder_content":"<h1>Terms and conditions for Egtved Camping<\/h1><h3>Terms and conditions of sale and delivery<\/h3><p>Below you will find useful information about using booking and online booking. For example, you can read about how we process the information you enter, how you receive your receipt in connection with a purchase and much more. <\/p><h3>Payment options<\/h3><p>All prices stated in the online booking system, as elsewhere on the website, are stated in Danish kroner including VAT and all taxes unless otherwise stated and clearly stated in the situation in question.<\/p><p>Payment is made by using one of the approved debit\/credit cards in the online booking system. A fee will be charged according to applicable rules from the payment provider. When booking via e-mail, payment can be made as a payment link. <\/p><h3>Information about online shopping<\/h3><p>You can shop online with confidence through our online booking system. As a consumer, you are generally protected in relation to any misuse of your credit card online, so there is no deductible for misuse of your payment card via the Internet. You can read more about how you, as a consumer, should handle online payments on the following websites: www.betaling.dk, www.fdih.dk. <\/p><h3>Shipping and delivery<\/h3><p>When you book and pay online for a cabin, a pitch for your own tent or a pitch for your own caravan, you will receive a confirmation of the booked product. If you book a pitch via e-mail, you will also receive a confirmation. <\/p><p>Delivery of the ordered product takes place upon arrival at Egtved Camping on the day of arrival and is completed upon departure on the day of departure. Both these times are stated in the above-mentioned confirmation. There are no refunds for unused days once you have started your vacation and your pitch cannot be resold to others during your stay. <\/p><h3>Right of withdrawal and refund<\/h3><p>You have the option to cancel your booking under the following conditions:&nbsp;&nbsp;&nbsp;<\/p><ul><li>If canceled earlier than 30 days prior to arrival, the paid amount will be refunded with the exception of an administration fee of SEK 500.<\/li><li>If canceled 30-8 days before arrival, half of the stay price will be refunded.<\/li><li>Cancellation 7-0 days before arrival is non-refundable.<\/li><li>If the stay is shortened\/returned before the end of the stay, there will be no refund.<\/li><\/ul><h3>Complaint handling<\/h3><ul><li>Complaints about the booking process and the booking itself must be made within a reasonable time after you have discovered the error or should have discovered the error by ordinary review of your confirmation.<\/li><li>Cancellation or changes to your order MUST be notified in writing by e-mail post@egtvedcamping.dk.&nbsp;<\/li><li>One year after the stay, the right to complain under section 83(1) of the Danish Sale of Goods Act expires, unless otherwise agreed.<\/li><\/ul><h3>Force Majeure&nbsp; &nbsp; &nbsp; &nbsp; &nbsp; &nbsp; &nbsp; &nbsp; &nbsp; &nbsp; &nbsp; &nbsp; &nbsp; &nbsp; &nbsp; &nbsp; &nbsp; &nbsp; &nbsp; &nbsp; &nbsp; &nbsp; &nbsp; &nbsp; &nbsp; &nbsp; &nbsp; &nbsp; &nbsp; &nbsp; &nbsp; &nbsp; &nbsp; &nbsp; &nbsp; &nbsp; &nbsp; &nbsp; &nbsp; &nbsp; &nbsp; &nbsp; &nbsp; &nbsp; &nbsp; &nbsp; &nbsp; &nbsp; &nbsp; &nbsp; &nbsp; &nbsp; &nbsp; &nbsp; &nbsp;<\/h3><p>If rentals are prevented due to force majeure (natural disasters, strikes, acts of war, riots, epidemic, pandemic, etc.), Egtved Camping is not liable for compensation for interrupted or incomplete stays.<\/p><h3>Registration of information<\/h3><p>Egtved Camping registers your name, address, e-mail address and other information provided in connection with the purchase in its customer database. The information is not disclosed, but Egtved Camping retains the registration for 5 years. <\/p><p>Egtvedcamping.dk uses server-side cookies and a secure connection to ensure the security of the information you provide on the site.<\/p><p>When paying by credit card, registration is done via a secure server.<\/p><p>We strive to deliver what the guest wants, but reserve the right to change any booking made for a specific pitch\/cabin to a pitch\/cabin of a similar standard without the booking being considered invalid. We disclaim any responsibility for incorrect prices and calculations. <\/p><h3>Company information<\/h3><p>Egtved Camping ApS<br>Verstvej 9<br>6040 Egtved<br>Tel.: 75551832<br>E-mail: post@egtvedcamping.dk<\/p><p>Contact:43480030<\/p><p>We reserve the right for printing errors and price changes.<\/p>","_links":{"self":[{"href":"https:\/\/egtvedcamping.dk\/en\/wp-json\/wp\/v2\/pages\/5123","targetHints":{"allow":["GET"]}}],"collection":[{"href":"https:\/\/egtvedcamping.dk\/en\/wp-json\/wp\/v2\/pages"}],"about":[{"href":"https:\/\/egtvedcamping.dk\/en\/wp-json\/wp\/v2\/types\/page"}],"author":[{"embeddable":true,"href":"https:\/\/egtvedcamping.dk\/en\/wp-json\/wp\/v2\/users\/8"}],"replies":[{"embeddable":true,"href":"https:\/\/egtvedcamping.dk\/en\/wp-json\/wp\/v2\/comments?post=5123"}],"version-history":[{"count":10,"href":"https:\/\/egtvedcamping.dk\/en\/wp-json\/wp\/v2\/pages\/5123\/revisions"}],"predecessor-version":[{"id":9065,"href":"https:\/\/egtvedcamping.dk\/en\/wp-json\/wp\/v2\/pages\/5123\/revisions\/9065"}],"wp:attachment":[{"href":"https:\/\/egtvedcamping.dk\/en\/wp-json\/wp\/v2\/media?parent=5123"}],"curies":[{"name":"wp","href":"https:\/\/api.w.org\/{rel}","templated":true}]}}