{"id":6108,"date":"2024-01-31T11:51:46","date_gmt":"2024-01-31T10:51:46","guid":{"rendered":"https:\/\/egtvedcamping.dk\/accommodation\/camping\/"},"modified":"2025-11-19T11:28:33","modified_gmt":"2025-11-19T10:28:33","slug":"camping","status":"publish","type":"page","link":"https:\/\/egtvedcamping.dk\/en\/accommodation\/camping\/","title":{"rendered":"Camping"},"content":{"rendered":"<!--themify_builder_content-->\n<div id=\"themify_builder_content-6108\" data-postid=\"6108\" class=\"themify_builder_content themify_builder_content-6108 themify_builder tf_clear\">\n                    <div  data-lazy=\"1\" class=\"module_row themify_builder_row tb_m5v0375 tb_first tf_w\">\n                        <div class=\"row_inner col_align_top tb_col_count_2 tf_box tf_rel\">\n                        <div  data-lazy=\"1\" class=\"module_column tb-column col3-2 tb_olqa375 first\">\n                    <!-- module text -->\n<div  class=\"module module-text tb_afb7487   \" data-lazy=\"1\">\n        <div  class=\"tb_text_wrap\">\n        <h1>Camping.<\/h1>\n<p>Camping can be done in many ways, and here you can customize your stay the way you want it to be.<\/p>\n<p>We have a wide range of electric pitches for both caravans and motorhomes. We have pitches in shade or sun, we have pitches close to the service building and we have pitches that are secluded from the central pitch. We also have pitches of different sizes. Of course, your dog is also welcome here, and if you stay more than 12 days in a year, you can buy an annual pass for your dog, which pays for a whole year&#8217;s camping dog. If you want to camp for two weekends in a row, but not during the week, you can leave the trailer and just pay for an empty trailer. And of course you can camp at Egtved Camping all year round.     <\/p>\n<p>Check in from 15:00<br>Check out no later than 11:00<\/p>    <\/div>\n<\/div>\n<!-- \/module text --><!-- module text -->\n<div  class=\"module module-text tb_hgzb67   \" data-lazy=\"1\">\n        <div  class=\"tb_text_wrap\">\n        <h4>From 120 DKk  <\/h4>\n<h4>Incl. 1 pers. <\/h4>\n<div> <\/div>    <\/div>\n<\/div>\n<!-- \/module text --><!-- module buttons -->\n<div  class=\"module module-buttons tb_u051379 buttons-horizontal solid  xlarge rounded hover-wow\" data-tf-animation_hover=\"pulse\" data-lazy=\"1\">\n        <div class=\"module-buttons-item tf_in_flx\">\n                        <a href=\"https:\/\/onlinebooking.camp\/egtvedcamping?lang=da\" class=\"ui builder_button tf_in_flx tb_default_color\" target=\"_blank\" rel=\"noopener\">\n                                                Book here                                        <\/a>\n                <\/div>\n            <\/div>\n<!-- \/module buttons -->\n        <\/div>\n                    <div  data-lazy=\"1\" class=\"module_column tb-column col3-1 tb_rylr95 last\">\n                    <!-- module image -->\n<div  class=\"module module-image tb_obpt524 image-top   tf_mw\" data-lazy=\"1\">\n        <div class=\"image-wrap tf_rel tf_mw\">\n            <img decoding=\"async\" width=\"1920\" height=\"1440\" src=\"https:\/\/egtvedcamping.dk\/wp-content\/uploads\/2024\/05\/Camping-Egtved.jpg\" class=\"wp-post-image wp-image-6744\" title=\"Camping-Egtved\" alt=\"Camping\" srcset=\"https:\/\/egtvedcamping.dk\/wp-content\/uploads\/2024\/05\/Camping-Egtved.jpg 1920w, https:\/\/egtvedcamping.dk\/wp-content\/uploads\/2024\/05\/Camping-Egtved-300x225.jpg 300w, https:\/\/egtvedcamping.dk\/wp-content\/uploads\/2024\/05\/Camping-Egtved-1024x768.jpg 1024w, https:\/\/egtvedcamping.dk\/wp-content\/uploads\/2024\/05\/Camping-Egtved-768x576.jpg 768w, https:\/\/egtvedcamping.dk\/wp-content\/uploads\/2024\/05\/Camping-Egtved-1536x1152.jpg 1536w\" sizes=\"(max-width: 1920px) 100vw, 1920px\" \/>    \n        <\/div>\n    <!-- \/image-wrap -->\n    \n        <\/div>\n<!-- \/module image -->        <\/div>\n                        <\/div>\n        <\/div>\n                        <div  data-lazy=\"1\" class=\"module_row themify_builder_row tb_c94076 tf_w\">\n                        <div class=\"row_inner col_align_top tb_col_count_2 tf_box tf_rel\">\n                        <div  data-lazy=\"1\" class=\"module_column tb-column col3-2 tb_nxq877 first\">\n                    <!-- module text -->\n<div  class=\"module module-text tb_pt2v329   \" data-lazy=\"1\">\n        <div  class=\"tb_text_wrap\">\n        <h2>Seasonal camping.<\/h2>\n<p>Here you have the opportunity to use the campsite for an average of 3 days a week during the period you choose.  <br>When you choose a seasonal pitch, you also choose to meet other permanent campers, who all help to create a cozy environment and a nice atmosphere for the other guests.  <br>If you choose a seasonal pitch, two adults and children under the age of 16 living at home are included in the price.  <br>There is a large selection of seasonal pitches to choose from, although fewer if you want a year-round pitch as there are a limited number of pitches approved for winter camping.<\/p>    <\/div>\n<\/div>\n<!-- \/module text --><!-- module text -->\n<div  class=\"module module-text tb_tmo4922   \" data-lazy=\"1\">\n        <div  class=\"tb_text_wrap\">\n        <h4>From 2500 DKk<\/h4>\n<h4>Incl. 2 adults and children living at home<\/h4>    <\/div>\n<\/div>\n<!-- \/module text --><!-- module buttons -->\n<div  class=\"module module-buttons tb_riwl892 buttons-horizontal solid  xlarge rounded hover-wow\" data-tf-animation_hover=\"pulse\" data-lazy=\"1\">\n        <div class=\"module-buttons-item tf_in_flx\">\n                        <a href=\"https:\/\/onlinebooking.camp\/egtvedcamping?lang=da\" class=\"ui builder_button tf_in_flx tb_default_color\" target=\"_blank\" rel=\"noopener\">\n                                                Book here                                        <\/a>\n                <\/div>\n            <\/div>\n<!-- \/module buttons -->\n        <\/div>\n                    <div  data-lazy=\"1\" class=\"module_column tb-column col3-1 tb_61wr143 last\">\n                    <!-- module image -->\n<div  class=\"module module-image tb_tb40222 image-top   tf_mw\" data-lazy=\"1\">\n        <div class=\"image-wrap tf_rel tf_mw\">\n            <img decoding=\"async\" width=\"1920\" height=\"1440\" src=\"https:\/\/egtvedcamping.dk\/wp-content\/uploads\/2024\/05\/Saesoncamping.jpg\" class=\"wp-post-image wp-image-6747\" title=\"S\u00e6soncamping\" alt=\"Seasonal camping\" srcset=\"https:\/\/egtvedcamping.dk\/wp-content\/uploads\/2024\/05\/Saesoncamping.jpg 1920w, https:\/\/egtvedcamping.dk\/wp-content\/uploads\/2024\/05\/Saesoncamping-300x225.jpg 300w, https:\/\/egtvedcamping.dk\/wp-content\/uploads\/2024\/05\/Saesoncamping-1024x768.jpg 1024w, https:\/\/egtvedcamping.dk\/wp-content\/uploads\/2024\/05\/Saesoncamping-768x576.jpg 768w, https:\/\/egtvedcamping.dk\/wp-content\/uploads\/2024\/05\/Saesoncamping-1536x1152.jpg 1536w\" sizes=\"(max-width: 1920px) 100vw, 1920px\" \/>    \n        <\/div>\n    <!-- \/image-wrap -->\n    \n        <\/div>\n<!-- \/module image -->        <\/div>\n                        <\/div>\n        <\/div>\n                        <div  data-lazy=\"1\" class=\"module_row themify_builder_row tb_ymz6100 tf_w\">\n                        <div class=\"row_inner col_align_top tb_col_count_2 tf_box tf_rel\">\n                        <div  data-lazy=\"1\" class=\"module_column tb-column col3-2 tb_y9fl100 first\">\n                    <!-- module text -->\n<div  class=\"module module-text tb_uk9t894   \" data-lazy=\"1\">\n        <div  class=\"tb_text_wrap\">\n        <h2>Tent pitches.<\/h2>\n<p>If you&#8217;re on a cycling vacation and bringing your own tent, Egtved Camping is also an option. You can either choose a pitch with access to electricity or a pitch anywhere without electricity. If you choose a pitch with electricity, the price is the same as if you come with a caravan.  <\/p>    <\/div>\n<\/div>\n<!-- \/module text --><!-- module text -->\n<div  class=\"module module-text tb_tw84523   \" data-lazy=\"1\">\n        <div  class=\"tb_text_wrap\">\n        <h4>From 95 DKK<\/h4>\n<h4>incl. 1 pers.<\/h4>    <\/div>\n<\/div>\n<!-- \/module text --><!-- module buttons -->\n<div  class=\"module module-buttons tb_6f8r308 buttons-horizontal solid  xlarge rounded hover-wow\" data-tf-animation_hover=\"pulse\" data-lazy=\"1\">\n        <div class=\"module-buttons-item tf_in_flx\">\n                        <a href=\"https:\/\/onlinebooking.camp\/egtvedcamping?lang=da\" class=\"ui builder_button tf_in_flx tb_default_color\" target=\"_blank\" rel=\"noopener\">\n                                                Book here                                        <\/a>\n                <\/div>\n            <\/div>\n<!-- \/module buttons -->\n        <\/div>\n                    <div  data-lazy=\"1\" class=\"module_column tb-column col3-1 tb_k0lb231 last\">\n                    <!-- module image -->\n<div  class=\"module module-image tb_6q9f790 image-top   tf_mw\" data-lazy=\"1\">\n        <div class=\"image-wrap tf_rel tf_mw\">\n            <img decoding=\"async\" width=\"2560\" height=\"1920\" src=\"https:\/\/egtvedcamping.dk\/wp-content\/uploads\/2024\/05\/Teltpladser.jpg\" class=\"wp-post-image wp-image-6750\" title=\"Teltpladser\" alt=\"Tent pitches\" srcset=\"https:\/\/egtvedcamping.dk\/wp-content\/uploads\/2024\/05\/Teltpladser.jpg 2560w, https:\/\/egtvedcamping.dk\/wp-content\/uploads\/2024\/05\/Teltpladser-300x225.jpg 300w, https:\/\/egtvedcamping.dk\/wp-content\/uploads\/2024\/05\/Teltpladser-1024x768.jpg 1024w, https:\/\/egtvedcamping.dk\/wp-content\/uploads\/2024\/05\/Teltpladser-768x576.jpg 768w, https:\/\/egtvedcamping.dk\/wp-content\/uploads\/2024\/05\/Teltpladser-1536x1152.jpg 1536w, https:\/\/egtvedcamping.dk\/wp-content\/uploads\/2024\/05\/Teltpladser-2048x1536.jpg 2048w\" sizes=\"(max-width: 2560px) 100vw, 2560px\" \/>    \n        <\/div>\n    <!-- \/image-wrap -->\n    \n        <\/div>\n<!-- \/module image -->        <\/div>\n                        <\/div>\n        <\/div>\n        <\/div>\n<!--\/themify_builder_content-->","protected":false},"excerpt":{"rendered":"<p>Camping. Camping can be done in many ways, and here you can customize your stay the way you want it to be. We have a wide range of electric pitches for both caravans and motorhomes. We have pitches in shade or sun, we have pitches close to the service building and we have pitches that [&hellip;]<\/p>\n","protected":false},"author":8,"featured_media":0,"parent":4682,"menu_order":0,"comment_status":"closed","ping_status":"closed","template":"","meta":{"footnotes":""},"class_list":["post-6108","page","type-page","status-publish","hentry","has-post-title","has-post-date","has-post-category","has-post-tag","has-post-comment","has-post-author",""],"yoast_head":"<!-- This site is optimized with the Yoast SEO Premium plugin v27.5 (Yoast SEO v27.5) - https:\/\/yoast.com\/product\/yoast-seo-premium-wordpress\/ -->\n<title>Camping - Egtved Camping<\/title>\n<meta name=\"description\" content=\"The ideal campsite for your vacation. We have electric pitches for caravans and motorhomes, whether you prefer sun, shade or a secluded location.\" \/>\n<meta name=\"robots\" content=\"index, follow, max-snippet:-1, max-image-preview:large, max-video-preview:-1\" \/>\n<link rel=\"canonical\" href=\"https:\/\/egtvedcamping.dk\/en\/accommodation\/camping\/\" \/>\n<meta property=\"og:locale\" content=\"en_US\" \/>\n<meta property=\"og:type\" content=\"article\" \/>\n<meta property=\"og:title\" content=\"Camping\" \/>\n<meta property=\"og:description\" content=\"The ideal campsite for your vacation. We have electric pitches for caravans and motorhomes, whether you prefer sun, shade or a secluded location.\" \/>\n<meta property=\"og:url\" content=\"https:\/\/egtvedcamping.dk\/en\/accommodation\/camping\/\" \/>\n<meta property=\"og:site_name\" content=\"Egtved Camping\" \/>\n<meta property=\"article:publisher\" content=\"https:\/\/www.facebook.com\/profile.php?id=100064243891441\" \/>\n<meta property=\"article:modified_time\" content=\"2025-11-19T10:28:33+00:00\" \/>\n<meta property=\"og:image\" content=\"https:\/\/egtvedcamping.dk\/wp-content\/uploads\/2024\/05\/Camping-Egtved.jpg\" \/>\n\t<meta property=\"og:image:width\" content=\"1920\" \/>\n\t<meta property=\"og:image:height\" content=\"1440\" \/>\n\t<meta property=\"og:image:type\" content=\"image\/jpeg\" \/>\n<meta name=\"twitter:label1\" content=\"Est. reading time\" \/>\n\t<meta name=\"twitter:data1\" content=\"7 minutes\" \/>\n<script type=\"application\/ld+json\" class=\"yoast-schema-graph\">{\"@context\":\"https:\\\/\\\/schema.org\",\"@graph\":[{\"@type\":\"WebPage\",\"@id\":\"https:\\\/\\\/egtvedcamping.dk\\\/en\\\/accommodation\\\/camping\\\/\",\"url\":\"https:\\\/\\\/egtvedcamping.dk\\\/en\\\/accommodation\\\/camping\\\/\",\"name\":\"Camping - Egtved Camping\",\"isPartOf\":{\"@id\":\"https:\\\/\\\/egtvedcamping.dk\\\/en\\\/#website\"},\"primaryImageOfPage\":{\"@id\":\"https:\\\/\\\/egtvedcamping.dk\\\/en\\\/accommodation\\\/camping\\\/#primaryimage\"},\"image\":{\"@id\":\"https:\\\/\\\/egtvedcamping.dk\\\/en\\\/accommodation\\\/camping\\\/#primaryimage\"},\"thumbnailUrl\":\"https:\\\/\\\/egtvedcamping.dk\\\/wp-content\\\/uploads\\\/2024\\\/05\\\/Camping-Egtved.jpg\",\"datePublished\":\"2024-01-31T10:51:46+00:00\",\"dateModified\":\"2025-11-19T10:28:33+00:00\",\"description\":\"The ideal campsite for your vacation. We have electric pitches for caravans and motorhomes, whether you prefer sun, shade or a secluded location.\",\"breadcrumb\":{\"@id\":\"https:\\\/\\\/egtvedcamping.dk\\\/en\\\/accommodation\\\/camping\\\/#breadcrumb\"},\"inLanguage\":\"en-US\",\"potentialAction\":[{\"@type\":\"ReadAction\",\"target\":[\"https:\\\/\\\/egtvedcamping.dk\\\/en\\\/accommodation\\\/camping\\\/\"]}]},{\"@type\":\"ImageObject\",\"inLanguage\":\"en-US\",\"@id\":\"https:\\\/\\\/egtvedcamping.dk\\\/en\\\/accommodation\\\/camping\\\/#primaryimage\",\"url\":\"https:\\\/\\\/egtvedcamping.dk\\\/wp-content\\\/uploads\\\/2024\\\/05\\\/Camping-Egtved.jpg\",\"contentUrl\":\"https:\\\/\\\/egtvedcamping.dk\\\/wp-content\\\/uploads\\\/2024\\\/05\\\/Camping-Egtved.jpg\"},{\"@type\":\"BreadcrumbList\",\"@id\":\"https:\\\/\\\/egtvedcamping.dk\\\/en\\\/accommodation\\\/camping\\\/#breadcrumb\",\"itemListElement\":[{\"@type\":\"ListItem\",\"position\":1,\"name\":\"Home\",\"item\":\"https:\\\/\\\/egtvedcamping.dk\\\/en\\\/egtved-camping\\\/\"},{\"@type\":\"ListItem\",\"position\":2,\"name\":\"Accommodation\",\"item\":\"https:\\\/\\\/egtvedcamping.dk\\\/en\\\/accommodation\\\/\"},{\"@type\":\"ListItem\",\"position\":3,\"name\":\"Camping\"}]},{\"@type\":\"WebSite\",\"@id\":\"https:\\\/\\\/egtvedcamping.dk\\\/en\\\/#website\",\"url\":\"https:\\\/\\\/egtvedcamping.dk\\\/en\\\/\",\"name\":\"Egtved Camping\",\"description\":\"Slow camp - back to nature\",\"publisher\":{\"@id\":\"https:\\\/\\\/egtvedcamping.dk\\\/en\\\/#organization\"},\"alternateName\":\"\u00c6gte Camping\",\"potentialAction\":[{\"@type\":\"SearchAction\",\"target\":{\"@type\":\"EntryPoint\",\"urlTemplate\":\"https:\\\/\\\/egtvedcamping.dk\\\/en\\\/?s={search_term_string}\"},\"query-input\":{\"@type\":\"PropertyValueSpecification\",\"valueRequired\":true,\"valueName\":\"search_term_string\"}}],\"inLanguage\":\"en-US\"},{\"@type\":\"Organization\",\"@id\":\"https:\\\/\\\/egtvedcamping.dk\\\/en\\\/#organization\",\"name\":\"Egtved Camping\",\"alternateName\":\"\u00c6gte Camping\",\"url\":\"https:\\\/\\\/egtvedcamping.dk\\\/en\\\/\",\"logo\":{\"@type\":\"ImageObject\",\"inLanguage\":\"en-US\",\"@id\":\"https:\\\/\\\/egtvedcamping.dk\\\/en\\\/#\\\/schema\\\/logo\\\/image\\\/\",\"url\":\"https:\\\/\\\/egtvedcamping.dk\\\/wp-content\\\/uploads\\\/2022\\\/12\\\/egtved-camping-logo800.png\",\"contentUrl\":\"https:\\\/\\\/egtvedcamping.dk\\\/wp-content\\\/uploads\\\/2022\\\/12\\\/egtved-camping-logo800.png\",\"width\":800,\"height\":197,\"caption\":\"Egtved Camping\"},\"image\":{\"@id\":\"https:\\\/\\\/egtvedcamping.dk\\\/en\\\/#\\\/schema\\\/logo\\\/image\\\/\"},\"sameAs\":[\"https:\\\/\\\/www.facebook.com\\\/profile.php?id=100064243891441\"],\"description\":\"Egtved Camping tilbyder ferie med fokus p\u00e5 natur, hygge og er t\u00e6t p\u00e5 Billund, hvor der er aktiviteter og oplevelser for hele familien, bl.a Legoland \u2013 Lalandia \u2013 Givskud ZOO.\",\"email\":\"post@egtvedcamping.dk\",\"telephone\":\"+45 75551832\"}]}<\/script>\n<!-- \/ Yoast SEO Premium plugin. -->","yoast_head_json":{"title":"Camping - Egtved Camping","description":"The ideal campsite for your vacation. We have electric pitches for caravans and motorhomes, whether you prefer sun, shade or a secluded location.","robots":{"index":"index","follow":"follow","max-snippet":"max-snippet:-1","max-image-preview":"max-image-preview:large","max-video-preview":"max-video-preview:-1"},"canonical":"https:\/\/egtvedcamping.dk\/en\/accommodation\/camping\/","og_locale":"en_US","og_type":"article","og_title":"Camping","og_description":"The ideal campsite for your vacation. We have electric pitches for caravans and motorhomes, whether you prefer sun, shade or a secluded location.","og_url":"https:\/\/egtvedcamping.dk\/en\/accommodation\/camping\/","og_site_name":"Egtved Camping","article_publisher":"https:\/\/www.facebook.com\/profile.php?id=100064243891441","article_modified_time":"2025-11-19T10:28:33+00:00","og_image":[{"width":1920,"height":1440,"url":"https:\/\/egtvedcamping.dk\/wp-content\/uploads\/2024\/05\/Camping-Egtved.jpg","type":"image\/jpeg"}],"twitter_misc":{"Est. reading time":"7 minutes"},"schema":{"@context":"https:\/\/schema.org","@graph":[{"@type":"WebPage","@id":"https:\/\/egtvedcamping.dk\/en\/accommodation\/camping\/","url":"https:\/\/egtvedcamping.dk\/en\/accommodation\/camping\/","name":"Camping - Egtved Camping","isPartOf":{"@id":"https:\/\/egtvedcamping.dk\/en\/#website"},"primaryImageOfPage":{"@id":"https:\/\/egtvedcamping.dk\/en\/accommodation\/camping\/#primaryimage"},"image":{"@id":"https:\/\/egtvedcamping.dk\/en\/accommodation\/camping\/#primaryimage"},"thumbnailUrl":"https:\/\/egtvedcamping.dk\/wp-content\/uploads\/2024\/05\/Camping-Egtved.jpg","datePublished":"2024-01-31T10:51:46+00:00","dateModified":"2025-11-19T10:28:33+00:00","description":"The ideal campsite for your vacation. We have electric pitches for caravans and motorhomes, whether you prefer sun, shade or a secluded location.","breadcrumb":{"@id":"https:\/\/egtvedcamping.dk\/en\/accommodation\/camping\/#breadcrumb"},"inLanguage":"en-US","potentialAction":[{"@type":"ReadAction","target":["https:\/\/egtvedcamping.dk\/en\/accommodation\/camping\/"]}]},{"@type":"ImageObject","inLanguage":"en-US","@id":"https:\/\/egtvedcamping.dk\/en\/accommodation\/camping\/#primaryimage","url":"https:\/\/egtvedcamping.dk\/wp-content\/uploads\/2024\/05\/Camping-Egtved.jpg","contentUrl":"https:\/\/egtvedcamping.dk\/wp-content\/uploads\/2024\/05\/Camping-Egtved.jpg"},{"@type":"BreadcrumbList","@id":"https:\/\/egtvedcamping.dk\/en\/accommodation\/camping\/#breadcrumb","itemListElement":[{"@type":"ListItem","position":1,"name":"Home","item":"https:\/\/egtvedcamping.dk\/en\/egtved-camping\/"},{"@type":"ListItem","position":2,"name":"Accommodation","item":"https:\/\/egtvedcamping.dk\/en\/accommodation\/"},{"@type":"ListItem","position":3,"name":"Camping"}]},{"@type":"WebSite","@id":"https:\/\/egtvedcamping.dk\/en\/#website","url":"https:\/\/egtvedcamping.dk\/en\/","name":"Egtved Camping","description":"Slow camp - back to nature","publisher":{"@id":"https:\/\/egtvedcamping.dk\/en\/#organization"},"alternateName":"\u00c6gte Camping","potentialAction":[{"@type":"SearchAction","target":{"@type":"EntryPoint","urlTemplate":"https:\/\/egtvedcamping.dk\/en\/?s={search_term_string}"},"query-input":{"@type":"PropertyValueSpecification","valueRequired":true,"valueName":"search_term_string"}}],"inLanguage":"en-US"},{"@type":"Organization","@id":"https:\/\/egtvedcamping.dk\/en\/#organization","name":"Egtved Camping","alternateName":"\u00c6gte Camping","url":"https:\/\/egtvedcamping.dk\/en\/","logo":{"@type":"ImageObject","inLanguage":"en-US","@id":"https:\/\/egtvedcamping.dk\/en\/#\/schema\/logo\/image\/","url":"https:\/\/egtvedcamping.dk\/wp-content\/uploads\/2022\/12\/egtved-camping-logo800.png","contentUrl":"https:\/\/egtvedcamping.dk\/wp-content\/uploads\/2022\/12\/egtved-camping-logo800.png","width":800,"height":197,"caption":"Egtved Camping"},"image":{"@id":"https:\/\/egtvedcamping.dk\/en\/#\/schema\/logo\/image\/"},"sameAs":["https:\/\/www.facebook.com\/profile.php?id=100064243891441"],"description":"Egtved Camping tilbyder ferie med fokus p\u00e5 natur, hygge og er t\u00e6t p\u00e5 Billund, hvor der er aktiviteter og oplevelser for hele familien, bl.a Legoland \u2013 Lalandia \u2013 Givskud ZOO.","email":"post@egtvedcamping.dk","telephone":"+45 75551832"}]}},"builder_content":"<h1>Camping.<\/h1> <p>Camping can be done in many ways, and here you can customize your stay the way you want it to be.<\/p> <p>We have a wide range of electric pitches for both caravans and motorhomes. We have pitches in shade or sun, we have pitches close to the service building and we have pitches that are secluded from the central pitch. We also have pitches of different sizes. Of course, your dog is also welcome here, and if you stay more than 12 days in a year, you can buy an annual pass for your dog, which pays for a whole year's camping dog. If you want to camp for two weekends in a row, but not during the week, you can leave the trailer and just pay for an empty trailer. And of course you can camp at Egtved Camping all year round. <\/p> <p>Check in from 15:00<br>Check out no later than 11:00<\/p>\n<h4>From 120 DKk <\/h4> <h4>Incl. 1 pers. <\/h4>\n<a href=\"https:\/\/onlinebooking.camp\/egtvedcamping?lang=da\" target=\"_blank\" rel=\"noopener\"> Book here <\/a>\n<img src=\"https:\/\/egtvedcamping.dk\/wp-content\/uploads\/2024\/05\/Camping-Egtved.jpg\" title=\"Camping-Egtved\" alt=\"Camping\" srcset=\"https:\/\/egtvedcamping.dk\/wp-content\/uploads\/2024\/05\/Camping-Egtved.jpg 1920w, https:\/\/egtvedcamping.dk\/wp-content\/uploads\/2024\/05\/Camping-Egtved-300x225.jpg 300w, https:\/\/egtvedcamping.dk\/wp-content\/uploads\/2024\/05\/Camping-Egtved-1024x768.jpg 1024w, https:\/\/egtvedcamping.dk\/wp-content\/uploads\/2024\/05\/Camping-Egtved-768x576.jpg 768w, https:\/\/egtvedcamping.dk\/wp-content\/uploads\/2024\/05\/Camping-Egtved-1536x1152.jpg 1536w\" sizes=\"(max-width: 1920px) 100vw, 1920px\" \/>\n<h2>Seasonal camping.<\/h2> <p>Here you have the opportunity to use the campsite for an average of 3 days a week during the period you choose. <br>When you choose a seasonal pitch, you also choose to meet other permanent campers, who all help to create a cozy environment and a nice atmosphere for the other guests. <br>If you choose a seasonal pitch, two adults and children under the age of 16 living at home are included in the price. <br>There is a large selection of seasonal pitches to choose from, although fewer if you want a year-round pitch as there are a limited number of pitches approved for winter camping.<\/p>\n<h4>From 2500 DKk<\/h4> <h4>Incl. 2 adults and children living at home<\/h4>\n<a href=\"https:\/\/onlinebooking.camp\/egtvedcamping?lang=da\" target=\"_blank\" rel=\"noopener\"> Book here <\/a>\n<img src=\"https:\/\/egtvedcamping.dk\/wp-content\/uploads\/2024\/05\/Saesoncamping.jpg\" title=\"S\u00e6soncamping\" alt=\"Seasonal camping\" srcset=\"https:\/\/egtvedcamping.dk\/wp-content\/uploads\/2024\/05\/Saesoncamping.jpg 1920w, https:\/\/egtvedcamping.dk\/wp-content\/uploads\/2024\/05\/Saesoncamping-300x225.jpg 300w, https:\/\/egtvedcamping.dk\/wp-content\/uploads\/2024\/05\/Saesoncamping-1024x768.jpg 1024w, https:\/\/egtvedcamping.dk\/wp-content\/uploads\/2024\/05\/Saesoncamping-768x576.jpg 768w, https:\/\/egtvedcamping.dk\/wp-content\/uploads\/2024\/05\/Saesoncamping-1536x1152.jpg 1536w\" sizes=\"(max-width: 1920px) 100vw, 1920px\" \/>\n<h2>Tent pitches.<\/h2> <p>If you're on a cycling vacation and bringing your own tent, Egtved Camping is also an option. You can either choose a pitch with access to electricity or a pitch anywhere without electricity. If you choose a pitch with electricity, the price is the same as if you come with a caravan. <\/p>\n<h4>From 95 DKK<\/h4> <h4>incl. 1 pers.<\/h4>\n<a href=\"https:\/\/onlinebooking.camp\/egtvedcamping?lang=da\" target=\"_blank\" rel=\"noopener\"> Book here <\/a>\n<img src=\"https:\/\/egtvedcamping.dk\/wp-content\/uploads\/2024\/05\/Teltpladser.jpg\" title=\"Teltpladser\" alt=\"Tent pitches\" srcset=\"https:\/\/egtvedcamping.dk\/wp-content\/uploads\/2024\/05\/Teltpladser.jpg 2560w, https:\/\/egtvedcamping.dk\/wp-content\/uploads\/2024\/05\/Teltpladser-300x225.jpg 300w, https:\/\/egtvedcamping.dk\/wp-content\/uploads\/2024\/05\/Teltpladser-1024x768.jpg 1024w, https:\/\/egtvedcamping.dk\/wp-content\/uploads\/2024\/05\/Teltpladser-768x576.jpg 768w, https:\/\/egtvedcamping.dk\/wp-content\/uploads\/2024\/05\/Teltpladser-1536x1152.jpg 1536w, https:\/\/egtvedcamping.dk\/wp-content\/uploads\/2024\/05\/Teltpladser-2048x1536.jpg 2048w\" sizes=\"(max-width: 2560px) 100vw, 2560px\" \/>\n<h2>Tipitelt.<\/h2> <p>If you want something in between a regular tent and a cabin, you can choose our brand new tipi tents. They are minimalistically equipped with cots, camping furniture and duvets\/pillows. There is electricity. There's no kitchen equipment or water connected, but it's a perfect solution if you don't want to pack your own tent up and down again. The tipi tent includes 2 people when booking. Animals are not allowed in the tipi tent. Two additional people can be added for a daily price of DKK 85 per person. <\/p> <p>Check in from 15:00<\/p> <p>Check out by 10:00 at the latest<\/p>\n<h4>From 500 DKK<\/h4> <h4>Incl. 2 persons<\/h4>\n<a href=\"https:\/\/onlinebooking.camp\/egtvedcamping?lang=da\" target=\"_blank\" rel=\"noopener\"> Book here <\/a>\n<img src=\"https:\/\/egtvedcamping.dk\/wp-content\/uploads\/2024\/01\/tipi.jpeg\" title=\"tipi\" alt=\"Teepee tent\" srcset=\"https:\/\/egtvedcamping.dk\/wp-content\/uploads\/2024\/01\/tipi.jpeg 640w, https:\/\/egtvedcamping.dk\/wp-content\/uploads\/2024\/01\/tipi-300x200.jpeg 300w\" sizes=\"(max-width: 640px) 100vw, 640px\" \/>","_links":{"self":[{"href":"https:\/\/egtvedcamping.dk\/en\/wp-json\/wp\/v2\/pages\/6108","targetHints":{"allow":["GET"]}}],"collection":[{"href":"https:\/\/egtvedcamping.dk\/en\/wp-json\/wp\/v2\/pages"}],"about":[{"href":"https:\/\/egtvedcamping.dk\/en\/wp-json\/wp\/v2\/types\/page"}],"author":[{"embeddable":true,"href":"https:\/\/egtvedcamping.dk\/en\/wp-json\/wp\/v2\/users\/8"}],"replies":[{"embeddable":true,"href":"https:\/\/egtvedcamping.dk\/en\/wp-json\/wp\/v2\/comments?post=6108"}],"version-history":[{"count":4,"href":"https:\/\/egtvedcamping.dk\/en\/wp-json\/wp\/v2\/pages\/6108\/revisions"}],"predecessor-version":[{"id":9855,"href":"https:\/\/egtvedcamping.dk\/en\/wp-json\/wp\/v2\/pages\/6108\/revisions\/9855"}],"up":[{"embeddable":true,"href":"https:\/\/egtvedcamping.dk\/en\/wp-json\/wp\/v2\/pages\/4682"}],"wp:attachment":[{"href":"https:\/\/egtvedcamping.dk\/en\/wp-json\/wp\/v2\/media?parent=6108"}],"curies":[{"name":"wp","href":"https:\/\/api.w.org\/{rel}","templated":true}]}}