{"id":11070,"date":"2026-02-02T19:56:20","date_gmt":"2026-02-02T18:56:20","guid":{"rendered":"https:\/\/egtvedcamping.dk\/pinksteren-op-egtved-camping\/"},"modified":"2026-02-02T19:56:21","modified_gmt":"2026-02-02T18:56:21","slug":"pinksteren-op-egtved-camping","status":"publish","type":"page","link":"https:\/\/egtvedcamping.dk\/nl\/pinksteren-op-egtved-camping\/","title":{"rendered":"Pinksteren op Egtved Camping"},"content":{"rendered":"<!--themify_builder_content-->\n<div id=\"themify_builder_content-11070\" data-postid=\"11070\" class=\"themify_builder_content themify_builder_content-11070 themify_builder tf_clear\">\n                    <div  data-lazy=\"1\" class=\"module_row themify_builder_row tb_ggvg960 tb_first tf_w\">\n                        <div class=\"row_inner col_align_top tb_col_count_2 tf_box tf_rel\">\n                        <div  data-lazy=\"1\" class=\"module_column tb-column col4-2 tb_x87y960 first\">\n                    <!-- module text -->\n<div  class=\"module module-text tb_0ohb614   \" data-lazy=\"1\">\n        <div  class=\"tb_text_wrap\">\n        <h1>Pinksteren op Egtved Camping.<\/h1>\n<p>Het plannen van een weekend op Egtved Camping tijdens Pinksteren ligt voor de hand. We beginnen met het eerste concert van het jaar op Pinksterzaterdag. We hebben een muzikant uitgenodigd om Pinksteren af te trappen met geweldige muziek en bijpassend eten en drinken.  <\/p>\n<h2>Pinksterzondag<\/h2>\n<p>De volgende dag, Pinksterzondag, wordt de grote en gezellige Pinkstermarkt gehouden op Egtved Camping. Het hele terrein wordt omgetoverd tot een levendige, kleurrijke en feestelijke ruimte vol mensen, kraampjes, geurige etenswaren en blije kinderen. De markt vindt plaats van 10.00 tot 15.00 uur en is een vaste traditie geworden waar kampeerders, plaatselijke bewoners en bezoekers van buiten naar uitkijken. Wat onze Pinkstermarkt zo speciaal maakt, is dat hij niet op \u00e9\u00e9n specifieke plek wordt gehouden, maar zich verspreidt over de kampeerders op de camping zelf, waardoor er een unieke en intieme sfeer ontstaat waarin je kleine hoekjes, paadjes en pleintjes kunt verkennen.   <\/p>\n<h2>Stallen<\/h2>\n<p>De kraampjes bieden een beetje van alles en er is ruimte voor zo&#8217;n beetje elk soort product. Je vindt er van alles, van handgemaakte artikelen, creatieve ambachten en huishoudelijke artikelen tot tweedehands speelgoed, kleding, snuisterijen, rommelmarktvondsten en onverwachte verrassingen. Een deel van de charme is dat je nooit weet wat je om de volgende hoek zult vinden. Als je deel wilt uitmaken van de markt en zelf een kraam wilt hebben, kun je contact met ons opnemen via e-mail of telefoon en dan zoeken we een goede plek en helpen we je met de praktische details.   <\/p>\n<h2>Parkeren<\/h2>\n<p>Parkeren kan gemakkelijk en helemaal gratis bij Walters Plads, dat net buiten het campingterrein ligt. Bezoekers van buitenaf kunnen hun auto hier parkeren en zonder gedoe rechtstreeks naar de markt lopen. <\/p>\n<h2>De kinderen<\/h2>\n<p>Voor de kinderen is er ook genoeg om naar uit te kijken. De hele dag door worden er verschillende activiteiten georganiseerd om een glimlach op de gezichten van jong en oud te toveren. Populaire activiteiten zoals schminken, ponyrijden en snoepjes graven zijn maar een paar van de dingen die je tegen kunt komen, en er kunnen ook andere leuke verrassingen zijn, afhankelijk van wat het Pinksterprogramma te bieden heeft. Dit zorgt voor een ontspannen en speelse sfeer waar kinderen zich kunnen uitleven terwijl volwassenen de kraampjes verkennen of genieten van een verfrissing.   <\/p>\n<h2>Eten en drinken<\/h2>\n<p>Eten en drinken is een natuurlijk onderdeel van een goede markt, en er is genoeg om uit te kiezen. De geur van gegrilde worstjes, versgebakken pannenkoeken en ouderwets klassiek ijs zal de lucht al snel vullen, en koude drankjes en andere lekkernijen zullen de hele dag te koop zijn bij het concertterrein. <\/p>\n<h2>Live muziek<\/h2>\n<p>Rond het middaguur zorgt livemuziek voor de finishing touch en geeft de hele markt de juiste zomerse en ontspannen sfeer.<\/p>\n<h2>Gezellige sfeer<\/h2>\n<p>Al met al is de Pinkstermarkt op Egtved Camping een dag vol gemeenschap, geweldige vondsten, kinderplezier en een gezellige sfeer, een evenement dat mensen samenbrengt en herinneringen cre\u00ebert, en we kijken er elk jaar naar uit.<\/p>    <\/div>\n<\/div>\n<!-- \/module text -->        <\/div>\n                    <div  data-lazy=\"1\" class=\"module_column tb-column col4-2 tb_wfnx489 last\">\n                    <!-- module image -->\n<div  class=\"module module-image tb_sty4397 image-top   tf_mw\" data-lazy=\"1\">\n        <div class=\"image-wrap tf_rel tf_mw\">\n            <a href=\"https:\/\/egtvedcamping.dk\/wp-content\/uploads\/2025\/12\/DJI_0746.webp\" class=\"lightbox-builder themify_lightbox\">\n                   <img decoding=\"async\" width=\"1920\" height=\"1440\" src=\"https:\/\/egtvedcamping.dk\/wp-content\/uploads\/2025\/12\/DJI_0746.webp\" class=\"wp-post-image wp-image-10292\" title=\"DJI_0746\" alt=\"DJI_0746\" srcset=\"https:\/\/egtvedcamping.dk\/wp-content\/uploads\/2025\/12\/DJI_0746.webp 1920w, https:\/\/egtvedcamping.dk\/wp-content\/uploads\/2025\/12\/DJI_0746-300x225.webp 300w, https:\/\/egtvedcamping.dk\/wp-content\/uploads\/2025\/12\/DJI_0746-1024x768.webp 1024w, https:\/\/egtvedcamping.dk\/wp-content\/uploads\/2025\/12\/DJI_0746-768x576.webp 768w, https:\/\/egtvedcamping.dk\/wp-content\/uploads\/2025\/12\/DJI_0746-1536x1152.webp 1536w\" sizes=\"(max-width: 1920px) 100vw, 1920px\" \/>        <\/a>\n    \n        <\/div>\n    <!-- \/image-wrap -->\n    \n        <\/div>\n<!-- \/module image --><!-- module image -->\n<div  class=\"module module-image tb_11pz755 image-top   tf_mw\" data-lazy=\"1\">\n        <div class=\"image-wrap tf_rel tf_mw\">\n            <a href=\"https:\/\/egtvedcamping.dk\/wp-content\/uploads\/2025\/12\/pise.webp\" class=\"lightbox-builder themify_lightbox\">\n                   <img decoding=\"async\" width=\"1920\" height=\"1440\" src=\"https:\/\/egtvedcamping.dk\/wp-content\/uploads\/2025\/12\/pise.webp\" class=\"wp-post-image wp-image-10291\" title=\"pise\" alt=\"pise\" srcset=\"https:\/\/egtvedcamping.dk\/wp-content\/uploads\/2025\/12\/pise.webp 1920w, https:\/\/egtvedcamping.dk\/wp-content\/uploads\/2025\/12\/pise-300x225.webp 300w, https:\/\/egtvedcamping.dk\/wp-content\/uploads\/2025\/12\/pise-1024x768.webp 1024w, https:\/\/egtvedcamping.dk\/wp-content\/uploads\/2025\/12\/pise-768x576.webp 768w, https:\/\/egtvedcamping.dk\/wp-content\/uploads\/2025\/12\/pise-1536x1152.webp 1536w\" sizes=\"(max-width: 1920px) 100vw, 1920px\" \/>        <\/a>\n    \n        <\/div>\n    <!-- \/image-wrap -->\n    \n        <\/div>\n<!-- \/module image --><!-- module image -->\n<div  class=\"module module-image tb_amxb746 image-top   tf_mw\" data-lazy=\"1\">\n        <div class=\"image-wrap tf_rel tf_mw\">\n            <a href=\"https:\/\/egtvedcamping.dk\/wp-content\/uploads\/2025\/12\/loppe.webp\" class=\"lightbox-builder themify_lightbox\">\n                   <img decoding=\"async\" width=\"1920\" height=\"1440\" src=\"https:\/\/egtvedcamping.dk\/wp-content\/uploads\/2025\/12\/loppe.webp\" class=\"wp-post-image wp-image-10290\" title=\"loppe\" alt=\"loppe\" srcset=\"https:\/\/egtvedcamping.dk\/wp-content\/uploads\/2025\/12\/loppe.webp 1920w, https:\/\/egtvedcamping.dk\/wp-content\/uploads\/2025\/12\/loppe-300x225.webp 300w, https:\/\/egtvedcamping.dk\/wp-content\/uploads\/2025\/12\/loppe-1024x768.webp 1024w, https:\/\/egtvedcamping.dk\/wp-content\/uploads\/2025\/12\/loppe-768x576.webp 768w, https:\/\/egtvedcamping.dk\/wp-content\/uploads\/2025\/12\/loppe-1536x1152.webp 1536w\" sizes=\"(max-width: 1920px) 100vw, 1920px\" \/>        <\/a>\n    \n        <\/div>\n    <!-- \/image-wrap -->\n    \n        <\/div>\n<!-- \/module image -->        <\/div>\n                        <\/div>\n        <\/div>\n        <\/div>\n<!--\/themify_builder_content-->","protected":false},"excerpt":{"rendered":"<p>Pinksteren op Egtved Camping. Het plannen van een weekend op Egtved Camping tijdens Pinksteren ligt voor de hand. We beginnen met het eerste concert van het jaar op Pinksterzaterdag. We hebben een muzikant uitgenodigd om Pinksteren af te trappen met geweldige muziek en bijpassend eten en drinken. Pinksterzondag De volgende dag, Pinksterzondag, wordt de grote [&hellip;]<\/p>\n","protected":false},"author":4,"featured_media":0,"parent":0,"menu_order":0,"comment_status":"closed","ping_status":"closed","template":"","meta":{"footnotes":""},"class_list":["post-11070","page","type-page","status-publish","hentry","has-post-title","has-post-date","has-post-category","has-post-tag","has-post-comment","has-post-author",""],"yoast_head":"<!-- This site is optimized with the Yoast SEO Premium plugin v27.5 (Yoast SEO v27.5) - https:\/\/yoast.com\/product\/yoast-seo-premium-wordpress\/ -->\n<title>Pinksteren op Egtved Camping - Egtved Camping<\/title>\n<meta name=\"description\" content=\"Een weekend plannen op Egtved Camping in Pinksteren ligt voor de hand. We beginnen met het eerste concert van het jaar op Pinksterzaterdag.\" \/>\n<meta name=\"robots\" content=\"index, follow, max-snippet:-1, max-image-preview:large, max-video-preview:-1\" \/>\n<link rel=\"canonical\" href=\"https:\/\/egtvedcamping.dk\/nl\/pinksteren-op-egtved-camping\/\" \/>\n<meta property=\"og:locale\" content=\"nl_NL\" \/>\n<meta property=\"og:type\" content=\"article\" \/>\n<meta property=\"og:title\" content=\"Pinksteren op Egtved Camping\" \/>\n<meta property=\"og:description\" content=\"Een weekend plannen op Egtved Camping in Pinksteren ligt voor de hand. We beginnen met het eerste concert van het jaar op Pinksterzaterdag.\" \/>\n<meta property=\"og:url\" content=\"https:\/\/egtvedcamping.dk\/nl\/pinksteren-op-egtved-camping\/\" \/>\n<meta property=\"og:site_name\" content=\"Egtved Camping\" \/>\n<meta property=\"article:publisher\" content=\"https:\/\/www.facebook.com\/profile.php?id=100064243891441\" \/>\n<meta property=\"article:modified_time\" content=\"2026-02-02T18:56:21+00:00\" \/>\n<meta property=\"og:image\" content=\"https:\/\/egtvedcamping.dk\/wp-content\/uploads\/2025\/12\/DJI_0746.webp\" \/>\n\t<meta property=\"og:image:width\" content=\"1920\" \/>\n\t<meta property=\"og:image:height\" content=\"1440\" \/>\n\t<meta property=\"og:image:type\" content=\"image\/webp\" \/>\n<meta name=\"twitter:label1\" content=\"Geschatte leestijd\" \/>\n\t<meta name=\"twitter:data1\" content=\"2 minuten\" \/>\n<script type=\"application\/ld+json\" class=\"yoast-schema-graph\">{\"@context\":\"https:\\\/\\\/schema.org\",\"@graph\":[{\"@type\":\"WebPage\",\"@id\":\"https:\\\/\\\/egtvedcamping.dk\\\/nl\\\/pinksteren-op-egtved-camping\\\/\",\"url\":\"https:\\\/\\\/egtvedcamping.dk\\\/nl\\\/pinksteren-op-egtved-camping\\\/\",\"name\":\"Pinksteren op Egtved Camping - Egtved Camping\",\"isPartOf\":{\"@id\":\"https:\\\/\\\/egtvedcamping.dk\\\/nl\\\/#website\"},\"primaryImageOfPage\":{\"@id\":\"https:\\\/\\\/egtvedcamping.dk\\\/nl\\\/pinksteren-op-egtved-camping\\\/#primaryimage\"},\"image\":{\"@id\":\"https:\\\/\\\/egtvedcamping.dk\\\/nl\\\/pinksteren-op-egtved-camping\\\/#primaryimage\"},\"thumbnailUrl\":\"https:\\\/\\\/egtvedcamping.dk\\\/wp-content\\\/uploads\\\/2025\\\/12\\\/DJI_0746.webp\",\"datePublished\":\"2026-02-02T18:56:20+00:00\",\"dateModified\":\"2026-02-02T18:56:21+00:00\",\"description\":\"Een weekend plannen op Egtved Camping in Pinksteren ligt voor de hand. We beginnen met het eerste concert van het jaar op Pinksterzaterdag.\",\"breadcrumb\":{\"@id\":\"https:\\\/\\\/egtvedcamping.dk\\\/nl\\\/pinksteren-op-egtved-camping\\\/#breadcrumb\"},\"inLanguage\":\"nl-NL\",\"potentialAction\":[{\"@type\":\"ReadAction\",\"target\":[\"https:\\\/\\\/egtvedcamping.dk\\\/nl\\\/pinksteren-op-egtved-camping\\\/\"]}]},{\"@type\":\"ImageObject\",\"inLanguage\":\"nl-NL\",\"@id\":\"https:\\\/\\\/egtvedcamping.dk\\\/nl\\\/pinksteren-op-egtved-camping\\\/#primaryimage\",\"url\":\"https:\\\/\\\/egtvedcamping.dk\\\/wp-content\\\/uploads\\\/2025\\\/12\\\/DJI_0746.webp\",\"contentUrl\":\"https:\\\/\\\/egtvedcamping.dk\\\/wp-content\\\/uploads\\\/2025\\\/12\\\/DJI_0746.webp\"},{\"@type\":\"BreadcrumbList\",\"@id\":\"https:\\\/\\\/egtvedcamping.dk\\\/nl\\\/pinksteren-op-egtved-camping\\\/#breadcrumb\",\"itemListElement\":[{\"@type\":\"ListItem\",\"position\":1,\"name\":\"Home\",\"item\":\"https:\\\/\\\/egtvedcamping.dk\\\/nl\\\/egtved-camping\\\/\"},{\"@type\":\"ListItem\",\"position\":2,\"name\":\"Pinksteren op Egtved Camping\"}]},{\"@type\":\"WebSite\",\"@id\":\"https:\\\/\\\/egtvedcamping.dk\\\/nl\\\/#website\",\"url\":\"https:\\\/\\\/egtvedcamping.dk\\\/nl\\\/\",\"name\":\"Egtved Camping\",\"description\":\"Slow camp - back to nature\",\"publisher\":{\"@id\":\"https:\\\/\\\/egtvedcamping.dk\\\/nl\\\/#organization\"},\"alternateName\":\"\u00c6gte Camping\",\"potentialAction\":[{\"@type\":\"SearchAction\",\"target\":{\"@type\":\"EntryPoint\",\"urlTemplate\":\"https:\\\/\\\/egtvedcamping.dk\\\/nl\\\/?s={search_term_string}\"},\"query-input\":{\"@type\":\"PropertyValueSpecification\",\"valueRequired\":true,\"valueName\":\"search_term_string\"}}],\"inLanguage\":\"nl-NL\"},{\"@type\":\"Organization\",\"@id\":\"https:\\\/\\\/egtvedcamping.dk\\\/nl\\\/#organization\",\"name\":\"Egtved Camping\",\"alternateName\":\"\u00c6gte Camping\",\"url\":\"https:\\\/\\\/egtvedcamping.dk\\\/nl\\\/\",\"logo\":{\"@type\":\"ImageObject\",\"inLanguage\":\"nl-NL\",\"@id\":\"https:\\\/\\\/egtvedcamping.dk\\\/nl\\\/#\\\/schema\\\/logo\\\/image\\\/\",\"url\":\"https:\\\/\\\/egtvedcamping.dk\\\/wp-content\\\/uploads\\\/2022\\\/12\\\/egtved-camping-logo800.png\",\"contentUrl\":\"https:\\\/\\\/egtvedcamping.dk\\\/wp-content\\\/uploads\\\/2022\\\/12\\\/egtved-camping-logo800.png\",\"width\":800,\"height\":197,\"caption\":\"Egtved Camping\"},\"image\":{\"@id\":\"https:\\\/\\\/egtvedcamping.dk\\\/nl\\\/#\\\/schema\\\/logo\\\/image\\\/\"},\"sameAs\":[\"https:\\\/\\\/www.facebook.com\\\/profile.php?id=100064243891441\"],\"description\":\"Egtved Camping tilbyder ferie med fokus p\u00e5 natur, hygge og er t\u00e6t p\u00e5 Billund, hvor der er aktiviteter og oplevelser for hele familien, bl.a Legoland \u2013 Lalandia \u2013 Givskud ZOO.\",\"email\":\"post@egtvedcamping.dk\",\"telephone\":\"+45 75551832\"}]}<\/script>\n<!-- \/ Yoast SEO Premium plugin. -->","yoast_head_json":{"title":"Pinksteren op Egtved Camping - Egtved Camping","description":"Een weekend plannen op Egtved Camping in Pinksteren ligt voor de hand. We beginnen met het eerste concert van het jaar op Pinksterzaterdag.","robots":{"index":"index","follow":"follow","max-snippet":"max-snippet:-1","max-image-preview":"max-image-preview:large","max-video-preview":"max-video-preview:-1"},"canonical":"https:\/\/egtvedcamping.dk\/nl\/pinksteren-op-egtved-camping\/","og_locale":"nl_NL","og_type":"article","og_title":"Pinksteren op Egtved Camping","og_description":"Een weekend plannen op Egtved Camping in Pinksteren ligt voor de hand. We beginnen met het eerste concert van het jaar op Pinksterzaterdag.","og_url":"https:\/\/egtvedcamping.dk\/nl\/pinksteren-op-egtved-camping\/","og_site_name":"Egtved Camping","article_publisher":"https:\/\/www.facebook.com\/profile.php?id=100064243891441","article_modified_time":"2026-02-02T18:56:21+00:00","og_image":[{"width":1920,"height":1440,"url":"https:\/\/egtvedcamping.dk\/wp-content\/uploads\/2025\/12\/DJI_0746.webp","type":"image\/webp"}],"twitter_misc":{"Geschatte leestijd":"2 minuten"},"schema":{"@context":"https:\/\/schema.org","@graph":[{"@type":"WebPage","@id":"https:\/\/egtvedcamping.dk\/nl\/pinksteren-op-egtved-camping\/","url":"https:\/\/egtvedcamping.dk\/nl\/pinksteren-op-egtved-camping\/","name":"Pinksteren op Egtved Camping - Egtved Camping","isPartOf":{"@id":"https:\/\/egtvedcamping.dk\/nl\/#website"},"primaryImageOfPage":{"@id":"https:\/\/egtvedcamping.dk\/nl\/pinksteren-op-egtved-camping\/#primaryimage"},"image":{"@id":"https:\/\/egtvedcamping.dk\/nl\/pinksteren-op-egtved-camping\/#primaryimage"},"thumbnailUrl":"https:\/\/egtvedcamping.dk\/wp-content\/uploads\/2025\/12\/DJI_0746.webp","datePublished":"2026-02-02T18:56:20+00:00","dateModified":"2026-02-02T18:56:21+00:00","description":"Een weekend plannen op Egtved Camping in Pinksteren ligt voor de hand. We beginnen met het eerste concert van het jaar op Pinksterzaterdag.","breadcrumb":{"@id":"https:\/\/egtvedcamping.dk\/nl\/pinksteren-op-egtved-camping\/#breadcrumb"},"inLanguage":"nl-NL","potentialAction":[{"@type":"ReadAction","target":["https:\/\/egtvedcamping.dk\/nl\/pinksteren-op-egtved-camping\/"]}]},{"@type":"ImageObject","inLanguage":"nl-NL","@id":"https:\/\/egtvedcamping.dk\/nl\/pinksteren-op-egtved-camping\/#primaryimage","url":"https:\/\/egtvedcamping.dk\/wp-content\/uploads\/2025\/12\/DJI_0746.webp","contentUrl":"https:\/\/egtvedcamping.dk\/wp-content\/uploads\/2025\/12\/DJI_0746.webp"},{"@type":"BreadcrumbList","@id":"https:\/\/egtvedcamping.dk\/nl\/pinksteren-op-egtved-camping\/#breadcrumb","itemListElement":[{"@type":"ListItem","position":1,"name":"Home","item":"https:\/\/egtvedcamping.dk\/nl\/egtved-camping\/"},{"@type":"ListItem","position":2,"name":"Pinksteren op Egtved Camping"}]},{"@type":"WebSite","@id":"https:\/\/egtvedcamping.dk\/nl\/#website","url":"https:\/\/egtvedcamping.dk\/nl\/","name":"Egtved Camping","description":"Slow camp - back to nature","publisher":{"@id":"https:\/\/egtvedcamping.dk\/nl\/#organization"},"alternateName":"\u00c6gte Camping","potentialAction":[{"@type":"SearchAction","target":{"@type":"EntryPoint","urlTemplate":"https:\/\/egtvedcamping.dk\/nl\/?s={search_term_string}"},"query-input":{"@type":"PropertyValueSpecification","valueRequired":true,"valueName":"search_term_string"}}],"inLanguage":"nl-NL"},{"@type":"Organization","@id":"https:\/\/egtvedcamping.dk\/nl\/#organization","name":"Egtved Camping","alternateName":"\u00c6gte Camping","url":"https:\/\/egtvedcamping.dk\/nl\/","logo":{"@type":"ImageObject","inLanguage":"nl-NL","@id":"https:\/\/egtvedcamping.dk\/nl\/#\/schema\/logo\/image\/","url":"https:\/\/egtvedcamping.dk\/wp-content\/uploads\/2022\/12\/egtved-camping-logo800.png","contentUrl":"https:\/\/egtvedcamping.dk\/wp-content\/uploads\/2022\/12\/egtved-camping-logo800.png","width":800,"height":197,"caption":"Egtved Camping"},"image":{"@id":"https:\/\/egtvedcamping.dk\/nl\/#\/schema\/logo\/image\/"},"sameAs":["https:\/\/www.facebook.com\/profile.php?id=100064243891441"],"description":"Egtved Camping tilbyder ferie med fokus p\u00e5 natur, hygge og er t\u00e6t p\u00e5 Billund, hvor der er aktiviteter og oplevelser for hele familien, bl.a Legoland \u2013 Lalandia \u2013 Givskud ZOO.","email":"post@egtvedcamping.dk","telephone":"+45 75551832"}]}},"builder_content":"<h1>Pinksteren op Egtved Camping.<\/h1> <p>Het plannen van een weekend op Egtved Camping tijdens Pinksteren ligt voor de hand. We beginnen met het eerste concert van het jaar op Pinksterzaterdag. We hebben een muzikant uitgenodigd om Pinksteren af te trappen met geweldige muziek en bijpassend eten en drinken. <\/p> <h2>Pinksterzondag<\/h2> <p>De volgende dag, Pinksterzondag, wordt de grote en gezellige Pinkstermarkt gehouden op Egtved Camping. Het hele terrein wordt omgetoverd tot een levendige, kleurrijke en feestelijke ruimte vol mensen, kraampjes, geurige etenswaren en blije kinderen. De markt vindt plaats van 10.00 tot 15.00 uur en is een vaste traditie geworden waar kampeerders, plaatselijke bewoners en bezoekers van buiten naar uitkijken. Wat onze Pinkstermarkt zo speciaal maakt, is dat hij niet op \u00e9\u00e9n specifieke plek wordt gehouden, maar zich verspreidt over de kampeerders op de camping zelf, waardoor er een unieke en intieme sfeer ontstaat waarin je kleine hoekjes, paadjes en pleintjes kunt verkennen. <\/p> <h2>Stallen<\/h2> <p>De kraampjes bieden een beetje van alles en er is ruimte voor zo'n beetje elk soort product. Je vindt er van alles, van handgemaakte artikelen, creatieve ambachten en huishoudelijke artikelen tot tweedehands speelgoed, kleding, snuisterijen, rommelmarktvondsten en onverwachte verrassingen. Een deel van de charme is dat je nooit weet wat je om de volgende hoek zult vinden. Als je deel wilt uitmaken van de markt en zelf een kraam wilt hebben, kun je contact met ons opnemen via e-mail of telefoon en dan zoeken we een goede plek en helpen we je met de praktische details. <\/p> <h2>Parkeren<\/h2> <p>Parkeren kan gemakkelijk en helemaal gratis bij Walters Plads, dat net buiten het campingterrein ligt. Bezoekers van buitenaf kunnen hun auto hier parkeren en zonder gedoe rechtstreeks naar de markt lopen. <\/p> <h2>De kinderen<\/h2> <p>Voor de kinderen is er ook genoeg om naar uit te kijken. De hele dag door worden er verschillende activiteiten georganiseerd om een glimlach op de gezichten van jong en oud te toveren. Populaire activiteiten zoals schminken, ponyrijden en snoepjes graven zijn maar een paar van de dingen die je tegen kunt komen, en er kunnen ook andere leuke verrassingen zijn, afhankelijk van wat het Pinksterprogramma te bieden heeft. Dit zorgt voor een ontspannen en speelse sfeer waar kinderen zich kunnen uitleven terwijl volwassenen de kraampjes verkennen of genieten van een verfrissing. <\/p> <h2>Eten en drinken<\/h2> <p>Eten en drinken is een natuurlijk onderdeel van een goede markt, en er is genoeg om uit te kiezen. De geur van gegrilde worstjes, versgebakken pannenkoeken en ouderwets klassiek ijs zal de lucht al snel vullen, en koude drankjes en andere lekkernijen zullen de hele dag te koop zijn bij het concertterrein. <\/p> <h2>Live muziek<\/h2> <p>Rond het middaguur zorgt livemuziek voor de finishing touch en geeft de hele markt de juiste zomerse en ontspannen sfeer.<\/p> <h2>Gezellige sfeer<\/h2> <p>Al met al is de Pinkstermarkt op Egtved Camping een dag vol gemeenschap, geweldige vondsten, kinderplezier en een gezellige sfeer, een evenement dat mensen samenbrengt en herinneringen cre\u00ebert, en we kijken er elk jaar naar uit.<\/p>\n<a href=\"https:\/\/egtvedcamping.dk\/wp-content\/uploads\/2025\/12\/DJI_0746.webp\"> <img src=\"https:\/\/egtvedcamping.dk\/wp-content\/uploads\/2025\/12\/DJI_0746.webp\" title=\"DJI_0746\" alt=\"DJI_0746\" srcset=\"https:\/\/egtvedcamping.dk\/wp-content\/uploads\/2025\/12\/DJI_0746.webp 1920w, https:\/\/egtvedcamping.dk\/wp-content\/uploads\/2025\/12\/DJI_0746-300x225.webp 300w, https:\/\/egtvedcamping.dk\/wp-content\/uploads\/2025\/12\/DJI_0746-1024x768.webp 1024w, https:\/\/egtvedcamping.dk\/wp-content\/uploads\/2025\/12\/DJI_0746-768x576.webp 768w, https:\/\/egtvedcamping.dk\/wp-content\/uploads\/2025\/12\/DJI_0746-1536x1152.webp 1536w\" sizes=\"(max-width: 1920px) 100vw, 1920px\" \/> <\/a>\n<a href=\"https:\/\/egtvedcamping.dk\/wp-content\/uploads\/2025\/12\/pise.webp\"> <img src=\"https:\/\/egtvedcamping.dk\/wp-content\/uploads\/2025\/12\/pise.webp\" title=\"pise\" alt=\"pise\" srcset=\"https:\/\/egtvedcamping.dk\/wp-content\/uploads\/2025\/12\/pise.webp 1920w, https:\/\/egtvedcamping.dk\/wp-content\/uploads\/2025\/12\/pise-300x225.webp 300w, https:\/\/egtvedcamping.dk\/wp-content\/uploads\/2025\/12\/pise-1024x768.webp 1024w, https:\/\/egtvedcamping.dk\/wp-content\/uploads\/2025\/12\/pise-768x576.webp 768w, https:\/\/egtvedcamping.dk\/wp-content\/uploads\/2025\/12\/pise-1536x1152.webp 1536w\" sizes=\"(max-width: 1920px) 100vw, 1920px\" \/> <\/a>\n<a href=\"https:\/\/egtvedcamping.dk\/wp-content\/uploads\/2025\/12\/loppe.webp\"> <img src=\"https:\/\/egtvedcamping.dk\/wp-content\/uploads\/2025\/12\/loppe.webp\" title=\"loppe\" alt=\"loppe\" srcset=\"https:\/\/egtvedcamping.dk\/wp-content\/uploads\/2025\/12\/loppe.webp 1920w, https:\/\/egtvedcamping.dk\/wp-content\/uploads\/2025\/12\/loppe-300x225.webp 300w, https:\/\/egtvedcamping.dk\/wp-content\/uploads\/2025\/12\/loppe-1024x768.webp 1024w, https:\/\/egtvedcamping.dk\/wp-content\/uploads\/2025\/12\/loppe-768x576.webp 768w, https:\/\/egtvedcamping.dk\/wp-content\/uploads\/2025\/12\/loppe-1536x1152.webp 1536w\" sizes=\"(max-width: 1920px) 100vw, 1920px\" \/> <\/a>","_links":{"self":[{"href":"https:\/\/egtvedcamping.dk\/nl\/wp-json\/wp\/v2\/pages\/11070","targetHints":{"allow":["GET"]}}],"collection":[{"href":"https:\/\/egtvedcamping.dk\/nl\/wp-json\/wp\/v2\/pages"}],"about":[{"href":"https:\/\/egtvedcamping.dk\/nl\/wp-json\/wp\/v2\/types\/page"}],"author":[{"embeddable":true,"href":"https:\/\/egtvedcamping.dk\/nl\/wp-json\/wp\/v2\/users\/4"}],"replies":[{"embeddable":true,"href":"https:\/\/egtvedcamping.dk\/nl\/wp-json\/wp\/v2\/comments?post=11070"}],"version-history":[{"count":3,"href":"https:\/\/egtvedcamping.dk\/nl\/wp-json\/wp\/v2\/pages\/11070\/revisions"}],"predecessor-version":[{"id":11073,"href":"https:\/\/egtvedcamping.dk\/nl\/wp-json\/wp\/v2\/pages\/11070\/revisions\/11073"}],"wp:attachment":[{"href":"https:\/\/egtvedcamping.dk\/nl\/wp-json\/wp\/v2\/media?parent=11070"}],"curies":[{"name":"wp","href":"https:\/\/api.w.org\/{rel}","templated":true}]}}