{"id":11596,"date":"2026-04-29T16:37:43","date_gmt":"2026-04-29T14:37:43","guid":{"rendered":"https:\/\/egtvedcamping.dk\/kinderen\/"},"modified":"2026-04-29T16:37:44","modified_gmt":"2026-04-29T14:37:44","slug":"kinderen","status":"publish","type":"page","link":"https:\/\/egtvedcamping.dk\/nl\/kinderen\/","title":{"rendered":"Kinderen"},"content":{"rendered":"<!--themify_builder_content-->\n<div id=\"themify_builder_content-11596\" data-postid=\"11596\" class=\"themify_builder_content themify_builder_content-11596 themify_builder tf_clear\">\n                    <div  data-lazy=\"1\" class=\"module_row themify_builder_row tb_c56067 tb_first tf_w\">\n                        <div class=\"row_inner col_align_top tb_col_count_2 tf_box tf_rel\">\n                        <div  data-lazy=\"1\" class=\"module_column tb-column col4-2 tb_2y4s68 first\">\n                    <!-- module text -->\n<div  class=\"module module-text tb_4m9h321   \" data-lazy=\"1\">\n        <div  class=\"tb_text_wrap\">\n        <h1>Kinderen<\/h1>\n<h3>Echte campingsfeer<\/h3>\n<p>Op Egtved Camping zien we kinderen als een van onze grootste waarden. Voor ons draait kamperen om gemeenschap, aanwezigheid en goede ervaringen, en kinderen die spelen, lachen en de wereld verkennen dragen in hoge mate bij aan de levendige en authentieke sfeer op de camping. Daarom werken we er hard aan om een omgeving te cre\u00ebren waar kinderen kind kunnen zijn en waar families samen kunnen zijn op een manier die natuurlijk, veilig en vol vreugde aanvoelt.  <\/p>\n<h3>Nadenken over het welzijn van kinderen en speelmogelijkheden.<\/h3>\n<p>We hebben twee speeltuinen die voortdurend worden verbeterd, maar onze jongste gasten zoeken vaak onze mooie bosgebieden op om te klimmen, holen te bouwen en zich te verstoppen.<\/p>\n<p>De speeltuinen zijn zo geplaatst dat ouders gemakkelijk een oogje in het zeil kunnen houden, terwijl kinderen de vrijheid hebben om te spelen. Het zorgt voor een goede balans waarbij iedereen zich veilig voelt. <\/p>\n<h3>Petanquebaan<\/h3>\n<p>Onze nieuw aangelegde petanquebaan is een hit bij zowel kinderen als volwassenen op het terrein en het spel cre\u00ebert vaak leuke en spontane gemeenschappen tussen generaties. Dit zijn de spellen waar papa, mama, grootouders en kinderen allemaal aan mee kunnen doen, en dit is typisch de plek waar je gelach en een licht competitieve geest hoort mengen in de frisse lucht. <\/p>\n<h3>Moeilijke tijden<\/h3>\n<p>Een van de dingen die Egtved Camping echt uniek maakt, is onze benadering van vrije tijd. Vrije tijd is tijd zonder plannen, zonder deadlines en zonder de verwachting van constante activiteit. Het stelt kinderen in staat om nieuwsgierig, creatief en aanwezig te zijn in het moment, en veel gezinnen vinden dat het een speciale rust toevoegt aan hun vakantie.  <\/p>\n<h3>Binnen<\/h3>\n<p>Binnen hebben we een gezellige gemeenschappelijke ruimte waar gezinnen kunnen samenkomen voor spelletjes, tekenen of rustige momenten wanneer de Deense zomer vraagt om iets onder de dekens. Er zijn verschillende bordspellen, boeken en legostenen. Het is een populaire plek, vooral &#8217;s avonds of op regenachtige dagen wanneer kinderen nog steeds willen spelen en samen willen zijn.  <\/p>    <\/div>\n<\/div>\n<!-- \/module text -->        <\/div>\n                    <div  data-lazy=\"1\" class=\"module_column tb-column col4-2 tb_685j674 last\">\n                    <!-- module image -->\n<div  class=\"module module-image tb_oj95333 image-top   tf_mw\" data-lazy=\"1\">\n        <div class=\"image-wrap tf_rel tf_mw\">\n            <img decoding=\"async\" width=\"2560\" height=\"1707\" src=\"https:\/\/egtvedcamping.dk\/wp-content\/uploads\/2023\/01\/legeplads-4667-1-scaled.jpg\" class=\"wp-post-image wp-image-11593\" title=\"legeplads-4667\" alt=\"legeplads-4667\" srcset=\"https:\/\/egtvedcamping.dk\/wp-content\/uploads\/2023\/01\/legeplads-4667-1-scaled.jpg 2560w, https:\/\/egtvedcamping.dk\/wp-content\/uploads\/2023\/01\/legeplads-4667-1-300x200.jpg 300w, https:\/\/egtvedcamping.dk\/wp-content\/uploads\/2023\/01\/legeplads-4667-1-1024x683.jpg 1024w, https:\/\/egtvedcamping.dk\/wp-content\/uploads\/2023\/01\/legeplads-4667-1-768x512.jpg 768w, https:\/\/egtvedcamping.dk\/wp-content\/uploads\/2023\/01\/legeplads-4667-1-1536x1024.jpg 1536w, https:\/\/egtvedcamping.dk\/wp-content\/uploads\/2023\/01\/legeplads-4667-1-2048x1365.jpg 2048w\" sizes=\"(max-width: 2560px) 100vw, 2560px\" \/>    \n        <\/div>\n    <!-- \/image-wrap -->\n    \n        <\/div>\n<!-- \/module image -->        <\/div>\n                        <\/div>\n        <\/div>\n        <\/div>\n<!--\/themify_builder_content-->","protected":false},"excerpt":{"rendered":"<p>Kinderen Echte campingsfeer Op Egtved Camping zien we kinderen als een van onze grootste waarden. Voor ons draait kamperen om gemeenschap, aanwezigheid en goede ervaringen, en kinderen die spelen, lachen en de wereld verkennen dragen in hoge mate bij aan de levendige en authentieke sfeer op de camping. Daarom werken we er hard aan om [&hellip;]<\/p>\n","protected":false},"author":4,"featured_media":0,"parent":0,"menu_order":0,"comment_status":"closed","ping_status":"closed","template":"","meta":{"footnotes":""},"class_list":["post-11596","page","type-page","status-publish","hentry","has-post-title","has-post-date","has-post-category","has-post-tag","has-post-comment","has-post-author",""],"yoast_head":"<!-- This site is optimized with the Yoast SEO Premium plugin v27.5 (Yoast SEO v27.5) - https:\/\/yoast.com\/product\/yoast-seo-premium-wordpress\/ -->\n<title>Kinderen - Egtved Camping<\/title>\n<meta name=\"description\" content=\"Op Egtved Camping zien we kinderen als een van onze grootste waarden. Het campingleven draait om gemeenschap, spelende en lachende kinderen.\" \/>\n<meta name=\"robots\" content=\"index, follow, max-snippet:-1, max-image-preview:large, max-video-preview:-1\" \/>\n<link rel=\"canonical\" href=\"https:\/\/egtvedcamping.dk\/nl\/kinderen\/\" \/>\n<meta property=\"og:locale\" content=\"nl_NL\" \/>\n<meta property=\"og:type\" content=\"article\" \/>\n<meta property=\"og:title\" content=\"Kinderen\" \/>\n<meta property=\"og:description\" content=\"Op Egtved Camping zien we kinderen als een van onze grootste waarden. Het campingleven draait om gemeenschap, spelende en lachende kinderen.\" \/>\n<meta property=\"og:url\" content=\"https:\/\/egtvedcamping.dk\/nl\/kinderen\/\" \/>\n<meta property=\"og:site_name\" content=\"Egtved Camping\" \/>\n<meta property=\"article:publisher\" content=\"https:\/\/www.facebook.com\/profile.php?id=100064243891441\" \/>\n<meta property=\"article:modified_time\" content=\"2026-04-29T14:37:44+00:00\" \/>\n<meta property=\"og:image\" content=\"https:\/\/egtvedcamping.dk\/wp-content\/uploads\/2023\/01\/legeplads-4667-1-scaled.jpg\" \/>\n\t<meta property=\"og:image:width\" content=\"2560\" \/>\n\t<meta property=\"og:image:height\" content=\"1707\" \/>\n\t<meta property=\"og:image:type\" content=\"image\/jpeg\" \/>\n<meta name=\"twitter:label1\" content=\"Geschatte leestijd\" \/>\n\t<meta name=\"twitter:data1\" content=\"2 minuten\" \/>\n<script type=\"application\/ld+json\" class=\"yoast-schema-graph\">{\"@context\":\"https:\\\/\\\/schema.org\",\"@graph\":[{\"@type\":\"WebPage\",\"@id\":\"https:\\\/\\\/egtvedcamping.dk\\\/nl\\\/kinderen\\\/\",\"url\":\"https:\\\/\\\/egtvedcamping.dk\\\/nl\\\/kinderen\\\/\",\"name\":\"Kinderen - Egtved Camping\",\"isPartOf\":{\"@id\":\"https:\\\/\\\/egtvedcamping.dk\\\/nl\\\/#website\"},\"primaryImageOfPage\":{\"@id\":\"https:\\\/\\\/egtvedcamping.dk\\\/nl\\\/kinderen\\\/#primaryimage\"},\"image\":{\"@id\":\"https:\\\/\\\/egtvedcamping.dk\\\/nl\\\/kinderen\\\/#primaryimage\"},\"thumbnailUrl\":\"https:\\\/\\\/egtvedcamping.dk\\\/wp-content\\\/uploads\\\/2023\\\/01\\\/legeplads-4667-1-scaled.jpg\",\"datePublished\":\"2026-04-29T14:37:43+00:00\",\"dateModified\":\"2026-04-29T14:37:44+00:00\",\"description\":\"Op Egtved Camping zien we kinderen als een van onze grootste waarden. Het campingleven draait om gemeenschap, spelende en lachende kinderen.\",\"breadcrumb\":{\"@id\":\"https:\\\/\\\/egtvedcamping.dk\\\/nl\\\/kinderen\\\/#breadcrumb\"},\"inLanguage\":\"nl-NL\",\"potentialAction\":[{\"@type\":\"ReadAction\",\"target\":[\"https:\\\/\\\/egtvedcamping.dk\\\/nl\\\/kinderen\\\/\"]}]},{\"@type\":\"ImageObject\",\"inLanguage\":\"nl-NL\",\"@id\":\"https:\\\/\\\/egtvedcamping.dk\\\/nl\\\/kinderen\\\/#primaryimage\",\"url\":\"https:\\\/\\\/egtvedcamping.dk\\\/wp-content\\\/uploads\\\/2023\\\/01\\\/legeplads-4667-1-scaled.jpg\",\"contentUrl\":\"https:\\\/\\\/egtvedcamping.dk\\\/wp-content\\\/uploads\\\/2023\\\/01\\\/legeplads-4667-1-scaled.jpg\"},{\"@type\":\"BreadcrumbList\",\"@id\":\"https:\\\/\\\/egtvedcamping.dk\\\/nl\\\/kinderen\\\/#breadcrumb\",\"itemListElement\":[{\"@type\":\"ListItem\",\"position\":1,\"name\":\"Home\",\"item\":\"https:\\\/\\\/egtvedcamping.dk\\\/nl\\\/egtved-camping\\\/\"},{\"@type\":\"ListItem\",\"position\":2,\"name\":\"Kinderen\"}]},{\"@type\":\"WebSite\",\"@id\":\"https:\\\/\\\/egtvedcamping.dk\\\/nl\\\/#website\",\"url\":\"https:\\\/\\\/egtvedcamping.dk\\\/nl\\\/\",\"name\":\"Egtved Camping\",\"description\":\"Slow camp - back to nature\",\"publisher\":{\"@id\":\"https:\\\/\\\/egtvedcamping.dk\\\/nl\\\/#organization\"},\"alternateName\":\"\u00c6gte Camping\",\"potentialAction\":[{\"@type\":\"SearchAction\",\"target\":{\"@type\":\"EntryPoint\",\"urlTemplate\":\"https:\\\/\\\/egtvedcamping.dk\\\/nl\\\/?s={search_term_string}\"},\"query-input\":{\"@type\":\"PropertyValueSpecification\",\"valueRequired\":true,\"valueName\":\"search_term_string\"}}],\"inLanguage\":\"nl-NL\"},{\"@type\":\"Organization\",\"@id\":\"https:\\\/\\\/egtvedcamping.dk\\\/nl\\\/#organization\",\"name\":\"Egtved Camping\",\"alternateName\":\"\u00c6gte Camping\",\"url\":\"https:\\\/\\\/egtvedcamping.dk\\\/nl\\\/\",\"logo\":{\"@type\":\"ImageObject\",\"inLanguage\":\"nl-NL\",\"@id\":\"https:\\\/\\\/egtvedcamping.dk\\\/nl\\\/#\\\/schema\\\/logo\\\/image\\\/\",\"url\":\"https:\\\/\\\/egtvedcamping.dk\\\/wp-content\\\/uploads\\\/2022\\\/12\\\/egtved-camping-logo800.png\",\"contentUrl\":\"https:\\\/\\\/egtvedcamping.dk\\\/wp-content\\\/uploads\\\/2022\\\/12\\\/egtved-camping-logo800.png\",\"width\":800,\"height\":197,\"caption\":\"Egtved Camping\"},\"image\":{\"@id\":\"https:\\\/\\\/egtvedcamping.dk\\\/nl\\\/#\\\/schema\\\/logo\\\/image\\\/\"},\"sameAs\":[\"https:\\\/\\\/www.facebook.com\\\/profile.php?id=100064243891441\"],\"description\":\"Egtved Camping tilbyder ferie med fokus p\u00e5 natur, hygge og er t\u00e6t p\u00e5 Billund, hvor der er aktiviteter og oplevelser for hele familien, bl.a Legoland \u2013 Lalandia \u2013 Givskud ZOO.\",\"email\":\"post@egtvedcamping.dk\",\"telephone\":\"+45 75551832\"}]}<\/script>\n<!-- \/ Yoast SEO Premium plugin. -->","yoast_head_json":{"title":"Kinderen - Egtved Camping","description":"Op Egtved Camping zien we kinderen als een van onze grootste waarden. Het campingleven draait om gemeenschap, spelende en lachende kinderen.","robots":{"index":"index","follow":"follow","max-snippet":"max-snippet:-1","max-image-preview":"max-image-preview:large","max-video-preview":"max-video-preview:-1"},"canonical":"https:\/\/egtvedcamping.dk\/nl\/kinderen\/","og_locale":"nl_NL","og_type":"article","og_title":"Kinderen","og_description":"Op Egtved Camping zien we kinderen als een van onze grootste waarden. Het campingleven draait om gemeenschap, spelende en lachende kinderen.","og_url":"https:\/\/egtvedcamping.dk\/nl\/kinderen\/","og_site_name":"Egtved Camping","article_publisher":"https:\/\/www.facebook.com\/profile.php?id=100064243891441","article_modified_time":"2026-04-29T14:37:44+00:00","og_image":[{"width":2560,"height":1707,"url":"https:\/\/egtvedcamping.dk\/wp-content\/uploads\/2023\/01\/legeplads-4667-1-scaled.jpg","type":"image\/jpeg"}],"twitter_misc":{"Geschatte leestijd":"2 minuten"},"schema":{"@context":"https:\/\/schema.org","@graph":[{"@type":"WebPage","@id":"https:\/\/egtvedcamping.dk\/nl\/kinderen\/","url":"https:\/\/egtvedcamping.dk\/nl\/kinderen\/","name":"Kinderen - Egtved Camping","isPartOf":{"@id":"https:\/\/egtvedcamping.dk\/nl\/#website"},"primaryImageOfPage":{"@id":"https:\/\/egtvedcamping.dk\/nl\/kinderen\/#primaryimage"},"image":{"@id":"https:\/\/egtvedcamping.dk\/nl\/kinderen\/#primaryimage"},"thumbnailUrl":"https:\/\/egtvedcamping.dk\/wp-content\/uploads\/2023\/01\/legeplads-4667-1-scaled.jpg","datePublished":"2026-04-29T14:37:43+00:00","dateModified":"2026-04-29T14:37:44+00:00","description":"Op Egtved Camping zien we kinderen als een van onze grootste waarden. Het campingleven draait om gemeenschap, spelende en lachende kinderen.","breadcrumb":{"@id":"https:\/\/egtvedcamping.dk\/nl\/kinderen\/#breadcrumb"},"inLanguage":"nl-NL","potentialAction":[{"@type":"ReadAction","target":["https:\/\/egtvedcamping.dk\/nl\/kinderen\/"]}]},{"@type":"ImageObject","inLanguage":"nl-NL","@id":"https:\/\/egtvedcamping.dk\/nl\/kinderen\/#primaryimage","url":"https:\/\/egtvedcamping.dk\/wp-content\/uploads\/2023\/01\/legeplads-4667-1-scaled.jpg","contentUrl":"https:\/\/egtvedcamping.dk\/wp-content\/uploads\/2023\/01\/legeplads-4667-1-scaled.jpg"},{"@type":"BreadcrumbList","@id":"https:\/\/egtvedcamping.dk\/nl\/kinderen\/#breadcrumb","itemListElement":[{"@type":"ListItem","position":1,"name":"Home","item":"https:\/\/egtvedcamping.dk\/nl\/egtved-camping\/"},{"@type":"ListItem","position":2,"name":"Kinderen"}]},{"@type":"WebSite","@id":"https:\/\/egtvedcamping.dk\/nl\/#website","url":"https:\/\/egtvedcamping.dk\/nl\/","name":"Egtved Camping","description":"Slow camp - back to nature","publisher":{"@id":"https:\/\/egtvedcamping.dk\/nl\/#organization"},"alternateName":"\u00c6gte Camping","potentialAction":[{"@type":"SearchAction","target":{"@type":"EntryPoint","urlTemplate":"https:\/\/egtvedcamping.dk\/nl\/?s={search_term_string}"},"query-input":{"@type":"PropertyValueSpecification","valueRequired":true,"valueName":"search_term_string"}}],"inLanguage":"nl-NL"},{"@type":"Organization","@id":"https:\/\/egtvedcamping.dk\/nl\/#organization","name":"Egtved Camping","alternateName":"\u00c6gte Camping","url":"https:\/\/egtvedcamping.dk\/nl\/","logo":{"@type":"ImageObject","inLanguage":"nl-NL","@id":"https:\/\/egtvedcamping.dk\/nl\/#\/schema\/logo\/image\/","url":"https:\/\/egtvedcamping.dk\/wp-content\/uploads\/2022\/12\/egtved-camping-logo800.png","contentUrl":"https:\/\/egtvedcamping.dk\/wp-content\/uploads\/2022\/12\/egtved-camping-logo800.png","width":800,"height":197,"caption":"Egtved Camping"},"image":{"@id":"https:\/\/egtvedcamping.dk\/nl\/#\/schema\/logo\/image\/"},"sameAs":["https:\/\/www.facebook.com\/profile.php?id=100064243891441"],"description":"Egtved Camping tilbyder ferie med fokus p\u00e5 natur, hygge og er t\u00e6t p\u00e5 Billund, hvor der er aktiviteter og oplevelser for hele familien, bl.a Legoland \u2013 Lalandia \u2013 Givskud ZOO.","email":"post@egtvedcamping.dk","telephone":"+45 75551832"}]}},"builder_content":"<h1>Kinderen<\/h1> <h3>Echte campingsfeer<\/h3> <p>Op Egtved Camping zien we kinderen als een van onze grootste waarden. Voor ons draait kamperen om gemeenschap, aanwezigheid en goede ervaringen, en kinderen die spelen, lachen en de wereld verkennen dragen in hoge mate bij aan de levendige en authentieke sfeer op de camping. Daarom werken we er hard aan om een omgeving te cre\u00ebren waar kinderen kind kunnen zijn en waar families samen kunnen zijn op een manier die natuurlijk, veilig en vol vreugde aanvoelt. <\/p> <h3>Nadenken over het welzijn van kinderen en speelmogelijkheden.<\/h3> <p>We hebben twee speeltuinen die voortdurend worden verbeterd, maar onze jongste gasten zoeken vaak onze mooie bosgebieden op om te klimmen, holen te bouwen en zich te verstoppen.<\/p> <p>De speeltuinen zijn zo geplaatst dat ouders gemakkelijk een oogje in het zeil kunnen houden, terwijl kinderen de vrijheid hebben om te spelen. Het zorgt voor een goede balans waarbij iedereen zich veilig voelt. <\/p> <h3>Petanquebaan<\/h3> <p>Onze nieuw aangelegde petanquebaan is een hit bij zowel kinderen als volwassenen op het terrein en het spel cre\u00ebert vaak leuke en spontane gemeenschappen tussen generaties. Dit zijn de spellen waar papa, mama, grootouders en kinderen allemaal aan mee kunnen doen, en dit is typisch de plek waar je gelach en een licht competitieve geest hoort mengen in de frisse lucht. <\/p> <h3>Moeilijke tijden<\/h3> <p>Een van de dingen die Egtved Camping echt uniek maakt, is onze benadering van vrije tijd. Vrije tijd is tijd zonder plannen, zonder deadlines en zonder de verwachting van constante activiteit. Het stelt kinderen in staat om nieuwsgierig, creatief en aanwezig te zijn in het moment, en veel gezinnen vinden dat het een speciale rust toevoegt aan hun vakantie. <\/p> <h3>Binnen<\/h3> <p>Binnen hebben we een gezellige gemeenschappelijke ruimte waar gezinnen kunnen samenkomen voor spelletjes, tekenen of rustige momenten wanneer de Deense zomer vraagt om iets onder de dekens. Er zijn verschillende bordspellen, boeken en legostenen. Het is een populaire plek, vooral 's avonds of op regenachtige dagen wanneer kinderen nog steeds willen spelen en samen willen zijn. <\/p>\n<img src=\"https:\/\/egtvedcamping.dk\/wp-content\/uploads\/2023\/01\/legeplads-4667-1-scaled.jpg\" title=\"legeplads-4667\" alt=\"legeplads-4667\" srcset=\"https:\/\/egtvedcamping.dk\/wp-content\/uploads\/2023\/01\/legeplads-4667-1-scaled.jpg 2560w, https:\/\/egtvedcamping.dk\/wp-content\/uploads\/2023\/01\/legeplads-4667-1-300x200.jpg 300w, https:\/\/egtvedcamping.dk\/wp-content\/uploads\/2023\/01\/legeplads-4667-1-1024x683.jpg 1024w, https:\/\/egtvedcamping.dk\/wp-content\/uploads\/2023\/01\/legeplads-4667-1-768x512.jpg 768w, https:\/\/egtvedcamping.dk\/wp-content\/uploads\/2023\/01\/legeplads-4667-1-1536x1024.jpg 1536w, https:\/\/egtvedcamping.dk\/wp-content\/uploads\/2023\/01\/legeplads-4667-1-2048x1365.jpg 2048w\" sizes=\"(max-width: 2560px) 100vw, 2560px\" \/>","_links":{"self":[{"href":"https:\/\/egtvedcamping.dk\/nl\/wp-json\/wp\/v2\/pages\/11596","targetHints":{"allow":["GET"]}}],"collection":[{"href":"https:\/\/egtvedcamping.dk\/nl\/wp-json\/wp\/v2\/pages"}],"about":[{"href":"https:\/\/egtvedcamping.dk\/nl\/wp-json\/wp\/v2\/types\/page"}],"author":[{"embeddable":true,"href":"https:\/\/egtvedcamping.dk\/nl\/wp-json\/wp\/v2\/users\/4"}],"replies":[{"embeddable":true,"href":"https:\/\/egtvedcamping.dk\/nl\/wp-json\/wp\/v2\/comments?post=11596"}],"version-history":[{"count":2,"href":"https:\/\/egtvedcamping.dk\/nl\/wp-json\/wp\/v2\/pages\/11596\/revisions"}],"predecessor-version":[{"id":11598,"href":"https:\/\/egtvedcamping.dk\/nl\/wp-json\/wp\/v2\/pages\/11596\/revisions\/11598"}],"wp:attachment":[{"href":"https:\/\/egtvedcamping.dk\/nl\/wp-json\/wp\/v2\/media?parent=11596"}],"curies":[{"name":"wp","href":"https:\/\/api.w.org\/{rel}","templated":true}]}}