{"id":7685,"date":"2014-09-28T14:29:55","date_gmt":"2014-09-28T14:29:55","guid":{"rendered":"https:\/\/egtvedcamping.dk\/om-os\/"},"modified":"2025-10-09T14:06:11","modified_gmt":"2025-10-09T12:06:11","slug":"over-ons","status":"publish","type":"page","link":"https:\/\/egtvedcamping.dk\/nl\/over-ons\/","title":{"rendered":"Over ons"},"content":{"rendered":"<!--themify_builder_content-->\n<div id=\"themify_builder_content-7685\" data-postid=\"7685\" class=\"themify_builder_content themify_builder_content-7685 themify_builder tf_clear\">\n                    <div  data-lazy=\"1\" class=\"module_row themify_builder_row tb_g0im255 tb_first tf_w\">\n                        <div class=\"row_inner col_align_top tb_col_count_2 tf_box tf_rel\">\n                        <div  data-lazy=\"1\" class=\"module_column tb-column col4-2 tb_srxr255 first\">\n                    <!-- module text -->\n<div  class=\"module module-text tb_9viy195   \" data-lazy=\"1\">\n        <div  class=\"tb_text_wrap\">\n        <h1>Beste kampeerders.<\/h1>\n<h2>Welkom op Egtved Camping.  <\/h2>\n<p>Wij zijn Stine en Thomas, een getrouwd stel op leeftijd dat eind 2022 uit het hamsterwiel stapte, ons huis verkocht en onze baan opzegde om als campingeigenaar door het leven te gaan met alles wat daarbij komt kijken.<br><span style=\"font-size: 1em\">Je kunt wel zeggen dat we een ander leven hadden dan we gewend waren, en alles was heel nieuw &#8211; en heel spannend. We genieten van de meeste uitdagingen die we dagelijks tegenkomen en de leercurve is steil. We hebben drie volwassen kinderen, Christian, Arthur en Mathilde, en een hond Charlie. We wonen op het terrein, waardoor het soms moeilijk is om onderscheid te maken tussen werk en vrije tijd. Daarom koesteren we de weinige tijd die we hebben in ons kleine huis naast de receptie.    <\/span><\/p>\n<p>Egtved Camping is een Back-to-Nature camping met hoge plafonds, veel elleboogruimte en optimale mogelijkheden om je terug te trekken voor privacy of gezellig samen te zijn met anderen in onze gezellige gemeenschappelijke ruimtes.<\/p>\n<p>Wij zijn een echte familiecamping die het kader schept voor gezelligheid, nabijheid en gemeenschap in het gezin en met andere gasten.<\/p>\n<p>We hebben een buitenkeuken gecre\u00eberd met een bijbehorend overdekt terras waar je volop de gelegenheid hebt om te socializen met andere kampeerders. dit jaar hebben de toilet- en doucheruimtes een moderner uiterlijk gekregen.  <\/p>\n<p>Het samenzijn met anderen wordt ook mogelijk gemaakt door onze nieuwe <a href=\"https:\/\/egtvedcamping.dk\/baalhytte\/\">vuurplaats<\/a>, die ons in het voorjaar van 2024 werd geschonken door de Isabella Foundation. We kijken uit naar vele gezellige uurtjes bij het vuur met (verbrand) brood, rook in de ogen, blije mensen en misschien een liedje.<\/p>\n<p>Egtved Camping is centraal gelegen ten opzichte van een aantal van de belangrijkste toeristische attracties, bezienswaardigheden en mooie steden in Denemarken met fantastische winkelmogelijkheden.<\/p>\n<p>Bovendien maken we deel uit van Vejle \u00c5dal, dat eindeloze wandel- en fietspaden heeft.<\/p>\n<p>We hebben een meer, een oude turfput, waar je kunt vissen &#8211; en als je een vis vangt, geef je hem een kus en laat je hem weer vrij.<\/p>\n<p>We hebben hier een rijk vogelleven en vooral de kraanvogels zijn hier een grote trekpleister. Er zijn ook uilen, nachtegaalzwaluwen en natuurlijk een heleboel andere vogels. <\/p>\n<p>Hier zijn alle gasten even belangrijk, of je nu een vaste klant bent of een dagjesmens. Het is een vakantieoord &#8211; iedereen moet het naar zijn zin hebben! <\/p>\n<p>  We wensen je een aangenaam verblijf op onze mooie camping.<\/p>\n<p>De bindende kracht is socialisatie en familie.<\/p>\n<p>Vriendelijke groeten<br>Stine en Thomas  <\/p>    <\/div>\n<\/div>\n<!-- \/module text -->        <\/div>\n                    <div  data-lazy=\"1\" class=\"module_column tb-column col4-2 tb_jrsq978 last\">\n                    <!-- module image -->\n<div  class=\"module module-image tb_iauq104 image-top   tf_mw\" data-lazy=\"1\">\n        <div class=\"image-wrap tf_rel tf_mw\">\n            <img decoding=\"async\" width=\"2560\" height=\"1707\" src=\"https:\/\/egtvedcamping.dk\/wp-content\/uploads\/2022\/11\/Billede--scaled.jpg\" class=\"wp-post-image wp-image-3694\" title=\"Billede--\" alt=\"Stine en Thomas heten je welkom op een Back to Nature camping\" srcset=\"https:\/\/egtvedcamping.dk\/wp-content\/uploads\/2022\/11\/Billede--scaled.jpg 2560w, https:\/\/egtvedcamping.dk\/wp-content\/uploads\/2022\/11\/Billede--300x200.jpg 300w, https:\/\/egtvedcamping.dk\/wp-content\/uploads\/2022\/11\/Billede--1024x683.jpg 1024w, https:\/\/egtvedcamping.dk\/wp-content\/uploads\/2022\/11\/Billede--768x512.jpg 768w, https:\/\/egtvedcamping.dk\/wp-content\/uploads\/2022\/11\/Billede--1536x1024.jpg 1536w, https:\/\/egtvedcamping.dk\/wp-content\/uploads\/2022\/11\/Billede--2048x1365.jpg 2048w\" sizes=\"(max-width: 2560px) 100vw, 2560px\" \/>    \n        <\/div>\n    <!-- \/image-wrap -->\n    \n        <\/div>\n<!-- \/module image -->        <\/div>\n                        <\/div>\n        <\/div>\n        <\/div>\n<!--\/themify_builder_content-->","protected":false},"excerpt":{"rendered":"<p>Beste kampeerders. Welkom op Egtved Camping. Wij zijn Stine en Thomas, een getrouwd stel op leeftijd dat eind 2022 uit het hamsterwiel stapte, ons huis verkocht en onze baan opzegde om als campingeigenaar door het leven te gaan met alles wat daarbij komt kijken.Je kunt wel zeggen dat we een ander leven hadden dan we [&hellip;]<\/p>\n","protected":false},"author":8,"featured_media":0,"parent":0,"menu_order":0,"comment_status":"closed","ping_status":"closed","template":"","meta":{"footnotes":""},"class_list":["post-7685","page","type-page","status-publish","hentry","has-post-title","has-post-date","has-post-category","has-post-tag","has-post-comment","has-post-author",""],"yoast_head":"<!-- This site is optimized with the Yoast SEO Premium plugin v27.5 (Yoast SEO v27.5) - https:\/\/yoast.com\/product\/yoast-seo-premium-wordpress\/ -->\n<title>Camping dichtbij Billund - camping dichtbij LEGOLAND<\/title>\n<meta name=\"description\" content=\"Reserveer een kampeerplaats op een mooie 3-sterrencamping - dicht bij LEGOLAND. Boek een camping en kampeerhutten op Egtved Camping - Lalandia Aquadome\" \/>\n<meta name=\"robots\" content=\"index, follow, max-snippet:-1, max-image-preview:large, max-video-preview:-1\" \/>\n<link rel=\"canonical\" href=\"https:\/\/egtvedcamping.dk\/nl\/over-ons\/\" \/>\n<meta property=\"og:locale\" content=\"nl_NL\" \/>\n<meta property=\"og:type\" content=\"article\" \/>\n<meta property=\"og:title\" content=\"Over ons\" \/>\n<meta property=\"og:description\" content=\"Reserveer een kampeerplaats op een mooie 3-sterrencamping - dicht bij LEGOLAND. Boek een camping en kampeerhutten op Egtved Camping - Lalandia Aquadome\" \/>\n<meta property=\"og:url\" content=\"https:\/\/egtvedcamping.dk\/nl\/over-ons\/\" \/>\n<meta property=\"og:site_name\" content=\"Egtved Camping\" \/>\n<meta property=\"article:publisher\" content=\"https:\/\/www.facebook.com\/profile.php?id=100064243891441\" \/>\n<meta property=\"article:modified_time\" content=\"2025-10-09T12:06:11+00:00\" \/>\n<meta property=\"og:image\" content=\"https:\/\/egtvedcamping.dk\/wp-content\/uploads\/2022\/11\/Billede--scaled.jpg\" \/>\n\t<meta property=\"og:image:width\" content=\"2560\" \/>\n\t<meta property=\"og:image:height\" content=\"1707\" \/>\n\t<meta property=\"og:image:type\" content=\"image\/jpeg\" \/>\n<meta name=\"twitter:label1\" content=\"Geschatte leestijd\" \/>\n\t<meta name=\"twitter:data1\" content=\"5 minuten\" \/>\n<script type=\"application\/ld+json\" class=\"yoast-schema-graph\">{\"@context\":\"https:\\\/\\\/schema.org\",\"@graph\":[{\"@type\":\"WebPage\",\"@id\":\"https:\\\/\\\/egtvedcamping.dk\\\/nl\\\/over-ons\\\/\",\"url\":\"https:\\\/\\\/egtvedcamping.dk\\\/nl\\\/over-ons\\\/\",\"name\":\"Camping dichtbij Billund - camping dichtbij LEGOLAND\",\"isPartOf\":{\"@id\":\"https:\\\/\\\/egtvedcamping.dk\\\/nl\\\/#website\"},\"primaryImageOfPage\":{\"@id\":\"https:\\\/\\\/egtvedcamping.dk\\\/nl\\\/over-ons\\\/#primaryimage\"},\"image\":{\"@id\":\"https:\\\/\\\/egtvedcamping.dk\\\/nl\\\/over-ons\\\/#primaryimage\"},\"thumbnailUrl\":\"https:\\\/\\\/egtvedcamping.dk\\\/wp-content\\\/uploads\\\/2022\\\/11\\\/Billede--scaled.jpg\",\"datePublished\":\"2014-09-28T14:29:55+00:00\",\"dateModified\":\"2025-10-09T12:06:11+00:00\",\"description\":\"Reserveer een kampeerplaats op een mooie 3-sterrencamping - dicht bij LEGOLAND. Boek een camping en kampeerhutten op Egtved Camping - Lalandia Aquadome\",\"breadcrumb\":{\"@id\":\"https:\\\/\\\/egtvedcamping.dk\\\/nl\\\/over-ons\\\/#breadcrumb\"},\"inLanguage\":\"nl-NL\",\"potentialAction\":[{\"@type\":\"ReadAction\",\"target\":[\"https:\\\/\\\/egtvedcamping.dk\\\/nl\\\/over-ons\\\/\"]}]},{\"@type\":\"ImageObject\",\"inLanguage\":\"nl-NL\",\"@id\":\"https:\\\/\\\/egtvedcamping.dk\\\/nl\\\/over-ons\\\/#primaryimage\",\"url\":\"https:\\\/\\\/egtvedcamping.dk\\\/wp-content\\\/uploads\\\/2022\\\/11\\\/Billede--scaled.jpg\",\"contentUrl\":\"https:\\\/\\\/egtvedcamping.dk\\\/wp-content\\\/uploads\\\/2022\\\/11\\\/Billede--scaled.jpg\"},{\"@type\":\"BreadcrumbList\",\"@id\":\"https:\\\/\\\/egtvedcamping.dk\\\/nl\\\/over-ons\\\/#breadcrumb\",\"itemListElement\":[{\"@type\":\"ListItem\",\"position\":1,\"name\":\"Home\",\"item\":\"https:\\\/\\\/egtvedcamping.dk\\\/nl\\\/egtved-camping\\\/\"},{\"@type\":\"ListItem\",\"position\":2,\"name\":\"Over ons\"}]},{\"@type\":\"WebSite\",\"@id\":\"https:\\\/\\\/egtvedcamping.dk\\\/nl\\\/#website\",\"url\":\"https:\\\/\\\/egtvedcamping.dk\\\/nl\\\/\",\"name\":\"Egtved Camping\",\"description\":\"Slow camp - back to nature\",\"publisher\":{\"@id\":\"https:\\\/\\\/egtvedcamping.dk\\\/nl\\\/#organization\"},\"alternateName\":\"\u00c6gte Camping\",\"potentialAction\":[{\"@type\":\"SearchAction\",\"target\":{\"@type\":\"EntryPoint\",\"urlTemplate\":\"https:\\\/\\\/egtvedcamping.dk\\\/nl\\\/?s={search_term_string}\"},\"query-input\":{\"@type\":\"PropertyValueSpecification\",\"valueRequired\":true,\"valueName\":\"search_term_string\"}}],\"inLanguage\":\"nl-NL\"},{\"@type\":\"Organization\",\"@id\":\"https:\\\/\\\/egtvedcamping.dk\\\/nl\\\/#organization\",\"name\":\"Egtved Camping\",\"alternateName\":\"\u00c6gte Camping\",\"url\":\"https:\\\/\\\/egtvedcamping.dk\\\/nl\\\/\",\"logo\":{\"@type\":\"ImageObject\",\"inLanguage\":\"nl-NL\",\"@id\":\"https:\\\/\\\/egtvedcamping.dk\\\/nl\\\/#\\\/schema\\\/logo\\\/image\\\/\",\"url\":\"https:\\\/\\\/egtvedcamping.dk\\\/wp-content\\\/uploads\\\/2022\\\/12\\\/egtved-camping-logo800.png\",\"contentUrl\":\"https:\\\/\\\/egtvedcamping.dk\\\/wp-content\\\/uploads\\\/2022\\\/12\\\/egtved-camping-logo800.png\",\"width\":800,\"height\":197,\"caption\":\"Egtved Camping\"},\"image\":{\"@id\":\"https:\\\/\\\/egtvedcamping.dk\\\/nl\\\/#\\\/schema\\\/logo\\\/image\\\/\"},\"sameAs\":[\"https:\\\/\\\/www.facebook.com\\\/profile.php?id=100064243891441\"],\"description\":\"Egtved Camping tilbyder ferie med fokus p\u00e5 natur, hygge og er t\u00e6t p\u00e5 Billund, hvor der er aktiviteter og oplevelser for hele familien, bl.a Legoland \u2013 Lalandia \u2013 Givskud ZOO.\",\"email\":\"post@egtvedcamping.dk\",\"telephone\":\"+45 75551832\"}]}<\/script>\n<!-- \/ Yoast SEO Premium plugin. -->","yoast_head_json":{"title":"Camping dichtbij Billund - camping dichtbij LEGOLAND","description":"Reserveer een kampeerplaats op een mooie 3-sterrencamping - dicht bij LEGOLAND. Boek een camping en kampeerhutten op Egtved Camping - Lalandia Aquadome","robots":{"index":"index","follow":"follow","max-snippet":"max-snippet:-1","max-image-preview":"max-image-preview:large","max-video-preview":"max-video-preview:-1"},"canonical":"https:\/\/egtvedcamping.dk\/nl\/over-ons\/","og_locale":"nl_NL","og_type":"article","og_title":"Over ons","og_description":"Reserveer een kampeerplaats op een mooie 3-sterrencamping - dicht bij LEGOLAND. Boek een camping en kampeerhutten op Egtved Camping - Lalandia Aquadome","og_url":"https:\/\/egtvedcamping.dk\/nl\/over-ons\/","og_site_name":"Egtved Camping","article_publisher":"https:\/\/www.facebook.com\/profile.php?id=100064243891441","article_modified_time":"2025-10-09T12:06:11+00:00","og_image":[{"width":2560,"height":1707,"url":"https:\/\/egtvedcamping.dk\/wp-content\/uploads\/2022\/11\/Billede--scaled.jpg","type":"image\/jpeg"}],"twitter_misc":{"Geschatte leestijd":"5 minuten"},"schema":{"@context":"https:\/\/schema.org","@graph":[{"@type":"WebPage","@id":"https:\/\/egtvedcamping.dk\/nl\/over-ons\/","url":"https:\/\/egtvedcamping.dk\/nl\/over-ons\/","name":"Camping dichtbij Billund - camping dichtbij LEGOLAND","isPartOf":{"@id":"https:\/\/egtvedcamping.dk\/nl\/#website"},"primaryImageOfPage":{"@id":"https:\/\/egtvedcamping.dk\/nl\/over-ons\/#primaryimage"},"image":{"@id":"https:\/\/egtvedcamping.dk\/nl\/over-ons\/#primaryimage"},"thumbnailUrl":"https:\/\/egtvedcamping.dk\/wp-content\/uploads\/2022\/11\/Billede--scaled.jpg","datePublished":"2014-09-28T14:29:55+00:00","dateModified":"2025-10-09T12:06:11+00:00","description":"Reserveer een kampeerplaats op een mooie 3-sterrencamping - dicht bij LEGOLAND. Boek een camping en kampeerhutten op Egtved Camping - Lalandia Aquadome","breadcrumb":{"@id":"https:\/\/egtvedcamping.dk\/nl\/over-ons\/#breadcrumb"},"inLanguage":"nl-NL","potentialAction":[{"@type":"ReadAction","target":["https:\/\/egtvedcamping.dk\/nl\/over-ons\/"]}]},{"@type":"ImageObject","inLanguage":"nl-NL","@id":"https:\/\/egtvedcamping.dk\/nl\/over-ons\/#primaryimage","url":"https:\/\/egtvedcamping.dk\/wp-content\/uploads\/2022\/11\/Billede--scaled.jpg","contentUrl":"https:\/\/egtvedcamping.dk\/wp-content\/uploads\/2022\/11\/Billede--scaled.jpg"},{"@type":"BreadcrumbList","@id":"https:\/\/egtvedcamping.dk\/nl\/over-ons\/#breadcrumb","itemListElement":[{"@type":"ListItem","position":1,"name":"Home","item":"https:\/\/egtvedcamping.dk\/nl\/egtved-camping\/"},{"@type":"ListItem","position":2,"name":"Over ons"}]},{"@type":"WebSite","@id":"https:\/\/egtvedcamping.dk\/nl\/#website","url":"https:\/\/egtvedcamping.dk\/nl\/","name":"Egtved Camping","description":"Slow camp - back to nature","publisher":{"@id":"https:\/\/egtvedcamping.dk\/nl\/#organization"},"alternateName":"\u00c6gte Camping","potentialAction":[{"@type":"SearchAction","target":{"@type":"EntryPoint","urlTemplate":"https:\/\/egtvedcamping.dk\/nl\/?s={search_term_string}"},"query-input":{"@type":"PropertyValueSpecification","valueRequired":true,"valueName":"search_term_string"}}],"inLanguage":"nl-NL"},{"@type":"Organization","@id":"https:\/\/egtvedcamping.dk\/nl\/#organization","name":"Egtved Camping","alternateName":"\u00c6gte Camping","url":"https:\/\/egtvedcamping.dk\/nl\/","logo":{"@type":"ImageObject","inLanguage":"nl-NL","@id":"https:\/\/egtvedcamping.dk\/nl\/#\/schema\/logo\/image\/","url":"https:\/\/egtvedcamping.dk\/wp-content\/uploads\/2022\/12\/egtved-camping-logo800.png","contentUrl":"https:\/\/egtvedcamping.dk\/wp-content\/uploads\/2022\/12\/egtved-camping-logo800.png","width":800,"height":197,"caption":"Egtved Camping"},"image":{"@id":"https:\/\/egtvedcamping.dk\/nl\/#\/schema\/logo\/image\/"},"sameAs":["https:\/\/www.facebook.com\/profile.php?id=100064243891441"],"description":"Egtved Camping tilbyder ferie med fokus p\u00e5 natur, hygge og er t\u00e6t p\u00e5 Billund, hvor der er aktiviteter og oplevelser for hele familien, bl.a Legoland \u2013 Lalandia \u2013 Givskud ZOO.","email":"post@egtvedcamping.dk","telephone":"+45 75551832"}]}},"builder_content":"<h1>Beste kampeerders.<\/h1> <h2>Welkom op Egtved Camping. <\/h2> <p>Wij zijn Stine en Thomas, een getrouwd stel op leeftijd dat eind 2022 uit het hamsterwiel stapte, ons huis verkocht en onze baan opzegde om als campingeigenaar door het leven te gaan met alles wat daarbij komt kijken.<br>Je kunt wel zeggen dat we een ander leven hadden dan we gewend waren, en alles was heel nieuw - en heel spannend. We genieten van de meeste uitdagingen die we dagelijks tegenkomen en de leercurve is steil. We hebben drie volwassen kinderen, Christian, Arthur en Mathilde, en een hond Charlie. We wonen op het terrein, waardoor het soms moeilijk is om onderscheid te maken tussen werk en vrije tijd. Daarom koesteren we de weinige tijd die we hebben in ons kleine huis naast de receptie. <\/p> <p>Egtved Camping is een Back-to-Nature camping met hoge plafonds, veel elleboogruimte en optimale mogelijkheden om je terug te trekken voor privacy of gezellig samen te zijn met anderen in onze gezellige gemeenschappelijke ruimtes.<\/p> <p>Wij zijn een echte familiecamping die het kader schept voor gezelligheid, nabijheid en gemeenschap in het gezin en met andere gasten.<\/p> <p>We hebben een buitenkeuken gecre\u00eberd met een bijbehorend overdekt terras waar je volop de gelegenheid hebt om te socializen met andere kampeerders. dit jaar hebben de toilet- en doucheruimtes een moderner uiterlijk gekregen. <\/p> <p>Het samenzijn met anderen wordt ook mogelijk gemaakt door onze nieuwe <a href=\"https:\/\/egtvedcamping.dk\/baalhytte\/\">vuurplaats<\/a>, die ons in het voorjaar van 2024 werd geschonken door de Isabella Foundation. We kijken uit naar vele gezellige uurtjes bij het vuur met (verbrand) brood, rook in de ogen, blije mensen en misschien een liedje.<\/p> <p>Egtved Camping is centraal gelegen ten opzichte van een aantal van de belangrijkste toeristische attracties, bezienswaardigheden en mooie steden in Denemarken met fantastische winkelmogelijkheden.<\/p> <p>Bovendien maken we deel uit van Vejle \u00c5dal, dat eindeloze wandel- en fietspaden heeft.<\/p> <p>We hebben een meer, een oude turfput, waar je kunt vissen - en als je een vis vangt, geef je hem een kus en laat je hem weer vrij.<\/p> <p>We hebben hier een rijk vogelleven en vooral de kraanvogels zijn hier een grote trekpleister. Er zijn ook uilen, nachtegaalzwaluwen en natuurlijk een heleboel andere vogels. <\/p> <p>Hier zijn alle gasten even belangrijk, of je nu een vaste klant bent of een dagjesmens. Het is een vakantieoord - iedereen moet het naar zijn zin hebben! <\/p> <p> We wensen je een aangenaam verblijf op onze mooie camping.<\/p> <p>De bindende kracht is socialisatie en familie.<\/p> <p>Vriendelijke groeten<br>Stine en Thomas <\/p>\n<img src=\"https:\/\/egtvedcamping.dk\/wp-content\/uploads\/2022\/11\/Billede--scaled.jpg\" title=\"Billede--\" alt=\"Stine en Thomas heten je welkom op een Back to Nature camping\" srcset=\"https:\/\/egtvedcamping.dk\/wp-content\/uploads\/2022\/11\/Billede--scaled.jpg 2560w, https:\/\/egtvedcamping.dk\/wp-content\/uploads\/2022\/11\/Billede--300x200.jpg 300w, https:\/\/egtvedcamping.dk\/wp-content\/uploads\/2022\/11\/Billede--1024x683.jpg 1024w, https:\/\/egtvedcamping.dk\/wp-content\/uploads\/2022\/11\/Billede--768x512.jpg 768w, https:\/\/egtvedcamping.dk\/wp-content\/uploads\/2022\/11\/Billede--1536x1024.jpg 1536w, https:\/\/egtvedcamping.dk\/wp-content\/uploads\/2022\/11\/Billede--2048x1365.jpg 2048w\" sizes=\"(max-width: 2560px) 100vw, 2560px\" \/>","_links":{"self":[{"href":"https:\/\/egtvedcamping.dk\/nl\/wp-json\/wp\/v2\/pages\/7685","targetHints":{"allow":["GET"]}}],"collection":[{"href":"https:\/\/egtvedcamping.dk\/nl\/wp-json\/wp\/v2\/pages"}],"about":[{"href":"https:\/\/egtvedcamping.dk\/nl\/wp-json\/wp\/v2\/types\/page"}],"author":[{"embeddable":true,"href":"https:\/\/egtvedcamping.dk\/nl\/wp-json\/wp\/v2\/users\/8"}],"replies":[{"embeddable":true,"href":"https:\/\/egtvedcamping.dk\/nl\/wp-json\/wp\/v2\/comments?post=7685"}],"version-history":[{"count":8,"href":"https:\/\/egtvedcamping.dk\/nl\/wp-json\/wp\/v2\/pages\/7685\/revisions"}],"predecessor-version":[{"id":9027,"href":"https:\/\/egtvedcamping.dk\/nl\/wp-json\/wp\/v2\/pages\/7685\/revisions\/9027"}],"wp:attachment":[{"href":"https:\/\/egtvedcamping.dk\/nl\/wp-json\/wp\/v2\/media?parent=7685"}],"curies":[{"name":"wp","href":"https:\/\/api.w.org\/{rel}","templated":true}]}}