{"id":7692,"date":"2022-11-24T13:06:20","date_gmt":"2022-11-24T12:06:20","guid":{"rendered":"https:\/\/egtvedcamping.dk\/om-os\/ophold-paa-pladsen\/"},"modified":"2026-04-29T14:54:23","modified_gmt":"2026-04-29T12:54:23","slug":"verblijf-op-de-camping","status":"publish","type":"page","link":"https:\/\/egtvedcamping.dk\/nl\/over-ons\/verblijf-op-de-camping\/","title":{"rendered":"Verblijf ter plaatse"},"content":{"rendered":"<!--themify_builder_content-->\n<div id=\"themify_builder_content-7692\" data-postid=\"7692\" class=\"themify_builder_content themify_builder_content-7692 themify_builder tf_clear\">\n                    <div  data-lazy=\"1\" class=\"module_row themify_builder_row tb_v7eb37 tb_first tf_w\">\n                        <div class=\"row_inner col_align_top tb_col_count_2 tf_box tf_rel\">\n                        <div  data-lazy=\"1\" class=\"module_column tb-column col4-2 tb_kp3837 first\">\n                    <!-- module text -->\n<div  class=\"module module-text tb_1pbx694   \" data-lazy=\"1\">\n        <div  class=\"tb_text_wrap\">\n        <h1>Verblijf ter plaatse<\/h1>\n<h2>Het is belangrijk dat iedereen zich goed voelt.<\/h2>\n<p>Daarom vertrouwen we erop dat iedereen rekening met elkaar houdt en elkaar respecteert.<\/p>\n<p>We houden van het idee van vrijheid met verantwoordelijkheid en geven daarom de voorkeur aan zo min mogelijk regels op het terrein.<\/p>\n<p>Daarom raden we een paar richtlijnen en gezond verstand aan:<\/p>\n<ul>\n<li>Het autoverkeer op het terrein is beperkt zodat gasten zich vrij en veilig over het terrein kunnen bewegen. Zorg ervoor dat je volledig vertraagt. <\/li>\n<li>Je bent natuurlijk van harte welkom om te socializen op je zitplaats en in de gemeenschappelijke ruimtes, we raden je een gezonde drinkcultuur aan.<\/li>\n<li>Om 23.00 uur vragen we om stilte op het plein.<\/li>\n<\/ul>\n<p>De slagboom is gesloten tussen 23:00 en 7:00 uur, dus als je de parkeerplaats tijdens deze periode moet verlaten, denk er dan aan om je auto voor 23:00 uur buiten de slagboom te parkeren. Er worden kosten in rekening gebracht voor het openen van de slagboom tijdens deze periode (niet-spoedeisende hulp). <\/p>    <\/div>\n<\/div>\n<!-- \/module text -->        <\/div>\n                    <div  data-lazy=\"1\" class=\"module_column tb-column col4-2 tb_d5h2207 last\">\n                    <!-- module image pro -->\n<div  class=\"module module-pro-image tb_52n3559 filter- effect- fullwidth_image  tf_textc   entrance-effect-fadeIn\" data-lazy=\"1\" data-entrance-effect=\"fadeIn\" data-exit-effect=\"fadeOut\" >\n\t\n    <div class=\"image-pro-wrap tf_rel tf_overflow tf_inline_b\">\n\t\t\t\t\t<a class=\"image-pro-external themify_lightbox tf_abs tf_w tf_h\" href=\"https:\/\/egtvedcamping.dk\/wp-content\/uploads\/2026\/04\/Egtved-Camping-Pladsoversigt-2026-1980.webp\" ><span class=\"screen-reader-text\">Link<\/span><\/a>\n\t\t   \t\t<div class=\"image-pro-flip-box-wrap tf_rel tf_w tf_overflow\">\n\t\t\t<div class=\"image-pro-flip-box tf_rel\">\n\n\t\t\t\t<img decoding=\"async\" width=\"1920\" height=\"1382\" src=\"https:\/\/egtvedcamping.dk\/wp-content\/uploads\/2026\/04\/Egtved-Camping-Pladsoversigt-2026-1980.webp\" class=\"wp-post-image wp-image-11526\" title=\"Egtved Camping Pladsoversigt 2026\" alt=\"Egtved Camping Pladsoversigt 2026\" srcset=\"https:\/\/egtvedcamping.dk\/wp-content\/uploads\/2026\/04\/Egtved-Camping-Pladsoversigt-2026-1980.webp 1920w, https:\/\/egtvedcamping.dk\/wp-content\/uploads\/2026\/04\/Egtved-Camping-Pladsoversigt-2026-1980-300x216.webp 300w, https:\/\/egtvedcamping.dk\/wp-content\/uploads\/2026\/04\/Egtved-Camping-Pladsoversigt-2026-1980-1024x737.webp 1024w, https:\/\/egtvedcamping.dk\/wp-content\/uploads\/2026\/04\/Egtved-Camping-Pladsoversigt-2026-1980-768x553.webp 768w, https:\/\/egtvedcamping.dk\/wp-content\/uploads\/2026\/04\/Egtved-Camping-Pladsoversigt-2026-1980-1536x1106.webp 1536w\" sizes=\"(max-width: 1920px) 100vw, 1920px\" \/>\n\t\t\t\t\n\t\t\t<\/div>\n\t\t<\/div>\n\n    <\/div><!-- .image-pro-wrap -->\n\n\t\n\t\n\t<\/div><!-- \/module image pro -->        <\/div>\n                        <\/div>\n        <\/div>\n                        <div  data-lazy=\"1\" class=\"module_row themify_builder_row tb_t13m949 tf_w\">\n                        <div class=\"row_inner col_align_top tb_col_count_1 tf_box tf_rel\">\n                        <div  data-lazy=\"1\" class=\"module_column tb-column col-full tb_fqzr949 first\">\n                    <!-- module image -->\n<div  class=\"module module-image tb_1n4s127 image-top   auto_fullwidth tf_mw\" data-lazy=\"1\">\n        <div class=\"image-wrap tf_rel tf_mw\">\n            <img decoding=\"async\" width=\"2000\" height=\"1500\" src=\"https:\/\/egtvedcamping.dk\/wp-content\/uploads\/2023\/01\/Billede-0401.jpg\" class=\"wp-post-image wp-image-4131\" title=\"Billede-0401\" alt=\"Egtved Camping Legoland\" srcset=\"https:\/\/egtvedcamping.dk\/wp-content\/uploads\/2023\/01\/Billede-0401.jpg 2000w, https:\/\/egtvedcamping.dk\/wp-content\/uploads\/2023\/01\/Billede-0401-300x225.jpg 300w, https:\/\/egtvedcamping.dk\/wp-content\/uploads\/2023\/01\/Billede-0401-1024x768.jpg 1024w, https:\/\/egtvedcamping.dk\/wp-content\/uploads\/2023\/01\/Billede-0401-768x576.jpg 768w, https:\/\/egtvedcamping.dk\/wp-content\/uploads\/2023\/01\/Billede-0401-1536x1152.jpg 1536w\" sizes=\"(max-width: 2000px) 100vw, 2000px\" \/>    \n        <\/div>\n    <!-- \/image-wrap -->\n    \n        <\/div>\n<!-- \/module image -->        <\/div>\n                        <\/div>\n        <\/div>\n        <\/div>\n<!--\/themify_builder_content-->","protected":false},"excerpt":{"rendered":"<p>Verblijf ter plaatse Het is belangrijk dat iedereen zich goed voelt. Daarom vertrouwen we erop dat iedereen rekening met elkaar houdt en elkaar respecteert. We houden van het idee van vrijheid met verantwoordelijkheid en geven daarom de voorkeur aan zo min mogelijk regels op het terrein. Daarom raden we een paar richtlijnen en gezond verstand [&hellip;]<\/p>\n","protected":false},"author":8,"featured_media":0,"parent":7685,"menu_order":0,"comment_status":"closed","ping_status":"closed","template":"","meta":{"footnotes":""},"class_list":["post-7692","page","type-page","status-publish","hentry","has-post-title","has-post-date","has-post-category","has-post-tag","has-post-comment","has-post-author",""],"yoast_head":"<!-- This site is optimized with the Yoast SEO Premium plugin v27.5 (Yoast SEO v27.5) - https:\/\/yoast.com\/product\/yoast-seo-premium-wordpress\/ -->\n<title>Verblijf ter plaatse - Egtved Camping<\/title>\n<meta name=\"description\" content=\"De slagboom is gesloten tussen 23:00 en 7:00 uur, dus als je het terrein in die tijd moet verlaten, vergeet dan niet je auto voor 23:00 uur buiten de slagboom te parkeren.\" \/>\n<meta name=\"robots\" content=\"index, follow, max-snippet:-1, max-image-preview:large, max-video-preview:-1\" \/>\n<link rel=\"canonical\" href=\"https:\/\/egtvedcamping.dk\/nl\/over-ons\/verblijf-op-de-camping\/\" \/>\n<meta property=\"og:locale\" content=\"nl_NL\" \/>\n<meta property=\"og:type\" content=\"article\" \/>\n<meta property=\"og:title\" content=\"Verblijf ter plaatse\" \/>\n<meta property=\"og:description\" content=\"De slagboom is gesloten tussen 23:00 en 7:00 uur, dus als je het terrein in die tijd moet verlaten, vergeet dan niet je auto voor 23:00 uur buiten de slagboom te parkeren.\" \/>\n<meta property=\"og:url\" content=\"https:\/\/egtvedcamping.dk\/nl\/over-ons\/verblijf-op-de-camping\/\" \/>\n<meta property=\"og:site_name\" content=\"Egtved Camping\" \/>\n<meta property=\"article:publisher\" content=\"https:\/\/www.facebook.com\/profile.php?id=100064243891441\" \/>\n<meta property=\"article:modified_time\" content=\"2026-04-29T12:54:23+00:00\" \/>\n<meta property=\"og:image\" content=\"https:\/\/egtvedcamping.dk\/wp-content\/uploads\/2026\/04\/Egtved-Camping-Pladsoversigt-2026-1980.webp\" \/>\n\t<meta property=\"og:image:width\" content=\"1920\" \/>\n\t<meta property=\"og:image:height\" content=\"1382\" \/>\n\t<meta property=\"og:image:type\" content=\"image\/webp\" \/>\n<meta name=\"twitter:label1\" content=\"Geschatte leestijd\" \/>\n\t<meta name=\"twitter:data1\" content=\"3 minuten\" \/>\n<script type=\"application\/ld+json\" class=\"yoast-schema-graph\">{\"@context\":\"https:\\\/\\\/schema.org\",\"@graph\":[{\"@type\":\"WebPage\",\"@id\":\"https:\\\/\\\/egtvedcamping.dk\\\/nl\\\/over-ons\\\/verblijf-op-de-camping\\\/\",\"url\":\"https:\\\/\\\/egtvedcamping.dk\\\/nl\\\/over-ons\\\/verblijf-op-de-camping\\\/\",\"name\":\"Verblijf ter plaatse - Egtved Camping\",\"isPartOf\":{\"@id\":\"https:\\\/\\\/egtvedcamping.dk\\\/nl\\\/#website\"},\"primaryImageOfPage\":{\"@id\":\"https:\\\/\\\/egtvedcamping.dk\\\/nl\\\/over-ons\\\/verblijf-op-de-camping\\\/#primaryimage\"},\"image\":{\"@id\":\"https:\\\/\\\/egtvedcamping.dk\\\/nl\\\/over-ons\\\/verblijf-op-de-camping\\\/#primaryimage\"},\"thumbnailUrl\":\"https:\\\/\\\/egtvedcamping.dk\\\/wp-content\\\/uploads\\\/2026\\\/04\\\/Egtved-Camping-Pladsoversigt-2026-1980.webp\",\"datePublished\":\"2022-11-24T12:06:20+00:00\",\"dateModified\":\"2026-04-29T12:54:23+00:00\",\"description\":\"De slagboom is gesloten tussen 23:00 en 7:00 uur, dus als je het terrein in die tijd moet verlaten, vergeet dan niet je auto voor 23:00 uur buiten de slagboom te parkeren.\",\"breadcrumb\":{\"@id\":\"https:\\\/\\\/egtvedcamping.dk\\\/nl\\\/over-ons\\\/verblijf-op-de-camping\\\/#breadcrumb\"},\"inLanguage\":\"nl-NL\",\"potentialAction\":[{\"@type\":\"ReadAction\",\"target\":[\"https:\\\/\\\/egtvedcamping.dk\\\/nl\\\/over-ons\\\/verblijf-op-de-camping\\\/\"]}]},{\"@type\":\"ImageObject\",\"inLanguage\":\"nl-NL\",\"@id\":\"https:\\\/\\\/egtvedcamping.dk\\\/nl\\\/over-ons\\\/verblijf-op-de-camping\\\/#primaryimage\",\"url\":\"https:\\\/\\\/egtvedcamping.dk\\\/wp-content\\\/uploads\\\/2026\\\/04\\\/Egtved-Camping-Pladsoversigt-2026-1980.webp\",\"contentUrl\":\"https:\\\/\\\/egtvedcamping.dk\\\/wp-content\\\/uploads\\\/2026\\\/04\\\/Egtved-Camping-Pladsoversigt-2026-1980.webp\"},{\"@type\":\"BreadcrumbList\",\"@id\":\"https:\\\/\\\/egtvedcamping.dk\\\/nl\\\/over-ons\\\/verblijf-op-de-camping\\\/#breadcrumb\",\"itemListElement\":[{\"@type\":\"ListItem\",\"position\":1,\"name\":\"Home\",\"item\":\"https:\\\/\\\/egtvedcamping.dk\\\/nl\\\/egtved-camping\\\/\"},{\"@type\":\"ListItem\",\"position\":2,\"name\":\"Over ons\",\"item\":\"https:\\\/\\\/egtvedcamping.dk\\\/nl\\\/over-ons\\\/\"},{\"@type\":\"ListItem\",\"position\":3,\"name\":\"Verblijf ter plaatse\"}]},{\"@type\":\"WebSite\",\"@id\":\"https:\\\/\\\/egtvedcamping.dk\\\/nl\\\/#website\",\"url\":\"https:\\\/\\\/egtvedcamping.dk\\\/nl\\\/\",\"name\":\"Egtved Camping\",\"description\":\"Slow camp - back to nature\",\"publisher\":{\"@id\":\"https:\\\/\\\/egtvedcamping.dk\\\/nl\\\/#organization\"},\"alternateName\":\"\u00c6gte Camping\",\"potentialAction\":[{\"@type\":\"SearchAction\",\"target\":{\"@type\":\"EntryPoint\",\"urlTemplate\":\"https:\\\/\\\/egtvedcamping.dk\\\/nl\\\/?s={search_term_string}\"},\"query-input\":{\"@type\":\"PropertyValueSpecification\",\"valueRequired\":true,\"valueName\":\"search_term_string\"}}],\"inLanguage\":\"nl-NL\"},{\"@type\":\"Organization\",\"@id\":\"https:\\\/\\\/egtvedcamping.dk\\\/nl\\\/#organization\",\"name\":\"Egtved Camping\",\"alternateName\":\"\u00c6gte Camping\",\"url\":\"https:\\\/\\\/egtvedcamping.dk\\\/nl\\\/\",\"logo\":{\"@type\":\"ImageObject\",\"inLanguage\":\"nl-NL\",\"@id\":\"https:\\\/\\\/egtvedcamping.dk\\\/nl\\\/#\\\/schema\\\/logo\\\/image\\\/\",\"url\":\"https:\\\/\\\/egtvedcamping.dk\\\/wp-content\\\/uploads\\\/2022\\\/12\\\/egtved-camping-logo800.png\",\"contentUrl\":\"https:\\\/\\\/egtvedcamping.dk\\\/wp-content\\\/uploads\\\/2022\\\/12\\\/egtved-camping-logo800.png\",\"width\":800,\"height\":197,\"caption\":\"Egtved Camping\"},\"image\":{\"@id\":\"https:\\\/\\\/egtvedcamping.dk\\\/nl\\\/#\\\/schema\\\/logo\\\/image\\\/\"},\"sameAs\":[\"https:\\\/\\\/www.facebook.com\\\/profile.php?id=100064243891441\"],\"description\":\"Egtved Camping tilbyder ferie med fokus p\u00e5 natur, hygge og er t\u00e6t p\u00e5 Billund, hvor der er aktiviteter og oplevelser for hele familien, bl.a Legoland \u2013 Lalandia \u2013 Givskud ZOO.\",\"email\":\"post@egtvedcamping.dk\",\"telephone\":\"+45 75551832\"}]}<\/script>\n<!-- \/ Yoast SEO Premium plugin. -->","yoast_head_json":{"title":"Verblijf ter plaatse - Egtved Camping","description":"De slagboom is gesloten tussen 23:00 en 7:00 uur, dus als je het terrein in die tijd moet verlaten, vergeet dan niet je auto voor 23:00 uur buiten de slagboom te parkeren.","robots":{"index":"index","follow":"follow","max-snippet":"max-snippet:-1","max-image-preview":"max-image-preview:large","max-video-preview":"max-video-preview:-1"},"canonical":"https:\/\/egtvedcamping.dk\/nl\/over-ons\/verblijf-op-de-camping\/","og_locale":"nl_NL","og_type":"article","og_title":"Verblijf ter plaatse","og_description":"De slagboom is gesloten tussen 23:00 en 7:00 uur, dus als je het terrein in die tijd moet verlaten, vergeet dan niet je auto voor 23:00 uur buiten de slagboom te parkeren.","og_url":"https:\/\/egtvedcamping.dk\/nl\/over-ons\/verblijf-op-de-camping\/","og_site_name":"Egtved Camping","article_publisher":"https:\/\/www.facebook.com\/profile.php?id=100064243891441","article_modified_time":"2026-04-29T12:54:23+00:00","og_image":[{"width":1920,"height":1382,"url":"https:\/\/egtvedcamping.dk\/wp-content\/uploads\/2026\/04\/Egtved-Camping-Pladsoversigt-2026-1980.webp","type":"image\/webp"}],"twitter_misc":{"Geschatte leestijd":"3 minuten"},"schema":{"@context":"https:\/\/schema.org","@graph":[{"@type":"WebPage","@id":"https:\/\/egtvedcamping.dk\/nl\/over-ons\/verblijf-op-de-camping\/","url":"https:\/\/egtvedcamping.dk\/nl\/over-ons\/verblijf-op-de-camping\/","name":"Verblijf ter plaatse - Egtved Camping","isPartOf":{"@id":"https:\/\/egtvedcamping.dk\/nl\/#website"},"primaryImageOfPage":{"@id":"https:\/\/egtvedcamping.dk\/nl\/over-ons\/verblijf-op-de-camping\/#primaryimage"},"image":{"@id":"https:\/\/egtvedcamping.dk\/nl\/over-ons\/verblijf-op-de-camping\/#primaryimage"},"thumbnailUrl":"https:\/\/egtvedcamping.dk\/wp-content\/uploads\/2026\/04\/Egtved-Camping-Pladsoversigt-2026-1980.webp","datePublished":"2022-11-24T12:06:20+00:00","dateModified":"2026-04-29T12:54:23+00:00","description":"De slagboom is gesloten tussen 23:00 en 7:00 uur, dus als je het terrein in die tijd moet verlaten, vergeet dan niet je auto voor 23:00 uur buiten de slagboom te parkeren.","breadcrumb":{"@id":"https:\/\/egtvedcamping.dk\/nl\/over-ons\/verblijf-op-de-camping\/#breadcrumb"},"inLanguage":"nl-NL","potentialAction":[{"@type":"ReadAction","target":["https:\/\/egtvedcamping.dk\/nl\/over-ons\/verblijf-op-de-camping\/"]}]},{"@type":"ImageObject","inLanguage":"nl-NL","@id":"https:\/\/egtvedcamping.dk\/nl\/over-ons\/verblijf-op-de-camping\/#primaryimage","url":"https:\/\/egtvedcamping.dk\/wp-content\/uploads\/2026\/04\/Egtved-Camping-Pladsoversigt-2026-1980.webp","contentUrl":"https:\/\/egtvedcamping.dk\/wp-content\/uploads\/2026\/04\/Egtved-Camping-Pladsoversigt-2026-1980.webp"},{"@type":"BreadcrumbList","@id":"https:\/\/egtvedcamping.dk\/nl\/over-ons\/verblijf-op-de-camping\/#breadcrumb","itemListElement":[{"@type":"ListItem","position":1,"name":"Home","item":"https:\/\/egtvedcamping.dk\/nl\/egtved-camping\/"},{"@type":"ListItem","position":2,"name":"Over ons","item":"https:\/\/egtvedcamping.dk\/nl\/over-ons\/"},{"@type":"ListItem","position":3,"name":"Verblijf ter plaatse"}]},{"@type":"WebSite","@id":"https:\/\/egtvedcamping.dk\/nl\/#website","url":"https:\/\/egtvedcamping.dk\/nl\/","name":"Egtved Camping","description":"Slow camp - back to nature","publisher":{"@id":"https:\/\/egtvedcamping.dk\/nl\/#organization"},"alternateName":"\u00c6gte Camping","potentialAction":[{"@type":"SearchAction","target":{"@type":"EntryPoint","urlTemplate":"https:\/\/egtvedcamping.dk\/nl\/?s={search_term_string}"},"query-input":{"@type":"PropertyValueSpecification","valueRequired":true,"valueName":"search_term_string"}}],"inLanguage":"nl-NL"},{"@type":"Organization","@id":"https:\/\/egtvedcamping.dk\/nl\/#organization","name":"Egtved Camping","alternateName":"\u00c6gte Camping","url":"https:\/\/egtvedcamping.dk\/nl\/","logo":{"@type":"ImageObject","inLanguage":"nl-NL","@id":"https:\/\/egtvedcamping.dk\/nl\/#\/schema\/logo\/image\/","url":"https:\/\/egtvedcamping.dk\/wp-content\/uploads\/2022\/12\/egtved-camping-logo800.png","contentUrl":"https:\/\/egtvedcamping.dk\/wp-content\/uploads\/2022\/12\/egtved-camping-logo800.png","width":800,"height":197,"caption":"Egtved Camping"},"image":{"@id":"https:\/\/egtvedcamping.dk\/nl\/#\/schema\/logo\/image\/"},"sameAs":["https:\/\/www.facebook.com\/profile.php?id=100064243891441"],"description":"Egtved Camping tilbyder ferie med fokus p\u00e5 natur, hygge og er t\u00e6t p\u00e5 Billund, hvor der er aktiviteter og oplevelser for hele familien, bl.a Legoland \u2013 Lalandia \u2013 Givskud ZOO.","email":"post@egtvedcamping.dk","telephone":"+45 75551832"}]}},"builder_content":"<h1>Verblijf ter plaatse<\/h1> <h2>Het is belangrijk dat iedereen zich goed voelt.<\/h2> <p>Daarom vertrouwen we erop dat iedereen rekening met elkaar houdt en elkaar respecteert.<\/p> <p>We houden van het idee van vrijheid met verantwoordelijkheid en geven daarom de voorkeur aan zo min mogelijk regels op het terrein.<\/p> <p>Daarom raden we een paar richtlijnen en gezond verstand aan:<\/p> <ul> <li>Het autoverkeer op het terrein is beperkt zodat gasten zich vrij en veilig over het terrein kunnen bewegen. Zorg ervoor dat je volledig vertraagt. <\/li> <li>Je bent natuurlijk van harte welkom om te socializen op je zitplaats en in de gemeenschappelijke ruimtes, we raden je een gezonde drinkcultuur aan.<\/li> <li>Om 23.00 uur vragen we om stilte op het plein.<\/li> <\/ul> <p>De slagboom is gesloten tussen 23:00 en 7:00 uur, dus als je de parkeerplaats tijdens deze periode moet verlaten, denk er dan aan om je auto voor 23:00 uur buiten de slagboom te parkeren. Er worden kosten in rekening gebracht voor het openen van de slagboom tijdens deze periode (niet-spoedeisende hulp). <\/p>\n<a href=\"https:\/\/egtvedcamping.dk\/wp-content\/uploads\/2026\/04\/Egtved-Camping-Pladsoversigt-2026-1980.webp\" >Link<\/a> \n <img src=\"https:\/\/egtvedcamping.dk\/wp-content\/uploads\/2026\/04\/Egtved-Camping-Pladsoversigt-2026-1980.webp\" title=\"Egtved Camping Pladsoversigt 2026\" alt=\"Egtved Camping Pladsoversigt 2026\" srcset=\"https:\/\/egtvedcamping.dk\/wp-content\/uploads\/2026\/04\/Egtved-Camping-Pladsoversigt-2026-1980.webp 1920w, https:\/\/egtvedcamping.dk\/wp-content\/uploads\/2026\/04\/Egtved-Camping-Pladsoversigt-2026-1980-300x216.webp 300w, https:\/\/egtvedcamping.dk\/wp-content\/uploads\/2026\/04\/Egtved-Camping-Pladsoversigt-2026-1980-1024x737.webp 1024w, https:\/\/egtvedcamping.dk\/wp-content\/uploads\/2026\/04\/Egtved-Camping-Pladsoversigt-2026-1980-768x553.webp 768w, https:\/\/egtvedcamping.dk\/wp-content\/uploads\/2026\/04\/Egtved-Camping-Pladsoversigt-2026-1980-1536x1106.webp 1536w\" sizes=\"(max-width: 1920px) 100vw, 1920px\" \/>\n<img src=\"https:\/\/egtvedcamping.dk\/wp-content\/uploads\/2023\/01\/Billede-0401.jpg\" title=\"Billede-0401\" alt=\"Egtved Camping Legoland\" srcset=\"https:\/\/egtvedcamping.dk\/wp-content\/uploads\/2023\/01\/Billede-0401.jpg 2000w, https:\/\/egtvedcamping.dk\/wp-content\/uploads\/2023\/01\/Billede-0401-300x225.jpg 300w, https:\/\/egtvedcamping.dk\/wp-content\/uploads\/2023\/01\/Billede-0401-1024x768.jpg 1024w, https:\/\/egtvedcamping.dk\/wp-content\/uploads\/2023\/01\/Billede-0401-768x576.jpg 768w, https:\/\/egtvedcamping.dk\/wp-content\/uploads\/2023\/01\/Billede-0401-1536x1152.jpg 1536w\" sizes=\"(max-width: 2000px) 100vw, 2000px\" \/>","_links":{"self":[{"href":"https:\/\/egtvedcamping.dk\/nl\/wp-json\/wp\/v2\/pages\/7692","targetHints":{"allow":["GET"]}}],"collection":[{"href":"https:\/\/egtvedcamping.dk\/nl\/wp-json\/wp\/v2\/pages"}],"about":[{"href":"https:\/\/egtvedcamping.dk\/nl\/wp-json\/wp\/v2\/types\/page"}],"author":[{"embeddable":true,"href":"https:\/\/egtvedcamping.dk\/nl\/wp-json\/wp\/v2\/users\/8"}],"replies":[{"embeddable":true,"href":"https:\/\/egtvedcamping.dk\/nl\/wp-json\/wp\/v2\/comments?post=7692"}],"version-history":[{"count":26,"href":"https:\/\/egtvedcamping.dk\/nl\/wp-json\/wp\/v2\/pages\/7692\/revisions"}],"predecessor-version":[{"id":11550,"href":"https:\/\/egtvedcamping.dk\/nl\/wp-json\/wp\/v2\/pages\/7692\/revisions\/11550"}],"up":[{"embeddable":true,"href":"https:\/\/egtvedcamping.dk\/nl\/wp-json\/wp\/v2\/pages\/7685"}],"wp:attachment":[{"href":"https:\/\/egtvedcamping.dk\/nl\/wp-json\/wp\/v2\/media?parent=7692"}],"curies":[{"name":"wp","href":"https:\/\/api.w.org\/{rel}","templated":true}]}}