{"id":7706,"date":"2014-09-28T14:34:03","date_gmt":"2014-09-28T14:34:03","guid":{"rendered":"https:\/\/egtvedcamping.dk\/overnatning\/"},"modified":"2026-02-02T23:10:03","modified_gmt":"2026-02-02T22:10:03","slug":"overnachting","status":"publish","type":"page","link":"https:\/\/egtvedcamping.dk\/nl\/overnachting\/","title":{"rendered":"Accommodatie"},"content":{"rendered":"<!--themify_builder_content-->\n<div id=\"themify_builder_content-7706\" data-postid=\"7706\" class=\"themify_builder_content themify_builder_content-7706 themify_builder tf_clear\">\n                    <div  data-lazy=\"1\" class=\"module_row themify_builder_row tb_4wa4272 tb_first tf_w\">\n                        <div class=\"row_inner col_align_top tb_col_count_2 tf_box tf_rel\">\n                        <div  data-lazy=\"1\" class=\"module_column tb-column col4-2 tb_6nw8272 first\">\n                    <!-- module text -->\n<div  class=\"module module-text tb_0obo661   \" data-lazy=\"1\">\n        <div  class=\"tb_text_wrap\">\n        <h1>Accommodatie<\/h1>\n<h2><span style=\"background-color: initial; font-size: 1em;\">Op Egtved Camping heb je verschillende accommodatiemogelijkheden.  <\/span><\/h2>\n<p>Er zijn veel manieren om te kamperen. Sommige mensen willen een volledig primitief en basic verblijf, terwijl anderen wat meer luxe willen met bijvoorbeeld toegang tot een priv\u00e9badkamer. Het belangrijkste is dat je het gevoel hebt dat je op vakantie bent en op de voorwaarden die jij kiest.  <\/p>\n<p>Egtved Camping is een centrale locatie als je Legoland, Lalandia Aquadome, WoW park en Legohouse in Billund of Givskud Zoo, Bindeballe K\u00f8bmandsg\u00e5rd of Trapholt wilt bezoeken. Kom na een dag op pad terug naar de basis waar je kunt ontspannen in een rustige omgeving. <\/p>\n<p>Je kunt natuurlijk ook een gewone elektriciteitsplaats voor je caravan of camper reserveren. Als je elektriciteit wilt, betaal je dat vooraf in pakketten, en als het pakket op is, betaal je de rest achteraf. We hebben een ruime keuze aan kampeerplaatsen, zowel groot als klein. Er zijn plaatsen dicht bij het servicegebouw, er zijn plaatsen dicht bij het meer en er zijn hooggelegen plaatsen met een fantastisch uitzicht op het meer.   <\/p>    <\/div>\n<\/div>\n<!-- \/module text --><!-- module text -->\n<div  class=\"module module-text tb_0cix974   \" data-lazy=\"1\">\n        <div  class=\"tb_text_wrap\">\n        <h3>Tenten<\/h3>\n<p>Natuurlijk kun je ook een kampeerplaats voor je tent reserveren, waarbij je bijna zelf kunt bepalen waar je hem neerzet als je geen elektriciteit nodig hebt.<\/p>    <\/div>\n<\/div>\n<!-- \/module text --><!-- module text -->\n<div  class=\"module module-text tb_8ldw119   \" data-lazy=\"1\">\n        <div  class=\"tb_text_wrap\">\n        <h3>Hutten<\/h3>\n<p>We hebben ook 20 gezellige kampeerhutten. De hutten zijn er in verschillende maten en met verschillende uitrusting, maar alle hutten hebben een koelkast, koffiezetapparaat en serviesgoed. Er zijn ook dekbedden en kussens, en je kunt beddengoed huren of zelf meenemen.  <\/p>\n<p>In sommige hutten heb je de mogelijkheid om je hond mee te nemen, tegen extra schoonmaakkosten. Voor alle hutten worden regelmatig schoonmaakkosten in rekening gebracht en er geldt een dagtarief voor elektriciteit. <\/p>\n<p>Alle hutten hebben elektrische verwarming.<\/p>    <\/div>\n<\/div>\n<!-- \/module text --><!-- module text -->\n<div  class=\"module module-text tb_4i23876   \" data-lazy=\"1\">\n        <div  class=\"tb_text_wrap\">\n        <h3>Stacaravans<\/h3>\n<p>We hebben ook 6 appartementen\/stacaravans te huur, waarin je alles hebt wat je nodig hebt, inclusief douche en toilet. Er is een overdekt terras zodat je ook buiten kunt zijn als het weer je niet gunstig gezind is. <\/p>    <\/div>\n<\/div>\n<!-- \/module text --><!-- module text -->\n<div  class=\"module module-text tb_r7fg891   \" data-lazy=\"1\">\n        <div  class=\"tb_text_wrap\">\n        <h3>Seizoensplaatsen<\/h3>\n<p>Seizoensstoelen kunnen geboekt worden. We hebben verschillende modellen, afhankelijk van wat je wilt. Dit betekent dat je kunt kiezen voor een voorjaarsplaats, een zomerplaats of een winterplaats, en je kunt ze ook combineren als je dat wilt. Als je je caravan alleen in de winter wilt stallen, is dit ook een optie. Hier moet de voortent worden afgebroken.      <\/p>    <\/div>\n<\/div>\n<!-- \/module text --><!-- module text -->\n<div  class=\"module module-text tb_8fx9651   \" data-lazy=\"1\">\n        <div  class=\"tb_text_wrap\">\n        <h3>Ruimte het hele jaar door<\/h3>\n<p>Als je het hele jaar door een plek wilt, zijn er bepaalde goedgekeurde gebieden waarnaar je wordt verwezen.<\/p>\n<p>Bel ons als je iets wilt verduidelijken.<\/p>    <\/div>\n<\/div>\n<!-- \/module text -->        <\/div>\n                    <div  data-lazy=\"1\" class=\"module_column tb-column col4-2 tb_duv0381 last\">\n                    <!-- module image pro -->\n<div  class=\"module module-pro-image tb_hqo3540 filter- effect- fullwidth_image  tf_textc   entrance-effect-fadeIn\" data-lazy=\"1\" data-entrance-effect=\"fadeIn\" data-exit-effect=\"fadeOut\" >\n\t\n    <div class=\"image-pro-wrap tf_rel tf_overflow tf_inline_b\">\n\t\t\t\t\t<a class=\"image-pro-external themify_lightbox tf_abs tf_w tf_h\" href=\"https:\/\/egtvedcamping.dk\/wp-content\/uploads\/2023\/01\/Egtved-Camping.jpg\" ><span class=\"screen-reader-text\">Link<\/span><\/a>\n\t\t   \t\t<div class=\"image-pro-flip-box-wrap tf_rel tf_w tf_overflow\">\n\t\t\t<div class=\"image-pro-flip-box tf_rel\">\n\n\t\t\t\t<img decoding=\"async\" width=\"2208\" height=\"1200\" src=\"https:\/\/egtvedcamping.dk\/wp-content\/uploads\/2023\/01\/Egtved-Camping.jpg\" class=\"wp-post-image wp-image-10088\" title=\"Egtved Camping\" alt=\"Egtved Camping\" srcset=\"https:\/\/egtvedcamping.dk\/wp-content\/uploads\/2023\/01\/Egtved-Camping.jpg 2208w, https:\/\/egtvedcamping.dk\/wp-content\/uploads\/2023\/01\/Egtved-Camping-300x163.jpg 300w, https:\/\/egtvedcamping.dk\/wp-content\/uploads\/2023\/01\/Egtved-Camping-1024x557.jpg 1024w, https:\/\/egtvedcamping.dk\/wp-content\/uploads\/2023\/01\/Egtved-Camping-768x417.jpg 768w, https:\/\/egtvedcamping.dk\/wp-content\/uploads\/2023\/01\/Egtved-Camping-1536x835.jpg 1536w, https:\/\/egtvedcamping.dk\/wp-content\/uploads\/2023\/01\/Egtved-Camping-2048x1113.jpg 2048w\" sizes=\"(max-width: 2208px) 100vw, 2208px\" \/>\n\t\t\t\t\n\t\t\t<\/div>\n\t\t<\/div>\n\n    <\/div><!-- .image-pro-wrap -->\n\n\t\n\t\n\t<\/div><!-- \/module image pro --><!-- module buttons -->\n<div  class=\"module module-buttons tb_bbdc25 buttons-horizontal solid  xlarge rounded hover-wow\" data-tf-animation_hover=\"pulse\" data-lazy=\"1\">\n        <div class=\"module-buttons-item tf_in_flx\">\n                        <a href=\"https:\/\/onlinebooking.camp\/egtvedcamping?lang=da\" class=\"ui builder_button tf_in_flx tb_default_color\" target=\"_blank\" rel=\"noopener\">\n                                                Boek hier                                        <\/a>\n                <\/div>\n            <\/div>\n<!-- \/module buttons -->\n<!-- module template_part -->\n<div  class=\"module module-layout-part tb_prwb890 \">\n    <div class=\"tb_layout_part_wrap tf_w\"><!--themify_builder_content-->\n    <div  class=\"themify_builder_content themify_builder_content-5551 themify_builder not_editable_builder in_the_loop\" data-postid=\"5551\">\n                        <div  data-lazy=\"1\" class=\"module_row themify_builder_row tb_xhnq517 tf_w\">\n                        <div class=\"row_inner col_align_top tb_col_count_1 tf_box tf_rel\">\n                        <div  data-lazy=\"1\" class=\"module_column tb-column col-full tb_eva9517 first\">\n                    <!-- module divider -->\n<div  class=\"module tf_mw module-divider tb_8iqi517 solid   \" style=\"border-width: 2px;border-color: #528452;margin-bottom: 15px;\" data-lazy=\"1\">\n    <\/div>\n<!-- \/module divider -->\n<!-- module menu -->\n<div  class=\"module module-menu tb_k267274  mobile-menu-slide hover-wow\" data-menu-style=\"mobile-menu-slide\" data-menu-breakpoint=\"0\" data-element-id=\"tb_k267274\" data-tf-animation_hover=\"pulse\" data-lazy=\"1\">\n        \n    <div class=\"module-menu-container\"><ul id=\"menu-overnatning\" class=\"ui tf_clearfix nav tf_rel tf_scrollbar  tb_default_color rounded shadow\"><li id=\"menu-item-5365\" class=\"menu-item-page-7878 menu-item menu-item-type-post_type menu-item-object-page menu-item-5365\"><a href=\"https:\/\/egtvedcamping.dk\/overnatning\/mobile-homes-luksushytter\/\">Stacaravans en luxe hutten<\/a><\/li>\n<li id=\"menu-item-5366\" class=\"menu-item-page-7693 menu-item menu-item-type-post_type menu-item-object-page menu-item-5366\"><a href=\"https:\/\/egtvedcamping.dk\/overnatning\/hytter\/\">Hutten<\/a><\/li>\n<li id=\"menu-item-5364\" class=\"menu-item-page-7890 menu-item menu-item-type-post_type menu-item-object-page menu-item-5364\"><a href=\"https:\/\/egtvedcamping.dk\/overnatning\/glamping\/\">Glamping<\/a><\/li>\n<\/ul><\/div>        <style>\n            .mobile-menu-module[data-module=\"tb_k267274\"]{\n                right:-300px            }\n        <\/style>\n    <\/div>\n<!-- \/module menu -->\n<!-- module divider -->\n<div  class=\"module tf_mw module-divider tb_3yrj517 solid   \" style=\"border-width: 2px;border-color: #528452;\" data-lazy=\"1\">\n    <\/div>\n<!-- \/module divider -->\n        <\/div>\n                        <\/div>\n        <\/div>\n            <\/div>\n<!--\/themify_builder_content--><\/div>\n<\/div>\n<!-- \/module template_part -->        <\/div>\n                        <\/div>\n        <\/div>\n        <\/div>\n<!--\/themify_builder_content-->","protected":false},"excerpt":{"rendered":"<p>Accommodatie Op Egtved Camping heb je verschillende accommodatiemogelijkheden. Er zijn veel manieren om te kamperen. Sommige mensen willen een volledig primitief en basic verblijf, terwijl anderen wat meer luxe willen met bijvoorbeeld toegang tot een priv\u00e9badkamer. Het belangrijkste is dat je het gevoel hebt dat je op vakantie bent en op de voorwaarden die jij [&hellip;]<\/p>\n","protected":false},"author":8,"featured_media":10088,"parent":0,"menu_order":0,"comment_status":"open","ping_status":"open","template":"","meta":{"footnotes":""},"class_list":["post-7706","page","type-page","status-publish","has-post-thumbnail","hentry","has-post-title","has-post-date","has-post-category","has-post-tag","has-post-comment","has-post-author",""],"yoast_head":"<!-- This site is optimized with the Yoast SEO Premium plugin v27.5 (Yoast SEO v27.5) - https:\/\/yoast.com\/product\/yoast-seo-premium-wordpress\/ -->\n<title>Accommodatie in de buurt van Billund - LEGOLAND en Givskud ZOO<\/title>\n<meta name=\"description\" content=\"Egtved Camping - bezoek LEGOLAND, Givskud ZOO en Lalandia Aquadome in Billund. Huttenverhuur, stacaravans, glamping en kamperen.\" \/>\n<meta name=\"robots\" content=\"index, follow, max-snippet:-1, max-image-preview:large, max-video-preview:-1\" \/>\n<link rel=\"canonical\" href=\"https:\/\/egtvedcamping.dk\/nl\/overnachting\/\" \/>\n<meta property=\"og:locale\" content=\"nl_NL\" \/>\n<meta property=\"og:type\" content=\"article\" \/>\n<meta property=\"og:title\" content=\"Accommodatie\" \/>\n<meta property=\"og:description\" content=\"Egtved Camping - bezoek LEGOLAND, Givskud ZOO en Lalandia Aquadome in Billund. Huttenverhuur, stacaravans, glamping en kamperen.\" \/>\n<meta property=\"og:url\" content=\"https:\/\/egtvedcamping.dk\/nl\/overnachting\/\" \/>\n<meta property=\"og:site_name\" content=\"Egtved Camping\" \/>\n<meta property=\"article:publisher\" content=\"https:\/\/www.facebook.com\/profile.php?id=100064243891441\" \/>\n<meta property=\"article:modified_time\" content=\"2026-02-02T22:10:03+00:00\" \/>\n<meta property=\"og:image\" content=\"https:\/\/egtvedcamping.dk\/wp-content\/uploads\/2023\/01\/Egtved-Camping.jpg\" \/>\n\t<meta property=\"og:image:width\" content=\"2208\" \/>\n\t<meta property=\"og:image:height\" content=\"1200\" \/>\n\t<meta property=\"og:image:type\" content=\"image\/jpeg\" \/>\n<meta name=\"twitter:label1\" content=\"Geschatte leestijd\" \/>\n\t<meta name=\"twitter:data1\" content=\"7 minuten\" \/>\n<script type=\"application\/ld+json\" class=\"yoast-schema-graph\">{\"@context\":\"https:\\\/\\\/schema.org\",\"@graph\":[{\"@type\":\"WebPage\",\"@id\":\"https:\\\/\\\/egtvedcamping.dk\\\/nl\\\/overnachting\\\/\",\"url\":\"https:\\\/\\\/egtvedcamping.dk\\\/nl\\\/overnachting\\\/\",\"name\":\"Accommodatie in de buurt van Billund - LEGOLAND en Givskud ZOO\",\"isPartOf\":{\"@id\":\"https:\\\/\\\/egtvedcamping.dk\\\/nl\\\/#website\"},\"primaryImageOfPage\":{\"@id\":\"https:\\\/\\\/egtvedcamping.dk\\\/nl\\\/overnachting\\\/#primaryimage\"},\"image\":{\"@id\":\"https:\\\/\\\/egtvedcamping.dk\\\/nl\\\/overnachting\\\/#primaryimage\"},\"thumbnailUrl\":\"https:\\\/\\\/egtvedcamping.dk\\\/wp-content\\\/uploads\\\/2023\\\/01\\\/Egtved-Camping.jpg\",\"datePublished\":\"2014-09-28T14:34:03+00:00\",\"dateModified\":\"2026-02-02T22:10:03+00:00\",\"description\":\"Egtved Camping - bezoek LEGOLAND, Givskud ZOO en Lalandia Aquadome in Billund. Huttenverhuur, stacaravans, glamping en kamperen.\",\"breadcrumb\":{\"@id\":\"https:\\\/\\\/egtvedcamping.dk\\\/nl\\\/overnachting\\\/#breadcrumb\"},\"inLanguage\":\"nl-NL\",\"potentialAction\":[{\"@type\":\"ReadAction\",\"target\":[\"https:\\\/\\\/egtvedcamping.dk\\\/nl\\\/overnachting\\\/\"]}]},{\"@type\":\"ImageObject\",\"inLanguage\":\"nl-NL\",\"@id\":\"https:\\\/\\\/egtvedcamping.dk\\\/nl\\\/overnachting\\\/#primaryimage\",\"url\":\"https:\\\/\\\/egtvedcamping.dk\\\/wp-content\\\/uploads\\\/2023\\\/01\\\/Egtved-Camping.jpg\",\"contentUrl\":\"https:\\\/\\\/egtvedcamping.dk\\\/wp-content\\\/uploads\\\/2023\\\/01\\\/Egtved-Camping.jpg\",\"width\":2208,\"height\":1200,\"caption\":\"Egtved Camping\"},{\"@type\":\"BreadcrumbList\",\"@id\":\"https:\\\/\\\/egtvedcamping.dk\\\/nl\\\/overnachting\\\/#breadcrumb\",\"itemListElement\":[{\"@type\":\"ListItem\",\"position\":1,\"name\":\"Home\",\"item\":\"https:\\\/\\\/egtvedcamping.dk\\\/nl\\\/egtved-camping\\\/\"},{\"@type\":\"ListItem\",\"position\":2,\"name\":\"Accommodatie\"}]},{\"@type\":\"WebSite\",\"@id\":\"https:\\\/\\\/egtvedcamping.dk\\\/nl\\\/#website\",\"url\":\"https:\\\/\\\/egtvedcamping.dk\\\/nl\\\/\",\"name\":\"Egtved Camping\",\"description\":\"Slow camp - back to nature\",\"publisher\":{\"@id\":\"https:\\\/\\\/egtvedcamping.dk\\\/nl\\\/#organization\"},\"alternateName\":\"\u00c6gte Camping\",\"potentialAction\":[{\"@type\":\"SearchAction\",\"target\":{\"@type\":\"EntryPoint\",\"urlTemplate\":\"https:\\\/\\\/egtvedcamping.dk\\\/nl\\\/?s={search_term_string}\"},\"query-input\":{\"@type\":\"PropertyValueSpecification\",\"valueRequired\":true,\"valueName\":\"search_term_string\"}}],\"inLanguage\":\"nl-NL\"},{\"@type\":\"Organization\",\"@id\":\"https:\\\/\\\/egtvedcamping.dk\\\/nl\\\/#organization\",\"name\":\"Egtved Camping\",\"alternateName\":\"\u00c6gte Camping\",\"url\":\"https:\\\/\\\/egtvedcamping.dk\\\/nl\\\/\",\"logo\":{\"@type\":\"ImageObject\",\"inLanguage\":\"nl-NL\",\"@id\":\"https:\\\/\\\/egtvedcamping.dk\\\/nl\\\/#\\\/schema\\\/logo\\\/image\\\/\",\"url\":\"https:\\\/\\\/egtvedcamping.dk\\\/wp-content\\\/uploads\\\/2022\\\/12\\\/egtved-camping-logo800.png\",\"contentUrl\":\"https:\\\/\\\/egtvedcamping.dk\\\/wp-content\\\/uploads\\\/2022\\\/12\\\/egtved-camping-logo800.png\",\"width\":800,\"height\":197,\"caption\":\"Egtved Camping\"},\"image\":{\"@id\":\"https:\\\/\\\/egtvedcamping.dk\\\/nl\\\/#\\\/schema\\\/logo\\\/image\\\/\"},\"sameAs\":[\"https:\\\/\\\/www.facebook.com\\\/profile.php?id=100064243891441\"],\"description\":\"Egtved Camping tilbyder ferie med fokus p\u00e5 natur, hygge og er t\u00e6t p\u00e5 Billund, hvor der er aktiviteter og oplevelser for hele familien, bl.a Legoland \u2013 Lalandia \u2013 Givskud ZOO.\",\"email\":\"post@egtvedcamping.dk\",\"telephone\":\"+45 75551832\"}]}<\/script>\n<!-- \/ Yoast SEO Premium plugin. -->","yoast_head_json":{"title":"Accommodatie in de buurt van Billund - LEGOLAND en Givskud ZOO","description":"Egtved Camping - bezoek LEGOLAND, Givskud ZOO en Lalandia Aquadome in Billund. Huttenverhuur, stacaravans, glamping en kamperen.","robots":{"index":"index","follow":"follow","max-snippet":"max-snippet:-1","max-image-preview":"max-image-preview:large","max-video-preview":"max-video-preview:-1"},"canonical":"https:\/\/egtvedcamping.dk\/nl\/overnachting\/","og_locale":"nl_NL","og_type":"article","og_title":"Accommodatie","og_description":"Egtved Camping - bezoek LEGOLAND, Givskud ZOO en Lalandia Aquadome in Billund. Huttenverhuur, stacaravans, glamping en kamperen.","og_url":"https:\/\/egtvedcamping.dk\/nl\/overnachting\/","og_site_name":"Egtved Camping","article_publisher":"https:\/\/www.facebook.com\/profile.php?id=100064243891441","article_modified_time":"2026-02-02T22:10:03+00:00","og_image":[{"width":2208,"height":1200,"url":"https:\/\/egtvedcamping.dk\/wp-content\/uploads\/2023\/01\/Egtved-Camping.jpg","type":"image\/jpeg"}],"twitter_misc":{"Geschatte leestijd":"7 minuten"},"schema":{"@context":"https:\/\/schema.org","@graph":[{"@type":"WebPage","@id":"https:\/\/egtvedcamping.dk\/nl\/overnachting\/","url":"https:\/\/egtvedcamping.dk\/nl\/overnachting\/","name":"Accommodatie in de buurt van Billund - LEGOLAND en Givskud ZOO","isPartOf":{"@id":"https:\/\/egtvedcamping.dk\/nl\/#website"},"primaryImageOfPage":{"@id":"https:\/\/egtvedcamping.dk\/nl\/overnachting\/#primaryimage"},"image":{"@id":"https:\/\/egtvedcamping.dk\/nl\/overnachting\/#primaryimage"},"thumbnailUrl":"https:\/\/egtvedcamping.dk\/wp-content\/uploads\/2023\/01\/Egtved-Camping.jpg","datePublished":"2014-09-28T14:34:03+00:00","dateModified":"2026-02-02T22:10:03+00:00","description":"Egtved Camping - bezoek LEGOLAND, Givskud ZOO en Lalandia Aquadome in Billund. Huttenverhuur, stacaravans, glamping en kamperen.","breadcrumb":{"@id":"https:\/\/egtvedcamping.dk\/nl\/overnachting\/#breadcrumb"},"inLanguage":"nl-NL","potentialAction":[{"@type":"ReadAction","target":["https:\/\/egtvedcamping.dk\/nl\/overnachting\/"]}]},{"@type":"ImageObject","inLanguage":"nl-NL","@id":"https:\/\/egtvedcamping.dk\/nl\/overnachting\/#primaryimage","url":"https:\/\/egtvedcamping.dk\/wp-content\/uploads\/2023\/01\/Egtved-Camping.jpg","contentUrl":"https:\/\/egtvedcamping.dk\/wp-content\/uploads\/2023\/01\/Egtved-Camping.jpg","width":2208,"height":1200,"caption":"Egtved Camping"},{"@type":"BreadcrumbList","@id":"https:\/\/egtvedcamping.dk\/nl\/overnachting\/#breadcrumb","itemListElement":[{"@type":"ListItem","position":1,"name":"Home","item":"https:\/\/egtvedcamping.dk\/nl\/egtved-camping\/"},{"@type":"ListItem","position":2,"name":"Accommodatie"}]},{"@type":"WebSite","@id":"https:\/\/egtvedcamping.dk\/nl\/#website","url":"https:\/\/egtvedcamping.dk\/nl\/","name":"Egtved Camping","description":"Slow camp - back to nature","publisher":{"@id":"https:\/\/egtvedcamping.dk\/nl\/#organization"},"alternateName":"\u00c6gte Camping","potentialAction":[{"@type":"SearchAction","target":{"@type":"EntryPoint","urlTemplate":"https:\/\/egtvedcamping.dk\/nl\/?s={search_term_string}"},"query-input":{"@type":"PropertyValueSpecification","valueRequired":true,"valueName":"search_term_string"}}],"inLanguage":"nl-NL"},{"@type":"Organization","@id":"https:\/\/egtvedcamping.dk\/nl\/#organization","name":"Egtved Camping","alternateName":"\u00c6gte Camping","url":"https:\/\/egtvedcamping.dk\/nl\/","logo":{"@type":"ImageObject","inLanguage":"nl-NL","@id":"https:\/\/egtvedcamping.dk\/nl\/#\/schema\/logo\/image\/","url":"https:\/\/egtvedcamping.dk\/wp-content\/uploads\/2022\/12\/egtved-camping-logo800.png","contentUrl":"https:\/\/egtvedcamping.dk\/wp-content\/uploads\/2022\/12\/egtved-camping-logo800.png","width":800,"height":197,"caption":"Egtved Camping"},"image":{"@id":"https:\/\/egtvedcamping.dk\/nl\/#\/schema\/logo\/image\/"},"sameAs":["https:\/\/www.facebook.com\/profile.php?id=100064243891441"],"description":"Egtved Camping tilbyder ferie med fokus p\u00e5 natur, hygge og er t\u00e6t p\u00e5 Billund, hvor der er aktiviteter og oplevelser for hele familien, bl.a Legoland \u2013 Lalandia \u2013 Givskud ZOO.","email":"post@egtvedcamping.dk","telephone":"+45 75551832"}]}},"builder_content":"<h1>Accommodatie<\/h1> <h2>Op Egtved Camping heb je verschillende accommodatiemogelijkheden. <\/h2> <p>Er zijn veel manieren om te kamperen. Sommige mensen willen een volledig primitief en basic verblijf, terwijl anderen wat meer luxe willen met bijvoorbeeld toegang tot een priv\u00e9badkamer. Het belangrijkste is dat je het gevoel hebt dat je op vakantie bent en op de voorwaarden die jij kiest. <\/p> <p>Egtved Camping is een centrale locatie als je Legoland, Lalandia Aquadome, WoW park en Legohouse in Billund of Givskud Zoo, Bindeballe K\u00f8bmandsg\u00e5rd of Trapholt wilt bezoeken. Kom na een dag op pad terug naar de basis waar je kunt ontspannen in een rustige omgeving. <\/p> <p>Je kunt natuurlijk ook een gewone elektriciteitsplaats voor je caravan of camper reserveren. Als je elektriciteit wilt, betaal je dat vooraf in pakketten, en als het pakket op is, betaal je de rest achteraf. We hebben een ruime keuze aan kampeerplaatsen, zowel groot als klein. Er zijn plaatsen dicht bij het servicegebouw, er zijn plaatsen dicht bij het meer en er zijn hooggelegen plaatsen met een fantastisch uitzicht op het meer. <\/p>\n<h3>Tenten<\/h3> <p>Natuurlijk kun je ook een kampeerplaats voor je tent reserveren, waarbij je bijna zelf kunt bepalen waar je hem neerzet als je geen elektriciteit nodig hebt.<\/p>\n<h3>Hutten<\/h3> <p>We hebben ook 20 gezellige kampeerhutten. De hutten zijn er in verschillende maten en met verschillende uitrusting, maar alle hutten hebben een koelkast, koffiezetapparaat en serviesgoed. Er zijn ook dekbedden en kussens, en je kunt beddengoed huren of zelf meenemen. <\/p> <p>In sommige hutten heb je de mogelijkheid om je hond mee te nemen, tegen extra schoonmaakkosten. Voor alle hutten worden regelmatig schoonmaakkosten in rekening gebracht en er geldt een dagtarief voor elektriciteit. <\/p> <p>Alle hutten hebben elektrische verwarming.<\/p>\n<h3>Stacaravans<\/h3> <p>We hebben ook 6 appartementen\/stacaravans te huur, waarin je alles hebt wat je nodig hebt, inclusief douche en toilet. Er is een overdekt terras zodat je ook buiten kunt zijn als het weer je niet gunstig gezind is. <\/p>\n<h3>Seizoensplaatsen<\/h3> <p>Seizoensstoelen kunnen geboekt worden. We hebben verschillende modellen, afhankelijk van wat je wilt. Dit betekent dat je kunt kiezen voor een voorjaarsplaats, een zomerplaats of een winterplaats, en je kunt ze ook combineren als je dat wilt. Als je je caravan alleen in de winter wilt stallen, is dit ook een optie. Hier moet de voortent worden afgebroken. <\/p>\n<h3>Ruimte het hele jaar door<\/h3> <p>Als je het hele jaar door een plek wilt, zijn er bepaalde goedgekeurde gebieden waarnaar je wordt verwezen.<\/p> <p>Bel ons als je iets wilt verduidelijken.<\/p>\n<a href=\"https:\/\/egtvedcamping.dk\/wp-content\/uploads\/2023\/01\/Egtved-Camping.jpg\" >Link<\/a> \n <img src=\"https:\/\/egtvedcamping.dk\/wp-content\/uploads\/2023\/01\/Egtved-Camping.jpg\" title=\"Egtved Camping\" alt=\"Egtved Camping\" srcset=\"https:\/\/egtvedcamping.dk\/wp-content\/uploads\/2023\/01\/Egtved-Camping.jpg 2208w, https:\/\/egtvedcamping.dk\/wp-content\/uploads\/2023\/01\/Egtved-Camping-300x163.jpg 300w, https:\/\/egtvedcamping.dk\/wp-content\/uploads\/2023\/01\/Egtved-Camping-1024x557.jpg 1024w, https:\/\/egtvedcamping.dk\/wp-content\/uploads\/2023\/01\/Egtved-Camping-768x417.jpg 768w, https:\/\/egtvedcamping.dk\/wp-content\/uploads\/2023\/01\/Egtved-Camping-1536x835.jpg 1536w, https:\/\/egtvedcamping.dk\/wp-content\/uploads\/2023\/01\/Egtved-Camping-2048x1113.jpg 2048w\" sizes=\"(max-width: 2208px) 100vw, 2208px\" \/>\n<a href=\"https:\/\/onlinebooking.camp\/egtvedcamping?lang=da\" target=\"_blank\" rel=\"noopener\"> Boek hier <\/a>","_links":{"self":[{"href":"https:\/\/egtvedcamping.dk\/nl\/wp-json\/wp\/v2\/pages\/7706","targetHints":{"allow":["GET"]}}],"collection":[{"href":"https:\/\/egtvedcamping.dk\/nl\/wp-json\/wp\/v2\/pages"}],"about":[{"href":"https:\/\/egtvedcamping.dk\/nl\/wp-json\/wp\/v2\/types\/page"}],"author":[{"embeddable":true,"href":"https:\/\/egtvedcamping.dk\/nl\/wp-json\/wp\/v2\/users\/8"}],"replies":[{"embeddable":true,"href":"https:\/\/egtvedcamping.dk\/nl\/wp-json\/wp\/v2\/comments?post=7706"}],"version-history":[{"count":10,"href":"https:\/\/egtvedcamping.dk\/nl\/wp-json\/wp\/v2\/pages\/7706\/revisions"}],"predecessor-version":[{"id":11224,"href":"https:\/\/egtvedcamping.dk\/nl\/wp-json\/wp\/v2\/pages\/7706\/revisions\/11224"}],"wp:featuredmedia":[{"embeddable":true,"href":"https:\/\/egtvedcamping.dk\/nl\/wp-json\/wp\/v2\/media\/10088"}],"wp:attachment":[{"href":"https:\/\/egtvedcamping.dk\/nl\/wp-json\/wp\/v2\/media?parent=7706"}],"curies":[{"name":"wp","href":"https:\/\/api.w.org\/{rel}","templated":true}]}}