{"id":7916,"date":"2023-03-23T10:17:14","date_gmt":"2023-03-23T09:17:14","guid":{"rendered":"https:\/\/egtvedcamping.dk\/overnatning\/handelsbetingelser\/"},"modified":"2025-10-09T14:40:33","modified_gmt":"2025-10-09T12:40:33","slug":"handelsbetingelser","status":"publish","type":"page","link":"https:\/\/egtvedcamping.dk\/nl\/handelsbetingelser\/","title":{"rendered":"Handelsvoorwaarden"},"content":{"rendered":"<!--themify_builder_content-->\n<div id=\"themify_builder_content-7916\" data-postid=\"7916\" class=\"themify_builder_content themify_builder_content-7916 themify_builder tf_clear\">\n                    <div  data-lazy=\"1\" class=\"module_row themify_builder_row tb_tj4292 tb_first tf_w\">\n                        <div class=\"row_inner col_align_top tb_col_count_1 tf_box tf_rel\">\n                        <div  data-lazy=\"1\" class=\"module_column tb-column col-full tb_xodn93 first\">\n                    <!-- module text -->\n<div  class=\"module module-text tb_wqf8354   \" data-lazy=\"1\">\n        <div  class=\"tb_text_wrap\">\n        <h1 class=\"text-2xl font-bold mt-1 text-text-100\"><strong>Handelsvoorwaarden voor Egtved Camping<\/strong><\/h1>\n<h2 class=\"text-xl font-bold text-text-100 mt-1 -mb-0.5\"><strong>Verkoop- en leveringsvoorwaarden<\/strong><\/h2>\n<p class=\"whitespace-pre-wrap break-words\">Hieronder vindt u nuttige informatie over het gebruik van boekingen en online boekingen. U kunt onder andere lezen hoe wij omgaan met uw ingevoerde gegevens, hoe u uw kwitantie ontvangt bij een aankoop en nog veel meer.<\/p>\n<h2 class=\"text-xl font-bold text-text-100 mt-1 -mb-0.5\"><strong>Betaling<\/strong><\/h2>\n<p class=\"whitespace-pre-wrap break-words\">Alle prijzen vermeld in het online boekingssysteem zijn, net als alle andere plaatsen op de website, vermeld in Deense kronen inclusief BTW en alle heffingen, tenzij anders vermeld en duidelijk aangegeven in de betreffende situatie. Betaling vindt plaats door gebruik te maken van een van de goedgekeurde betaalkaarten\/creditcards in het online boekingssysteem. Er worden kosten in rekening gebracht volgens de geldende regels van de betalingsprovider. Betaling kan bij boeking via e-mail worden uitgevoerd als betaallink.<\/p>\n<h2 class=\"text-xl font-bold text-text-100 mt-1 -mb-0.5\"><strong>Informatie over handelen op internet<\/strong><\/h2>\n<p class=\"whitespace-pre-wrap break-words\">U kunt veilig handelen op het internet via ons online boekingssysteem. Als consument bent u in principe beschermd tegen eventueel misbruik van uw creditcard op het internet, daarom is er geen eigen risico bij misbruik van uw betaalkaart via het internet. U kunt meer lezen over hoe u als consument moet omgaan met betalingen op het internet op de volgende websites: <a class=\"underline\" href=\"http:\/\/www.betaling.dk\">www.betaling.dk<\/a>, <a class=\"underline\" href=\"http:\/\/www.fdih.dk\">www.fdih.dk<\/a>.<\/p>\n<h2 class=\"text-xl font-bold text-text-100 mt-1 -mb-0.5\"><strong>Verzending en levering<\/strong><\/h2>\n<p class=\"whitespace-pre-wrap break-words\">Bij online boeking en betaling van een hut, een plaats voor uw eigen tent, of een plaats voor uw eigen caravan ontvangt u een bevestiging van het bestelde product. Als u via e-mail boekt, ontvangt u ook een bevestiging. Levering van het bestelde product vindt plaats bij aankomst bij Egtved Camping op de dag van aankomst en eindigt bij vertrek op de dag van vertrek. Beide tijdstippen worden vermeld in de bovengenoemde bevestiging. Ongebruikte dagen worden niet terugbetaald wanneer u uw vakantie bent begonnen en uw plaats kan tijdens het verblijf niet worden doorverkocht aan anderen.<\/p>\n<h2 class=\"text-xl font-bold text-text-100 mt-1 -mb-0.5\"><strong>Herroepingsrecht en restitutie<\/strong><\/h2>\n<p class=\"whitespace-pre-wrap break-words\">U heeft de mogelijkheid om uw boeking te annuleren onder de volgende voorwaarden:<\/p>\n<ul class=\"[&amp;:not(:last-child)_ul]:pb-1 [&amp;:not(:last-child)_ol]:pb-1 list-disc space-y-1.5 pl-7\">\n<li class=\"whitespace-normal break-words\">Bij annulering eerder dan 30 dagen voor aankomst, wordt het betaalde bedrag terugbetaald met uitzondering van administratiekosten van 500 DKK.<\/li>\n<li class=\"whitespace-normal break-words\">Bij annulering 30-8 dagen voor aankomst, wordt de helft van de verblijfsprijs terugbetaald.<\/li>\n<li class=\"whitespace-normal break-words\">Bij annulering 7-0 dagen voor aankomst, wordt niets terugbetaald.<\/li>\n<li class=\"whitespace-normal break-words\">Bij verkorting\/vroegtijdig vertrek voor het einde van het verblijf vindt geen restitutie plaats.<\/li>\n<\/ul>\n<h2 class=\"text-xl font-bold text-text-100 mt-1 -mb-0.5\"><strong>Klachtenbehandeling<\/strong><\/h2>\n<ul class=\"[&amp;:not(:last-child)_ul]:pb-1 [&amp;:not(:last-child)_ol]:pb-1 list-disc space-y-1.5 pl-7\">\n<li class=\"whitespace-normal break-words\">Klachten over het boekingsproces en de boeking zelf moeten binnen een redelijke termijn nadat u de fout heeft ontdekt of had moeten ontdekken bij een normale controle van uw bevestiging, worden ingediend.<\/li>\n<li class=\"whitespace-normal break-words\">Bij annulering of wijzigingen van uw bestelling MOET dit schriftelijk worden gemeld via e-mail <a class=\"underline\" href=\"mailto:post@egtvedcamping.dk\">post@egtvedcamping.dk<\/a>.<\/li>\n<li class=\"whitespace-normal break-words\">E\u00e9n jaar na het verblijf vervalt het recht om te klagen volgens de Koopwet \u00a783, lid 1, tenzij anders overeengekomen.<\/li>\n<\/ul>\n<h2 class=\"text-xl font-bold text-text-100 mt-1 -mb-0.5\"><strong>Force Majeure<\/strong><\/h2>\n<p class=\"whitespace-pre-wrap break-words\">Indien een huurovereenkomst wordt verhinderd door force majeure (natuurrampen, stakingen, oorlogshandelingen, rellen, epidemie, pandemie e.d.) is Egtved Camping niet aansprakelijk voor onderbroken of niet voltooide verblijven.<\/p>\n<h2 class=\"text-xl font-bold text-text-100 mt-1 -mb-0.5\"><strong>Registratie van gegevens<\/strong><\/h2>\n<p class=\"whitespace-pre-wrap break-words\">Egtved Camping registreert uw naam, adres, e-mail en andere informatie die is verstrekt in verband met de aankoop in zijn klantenbestand. De informatie wordt niet doorgegeven, maar Egtved Camping bewaart de registratie 5 jaar. Egtvedcamping.dk gebruikt server-side cookies en een beveiligde verbinding om de veiligheid te waarborgen van de informatie die u op de pagina verstrekt. Bij betaling met creditcard vindt de registratie plaats via een beveiligde server. Wij streven ernaar te leveren wat de gast wenst, maar behouden zich het recht voor om elke boeking gemaakt voor een specifieke plaats\/hut te wijzigen naar een plaats\/hut van vergelijkbare standaard, zonder dat de boeking daardoor als ongeldig kan worden beschouwd. Wij wijzen elke aansprakelijkheid voor onjuiste prijzen en berekeningen af.<\/p>\n<h2 class=\"text-xl font-bold text-text-100 mt-1 -mb-0.5\"><strong>Bedrijfsgegevens<\/strong><\/h2>\n<p class=\"whitespace-pre-wrap break-words\">Egtved Camping ApS<br>Verstvej 9<br>6040 Egtved<br>Tel.: 75551832<br>E-mail: <a class=\"underline\" href=\"mailto:post@egtvedcamping.dk\">post@egtvedcamping.dk<\/a><br>KvK nr.: 43480030<\/p>\n<p class=\"whitespace-pre-wrap break-words\">Wij behouden ons het recht voor op drukfouten en prijswijzigingen.<\/p>    <\/div>\n<\/div>\n<!-- \/module text -->        <\/div>\n                        <\/div>\n        <\/div>\n        <\/div>\n<!--\/themify_builder_content-->","protected":false},"excerpt":{"rendered":"<p>Handelsvoorwaarden voor Egtved Camping Verkoop- en leveringsvoorwaarden Hieronder vindt u nuttige informatie over het gebruik van boekingen en online boekingen. U kunt onder andere lezen hoe wij omgaan met uw ingevoerde gegevens, hoe u uw kwitantie ontvangt bij een aankoop en nog veel meer. Betaling Alle prijzen vermeld in het online boekingssysteem zijn, net als [&hellip;]<\/p>\n","protected":false},"author":8,"featured_media":0,"parent":0,"menu_order":0,"comment_status":"closed","ping_status":"closed","template":"","meta":{"footnotes":""},"class_list":["post-7916","page","type-page","status-publish","hentry","has-post-title","has-post-date","has-post-category","has-post-tag","has-post-comment","has-post-author",""],"yoast_head":"<!-- This site is optimized with the Yoast SEO Premium plugin v27.5 (Yoast SEO v27.5) - https:\/\/yoast.com\/product\/yoast-seo-premium-wordpress\/ -->\n<title>Handelsvoorwaarden - Egtved Camping<\/title>\n<meta name=\"description\" content=\"Alle priser oplyst i online bookingsystem og andre steder p\u00e5 hjemmesiden oplyst i danske kroner med moms og afgifter medmindre andet er oplyst.\" \/>\n<meta name=\"robots\" content=\"index, follow, max-snippet:-1, max-image-preview:large, max-video-preview:-1\" \/>\n<link rel=\"canonical\" href=\"https:\/\/egtvedcamping.dk\/nl\/handelsbetingelser\/\" \/>\n<meta property=\"og:locale\" content=\"nl_NL\" \/>\n<meta property=\"og:type\" content=\"article\" \/>\n<meta property=\"og:title\" content=\"Handelsvoorwaarden\" \/>\n<meta property=\"og:description\" content=\"Alle priser oplyst i online bookingsystem og andre steder p\u00e5 hjemmesiden oplyst i danske kroner med moms og afgifter medmindre andet er oplyst.\" \/>\n<meta property=\"og:url\" content=\"https:\/\/egtvedcamping.dk\/nl\/handelsbetingelser\/\" \/>\n<meta property=\"og:site_name\" content=\"Egtved Camping\" \/>\n<meta property=\"article:publisher\" content=\"https:\/\/www.facebook.com\/profile.php?id=100064243891441\" \/>\n<meta property=\"article:modified_time\" content=\"2025-10-09T12:40:33+00:00\" \/>\n<meta name=\"twitter:label1\" content=\"Geschatte leestijd\" \/>\n\t<meta name=\"twitter:data1\" content=\"7 minuten\" \/>\n<script type=\"application\/ld+json\" class=\"yoast-schema-graph\">{\"@context\":\"https:\\\/\\\/schema.org\",\"@graph\":[{\"@type\":\"WebPage\",\"@id\":\"https:\\\/\\\/egtvedcamping.dk\\\/nl\\\/handelsbetingelser\\\/\",\"url\":\"https:\\\/\\\/egtvedcamping.dk\\\/nl\\\/handelsbetingelser\\\/\",\"name\":\"Handelsvoorwaarden - Egtved Camping\",\"isPartOf\":{\"@id\":\"https:\\\/\\\/egtvedcamping.dk\\\/nl\\\/#website\"},\"datePublished\":\"2023-03-23T09:17:14+00:00\",\"dateModified\":\"2025-10-09T12:40:33+00:00\",\"description\":\"Alle priser oplyst i online bookingsystem og andre steder p\u00e5 hjemmesiden oplyst i danske kroner med moms og afgifter medmindre andet er oplyst.\",\"breadcrumb\":{\"@id\":\"https:\\\/\\\/egtvedcamping.dk\\\/nl\\\/handelsbetingelser\\\/#breadcrumb\"},\"inLanguage\":\"nl-NL\",\"potentialAction\":[{\"@type\":\"ReadAction\",\"target\":[\"https:\\\/\\\/egtvedcamping.dk\\\/nl\\\/handelsbetingelser\\\/\"]}]},{\"@type\":\"BreadcrumbList\",\"@id\":\"https:\\\/\\\/egtvedcamping.dk\\\/nl\\\/handelsbetingelser\\\/#breadcrumb\",\"itemListElement\":[{\"@type\":\"ListItem\",\"position\":1,\"name\":\"Home\",\"item\":\"https:\\\/\\\/egtvedcamping.dk\\\/nl\\\/egtved-camping\\\/\"},{\"@type\":\"ListItem\",\"position\":2,\"name\":\"Accommodatie\",\"item\":\"https:\\\/\\\/egtvedcamping.dk\\\/nl\\\/overnachting\\\/\"},{\"@type\":\"ListItem\",\"position\":3,\"name\":\"Handelsvoorwaarden\"}]},{\"@type\":\"WebSite\",\"@id\":\"https:\\\/\\\/egtvedcamping.dk\\\/nl\\\/#website\",\"url\":\"https:\\\/\\\/egtvedcamping.dk\\\/nl\\\/\",\"name\":\"Egtved Camping\",\"description\":\"Slow camp - back to nature\",\"publisher\":{\"@id\":\"https:\\\/\\\/egtvedcamping.dk\\\/nl\\\/#organization\"},\"alternateName\":\"\u00c6gte Camping\",\"potentialAction\":[{\"@type\":\"SearchAction\",\"target\":{\"@type\":\"EntryPoint\",\"urlTemplate\":\"https:\\\/\\\/egtvedcamping.dk\\\/nl\\\/?s={search_term_string}\"},\"query-input\":{\"@type\":\"PropertyValueSpecification\",\"valueRequired\":true,\"valueName\":\"search_term_string\"}}],\"inLanguage\":\"nl-NL\"},{\"@type\":\"Organization\",\"@id\":\"https:\\\/\\\/egtvedcamping.dk\\\/nl\\\/#organization\",\"name\":\"Egtved Camping\",\"alternateName\":\"\u00c6gte Camping\",\"url\":\"https:\\\/\\\/egtvedcamping.dk\\\/nl\\\/\",\"logo\":{\"@type\":\"ImageObject\",\"inLanguage\":\"nl-NL\",\"@id\":\"https:\\\/\\\/egtvedcamping.dk\\\/nl\\\/#\\\/schema\\\/logo\\\/image\\\/\",\"url\":\"https:\\\/\\\/egtvedcamping.dk\\\/wp-content\\\/uploads\\\/2022\\\/12\\\/egtved-camping-logo800.png\",\"contentUrl\":\"https:\\\/\\\/egtvedcamping.dk\\\/wp-content\\\/uploads\\\/2022\\\/12\\\/egtved-camping-logo800.png\",\"width\":800,\"height\":197,\"caption\":\"Egtved Camping\"},\"image\":{\"@id\":\"https:\\\/\\\/egtvedcamping.dk\\\/nl\\\/#\\\/schema\\\/logo\\\/image\\\/\"},\"sameAs\":[\"https:\\\/\\\/www.facebook.com\\\/profile.php?id=100064243891441\"],\"description\":\"Egtved Camping tilbyder ferie med fokus p\u00e5 natur, hygge og er t\u00e6t p\u00e5 Billund, hvor der er aktiviteter og oplevelser for hele familien, bl.a Legoland \u2013 Lalandia \u2013 Givskud ZOO.\",\"email\":\"post@egtvedcamping.dk\",\"telephone\":\"+45 75551832\"}]}<\/script>\n<!-- \/ Yoast SEO Premium plugin. -->","yoast_head_json":{"title":"Handelsvoorwaarden - Egtved Camping","description":"Alle priser oplyst i online bookingsystem og andre steder p\u00e5 hjemmesiden oplyst i danske kroner med moms og afgifter medmindre andet er oplyst.","robots":{"index":"index","follow":"follow","max-snippet":"max-snippet:-1","max-image-preview":"max-image-preview:large","max-video-preview":"max-video-preview:-1"},"canonical":"https:\/\/egtvedcamping.dk\/nl\/handelsbetingelser\/","og_locale":"nl_NL","og_type":"article","og_title":"Handelsvoorwaarden","og_description":"Alle priser oplyst i online bookingsystem og andre steder p\u00e5 hjemmesiden oplyst i danske kroner med moms og afgifter medmindre andet er oplyst.","og_url":"https:\/\/egtvedcamping.dk\/nl\/handelsbetingelser\/","og_site_name":"Egtved Camping","article_publisher":"https:\/\/www.facebook.com\/profile.php?id=100064243891441","article_modified_time":"2025-10-09T12:40:33+00:00","twitter_misc":{"Geschatte leestijd":"7 minuten"},"schema":{"@context":"https:\/\/schema.org","@graph":[{"@type":"WebPage","@id":"https:\/\/egtvedcamping.dk\/nl\/handelsbetingelser\/","url":"https:\/\/egtvedcamping.dk\/nl\/handelsbetingelser\/","name":"Handelsvoorwaarden - Egtved Camping","isPartOf":{"@id":"https:\/\/egtvedcamping.dk\/nl\/#website"},"datePublished":"2023-03-23T09:17:14+00:00","dateModified":"2025-10-09T12:40:33+00:00","description":"Alle priser oplyst i online bookingsystem og andre steder p\u00e5 hjemmesiden oplyst i danske kroner med moms og afgifter medmindre andet er oplyst.","breadcrumb":{"@id":"https:\/\/egtvedcamping.dk\/nl\/handelsbetingelser\/#breadcrumb"},"inLanguage":"nl-NL","potentialAction":[{"@type":"ReadAction","target":["https:\/\/egtvedcamping.dk\/nl\/handelsbetingelser\/"]}]},{"@type":"BreadcrumbList","@id":"https:\/\/egtvedcamping.dk\/nl\/handelsbetingelser\/#breadcrumb","itemListElement":[{"@type":"ListItem","position":1,"name":"Home","item":"https:\/\/egtvedcamping.dk\/nl\/egtved-camping\/"},{"@type":"ListItem","position":2,"name":"Accommodatie","item":"https:\/\/egtvedcamping.dk\/nl\/overnachting\/"},{"@type":"ListItem","position":3,"name":"Handelsvoorwaarden"}]},{"@type":"WebSite","@id":"https:\/\/egtvedcamping.dk\/nl\/#website","url":"https:\/\/egtvedcamping.dk\/nl\/","name":"Egtved Camping","description":"Slow camp - back to nature","publisher":{"@id":"https:\/\/egtvedcamping.dk\/nl\/#organization"},"alternateName":"\u00c6gte Camping","potentialAction":[{"@type":"SearchAction","target":{"@type":"EntryPoint","urlTemplate":"https:\/\/egtvedcamping.dk\/nl\/?s={search_term_string}"},"query-input":{"@type":"PropertyValueSpecification","valueRequired":true,"valueName":"search_term_string"}}],"inLanguage":"nl-NL"},{"@type":"Organization","@id":"https:\/\/egtvedcamping.dk\/nl\/#organization","name":"Egtved Camping","alternateName":"\u00c6gte Camping","url":"https:\/\/egtvedcamping.dk\/nl\/","logo":{"@type":"ImageObject","inLanguage":"nl-NL","@id":"https:\/\/egtvedcamping.dk\/nl\/#\/schema\/logo\/image\/","url":"https:\/\/egtvedcamping.dk\/wp-content\/uploads\/2022\/12\/egtved-camping-logo800.png","contentUrl":"https:\/\/egtvedcamping.dk\/wp-content\/uploads\/2022\/12\/egtved-camping-logo800.png","width":800,"height":197,"caption":"Egtved Camping"},"image":{"@id":"https:\/\/egtvedcamping.dk\/nl\/#\/schema\/logo\/image\/"},"sameAs":["https:\/\/www.facebook.com\/profile.php?id=100064243891441"],"description":"Egtved Camping tilbyder ferie med fokus p\u00e5 natur, hygge og er t\u00e6t p\u00e5 Billund, hvor der er aktiviteter og oplevelser for hele familien, bl.a Legoland \u2013 Lalandia \u2013 Givskud ZOO.","email":"post@egtvedcamping.dk","telephone":"+45 75551832"}]}},"builder_content":"<h1><strong>Handelsvoorwaarden voor Egtved Camping<\/strong><\/h1> <h2><strong>Verkoop- en leveringsvoorwaarden<\/strong><\/h2> <p>Hieronder vindt u nuttige informatie over het gebruik van boekingen en online boekingen. U kunt onder andere lezen hoe wij omgaan met uw ingevoerde gegevens, hoe u uw kwitantie ontvangt bij een aankoop en nog veel meer.<\/p> <h2><strong>Betaling<\/strong><\/h2> <p>Alle prijzen vermeld in het online boekingssysteem zijn, net als alle andere plaatsen op de website, vermeld in Deense kronen inclusief BTW en alle heffingen, tenzij anders vermeld en duidelijk aangegeven in de betreffende situatie. Betaling vindt plaats door gebruik te maken van een van de goedgekeurde betaalkaarten\/creditcards in het online boekingssysteem. Er worden kosten in rekening gebracht volgens de geldende regels van de betalingsprovider. Betaling kan bij boeking via e-mail worden uitgevoerd als betaallink.<\/p> <h2><strong>Informatie over handelen op internet<\/strong><\/h2> <p>U kunt veilig handelen op het internet via ons online boekingssysteem. Als consument bent u in principe beschermd tegen eventueel misbruik van uw creditcard op het internet, daarom is er geen eigen risico bij misbruik van uw betaalkaart via het internet. U kunt meer lezen over hoe u als consument moet omgaan met betalingen op het internet op de volgende websites: <a href=\"http:\/\/www.betaling.dk\">www.betaling.dk<\/a>, <a href=\"http:\/\/www.fdih.dk\">www.fdih.dk<\/a>.<\/p> <h2><strong>Verzending en levering<\/strong><\/h2> <p>Bij online boeking en betaling van een hut, een plaats voor uw eigen tent, of een plaats voor uw eigen caravan ontvangt u een bevestiging van het bestelde product. Als u via e-mail boekt, ontvangt u ook een bevestiging. Levering van het bestelde product vindt plaats bij aankomst bij Egtved Camping op de dag van aankomst en eindigt bij vertrek op de dag van vertrek. Beide tijdstippen worden vermeld in de bovengenoemde bevestiging. Ongebruikte dagen worden niet terugbetaald wanneer u uw vakantie bent begonnen en uw plaats kan tijdens het verblijf niet worden doorverkocht aan anderen.<\/p> <h2><strong>Herroepingsrecht en restitutie<\/strong><\/h2> <p>U heeft de mogelijkheid om uw boeking te annuleren onder de volgende voorwaarden:<\/p> <ul> <li>Bij annulering eerder dan 30 dagen voor aankomst, wordt het betaalde bedrag terugbetaald met uitzondering van administratiekosten van 500 DKK.<\/li> <li>Bij annulering 30-8 dagen voor aankomst, wordt de helft van de verblijfsprijs terugbetaald.<\/li> <li>Bij annulering 7-0 dagen voor aankomst, wordt niets terugbetaald.<\/li> <li>Bij verkorting\/vroegtijdig vertrek voor het einde van het verblijf vindt geen restitutie plaats.<\/li> <\/ul> <h2><strong>Klachtenbehandeling<\/strong><\/h2> <ul> <li>Klachten over het boekingsproces en de boeking zelf moeten binnen een redelijke termijn nadat u de fout heeft ontdekt of had moeten ontdekken bij een normale controle van uw bevestiging, worden ingediend.<\/li> <li>Bij annulering of wijzigingen van uw bestelling MOET dit schriftelijk worden gemeld via e-mail <a href=\"mailto:post@egtvedcamping.dk\">post@egtvedcamping.dk<\/a>.<\/li> <li>E\u00e9n jaar na het verblijf vervalt het recht om te klagen volgens de Koopwet \u00a783, lid 1, tenzij anders overeengekomen.<\/li> <\/ul> <h2><strong>Force Majeure<\/strong><\/h2> <p>Indien een huurovereenkomst wordt verhinderd door force majeure (natuurrampen, stakingen, oorlogshandelingen, rellen, epidemie, pandemie e.d.) is Egtved Camping niet aansprakelijk voor onderbroken of niet voltooide verblijven.<\/p> <h2><strong>Registratie van gegevens<\/strong><\/h2> <p>Egtved Camping registreert uw naam, adres, e-mail en andere informatie die is verstrekt in verband met de aankoop in zijn klantenbestand. De informatie wordt niet doorgegeven, maar Egtved Camping bewaart de registratie 5 jaar. Egtvedcamping.dk gebruikt server-side cookies en een beveiligde verbinding om de veiligheid te waarborgen van de informatie die u op de pagina verstrekt. Bij betaling met creditcard vindt de registratie plaats via een beveiligde server. Wij streven ernaar te leveren wat de gast wenst, maar behouden zich het recht voor om elke boeking gemaakt voor een specifieke plaats\/hut te wijzigen naar een plaats\/hut van vergelijkbare standaard, zonder dat de boeking daardoor als ongeldig kan worden beschouwd. Wij wijzen elke aansprakelijkheid voor onjuiste prijzen en berekeningen af.<\/p> <h2><strong>Bedrijfsgegevens<\/strong><\/h2> <p>Egtved Camping ApS<br>Verstvej 9<br>6040 Egtved<br>Tel.: 75551832<br>E-mail: <a href=\"mailto:post@egtvedcamping.dk\">post@egtvedcamping.dk<\/a><br>KvK nr.: 43480030<\/p> <p>Wij behouden ons het recht voor op drukfouten en prijswijzigingen.<\/p>","_links":{"self":[{"href":"https:\/\/egtvedcamping.dk\/nl\/wp-json\/wp\/v2\/pages\/7916","targetHints":{"allow":["GET"]}}],"collection":[{"href":"https:\/\/egtvedcamping.dk\/nl\/wp-json\/wp\/v2\/pages"}],"about":[{"href":"https:\/\/egtvedcamping.dk\/nl\/wp-json\/wp\/v2\/types\/page"}],"author":[{"embeddable":true,"href":"https:\/\/egtvedcamping.dk\/nl\/wp-json\/wp\/v2\/users\/8"}],"replies":[{"embeddable":true,"href":"https:\/\/egtvedcamping.dk\/nl\/wp-json\/wp\/v2\/comments?post=7916"}],"version-history":[{"count":9,"href":"https:\/\/egtvedcamping.dk\/nl\/wp-json\/wp\/v2\/pages\/7916\/revisions"}],"predecessor-version":[{"id":9059,"href":"https:\/\/egtvedcamping.dk\/nl\/wp-json\/wp\/v2\/pages\/7916\/revisions\/9059"}],"wp:attachment":[{"href":"https:\/\/egtvedcamping.dk\/nl\/wp-json\/wp\/v2\/media?parent=7916"}],"curies":[{"name":"wp","href":"https:\/\/api.w.org\/{rel}","templated":true}]}}