{"id":8098,"date":"2014-09-30T01:26:04","date_gmt":"2014-09-30T01:26:04","guid":{"rendered":"https:\/\/egtvedcamping.dk\/events\/"},"modified":"2025-10-29T08:12:04","modified_gmt":"2025-10-29T07:12:04","slug":"events","status":"publish","type":"page","link":"https:\/\/egtvedcamping.dk\/nl\/events\/","title":{"rendered":"Evenementen"},"content":{"rendered":"<!--themify_builder_content-->\n<div id=\"themify_builder_content-8098\" data-postid=\"8098\" class=\"themify_builder_content themify_builder_content-8098 themify_builder tf_clear\">\n                    <div  data-lazy=\"1\" class=\"module_row themify_builder_row tb_b7tt286 tb_first tf_w\">\n                        <div class=\"row_inner col_align_top tb_col_count_1 tf_box tf_rel\">\n                        <div  data-lazy=\"1\" class=\"module_column tb-column col-full tb_351f286 first\">\n                    <!-- module text -->\n<div  class=\"module module-text tb_m76b428   \" data-lazy=\"1\">\n        <div  class=\"tb_text_wrap\">\n        <h1>Evenementen<\/h1>    <\/div>\n<\/div>\n<!-- \/module text -->        <\/div>\n                        <\/div>\n        <\/div>\n                        <div  data-lazy=\"1\" class=\"module_row themify_builder_row tb_ov3w120 tf_w\">\n                        <div class=\"row_inner col_align_top tb_col_count_1 tf_box tf_rel\">\n                        <div  data-lazy=\"1\" class=\"module_column tb-column col-full tb_xbj4120 first\">\n                    <div  id=\"tb_81u3279\" class=\"module module-event-posts tb_81u3279  \">\n\t<\/div>\n        <\/div>\n                        <\/div>\n        <\/div>\n                        <div  data-lazy=\"1\" class=\"module_row themify_builder_row tb_ekte765 tf_w\">\n                        <div class=\"row_inner col_align_top tb_col_count_1 tf_box tf_rel\">\n                        <div  data-lazy=\"1\" class=\"module_column tb-column col-full tb_fnfg765 first\">\n                    <!-- module text -->\n<div  class=\"module module-text tb_i1gn765   \" data-lazy=\"1\">\n        <div  class=\"tb_text_wrap\">\n        <h2>Vorige evenementen<\/h2>    <\/div>\n<\/div>\n<!-- \/module text -->        <\/div>\n                        <\/div>\n        <\/div>\n                        <div  data-lazy=\"1\" class=\"module_row themify_builder_row tb_wf9u46 tf_w\">\n                        <div class=\"row_inner col_align_top tb_col_count_1 tf_box tf_rel\">\n                        <div  data-lazy=\"1\" class=\"module_column tb-column col-full tb_hzn546 first\">\n                    <div  id=\"tb_uoii46\" class=\"module module-event-posts tb_uoii46  \">\n\t<div class=\"themify_event_post_loop grid3\"><article id=\"post-8665\" class=\"themify_event_post post tf_clearfix event-post post-8665 event type-event status-publish hentry event-category-koncert-nl has-post-title has-post-date has-post-category has-post-tag has-post-comment has-post-author  tep_past_event\">\n\n\t\n\t<div class=\"tep_post_content\">\n\n                \t\t\t<div class=\"tep_meta\">\n\t\t\t\t\t\t\t\t\t <span class=\"tep_post_category\"><a href=\"https:\/\/egtvedcamping.dk\/nl\/event-category\/koncert-nl\/\" rel=\"tag\">Koncert<\/a><i class=\"divider-small\"><\/i><\/span>\t\t\t\t\t\t\t\t\t\t\t<\/div>\n\t\t\n\t\t\t\t\t <h2 class=\"tep_post_title entry-title\"><a href=\"https:\/\/egtvedcamping.dk\/nl\/event\/handen-schudden\/\">Handen schudden<\/a> <\/h2>\t\t\n\t\t<div class=\"tep_event_info\">\n\n\t\t\t\t\t\t\t<time class=\"tep_date\"><span class=\"event-start-date\"><span class=\"event-day\"> 19 juli 2025<\/span> <span class=\"event-time-at\"> @ <\/span> <span class=\"event-time\">00:00<\/span><\/span><span class=\"event-end-date\"> <span class=\"event-date-separator\"> - <\/span><span class=\"event-time\">23:00<\/span><\/span><\/time>\t\t\t\n                                    <div class=\"tep_organizer\">\n                        <a href=\"https:\/\/egtvedcamping.dk\" target=\"_blank\">\n                        Egtved Camping                        <\/a>\n                    <\/div>\n                    \n                                    <div class=\"tep_performer\">\n            Handen schudden        <\/div>\n                    \n\t\t\t\t\t\t\t\t<div>\n\t\t\t\t\t\t<span class=\"tep_location\">\n\t\t\t\t\t\t\tEgtved Camping\t\t\t\t\t\t<\/span>\n\t\t\t\t\t\t\t\t\t\t\t\t\t<span class=\"tep_address\">\n\t\t\t\t\t\t\t\tVerstvej 9 6040 Egtved, Denemarken\t\t\t\t\t\t\t<\/span>\n\t\t\t\t\t\t\t\t\t\t\t<\/div>\n\t\t\t\t\t\t\n            \n\t\t<\/div><!-- \/ .event-info-wrap -->\n\n\t\t<div class=\"tep_content\">\n\t\t\t\n\t\t\t\t<p>Concert met Schuddende Handen Concert met Shaking Hands, bestaande uit: S\u00f8ren Rask zang\/gitaar,Johnny Hermann gitaar\/Coir Brian Dahl Bass\/Coir Thomas Rask Drums\/Coir. Ze spelen kopie\u00ebn van onder andere Johnny Madsen, Gasolin, Sandmen, Joe Bonamassa en Chris Stapleton.<\/p>\n\n\t\t\t\t\n\t\t\t\n\t\t<\/div><!-- \/.tep_content -->\n\t\t<script type=\"application\/ld+json\">[{\"@context\":\"https:\\\/\\\/schema.org\",\"@type\":\"Event\",\"name\":\"Handen schudden\",\"startDate\":\"2025-07-19T00:00:00+02:00\",\"endDate\":\"2025-07-19T23:00:00+02:00\",\"location\":{\"@type\":\"Place\",\"name\":\"Egtved Camping\",\"address\":{\"@type\":\"PostalAddress\",\"streetAddress\":\"Verstvej 9 6040 Egtved, Denemarken\"}},\"image\":[],\"description\":\"Concert met Schuddende Handen Concert met Shaking Hands, bestaande uit: S\\u00f8ren Rask zang\\\/gitaar,Johnny Hermann gitaar\\\/Coir Brian Dahl Bass\\\/Coir Thomas Rask Drums\\\/Coir. Ze spelen kopie\\u00ebn van onder andere Johnny Madsen, Gasolin, Sandmen, Joe Bonamassa en Chris Stapleton.\",\"offers\":{\"@type\":\"Offer\",\"url\":\"\",\"price\":\"\",\"priceCurrency\":\"\",\"validFrom\":\"\",\"validThrough\":\"\",\"availability\":\"https:\\\/\\\/schema.org\\\/OpVoorraad\"},\"performer\":{\"@type\":\"Persoon\",\"name\":\"Handen schudden\"},\"organizer\":{\"@type\":\"Organisatie\",\"name\":\"Egtved Camping\",\"url\":\"https:\\\/\\\/egtvedcamping.dk\"},\"eventStatus\":\"https:\\\/\\\/schema.org\\\/EventScheduled\"}]<\/script>\t<\/div><!-- .tep_post_content -->\n\n    \n<\/article>\n<article id=\"post-8348\" class=\"themify_event_post post tf_clearfix event-post post-8348 event type-event status-publish hentry event-category-pinse-nl has-post-title has-post-date has-post-category has-post-tag has-post-comment has-post-author  tep_past_event\">\n\n\t\n\t<div class=\"tep_post_content\">\n\n                \t\t\t<div class=\"tep_meta\">\n\t\t\t\t\t\t\t\t\t <span class=\"tep_post_category\"><a href=\"https:\/\/egtvedcamping.dk\/nl\/event-category\/pinse-nl\/\" rel=\"tag\">Pinse<\/a><i class=\"divider-small\"><\/i><\/span>\t\t\t\t\t\t\t\t\t\t\t<\/div>\n\t\t\n\t\t\t\t\t <h2 class=\"tep_post_title entry-title\"><a href=\"https:\/\/egtvedcamping.dk\/nl\/event\/pinseloppemarked-og-50-aars-jubilaeum\/\">Pinksterrommelmarkt en 50e verjaardag<\/a> <\/h2>\t\t\n\t\t<div class=\"tep_event_info\">\n\n\t\t\t\t\t\t\t<time class=\"tep_date\"><span class=\"event-start-date\"><span class=\"event-day\"> 8 juni 2025<\/span> <span class=\"event-time-at\"> @ <\/span> <span class=\"event-time\">10:00<\/span><\/span><span class=\"event-end-date\"> <span class=\"event-date-separator\"> - <\/span><span class=\"event-time\">15:00<\/span><\/span><\/time>\t\t\t\n                                    <div class=\"tep_organizer\">\n                        <a href=\"http:\/\/www.egtvedcamping.dk\" target=\"_blank\">\n                        Egtved Camping ApS                        <\/a>\n                    <\/div>\n                    \n                                        \n\t\t\t\t\t\t\t\t<div>\n\t\t\t\t\t\t<span class=\"tep_location\">\n\t\t\t\t\t\t\tEgtved Camping\t\t\t\t\t\t<\/span>\n\t\t\t\t\t\t\t\t\t\t\t\t\t<span class=\"tep_address\">\n\t\t\t\t\t\t\t\tVerstvej 9, 6040 Egtved, Denemarken\t\t\t\t\t\t\t<\/span>\n\t\t\t\t\t\t\t\t\t\t\t<\/div>\n\t\t\t\t\t\t\n            \n\t\t<\/div><!-- \/ .event-info-wrap -->\n\n\t\t<div class=\"tep_content\">\n\t\t\t\n\t\t\t\t\n\t\t\t\t\n\t\t\t\n\t\t<\/div><!-- \/.tep_content -->\n\t\t<script type=\"application\/ld+json\">[{\"@context\":\"https:\\\/\\\/schema.org\",\"@type\":\"Event\",\"name\":\"Pinksterrommelmarkt en 50e verjaardag\",\"startDate\":\"2025-06-08T10:00:00+02:00\",\"endDate\":\"2025-06-08T15:00:00+02:00\",\"location\":{\"@type\":\"Place\",\"name\":\"Egtved Camping\",\"address\":{\"@type\":\"PostalAddress\",\"streetAddress\":\"Verstvej 9, 6040 Egtved, Denemarken\"}},\"image\":[],\"description\":\"Vlooienmarkt en kinderactiviteiten Pinksteren 2025 wordt extra speciaal omdat Egtved Camping 50 jaar bestaat, en we zijn superblij dat wij dat mogen vieren. Het wordt een geweldig weekend waarin we een informele receptie hebben, naar muziek luisteren, veel grillworstjes eten, veel tapbier drinken, ijsjes eten en verder een fantastische Pinksterzondag hebben met (hopelijk) stralend weer, zodat kinderen en kinderzielen kunnen genieten van diverse activiteiten, vlooienkraampjes en allerlei andere interessante kraampjes met van alles en nog wat, van room tot honing tot sieraden en keramiek.  We zijn er trots op dat alles zo soepel mogelijk verloopt, en vooral als het op parkeren aankomt moet je misschien een beetje extra geduld hebben - we doen ons best! We kijken uit naar een geweldig weekend en hopen veel gasten te zien.  Natuurlijk ben je ook van harte welkom om een verblijf op de camping te boeken, zodat je de heerlijke sfeer van A tot Z kunt ervaren.\",\"offers\":{\"@type\":\"Offer\",\"url\":\"\",\"price\":\"\",\"priceCurrency\":\"\",\"validFrom\":\"\",\"validThrough\":\"\",\"availability\":\"https:\\\/\\\/schema.org\\\/OpVoorraad\"},\"organizer\":{\"@type\":\"Persoon\",\"name\":\"Egtved Camping ApS\",\"url\":\"www.egtvedcamping.dk\"},\"eventStatus\":\"https:\\\/\\\/schema.org\\\/EventScheduled\"}]<\/script>\t<\/div><!-- .tep_post_content -->\n\n    \n<\/article>\n<article id=\"post-8364\" class=\"themify_event_post post tf_clearfix event-post post-8364 event type-event status-publish hentry event-category-koncert-nl has-post-title has-post-date has-post-category has-post-tag has-post-comment has-post-author  tep_past_event\">\n\n\t\n\t<div class=\"tep_post_content\">\n\n                \t\t\t<div class=\"tep_meta\">\n\t\t\t\t\t\t\t\t\t <span class=\"tep_post_category\"><a href=\"https:\/\/egtvedcamping.dk\/nl\/event-category\/koncert-nl\/\" rel=\"tag\">Koncert<\/a><i class=\"divider-small\"><\/i><\/span>\t\t\t\t\t\t\t\t\t\t\t<\/div>\n\t\t\n\t\t\t\t\t <h2 class=\"tep_post_title entry-title\"><a href=\"https:\/\/egtvedcamping.dk\/nl\/event\/pinsekoncert-med-bamse-madsen\/\">Pinksterconcert met Bamse Madsen<\/a> <\/h2>\t\t\n\t\t<div class=\"tep_event_info\">\n\n\t\t\t\t\t\t\t<time class=\"tep_date\"><span class=\"event-start-date\"><span class=\"event-day\"> 7 juni 2025<\/span> <span class=\"event-time-at\"> @ <\/span> <span class=\"event-time\">19:00<\/span><\/span><span class=\"event-end-date\"> <span class=\"event-date-separator\"> - <\/span><span class=\"event-time\">23:50<\/span><\/span><\/time>\t\t\t\n                                    <div class=\"tep_organizer\">\n                        <a href=\"http:\/\/www.egtvedcamping.dk\" target=\"_blank\">\n                        Egtved Camping                        <\/a>\n                    <\/div>\n                    \n                                    <div class=\"tep_performer\">\n            Pinksterconcert met Bamse Madsen        <\/div>\n                    \n\t\t\t\t\t\t\t\t<div>\n\t\t\t\t\t\t<span class=\"tep_location\">\n\t\t\t\t\t\t\tEgtved Camping\t\t\t\t\t\t<\/span>\n\t\t\t\t\t\t\t\t\t\t\t\t\t<span class=\"tep_address\">\n\t\t\t\t\t\t\t\tVerstvej 9\n6040 Egtved, Denemarken\t\t\t\t\t\t\t<\/span>\n\t\t\t\t\t\t\t\t\t\t\t<\/div>\n\t\t\t\t\t\t\n            \n\t\t<\/div><!-- \/ .event-info-wrap -->\n\n\t\t<div class=\"tep_content\">\n\t\t\t\n\t\t\t\t<p>Helge Bamse Madsen De goede Helge Bamse Madsen zorgt ervoor dat de sfeer op zijn hoogtepunt is als hij de gitaar opstart en alle geweldige nummers van Bamse&#8217;s vrienden uit volle borst speelt. Zing mee, dans mee, eet, drink en wees vrolijk en beleef een fantastische avond ter ere van ons 50-jarig jubileum. Het kost [&hellip;]<\/p>\n\n\t\t\t\t\n\t\t\t\n\t\t<\/div><!-- \/.tep_content -->\n\t\t<script type=\"application\/ld+json\">[{\"@context\":\"https:\\\/\\\/schema.org\",\"@type\":\"Event\",\"name\":\"Pinksterconcert met Bamse Madsen\",\"startDate\":\"2025-06-07T19:00:00+02:00\",\"endDate\":\"2025-06-07T23:50:00+02:00\",\"location\":{\"@type\":\"Place\",\"name\":\"Egtved Camping\",\"address\":{\"@type\":\"PostalAddress\",\"streetAddress\":\"Verstvej 9\\n6040 Egtved, Denemarken\"}},\"image\":[],\"description\":\"Helge Bamse Madsen De goede Helge Bamse Madsen zorgt ervoor dat de sfeer op zijn hoogtepunt is als hij de gitaar opstart en alle geweldige nummers van Bamse's vrienden uit volle borst speelt. Zing mee, dans mee, eet, drink en wees vrolijk en beleef een fantastische avond ter ere van ons 50-jarig jubileum. Het kost DKK 50 om vanavond naar Bamse Madsen te luisteren en je kunt betalen met mobilepay 370005, mrk. Pinksterconcert.  Neem alsjeblieft geen eigen eten en drinken mee. Iedereen is welkom, of je nu op het terrein woont of niet.\",\"offers\":{\"@type\":\"Offer\",\"url\":\"\",\"price\":\"\",\"priceCurrency\":\"\",\"validFrom\":\"\",\"validThrough\":\"\",\"availability\":\"https:\\\/\\\/schema.org\\\/OpVoorraad\"},\"performer\":{\"@type\":\"Persoon\",\"name\":\"Pinksterconcert met Bamse Madsen\"},\"organizer\":{\"@type\":\"Organisatie\",\"name\":\"Egtved Camping\",\"url\":\"www.egtvedcamping.dk\"},\"eventStatus\":\"https:\\\/\\\/schema.org\\\/EventScheduled\"}]<\/script>\t<\/div><!-- .tep_post_content -->\n\n    \n<\/article>\n<\/div><\/div>\n        <\/div>\n                        <\/div>\n        <\/div>\n        <\/div>\n<!--\/themify_builder_content-->","protected":false},"excerpt":{"rendered":"<p>Evenementen<\/p>\n","protected":false},"author":8,"featured_media":0,"parent":0,"menu_order":0,"comment_status":"closed","ping_status":"closed","template":"","meta":{"footnotes":""},"class_list":["post-8098","page","type-page","status-publish","hentry","has-post-title","has-post-date","has-post-category","has-post-tag","has-post-comment","has-post-author",""],"yoast_head":"<!-- This site is optimized with the Yoast SEO Premium plugin v27.6 (Yoast SEO v27.6) - https:\/\/yoast.com\/product\/yoast-seo-premium-wordpress\/ -->\n<title>Evenementen - Egtved Camping<\/title>\n<meta name=\"description\" content=\"Egtved Camping tilbyder ferie med fokus p\u00e5 natur, hygge og er t\u00e6t p\u00e5 Billund, hvor der er aktiviteter og oplevelser for hele familien, bl.a Legoland \u2013 Lalandia \u2013 Givskud ZOO.\" \/>\n<meta name=\"robots\" content=\"index, follow, max-snippet:-1, max-image-preview:large, max-video-preview:-1\" \/>\n<link rel=\"canonical\" href=\"https:\/\/egtvedcamping.dk\/nl\/events\/\" \/>\n<meta property=\"og:locale\" content=\"nl_NL\" \/>\n<meta property=\"og:type\" content=\"article\" \/>\n<meta property=\"og:title\" content=\"Evenementen\" \/>\n<meta property=\"og:description\" content=\"Egtved Camping tilbyder ferie med fokus p\u00e5 natur, hygge og er t\u00e6t p\u00e5 Billund, hvor der er aktiviteter og oplevelser for hele familien, bl.a Legoland \u2013 Lalandia \u2013 Givskud ZOO.\" \/>\n<meta property=\"og:url\" content=\"https:\/\/egtvedcamping.dk\/nl\/events\/\" \/>\n<meta property=\"og:site_name\" content=\"Egtved Camping\" \/>\n<meta property=\"article:publisher\" content=\"https:\/\/www.facebook.com\/profile.php?id=100064243891441\" \/>\n<meta property=\"article:modified_time\" content=\"2025-10-29T07:12:04+00:00\" \/>\n<meta property=\"og:image\" content=\"https:\/\/egtvedcamping.dk\/wp-content\/uploads\/2025\/10\/madsbaltsersen-e1761035982150.webp\" \/>\n\t<meta property=\"og:image:width\" content=\"1440\" \/>\n\t<meta property=\"og:image:height\" content=\"1376\" \/>\n\t<meta property=\"og:image:type\" content=\"image\/webp\" \/>\n<meta name=\"twitter:card\" content=\"summary_large_image\" \/>\n<meta name=\"twitter:label1\" content=\"Geschatte leestijd\" \/>\n\t<meta name=\"twitter:data1\" content=\"1 minuut\" \/>\n<script type=\"application\/ld+json\" class=\"yoast-schema-graph\">{\"@context\":\"https:\\\/\\\/schema.org\",\"@graph\":[{\"@type\":\"WebPage\",\"@id\":\"https:\\\/\\\/egtvedcamping.dk\\\/nl\\\/events\\\/\",\"url\":\"https:\\\/\\\/egtvedcamping.dk\\\/nl\\\/events\\\/\",\"name\":\"Evenementen - Egtved Camping\",\"isPartOf\":{\"@id\":\"https:\\\/\\\/egtvedcamping.dk\\\/nl\\\/#website\"},\"primaryImageOfPage\":{\"@id\":\"https:\\\/\\\/egtvedcamping.dk\\\/nl\\\/events\\\/#primaryimage\"},\"image\":{\"@id\":\"https:\\\/\\\/egtvedcamping.dk\\\/nl\\\/events\\\/#primaryimage\"},\"thumbnailUrl\":\"https:\\\/\\\/egtvedcamping.dk\\\/wp-content\\\/uploads\\\/2025\\\/10\\\/madsbaltsersen-e1761035982150.webp\",\"datePublished\":\"2014-09-30T01:26:04+00:00\",\"dateModified\":\"2025-10-29T07:12:04+00:00\",\"description\":\"Egtved Camping tilbyder ferie med fokus p\u00e5 natur, hygge og er t\u00e6t p\u00e5 Billund, hvor der er aktiviteter og oplevelser for hele familien, bl.a Legoland \u2013 Lalandia \u2013 Givskud ZOO.\",\"breadcrumb\":{\"@id\":\"https:\\\/\\\/egtvedcamping.dk\\\/nl\\\/events\\\/#breadcrumb\"},\"inLanguage\":\"nl-NL\",\"potentialAction\":[{\"@type\":\"ReadAction\",\"target\":[\"https:\\\/\\\/egtvedcamping.dk\\\/nl\\\/events\\\/\"]}]},{\"@type\":\"ImageObject\",\"inLanguage\":\"nl-NL\",\"@id\":\"https:\\\/\\\/egtvedcamping.dk\\\/nl\\\/events\\\/#primaryimage\",\"url\":\"https:\\\/\\\/egtvedcamping.dk\\\/wp-content\\\/uploads\\\/2025\\\/10\\\/madsbaltsersen-e1761035982150.webp\",\"contentUrl\":\"https:\\\/\\\/egtvedcamping.dk\\\/wp-content\\\/uploads\\\/2025\\\/10\\\/madsbaltsersen-e1761035982150.webp\"},{\"@type\":\"BreadcrumbList\",\"@id\":\"https:\\\/\\\/egtvedcamping.dk\\\/nl\\\/events\\\/#breadcrumb\",\"itemListElement\":[{\"@type\":\"ListItem\",\"position\":1,\"name\":\"Home\",\"item\":\"https:\\\/\\\/egtvedcamping.dk\\\/nl\\\/egtved-camping\\\/\"},{\"@type\":\"ListItem\",\"position\":2,\"name\":\"Evenementen\"}]},{\"@type\":\"WebSite\",\"@id\":\"https:\\\/\\\/egtvedcamping.dk\\\/nl\\\/#website\",\"url\":\"https:\\\/\\\/egtvedcamping.dk\\\/nl\\\/\",\"name\":\"Egtved Camping\",\"description\":\"Slow camp - back to nature\",\"publisher\":{\"@id\":\"https:\\\/\\\/egtvedcamping.dk\\\/nl\\\/#organization\"},\"alternateName\":\"\u00c6gte Camping\",\"potentialAction\":[{\"@type\":\"SearchAction\",\"target\":{\"@type\":\"EntryPoint\",\"urlTemplate\":\"https:\\\/\\\/egtvedcamping.dk\\\/nl\\\/?s={search_term_string}\"},\"query-input\":{\"@type\":\"PropertyValueSpecification\",\"valueRequired\":true,\"valueName\":\"search_term_string\"}}],\"inLanguage\":\"nl-NL\"},{\"@type\":\"Organization\",\"@id\":\"https:\\\/\\\/egtvedcamping.dk\\\/nl\\\/#organization\",\"name\":\"Egtved Camping\",\"alternateName\":\"\u00c6gte Camping\",\"url\":\"https:\\\/\\\/egtvedcamping.dk\\\/nl\\\/\",\"logo\":{\"@type\":\"ImageObject\",\"inLanguage\":\"nl-NL\",\"@id\":\"https:\\\/\\\/egtvedcamping.dk\\\/nl\\\/#\\\/schema\\\/logo\\\/image\\\/\",\"url\":\"https:\\\/\\\/egtvedcamping.dk\\\/wp-content\\\/uploads\\\/2022\\\/12\\\/egtved-camping-logo800.png\",\"contentUrl\":\"https:\\\/\\\/egtvedcamping.dk\\\/wp-content\\\/uploads\\\/2022\\\/12\\\/egtved-camping-logo800.png\",\"width\":800,\"height\":197,\"caption\":\"Egtved Camping\"},\"image\":{\"@id\":\"https:\\\/\\\/egtvedcamping.dk\\\/nl\\\/#\\\/schema\\\/logo\\\/image\\\/\"},\"sameAs\":[\"https:\\\/\\\/www.facebook.com\\\/profile.php?id=100064243891441\"],\"description\":\"Egtved Camping tilbyder ferie med fokus p\u00e5 natur, hygge og er t\u00e6t p\u00e5 Billund, hvor der er aktiviteter og oplevelser for hele familien, bl.a Legoland \u2013 Lalandia \u2013 Givskud ZOO.\",\"email\":\"post@egtvedcamping.dk\",\"telephone\":\"+45 75551832\"}]}<\/script>\n<!-- \/ Yoast SEO Premium plugin. -->","yoast_head_json":{"title":"Evenementen - Egtved Camping","description":"Egtved Camping tilbyder ferie med fokus p\u00e5 natur, hygge og er t\u00e6t p\u00e5 Billund, hvor der er aktiviteter og oplevelser for hele familien, bl.a Legoland \u2013 Lalandia \u2013 Givskud ZOO.","robots":{"index":"index","follow":"follow","max-snippet":"max-snippet:-1","max-image-preview":"max-image-preview:large","max-video-preview":"max-video-preview:-1"},"canonical":"https:\/\/egtvedcamping.dk\/nl\/events\/","og_locale":"nl_NL","og_type":"article","og_title":"Evenementen","og_description":"Egtved Camping tilbyder ferie med fokus p\u00e5 natur, hygge og er t\u00e6t p\u00e5 Billund, hvor der er aktiviteter og oplevelser for hele familien, bl.a Legoland \u2013 Lalandia \u2013 Givskud ZOO.","og_url":"https:\/\/egtvedcamping.dk\/nl\/events\/","og_site_name":"Egtved Camping","article_publisher":"https:\/\/www.facebook.com\/profile.php?id=100064243891441","article_modified_time":"2025-10-29T07:12:04+00:00","og_image":[{"width":1440,"height":1376,"url":"https:\/\/egtvedcamping.dk\/wp-content\/uploads\/2025\/10\/madsbaltsersen-e1761035982150.webp","type":"image\/webp"}],"twitter_card":"summary_large_image","twitter_misc":{"Geschatte leestijd":"1 minuut"},"schema":{"@context":"https:\/\/schema.org","@graph":[{"@type":"WebPage","@id":"https:\/\/egtvedcamping.dk\/nl\/events\/","url":"https:\/\/egtvedcamping.dk\/nl\/events\/","name":"Evenementen - Egtved Camping","isPartOf":{"@id":"https:\/\/egtvedcamping.dk\/nl\/#website"},"primaryImageOfPage":{"@id":"https:\/\/egtvedcamping.dk\/nl\/events\/#primaryimage"},"image":{"@id":"https:\/\/egtvedcamping.dk\/nl\/events\/#primaryimage"},"thumbnailUrl":"https:\/\/egtvedcamping.dk\/wp-content\/uploads\/2025\/10\/madsbaltsersen-e1761035982150.webp","datePublished":"2014-09-30T01:26:04+00:00","dateModified":"2025-10-29T07:12:04+00:00","description":"Egtved Camping tilbyder ferie med fokus p\u00e5 natur, hygge og er t\u00e6t p\u00e5 Billund, hvor der er aktiviteter og oplevelser for hele familien, bl.a Legoland \u2013 Lalandia \u2013 Givskud ZOO.","breadcrumb":{"@id":"https:\/\/egtvedcamping.dk\/nl\/events\/#breadcrumb"},"inLanguage":"nl-NL","potentialAction":[{"@type":"ReadAction","target":["https:\/\/egtvedcamping.dk\/nl\/events\/"]}]},{"@type":"ImageObject","inLanguage":"nl-NL","@id":"https:\/\/egtvedcamping.dk\/nl\/events\/#primaryimage","url":"https:\/\/egtvedcamping.dk\/wp-content\/uploads\/2025\/10\/madsbaltsersen-e1761035982150.webp","contentUrl":"https:\/\/egtvedcamping.dk\/wp-content\/uploads\/2025\/10\/madsbaltsersen-e1761035982150.webp"},{"@type":"BreadcrumbList","@id":"https:\/\/egtvedcamping.dk\/nl\/events\/#breadcrumb","itemListElement":[{"@type":"ListItem","position":1,"name":"Home","item":"https:\/\/egtvedcamping.dk\/nl\/egtved-camping\/"},{"@type":"ListItem","position":2,"name":"Evenementen"}]},{"@type":"WebSite","@id":"https:\/\/egtvedcamping.dk\/nl\/#website","url":"https:\/\/egtvedcamping.dk\/nl\/","name":"Egtved Camping","description":"Slow camp - back to nature","publisher":{"@id":"https:\/\/egtvedcamping.dk\/nl\/#organization"},"alternateName":"\u00c6gte Camping","potentialAction":[{"@type":"SearchAction","target":{"@type":"EntryPoint","urlTemplate":"https:\/\/egtvedcamping.dk\/nl\/?s={search_term_string}"},"query-input":{"@type":"PropertyValueSpecification","valueRequired":true,"valueName":"search_term_string"}}],"inLanguage":"nl-NL"},{"@type":"Organization","@id":"https:\/\/egtvedcamping.dk\/nl\/#organization","name":"Egtved Camping","alternateName":"\u00c6gte Camping","url":"https:\/\/egtvedcamping.dk\/nl\/","logo":{"@type":"ImageObject","inLanguage":"nl-NL","@id":"https:\/\/egtvedcamping.dk\/nl\/#\/schema\/logo\/image\/","url":"https:\/\/egtvedcamping.dk\/wp-content\/uploads\/2022\/12\/egtved-camping-logo800.png","contentUrl":"https:\/\/egtvedcamping.dk\/wp-content\/uploads\/2022\/12\/egtved-camping-logo800.png","width":800,"height":197,"caption":"Egtved Camping"},"image":{"@id":"https:\/\/egtvedcamping.dk\/nl\/#\/schema\/logo\/image\/"},"sameAs":["https:\/\/www.facebook.com\/profile.php?id=100064243891441"],"description":"Egtved Camping tilbyder ferie med fokus p\u00e5 natur, hygge og er t\u00e6t p\u00e5 Billund, hvor der er aktiviteter og oplevelser for hele familien, bl.a Legoland \u2013 Lalandia \u2013 Givskud ZOO.","email":"post@egtvedcamping.dk","telephone":"+45 75551832"}]}},"builder_content":"<h1>Evenementen<\/h1>\n\n<h2>Vorige evenementen<\/h2>\n<article id=\"post-8665\">\n \n <a href=\"https:\/\/egtvedcamping.dk\/nl\/event-category\/koncert-nl\/\" rel=\"tag\">Koncert<\/a> <h2><a href=\"https:\/\/egtvedcamping.dk\/nl\/event\/handen-schudden\/\">Handen schudden<\/a> <\/h2> \n <time> 19 juli 2025 @ 00:00 - 23:00<\/time> <a href=\"https:\/\/egtvedcamping.dk\" target=\"_blank\"> Egtved Camping <\/a> Handen schudden Egtved Camping Verstvej 9 6040 Egtved, Denemarken \n <p>Concert met Schuddende Handen Concert met Shaking Hands, bestaande uit: S\u00f8ren Rask zang\/gitaar,Johnny Hermann gitaar\/Coir Brian Dahl Bass\/Coir Thomas Rask Drums\/Coir. Ze spelen kopie\u00ebn van onder andere Johnny Madsen, Gasolin, Sandmen, Joe Bonamassa en Chris Stapleton.<\/p>\n \n <\/article> <article id=\"post-8348\">\n \n <a href=\"https:\/\/egtvedcamping.dk\/nl\/event-category\/pinse-nl\/\" rel=\"tag\">Pinse<\/a> <h2><a href=\"https:\/\/egtvedcamping.dk\/nl\/event\/pinseloppemarked-og-50-aars-jubilaeum\/\">Pinksterrommelmarkt en 50e verjaardag<\/a> <\/h2> \n <time> 8 juni 2025 @ 10:00 - 15:00<\/time> <a href=\"http:\/\/www.egtvedcamping.dk\" target=\"_blank\"> Egtved Camping ApS <\/a> Egtved Camping Verstvej 9, 6040 Egtved, Denemarken \n \n <\/article> <article id=\"post-8364\">\n \n <a href=\"https:\/\/egtvedcamping.dk\/nl\/event-category\/koncert-nl\/\" rel=\"tag\">Koncert<\/a> <h2><a href=\"https:\/\/egtvedcamping.dk\/nl\/event\/pinsekoncert-med-bamse-madsen\/\">Pinksterconcert met Bamse Madsen<\/a> <\/h2> \n <time> 7 juni 2025 @ 19:00 - 23:50<\/time> <a href=\"http:\/\/www.egtvedcamping.dk\" target=\"_blank\"> Egtved Camping <\/a> Pinksterconcert met Bamse Madsen Egtved Camping Verstvej 9 6040 Egtved, Denemarken \n <p>Helge Bamse Madsen De goede Helge Bamse Madsen zorgt ervoor dat de sfeer op zijn hoogtepunt is als hij de gitaar opstart en alle geweldige nummers van Bamse&#8217;s vrienden uit volle borst speelt. Zing mee, dans mee, eet, drink en wees vrolijk en beleef een fantastische avond ter ere van ons 50-jarig jubileum. Het kost [&hellip;]<\/p>\n \n <\/article>","_links":{"self":[{"href":"https:\/\/egtvedcamping.dk\/nl\/wp-json\/wp\/v2\/pages\/8098","targetHints":{"allow":["GET"]}}],"collection":[{"href":"https:\/\/egtvedcamping.dk\/nl\/wp-json\/wp\/v2\/pages"}],"about":[{"href":"https:\/\/egtvedcamping.dk\/nl\/wp-json\/wp\/v2\/types\/page"}],"author":[{"embeddable":true,"href":"https:\/\/egtvedcamping.dk\/nl\/wp-json\/wp\/v2\/users\/8"}],"replies":[{"embeddable":true,"href":"https:\/\/egtvedcamping.dk\/nl\/wp-json\/wp\/v2\/comments?post=8098"}],"version-history":[{"count":26,"href":"https:\/\/egtvedcamping.dk\/nl\/wp-json\/wp\/v2\/pages\/8098\/revisions"}],"predecessor-version":[{"id":9625,"href":"https:\/\/egtvedcamping.dk\/nl\/wp-json\/wp\/v2\/pages\/8098\/revisions\/9625"}],"wp:attachment":[{"href":"https:\/\/egtvedcamping.dk\/nl\/wp-json\/wp\/v2\/media?parent=8098"}],"curies":[{"name":"wp","href":"https:\/\/api.w.org\/{rel}","templated":true}]}}