{"id":9147,"date":"2014-09-28T13:30:21","date_gmt":"2014-09-28T13:30:21","guid":{"rendered":"https:\/\/egtvedcamping.dk\/kontakt\/"},"modified":"2026-01-19T12:06:24","modified_gmt":"2026-01-19T11:06:24","slug":"kontakt","status":"publish","type":"page","link":"https:\/\/egtvedcamping.dk\/nl\/kontakt\/","title":{"rendered":"Neem contact met ons op"},"content":{"rendered":"<!--themify_builder_content-->\n<div id=\"themify_builder_content-9147\" data-postid=\"9147\" class=\"themify_builder_content themify_builder_content-9147 themify_builder tf_clear\">\n                    <div  data-lazy=\"1\" class=\"module_row themify_builder_row tb_ssbf778 tb_first tf_w\">\n                        <div class=\"row_inner col_align_top tb_col_count_1 tf_box tf_rel\">\n                        <div  data-lazy=\"1\" class=\"module_column tb-column col-full tb_32d3778 first\">\n                    <!-- module text -->\n<div  class=\"module module-text tb_feec76   \" data-lazy=\"1\">\n        <div  class=\"tb_text_wrap\">\n        <h1>Neem contact met ons op<\/h1>\n<p>Je bent altijd welkom om contact op te nemen met <a href=\"https:\/\/egtvedcamping.dk\/nl\/\" target=\"_blank\" rel=\"noopener\">Egtved Camping<\/a>. Als je vragen hebt of als je iets specifieks over de camping wilt horen. U kunt ons een e-mail sturen of telefonisch contact met ons opnemen.  <\/p>\n<p>E-mail: <a href=\"mailto:post@egtvedcamping.dk\">post@egtvedcamping.dk<\/a><\/p>\n<p>Nummer: <a href=\"tel:+4575551832\" target=\"_blank\" rel=\"noopener\">+45 75551832<\/a><\/p>\n<p>De telefoon is elke dag open van 7:30 &#8211; 20:00 uur.<\/p>\n<p>Onze receptie is tevens onze winkel en we kunnen de deur op slot doen als we ter plaatse aan het werk zijn, maar je bent altijd welkom om ons tijdens openingstijden te bellen voor vragen.<\/p>\n<h2>Openingstijden:<\/h2>\n<p>Wisselende openingstijden.<\/p>\n<p>Openingstijden vari\u00ebren afhankelijk van de tijd van het jaar, dus bel van tevoren als je er zeker van wilt zijn dat we er zijn. Er hangt altijd een bordje met onze openingstijden bij de deur. <\/p>\n<p>Als je buiten onze openingstijden moet inchecken, kun je online boeken en tot 23.00 uur inchecken met de code op je boekingsbevestiging. Als je hebt geboekt en buiten onze openingstijden aankomt, bel ons dan en we laten een plattegrond voor je achter zodat je de camping op kunt rijden.<\/p>\n<p>De poort is op slot tussen 23.00 en 07.00 uur, dus als je later dan 23.00 uur aankomt of eerder dan 07.00 uur vertrekt, kun je je auto buiten de parkeerplaats parkeren.<\/p>\n<p>Van week 43 tot en met week 10 is de check-in alleen op afspraak. In deze periode zijn er geen producten in de winkel. <\/p>\n<p>Telefoon voor noodgevallen. Te gebruiken buiten openingstijden en ALLEEN voor dringende hulp: +45 75551832 <\/p>\n<h2><a href=\"https:\/\/onlinebooking.camp\/egtvedcamping?lang=da\" target=\"_blank\" rel=\"noopener\">Boeken:<\/a><\/h2>\n<p>Boekingen kunnen direct worden gemaakt op onze boekingspagina, waar je standaard elektrische plaatsen voor caravans of campers, tentplaatsen, hutten van verschillende grootte, tipitenten en glamping tenten kunt boeken.<\/p>\n<h3>Communicatie:<\/h3>\n<p>Als u lof of kritiek heeft, zijn beide welkom. Lof omdat het zo fijn is om te ontvangen, en lof omdat constructieve kritiek met uw input ons zal helpen alles te doen wat we kunnen om Egtved Camping de gezellige plek te houden die het is. <\/p>\n<p>We ontvangen het liefst directe vragen, dus als je durft, doen wij dat ook. Dingen groeien sneller in je hoofd dan wanneer ze meteen worden opgeruimd. <\/p>\n<p>Dialoog is de weg naar een goede samenwerking.<\/p>    <\/div>\n<\/div>\n<!-- \/module text -->        <\/div>\n                        <\/div>\n        <\/div>\n        <\/div>\n<!--\/themify_builder_content-->","protected":false},"excerpt":{"rendered":"<p>Neem contact met ons op Je bent altijd welkom om contact op te nemen met Egtved Camping. Als je vragen hebt of als je iets specifieks over de camping wilt horen. U kunt ons een e-mail sturen of telefonisch contact met ons opnemen. E-mail: post@egtvedcamping.dk Nummer: +45 75551832 De telefoon is elke dag open van [&hellip;]<\/p>\n","protected":false},"author":8,"featured_media":9910,"parent":0,"menu_order":0,"comment_status":"closed","ping_status":"closed","template":"","meta":{"footnotes":""},"class_list":["post-9147","page","type-page","status-publish","has-post-thumbnail","hentry","has-post-title","has-post-date","has-post-category","has-post-tag","has-post-comment","has-post-author",""],"yoast_head":"<!-- This site is optimized with the Yoast SEO Premium plugin v27.5 (Yoast SEO v27.5) - https:\/\/yoast.com\/product\/yoast-seo-premium-wordpress\/ -->\n<title>Contact Egtved Camping<\/title>\n<meta name=\"description\" content=\"Contact Egtved Camping - Camping in Midden-Jutland. Mail: post@egtvedcamping.dk. Elke dag van 08:00-19:30. Telefoon: 75 55 18 32.\" \/>\n<meta name=\"robots\" content=\"index, follow, max-snippet:-1, max-image-preview:large, max-video-preview:-1\" \/>\n<link rel=\"canonical\" href=\"https:\/\/egtvedcamping.dk\/nl\/kontakt\/\" \/>\n<meta property=\"og:locale\" content=\"nl_NL\" \/>\n<meta property=\"og:type\" content=\"article\" \/>\n<meta property=\"og:title\" content=\"Neem contact met ons op\" \/>\n<meta property=\"og:description\" content=\"Contact Egtved Camping - Camping in Midden-Jutland. Mail: post@egtvedcamping.dk. Elke dag van 08:00-19:30. Telefoon: 75 55 18 32.\" \/>\n<meta property=\"og:url\" content=\"https:\/\/egtvedcamping.dk\/nl\/kontakt\/\" \/>\n<meta property=\"og:site_name\" content=\"Egtved Camping\" \/>\n<meta property=\"article:publisher\" content=\"https:\/\/www.facebook.com\/profile.php?id=100064243891441\" \/>\n<meta property=\"article:modified_time\" content=\"2026-01-19T11:06:24+00:00\" \/>\n<meta property=\"og:image\" content=\"https:\/\/egtvedcamping.dk\/wp-content\/uploads\/2023\/03\/os.jpg\" \/>\n\t<meta property=\"og:image:width\" content=\"915\" \/>\n\t<meta property=\"og:image:height\" content=\"657\" \/>\n\t<meta property=\"og:image:type\" content=\"image\/jpeg\" \/>\n<meta name=\"twitter:label1\" content=\"Geschatte leestijd\" \/>\n\t<meta name=\"twitter:data1\" content=\"5 minuten\" \/>\n<script type=\"application\/ld+json\" class=\"yoast-schema-graph\">{\"@context\":\"https:\\\/\\\/schema.org\",\"@graph\":[{\"@type\":\"WebPage\",\"@id\":\"https:\\\/\\\/egtvedcamping.dk\\\/nl\\\/kontakt\\\/\",\"url\":\"https:\\\/\\\/egtvedcamping.dk\\\/nl\\\/kontakt\\\/\",\"name\":\"Contact Egtved Camping\",\"isPartOf\":{\"@id\":\"https:\\\/\\\/egtvedcamping.dk\\\/nl\\\/#website\"},\"primaryImageOfPage\":{\"@id\":\"https:\\\/\\\/egtvedcamping.dk\\\/nl\\\/kontakt\\\/#primaryimage\"},\"image\":{\"@id\":\"https:\\\/\\\/egtvedcamping.dk\\\/nl\\\/kontakt\\\/#primaryimage\"},\"thumbnailUrl\":\"https:\\\/\\\/egtvedcamping.dk\\\/wp-content\\\/uploads\\\/2023\\\/03\\\/os.jpg\",\"datePublished\":\"2014-09-28T13:30:21+00:00\",\"dateModified\":\"2026-01-19T11:06:24+00:00\",\"description\":\"Contact Egtved Camping - Camping in Midden-Jutland. Mail: post@egtvedcamping.dk. Elke dag van 08:00-19:30. Telefoon: 75 55 18 32.\",\"breadcrumb\":{\"@id\":\"https:\\\/\\\/egtvedcamping.dk\\\/nl\\\/kontakt\\\/#breadcrumb\"},\"inLanguage\":\"nl-NL\",\"potentialAction\":[{\"@type\":\"ReadAction\",\"target\":[\"https:\\\/\\\/egtvedcamping.dk\\\/nl\\\/kontakt\\\/\"]}]},{\"@type\":\"ImageObject\",\"inLanguage\":\"nl-NL\",\"@id\":\"https:\\\/\\\/egtvedcamping.dk\\\/nl\\\/kontakt\\\/#primaryimage\",\"url\":\"https:\\\/\\\/egtvedcamping.dk\\\/wp-content\\\/uploads\\\/2023\\\/03\\\/os.jpg\",\"contentUrl\":\"https:\\\/\\\/egtvedcamping.dk\\\/wp-content\\\/uploads\\\/2023\\\/03\\\/os.jpg\",\"width\":915,\"height\":657,\"caption\":\"Thomas &amp; Stine\"},{\"@type\":\"BreadcrumbList\",\"@id\":\"https:\\\/\\\/egtvedcamping.dk\\\/nl\\\/kontakt\\\/#breadcrumb\",\"itemListElement\":[{\"@type\":\"ListItem\",\"position\":1,\"name\":\"Home\",\"item\":\"https:\\\/\\\/egtvedcamping.dk\\\/nl\\\/egtved-camping\\\/\"},{\"@type\":\"ListItem\",\"position\":2,\"name\":\"Neem contact met ons op\"}]},{\"@type\":\"WebSite\",\"@id\":\"https:\\\/\\\/egtvedcamping.dk\\\/nl\\\/#website\",\"url\":\"https:\\\/\\\/egtvedcamping.dk\\\/nl\\\/\",\"name\":\"Egtved Camping\",\"description\":\"Slow camp - back to nature\",\"publisher\":{\"@id\":\"https:\\\/\\\/egtvedcamping.dk\\\/nl\\\/#organization\"},\"alternateName\":\"\u00c6gte Camping\",\"potentialAction\":[{\"@type\":\"SearchAction\",\"target\":{\"@type\":\"EntryPoint\",\"urlTemplate\":\"https:\\\/\\\/egtvedcamping.dk\\\/nl\\\/?s={search_term_string}\"},\"query-input\":{\"@type\":\"PropertyValueSpecification\",\"valueRequired\":true,\"valueName\":\"search_term_string\"}}],\"inLanguage\":\"nl-NL\"},{\"@type\":\"Organization\",\"@id\":\"https:\\\/\\\/egtvedcamping.dk\\\/nl\\\/#organization\",\"name\":\"Egtved Camping\",\"alternateName\":\"\u00c6gte Camping\",\"url\":\"https:\\\/\\\/egtvedcamping.dk\\\/nl\\\/\",\"logo\":{\"@type\":\"ImageObject\",\"inLanguage\":\"nl-NL\",\"@id\":\"https:\\\/\\\/egtvedcamping.dk\\\/nl\\\/#\\\/schema\\\/logo\\\/image\\\/\",\"url\":\"https:\\\/\\\/egtvedcamping.dk\\\/wp-content\\\/uploads\\\/2022\\\/12\\\/egtved-camping-logo800.png\",\"contentUrl\":\"https:\\\/\\\/egtvedcamping.dk\\\/wp-content\\\/uploads\\\/2022\\\/12\\\/egtved-camping-logo800.png\",\"width\":800,\"height\":197,\"caption\":\"Egtved Camping\"},\"image\":{\"@id\":\"https:\\\/\\\/egtvedcamping.dk\\\/nl\\\/#\\\/schema\\\/logo\\\/image\\\/\"},\"sameAs\":[\"https:\\\/\\\/www.facebook.com\\\/profile.php?id=100064243891441\"],\"description\":\"Egtved Camping tilbyder ferie med fokus p\u00e5 natur, hygge og er t\u00e6t p\u00e5 Billund, hvor der er aktiviteter og oplevelser for hele familien, bl.a Legoland \u2013 Lalandia \u2013 Givskud ZOO.\",\"email\":\"post@egtvedcamping.dk\",\"telephone\":\"+45 75551832\"}]}<\/script>\n<!-- \/ Yoast SEO Premium plugin. -->","yoast_head_json":{"title":"Contact Egtved Camping","description":"Contact Egtved Camping - Camping in Midden-Jutland. Mail: post@egtvedcamping.dk. Elke dag van 08:00-19:30. Telefoon: 75 55 18 32.","robots":{"index":"index","follow":"follow","max-snippet":"max-snippet:-1","max-image-preview":"max-image-preview:large","max-video-preview":"max-video-preview:-1"},"canonical":"https:\/\/egtvedcamping.dk\/nl\/kontakt\/","og_locale":"nl_NL","og_type":"article","og_title":"Neem contact met ons op","og_description":"Contact Egtved Camping - Camping in Midden-Jutland. Mail: post@egtvedcamping.dk. Elke dag van 08:00-19:30. Telefoon: 75 55 18 32.","og_url":"https:\/\/egtvedcamping.dk\/nl\/kontakt\/","og_site_name":"Egtved Camping","article_publisher":"https:\/\/www.facebook.com\/profile.php?id=100064243891441","article_modified_time":"2026-01-19T11:06:24+00:00","og_image":[{"width":915,"height":657,"url":"https:\/\/egtvedcamping.dk\/wp-content\/uploads\/2023\/03\/os.jpg","type":"image\/jpeg"}],"twitter_misc":{"Geschatte leestijd":"5 minuten"},"schema":{"@context":"https:\/\/schema.org","@graph":[{"@type":"WebPage","@id":"https:\/\/egtvedcamping.dk\/nl\/kontakt\/","url":"https:\/\/egtvedcamping.dk\/nl\/kontakt\/","name":"Contact Egtved Camping","isPartOf":{"@id":"https:\/\/egtvedcamping.dk\/nl\/#website"},"primaryImageOfPage":{"@id":"https:\/\/egtvedcamping.dk\/nl\/kontakt\/#primaryimage"},"image":{"@id":"https:\/\/egtvedcamping.dk\/nl\/kontakt\/#primaryimage"},"thumbnailUrl":"https:\/\/egtvedcamping.dk\/wp-content\/uploads\/2023\/03\/os.jpg","datePublished":"2014-09-28T13:30:21+00:00","dateModified":"2026-01-19T11:06:24+00:00","description":"Contact Egtved Camping - Camping in Midden-Jutland. Mail: post@egtvedcamping.dk. Elke dag van 08:00-19:30. Telefoon: 75 55 18 32.","breadcrumb":{"@id":"https:\/\/egtvedcamping.dk\/nl\/kontakt\/#breadcrumb"},"inLanguage":"nl-NL","potentialAction":[{"@type":"ReadAction","target":["https:\/\/egtvedcamping.dk\/nl\/kontakt\/"]}]},{"@type":"ImageObject","inLanguage":"nl-NL","@id":"https:\/\/egtvedcamping.dk\/nl\/kontakt\/#primaryimage","url":"https:\/\/egtvedcamping.dk\/wp-content\/uploads\/2023\/03\/os.jpg","contentUrl":"https:\/\/egtvedcamping.dk\/wp-content\/uploads\/2023\/03\/os.jpg","width":915,"height":657,"caption":"Thomas &amp; Stine"},{"@type":"BreadcrumbList","@id":"https:\/\/egtvedcamping.dk\/nl\/kontakt\/#breadcrumb","itemListElement":[{"@type":"ListItem","position":1,"name":"Home","item":"https:\/\/egtvedcamping.dk\/nl\/egtved-camping\/"},{"@type":"ListItem","position":2,"name":"Neem contact met ons op"}]},{"@type":"WebSite","@id":"https:\/\/egtvedcamping.dk\/nl\/#website","url":"https:\/\/egtvedcamping.dk\/nl\/","name":"Egtved Camping","description":"Slow camp - back to nature","publisher":{"@id":"https:\/\/egtvedcamping.dk\/nl\/#organization"},"alternateName":"\u00c6gte Camping","potentialAction":[{"@type":"SearchAction","target":{"@type":"EntryPoint","urlTemplate":"https:\/\/egtvedcamping.dk\/nl\/?s={search_term_string}"},"query-input":{"@type":"PropertyValueSpecification","valueRequired":true,"valueName":"search_term_string"}}],"inLanguage":"nl-NL"},{"@type":"Organization","@id":"https:\/\/egtvedcamping.dk\/nl\/#organization","name":"Egtved Camping","alternateName":"\u00c6gte Camping","url":"https:\/\/egtvedcamping.dk\/nl\/","logo":{"@type":"ImageObject","inLanguage":"nl-NL","@id":"https:\/\/egtvedcamping.dk\/nl\/#\/schema\/logo\/image\/","url":"https:\/\/egtvedcamping.dk\/wp-content\/uploads\/2022\/12\/egtved-camping-logo800.png","contentUrl":"https:\/\/egtvedcamping.dk\/wp-content\/uploads\/2022\/12\/egtved-camping-logo800.png","width":800,"height":197,"caption":"Egtved Camping"},"image":{"@id":"https:\/\/egtvedcamping.dk\/nl\/#\/schema\/logo\/image\/"},"sameAs":["https:\/\/www.facebook.com\/profile.php?id=100064243891441"],"description":"Egtved Camping tilbyder ferie med fokus p\u00e5 natur, hygge og er t\u00e6t p\u00e5 Billund, hvor der er aktiviteter og oplevelser for hele familien, bl.a Legoland \u2013 Lalandia \u2013 Givskud ZOO.","email":"post@egtvedcamping.dk","telephone":"+45 75551832"}]}},"builder_content":"<h1>Neem contact met ons op<\/h1> <p>Je bent altijd welkom om contact op te nemen met <a href=\"https:\/\/egtvedcamping.dk\/nl\/\" target=\"_blank\" rel=\"noopener\">Egtved Camping<\/a>. Als je vragen hebt of als je iets specifieks over de camping wilt horen. U kunt ons een e-mail sturen of telefonisch contact met ons opnemen. <\/p> <p>E-mail: <a href=\"mailto:post@egtvedcamping.dk\">post@egtvedcamping.dk<\/a><\/p> <p>Nummer: <a href=\"tel:+4575551832\" target=\"_blank\" rel=\"noopener\">+45 75551832<\/a><\/p> <p>De telefoon is elke dag open van 7:30 - 20:00 uur.<\/p> <p>Onze receptie is tevens onze winkel en we kunnen de deur op slot doen als we ter plaatse aan het werk zijn, maar je bent altijd welkom om ons tijdens openingstijden te bellen voor vragen.<\/p> <h2>Openingstijden:<\/h2> <p>Wisselende openingstijden.<\/p> <p>Openingstijden vari\u00ebren afhankelijk van de tijd van het jaar, dus bel van tevoren als je er zeker van wilt zijn dat we er zijn. Er hangt altijd een bordje met onze openingstijden bij de deur. <\/p> <p>Als je buiten onze openingstijden moet inchecken, kun je online boeken en tot 23.00 uur inchecken met de code op je boekingsbevestiging. Als je hebt geboekt en buiten onze openingstijden aankomt, bel ons dan en we laten een plattegrond voor je achter zodat je de camping op kunt rijden.<\/p> <p>De poort is op slot tussen 23.00 en 07.00 uur, dus als je later dan 23.00 uur aankomt of eerder dan 07.00 uur vertrekt, kun je je auto buiten de parkeerplaats parkeren.<\/p> <p>Van week 43 tot en met week 10 is de check-in alleen op afspraak. In deze periode zijn er geen producten in de winkel. <\/p> <p>Telefoon voor noodgevallen. Te gebruiken buiten openingstijden en ALLEEN voor dringende hulp: +45 75551832 <\/p> <h2><a href=\"https:\/\/onlinebooking.camp\/egtvedcamping?lang=da\" target=\"_blank\" rel=\"noopener\">Boeken:<\/a><\/h2> <p>Boekingen kunnen direct worden gemaakt op onze boekingspagina, waar je standaard elektrische plaatsen voor caravans of campers, tentplaatsen, hutten van verschillende grootte, tipitenten en glamping tenten kunt boeken.<\/p> <h3>Communicatie:<\/h3> <p>Als u lof of kritiek heeft, zijn beide welkom. Lof omdat het zo fijn is om te ontvangen, en lof omdat constructieve kritiek met uw input ons zal helpen alles te doen wat we kunnen om Egtved Camping de gezellige plek te houden die het is. <\/p> <p>We ontvangen het liefst directe vragen, dus als je durft, doen wij dat ook. Dingen groeien sneller in je hoofd dan wanneer ze meteen worden opgeruimd. <\/p> <p>Dialoog is de weg naar een goede samenwerking.<\/p>","_links":{"self":[{"href":"https:\/\/egtvedcamping.dk\/nl\/wp-json\/wp\/v2\/pages\/9147","targetHints":{"allow":["GET"]}}],"collection":[{"href":"https:\/\/egtvedcamping.dk\/nl\/wp-json\/wp\/v2\/pages"}],"about":[{"href":"https:\/\/egtvedcamping.dk\/nl\/wp-json\/wp\/v2\/types\/page"}],"author":[{"embeddable":true,"href":"https:\/\/egtvedcamping.dk\/nl\/wp-json\/wp\/v2\/users\/8"}],"replies":[{"embeddable":true,"href":"https:\/\/egtvedcamping.dk\/nl\/wp-json\/wp\/v2\/comments?post=9147"}],"version-history":[{"count":3,"href":"https:\/\/egtvedcamping.dk\/nl\/wp-json\/wp\/v2\/pages\/9147\/revisions"}],"predecessor-version":[{"id":10612,"href":"https:\/\/egtvedcamping.dk\/nl\/wp-json\/wp\/v2\/pages\/9147\/revisions\/10612"}],"wp:featuredmedia":[{"embeddable":true,"href":"https:\/\/egtvedcamping.dk\/nl\/wp-json\/wp\/v2\/media\/9910"}],"wp:attachment":[{"href":"https:\/\/egtvedcamping.dk\/nl\/wp-json\/wp\/v2\/media?parent=9147"}],"curies":[{"name":"wp","href":"https:\/\/api.w.org\/{rel}","templated":true}]}}